{"id":3785,"date":"2025-07-21T14:54:43","date_gmt":"2025-07-21T06:54:43","guid":{"rendered":"https:\/\/jblcorten.com\/?post_type=product&#038;p=3785"},"modified":"2025-07-21T14:54:43","modified_gmt":"2025-07-21T06:54:43","slug":"rookvrije-vuurplaats","status":"publish","type":"product","link":"https:\/\/jblcorten.com\/nl\/smokeless-fire-pit\/","title":{"rendered":"Rookvrije vuurplaats"},"content":{"rendered":"<h2 style=\"text-align: center;\"><span style=\"font-size: 14pt;\">Rookvrije vuurplaats<\/span><\/h2>\n<p>Deze rookvrije vuurplaats is gemaakt van hoogwaardig cortenstaal. Na verloop van tijd zal zich op natuurlijke wijze een stabiele roestbeschermende laag vormen op het oppervlak van het materiaal. Het is niet alleen corrosie- en roestwerend, maar heeft ook een unieke industri\u00eble stijl. Het bovenste gedeelte is uitgerust met een rechthoekige 304 roestvrijstalen brander, die nauwkeurig bewerkt is en gebruikt kan worden met vulkanische stenen. De vlam wordt gelijkmatig verdeeld, het vuur is stabiel en het is zeer decoratief.<\/p>\n<p>Optionele doorzichtige gehard glazen schotten zijn beschikbaar rond de brander om wind effectief te voorkomen, terwijl ze de algehele visuele gelaagdheid verbeteren en de vlam 's nachts sfeervoller maken. De interne structuur van de vuurplaats is slim ontworpen, met voldoende ruimte onderaan voor handige opslag van propaangastanks, en het verborgen ontwerp maakt het algehele uiterlijk beknopter en gladder.<\/p>\n<p><img fetchpriority=\"high\" decoding=\"async\" class=\"alignnone size-full wp-image-2574\" src=\"https:\/\/jblcorten.com\/wp-content\/uploads\/2025\/03\/rectangular-propane-fire-pit-with-tank-inside.jpg\" alt=\"\" width=\"750\" height=\"499\" title=\"\" srcset=\"https:\/\/jblcorten.com\/wp-content\/uploads\/2025\/03\/rectangular-propane-fire-pit-with-tank-inside.jpg 750w, https:\/\/jblcorten.com\/wp-content\/uploads\/2025\/03\/rectangular-propane-fire-pit-with-tank-inside-600x399.jpg 600w, https:\/\/jblcorten.com\/wp-content\/uploads\/2025\/03\/rectangular-propane-fire-pit-with-tank-inside-300x200.jpg 300w, https:\/\/jblcorten.com\/wp-content\/uploads\/2025\/03\/rectangular-propane-fire-pit-with-tank-inside-18x12.jpg 18w\" sizes=\"(max-width: 750px) 100vw, 750px\" \/><\/p>\n<p>Dankzij de ingebouwde knopontsteking kunnen gebruikers met \u00e9\u00e9n knop beginnen en de grootte van de vlam gemakkelijk aanpassen. Het hele systeem werkt stil, effici\u00ebnt en rookvrij en de gebruikerservaring overtreft die van traditionele houtvuurkorven ruimschoots. Je hoeft geen as op te ruimen of je zorgen te maken over rookoverlast.<\/p>\n<p><strong><span style=\"font-size: 14pt;\">Productspecificatie:<\/span><\/strong><\/p>\n<table style=\"border-collapse: collapse; width: 100%;\">\n<tbody>\n<tr>\n<td style=\"width: 25.9162%; background-color: #f5f5f5;\">Type product<\/td>\n<td style=\"width: 74.0838%; background-color: #f5f5f5;\">Open haard op gas<\/td>\n<\/tr>\n<tr>\n<td style=\"width: 25.9162%;\">Materiaal<\/td>\n<td style=\"width: 74.0838%;\">Cortenstaal, roestvrij staal<\/td>\n<\/tr>\n<tr>\n<td style=\"width: 25.9162%; background-color: #f5f5f5;\">Brandstof<\/td>\n<td style=\"width: 74.0838%; background-color: #f5f5f5;\">Propaan, Aardgas<\/td>\n<\/tr>\n<tr>\n<td style=\"width: 25.9162%;\">Maat<\/td>\n<td style=\"width: 74.0838%;\">L 1200 mm \u00d7 B 500 mm \u00d7 H 600 mm<\/td>\n<\/tr>\n<tr>\n<td style=\"width: 25.9162%; background-color: #f5f5f5;\">Vorm<\/td>\n<td style=\"width: 74.0838%; background-color: #f5f5f5;\">Rechthoekig<\/td>\n<\/tr>\n<\/tbody>\n<\/table>\n<p><strong><span style=\"font-size: 14pt;\">Productkenmerken:<\/span><\/strong><\/p>\n<p><span style=\"color: #ff9900;\"><strong>1.Rookvrij ontwerp:<\/strong> <\/span>Gebruik schone energie (propaan\/aardgas) om afscheid te nemen van de last van houtrook<\/p>\n<p><span style=\"color: #ff9900;\"><strong>2. Weerbestendige stalen structuur:<\/strong><\/span> Sterk en duurzaam, geschikt voor verschillende binnen- en buitenomgevingen en vertoont na verloop van tijd een natuurlijke roestkleur<\/p>\n<p><span style=\"color: #ff9900;\"><strong>3.Roestvrijstalen brander:<\/strong> <\/span>Hittebestendig, corrosiebestendig, stabiel en effici\u00ebnt<\/p>\n<p><span style=\"color: #ff9900;\"><strong>4. Gemakkelijk te onderhouden:<\/strong><\/span> Houtas hoeft niet te worden gereinigd, brandt schoon zonder residu<\/p>\n<p><span style=\"color: #ff9900;\"><strong>5.Verborgen gasopslagontwerp:<\/strong> <\/span>Er is ruimte binnenin en de propaantank kan eronder worden opgeborgen om het uiterlijk netjes te houden.<\/p>\n<p><span style=\"color: #ff9900;\"><strong>6. Decoratief en praktisch gaan hand in hand:<\/strong><\/span> Vulkaansteen en glazen schotten kunnen de visuele en functionele ervaring verbeteren<\/p>\n<p><strong><span style=\"font-size: 14pt;\">Productgegevens:<\/span><\/strong><\/p>\n<p>Deze rookvrije vuurplaats werkt voornamelijk op gas of propaan, waardoor er ruimte overblijft voor de brandstoftank en er echt sprake is van een verborgen ontwerp.<\/p>\n<p><img decoding=\"async\" class=\"alignnone size-full wp-image-3788\" src=\"https:\/\/jblcorten.com\/wp-content\/uploads\/2025\/07\/smokeless-fire-pit.jpg\" alt=\"rookvrije vuurplaats\" width=\"750\" height=\"469\" title=\"\" srcset=\"https:\/\/jblcorten.com\/wp-content\/uploads\/2025\/07\/smokeless-fire-pit.jpg 750w, https:\/\/jblcorten.com\/wp-content\/uploads\/2025\/07\/smokeless-fire-pit-300x188.jpg 300w, https:\/\/jblcorten.com\/wp-content\/uploads\/2025\/07\/smokeless-fire-pit-18x12.jpg 18w, https:\/\/jblcorten.com\/wp-content\/uploads\/2025\/07\/smokeless-fire-pit-600x375.jpg 600w\" sizes=\"(max-width: 750px) 100vw, 750px\" \/><\/p>\n<p>Lavasteen: kan ter decoratie op de brander worden gelegd.<\/p>\n<p><img decoding=\"async\" class=\"alignnone size-full wp-image-3790\" src=\"https:\/\/jblcorten.com\/wp-content\/uploads\/2025\/07\/gas-fire-pit-lava-rock.png\" alt=\"gas vuurplaats lavasteen\" width=\"750\" height=\"750\" title=\"\" srcset=\"https:\/\/jblcorten.com\/wp-content\/uploads\/2025\/07\/gas-fire-pit-lava-rock.png 750w, https:\/\/jblcorten.com\/wp-content\/uploads\/2025\/07\/gas-fire-pit-lava-rock-300x300.png 300w, https:\/\/jblcorten.com\/wp-content\/uploads\/2025\/07\/gas-fire-pit-lava-rock-150x150.png 150w, https:\/\/jblcorten.com\/wp-content\/uploads\/2025\/07\/gas-fire-pit-lava-rock-12x12.png 12w, https:\/\/jblcorten.com\/wp-content\/uploads\/2025\/07\/gas-fire-pit-lava-rock-600x600.png 600w, https:\/\/jblcorten.com\/wp-content\/uploads\/2025\/07\/gas-fire-pit-lava-rock-100x100.png 100w\" sizes=\"(max-width: 750px) 100vw, 750px\" \/><\/p>\n<p><strong><span style=\"font-size: 14pt;\">Productverpakking:<\/span><\/strong><\/p>\n<p>Onze gashaarden zijn verpakt in een dubbele verpakking: karton + houten kist. Daarnaast worden de vuurplaats en accessoires apart verpakt.<\/p>\n<p><img loading=\"lazy\" decoding=\"async\" class=\"alignnone size-full wp-image-3791\" src=\"https:\/\/jblcorten.com\/wp-content\/uploads\/2025\/07\/gas-fire-pit-for-sale.jpg\" alt=\"vuurplaats op gas te koop\" width=\"750\" height=\"400\" title=\"\" srcset=\"https:\/\/jblcorten.com\/wp-content\/uploads\/2025\/07\/gas-fire-pit-for-sale.jpg 750w, https:\/\/jblcorten.com\/wp-content\/uploads\/2025\/07\/gas-fire-pit-for-sale-300x160.jpg 300w, https:\/\/jblcorten.com\/wp-content\/uploads\/2025\/07\/gas-fire-pit-for-sale-18x10.jpg 18w, https:\/\/jblcorten.com\/wp-content\/uploads\/2025\/07\/gas-fire-pit-for-sale-600x320.jpg 600w\" sizes=\"(max-width: 750px) 100vw, 750px\" \/><\/p>\n<p><span style=\"font-size: 14pt;\"><strong>FAQ:<\/strong><\/span><\/p>\n<p>V1: Kan aardgas worden gebruikt?<br \/>\nA1: Ja, we bieden zowel propaan- als aardgasversies. Controleer uw behoeften voordat u een bestelling plaatst.<\/p>\n<p>V2: Is de brander duurzaam?<br \/>\nA2: Gemaakt van 304 roestvrij staal, bestand tegen hoge temperaturen en corrosie, en geschikt voor langdurig binnen- en buitengebruik.<\/p>\n<p>V3: Kan het vulkanisch gesteente worden vervangen?<br \/>\nA4: Ja, je kunt ervoor kiezen om het te vervangen door glassteen, keramische decoratieve steen, enz. volgens je persoonlijke voorkeur.<\/p>","protected":false},"excerpt":{"rendered":"<p>Deze rookvrije vuurplaats heeft een eenvoudig uiterlijk en prachtig vlammenspel, ondersteunt een verborgen propaanopslag en combineert verweerd stalen materiaal en vulkanische stenen decoratie, waardoor binnen- en buitenruimtes veilig en rookvrij verwarmd kunnen worden.<\/p>","protected":false},"featured_media":3786,"template":"","meta":{"site-sidebar-layout":"default","site-content-layout":"","ast-site-content-layout":"default","site-content-style":"default","site-sidebar-style":"default","ast-global-header-display":"","ast-banner-title-visibility":"","ast-main-header-display":"","ast-hfb-above-header-display":"","ast-hfb-below-header-display":"","ast-hfb-mobile-header-display":"","site-post-title":"","ast-breadcrumbs-content":"","ast-featured-img":"","footer-sml-layout":"","ast-disable-related-posts":"","theme-transparent-header-meta":"default","adv-header-id-meta":"","stick-header-meta":"","header-above-stick-meta":"","header-main-stick-meta":"","header-below-stick-meta":"","astra-migrate-meta-layouts":"set","ast-page-background-enabled":"default","ast-page-background-meta":{"desktop":{"background-color":"var(--ast-global-color-4)","background-image":"","background-repeat":"repeat","background-position":"center center","background-size":"auto","background-attachment":"scroll","background-type":"","background-media":"","overlay-type":"","overlay-color":"","overlay-opacity":"","overlay-gradient":""},"tablet":{"background-color":"","background-image":"","background-repeat":"repeat","background-position":"center center","background-size":"auto","background-attachment":"scroll","background-type":"","background-media":"","overlay-type":"","overlay-color":"","overlay-opacity":"","overlay-gradient":""},"mobile":{"background-color":"","background-image":"","background-repeat":"repeat","background-position":"center center","background-size":"auto","background-attachment":"scroll","background-type":"","background-media":"","overlay-type":"","overlay-color":"","overlay-opacity":"","overlay-gradient":""}},"ast-content-background-meta":{"desktop":{"background-color":"var(--ast-global-color-5)","background-image":"","background-repeat":"repeat","background-position":"center center","background-size":"auto","background-attachment":"scroll","background-type":"","background-media":"","overlay-type":"","overlay-color":"","overlay-opacity":"","overlay-gradient":""},"tablet":{"background-color":"var(--ast-global-color-5)","background-image":"","background-repeat":"repeat","background-position":"center center","background-size":"auto","background-attachment":"scroll","background-type":"","background-media":"","overlay-type":"","overlay-color":"","overlay-opacity":"","overlay-gradient":""},"mobile":{"background-color":"var(--ast-global-color-5)","background-image":"","background-repeat":"repeat","background-position":"center center","background-size":"auto","background-attachment":"scroll","background-type":"","background-media":"","overlay-type":"","overlay-color":"","overlay-opacity":"","overlay-gradient":""}}},"product_brand":[],"product_cat":[29,47],"product_tag":[],"class_list":{"0":"post-3785","1":"product","2":"type-product","3":"status-publish","4":"has-post-thumbnail","6":"product_cat-fire-pit","7":"product_cat-gas-fire-pit","8":"desktop-align-center","9":"tablet-align-left","10":"mobile-align-left","12":"first","13":"instock","14":"shipping-taxable","15":"product-type-simple"},"_links":{"self":[{"href":"https:\/\/jblcorten.com\/nl\/wp-json\/wp\/v2\/product\/3785","targetHints":{"allow":["GET"]}}],"collection":[{"href":"https:\/\/jblcorten.com\/nl\/wp-json\/wp\/v2\/product"}],"about":[{"href":"https:\/\/jblcorten.com\/nl\/wp-json\/wp\/v2\/types\/product"}],"wp:featuredmedia":[{"embeddable":true,"href":"https:\/\/jblcorten.com\/nl\/wp-json\/wp\/v2\/media\/3786"}],"wp:attachment":[{"href":"https:\/\/jblcorten.com\/nl\/wp-json\/wp\/v2\/media?parent=3785"}],"wp:term":[{"taxonomy":"product_brand","embeddable":true,"href":"https:\/\/jblcorten.com\/nl\/wp-json\/wp\/v2\/product_brand?post=3785"},{"taxonomy":"product_cat","embeddable":true,"href":"https:\/\/jblcorten.com\/nl\/wp-json\/wp\/v2\/product_cat?post=3785"},{"taxonomy":"product_tag","embeddable":true,"href":"https:\/\/jblcorten.com\/nl\/wp-json\/wp\/v2\/product_tag?post=3785"}],"curies":[{"name":"wp","href":"https:\/\/api.w.org\/{rel}","templated":true}]}}