{"id":3468,"date":"2025-06-26T11:48:08","date_gmt":"2025-06-26T03:48:08","guid":{"rendered":"https:\/\/jblcorten.com\/?post_type=product&#038;p=3468"},"modified":"2025-06-26T17:16:40","modified_gmt":"2025-06-26T09:16:40","slug":"draagbare-vuurplaats-op-gas","status":"publish","type":"product","link":"https:\/\/jblcorten.com\/nl\/portable-gas-fire-pit\/","title":{"rendered":"Draagbare gashaard"},"content":{"rendered":"<h2 style=\"text-align: center;\"><span style=\"font-size: 14pt;\">Draagbare gashaard<\/span><\/h2>\n<p>Deze draagbare gashaard van hoge kwaliteit is de perfecte metgezel voor het buitenleven. Hij is gemaakt van koolstofstaal en het oppervlak is geverfd, wat zowel mooi als duurzaam is. Het unieke ontwerp van de 360-graden ringbrander in combinatie met de uit Duitsland ge\u00efmporteerde verbrandingstechnologie zorgt voor een gelijkmatig verdeelde en stabiele vlam en een verbrandingseffici\u00ebntie van maar liefst 95%.<\/p>\n<p>Het krachtige vermogen van 52000 BTU kan in 3 seconden worden ontstoken en het vuurvermogen kan met \u00e9\u00e9n knop worden aangepast aan de behoeften van verschillende sc\u00e8nes. Dankzij de winddichte hoes blijft de vlam zelfs in de wind stabiel branden.<\/p>\n<p>Het draagbare ontwerp neemt na opslag slechts 20,5*20,5*12,8cm ruimte in, weegt slechts 32lbs en wordt geleverd met een speciale opbergtas, zodat je hem gemakkelijk overal mee naartoe kunt nemen. Zeg vaarwel tegen de rook en het vuur van traditionele kampvuren en geniet van de schone en rookvrije moderne vuurervaring.<\/p>\n<p><img fetchpriority=\"high\" decoding=\"async\" class=\"alignnone wp-image-3475 size-full\" title=\"draagbare vuurplaats op gas\" src=\"https:\/\/jblcorten.com\/wp-content\/uploads\/2025\/06\/portable-gas-fire-pit-for-sale.jpg\" alt=\"\" width=\"1000\" height=\"588\" srcset=\"https:\/\/jblcorten.com\/wp-content\/uploads\/2025\/06\/portable-gas-fire-pit-for-sale.jpg 1000w, https:\/\/jblcorten.com\/wp-content\/uploads\/2025\/06\/portable-gas-fire-pit-for-sale-300x176.jpg 300w, https:\/\/jblcorten.com\/wp-content\/uploads\/2025\/06\/portable-gas-fire-pit-for-sale-768x452.jpg 768w, https:\/\/jblcorten.com\/wp-content\/uploads\/2025\/06\/portable-gas-fire-pit-for-sale-18x12.jpg 18w, https:\/\/jblcorten.com\/wp-content\/uploads\/2025\/06\/portable-gas-fire-pit-for-sale-600x353.jpg 600w\" sizes=\"(max-width: 1000px) 100vw, 1000px\" \/><\/p>\n<table style=\"border-collapse: collapse; width: 100%;\">\n<tbody>\n<tr>\n<td style=\"width: 38.9305%; background-color: #f5f5f5;\">Productnaam<\/td>\n<td style=\"width: 61.0695%; background-color: #f5f5f5;\">Draagbare gashaard<\/td>\n<\/tr>\n<tr>\n<td style=\"width: 38.9305%;\">Materiaal<\/td>\n<td style=\"width: 61.0695%;\">Koolstofstaal, roestvrij staal<\/td>\n<\/tr>\n<tr>\n<td style=\"width: 38.9305%; background-color: #f5f5f5;\">Kleur<\/td>\n<td style=\"width: 61.0695%; background-color: #f5f5f5;\">Zwart<\/td>\n<\/tr>\n<tr>\n<td style=\"width: 38.9305%;\">Maat<\/td>\n<td style=\"width: 61.0695%;\">20,5*20,5*12,8cm<\/td>\n<\/tr>\n<tr>\n<td style=\"width: 38.9305%; background-color: #f5f5f5;\">Brandstof<\/td>\n<td style=\"width: 61.0695%; background-color: #f5f5f5;\">Propaan<\/td>\n<\/tr>\n<\/tbody>\n<\/table>\n<p style=\"text-align: center;\"><span style=\"font-size: 14pt; color: #37ab1a;\"><strong>Waarom kiezen voor een vuurplaats op gas?<\/strong><\/span><\/p>\n<p><strong>geen rook of as:<\/strong> Deze vuurplaats op gas zorgt voor een schoon, rookvrij en realistisch kampvuur. Je hoeft geen duur brandhout meer klaar te maken en mee te nemen, je hoeft geen vuur meer te maken. Geniet gewoon van het gemakkelijke buitenleven.<\/p>\n<p><strong>DRAAGBAAR EN GEMAKKELIJK MEE TE NEMEN:<\/strong> Deze draagbare vuurplaats heeft een compact formaat, is licht van gewicht en ruimtebesparend. Je kunt hem in de kofferbak van je auto leggen en overal mee naartoe nemen. Afmetingen: 20,5*20,5*12,8cm.<\/p>\n<p><strong>PERFECT MIDDELPUNT VOOR BUITEN:<\/strong> De draagbare gasvuurplaats met klassieke matzwarte brander met een warmteafgifte van 52.000Btu, zorgt voor warmte en cre\u00ebert een sfeer voor besprekingen in de achtertuin, campingverwarming, camperreizen, strandfeest en patio. Deel de goede tijden met familie en vrienden in comfort en stijl overal buiten.ETL- en CE-goedkeuring.<\/p>\n<p><img decoding=\"async\" class=\"alignnone size-full wp-image-3485\" src=\"https:\/\/jblcorten.com\/wp-content\/uploads\/2025\/06\/outdoor-propane-fire-pit-1.jpg\" alt=\"vuurplaats op propaan voor buiten\" width=\"1000\" height=\"400\" title=\"\" srcset=\"https:\/\/jblcorten.com\/wp-content\/uploads\/2025\/06\/outdoor-propane-fire-pit-1.jpg 1000w, https:\/\/jblcorten.com\/wp-content\/uploads\/2025\/06\/outdoor-propane-fire-pit-1-300x120.jpg 300w, https:\/\/jblcorten.com\/wp-content\/uploads\/2025\/06\/outdoor-propane-fire-pit-1-768x307.jpg 768w, https:\/\/jblcorten.com\/wp-content\/uploads\/2025\/06\/outdoor-propane-fire-pit-1-18x7.jpg 18w, https:\/\/jblcorten.com\/wp-content\/uploads\/2025\/06\/outdoor-propane-fire-pit-1-600x240.jpg 600w\" sizes=\"(max-width: 1000px) 100vw, 1000px\" \/><\/p>","protected":false},"excerpt":{"rendered":"<p>Deze draagbare gashaard heeft een sterk vermogen van 52.000 BTU, kan in 3 seconden worden ontstoken en het vuurvermogen kan met \u00e9\u00e9n knop worden aangepast aan de behoeften van verschillende sc\u00e8nes. Dankzij het winddichte deksel blijft de vlam zelfs in de wind stabiel branden.<\/p>\n<p>&nbsp;<\/p>","protected":false},"featured_media":3473,"template":"","meta":{"site-sidebar-layout":"default","site-content-layout":"","ast-site-content-layout":"default","site-content-style":"default","site-sidebar-style":"default","ast-global-header-display":"","ast-banner-title-visibility":"","ast-main-header-display":"","ast-hfb-above-header-display":"","ast-hfb-below-header-display":"","ast-hfb-mobile-header-display":"","site-post-title":"","ast-breadcrumbs-content":"","ast-featured-img":"","footer-sml-layout":"","ast-disable-related-posts":"","theme-transparent-header-meta":"default","adv-header-id-meta":"","stick-header-meta":"","header-above-stick-meta":"","header-main-stick-meta":"","header-below-stick-meta":"","astra-migrate-meta-layouts":"set","ast-page-background-enabled":"default","ast-page-background-meta":{"desktop":{"background-color":"var(--ast-global-color-4)","background-image":"","background-repeat":"repeat","background-position":"center center","background-size":"auto","background-attachment":"scroll","background-type":"","background-media":"","overlay-type":"","overlay-color":"","overlay-opacity":"","overlay-gradient":""},"tablet":{"background-color":"","background-image":"","background-repeat":"repeat","background-position":"center center","background-size":"auto","background-attachment":"scroll","background-type":"","background-media":"","overlay-type":"","overlay-color":"","overlay-opacity":"","overlay-gradient":""},"mobile":{"background-color":"","background-image":"","background-repeat":"repeat","background-position":"center center","background-size":"auto","background-attachment":"scroll","background-type":"","background-media":"","overlay-type":"","overlay-color":"","overlay-opacity":"","overlay-gradient":""}},"ast-content-background-meta":{"desktop":{"background-color":"var(--ast-global-color-5)","background-image":"","background-repeat":"repeat","background-position":"center center","background-size":"auto","background-attachment":"scroll","background-type":"","background-media":"","overlay-type":"","overlay-color":"","overlay-opacity":"","overlay-gradient":""},"tablet":{"background-color":"var(--ast-global-color-5)","background-image":"","background-repeat":"repeat","background-position":"center center","background-size":"auto","background-attachment":"scroll","background-type":"","background-media":"","overlay-type":"","overlay-color":"","overlay-opacity":"","overlay-gradient":""},"mobile":{"background-color":"var(--ast-global-color-5)","background-image":"","background-repeat":"repeat","background-position":"center center","background-size":"auto","background-attachment":"scroll","background-type":"","background-media":"","overlay-type":"","overlay-color":"","overlay-opacity":"","overlay-gradient":""}}},"product_brand":[],"product_cat":[29,47],"product_tag":[],"class_list":{"0":"post-3468","1":"product","2":"type-product","3":"status-publish","4":"has-post-thumbnail","6":"product_cat-fire-pit","7":"product_cat-gas-fire-pit","8":"desktop-align-center","9":"tablet-align-left","10":"mobile-align-left","12":"first","13":"instock","14":"shipping-taxable","15":"product-type-simple"},"_links":{"self":[{"href":"https:\/\/jblcorten.com\/nl\/wp-json\/wp\/v2\/product\/3468","targetHints":{"allow":["GET"]}}],"collection":[{"href":"https:\/\/jblcorten.com\/nl\/wp-json\/wp\/v2\/product"}],"about":[{"href":"https:\/\/jblcorten.com\/nl\/wp-json\/wp\/v2\/types\/product"}],"wp:featuredmedia":[{"embeddable":true,"href":"https:\/\/jblcorten.com\/nl\/wp-json\/wp\/v2\/media\/3473"}],"wp:attachment":[{"href":"https:\/\/jblcorten.com\/nl\/wp-json\/wp\/v2\/media?parent=3468"}],"wp:term":[{"taxonomy":"product_brand","embeddable":true,"href":"https:\/\/jblcorten.com\/nl\/wp-json\/wp\/v2\/product_brand?post=3468"},{"taxonomy":"product_cat","embeddable":true,"href":"https:\/\/jblcorten.com\/nl\/wp-json\/wp\/v2\/product_cat?post=3468"},{"taxonomy":"product_tag","embeddable":true,"href":"https:\/\/jblcorten.com\/nl\/wp-json\/wp\/v2\/product_tag?post=3468"}],"curies":[{"name":"wp","href":"https:\/\/api.w.org\/{rel}","templated":true}]}}