{"id":3421,"date":"2025-06-20T10:57:06","date_gmt":"2025-06-20T02:57:06","guid":{"rendered":"https:\/\/jblcorten.com\/?post_type=product&#038;p=3421"},"modified":"2025-06-20T10:58:21","modified_gmt":"2025-06-20T02:58:21","slug":"houthaard-voor-wandmontage-2","status":"publish","type":"product","link":"https:\/\/jblcorten.com\/nl\/wall-mounted-wood-burning-fireplace\/","title":{"rendered":"Wandgemonteerde houthaard"},"content":{"rendered":"<h2 style=\"text-align: center;\"><span style=\"font-size: 14pt;\">Wandgemonteerde houthaard<\/span><\/h2>\n<p>De aan de muur gemonteerde houtkachel is een indoor houtgestookt verwarmingstoestel. Het heeft een sterk ontworpen cirkelvormige structuur en is aan de voorkant voorzien van een volledig transparant venster van hogetemperatuurglas, zodat de laaiende vlam binnenin in \u00e9\u00e9n oogopslag te zien is en een warme en schokkende visuele impact cre\u00ebert.<\/p>\n<p>De behuizing van de kachel is gemaakt van hittebestendig koolstofstaal en heeft meerdere hittebestendige coatingprocessen ondergaan, met uitstekende antioxidatie en corrosiebestendigheid. Tijdens het verbrandingsproces kan de kachel stabiel warmte-energie geleiden en snel de omgevingstemperatuur verhogen. Tegelijkertijd wordt de vlam gecontroleerd in de gesloten oven, wat de gebruiksveiligheid en energie-effici\u00ebntie verbetert.<\/p>\n<p><strong><em>Productgegevens:<\/em><\/strong><\/p>\n<ul>\n<li>Voorkant: High-definition hittebestendige glazen deur, cirkelvormig openingsontwerp, het vlameffect is zeer decoratief;<\/li>\n<li>Zijkant: Eenvoudig zonder extra lijnen, metalen + houten handgrepen, verbeteren het bedieningsgevoel;<\/li>\n<li>Boven: Verbonden met de schoorsteen wordt de rook soepel afgevoerd, waardoor de luchtkwaliteit verbetert;<\/li>\n<li>Bodem: Hangend ontwerp, niet direct in contact met de grond, gemakkelijk schoon te maken;<\/li>\n<li>Andere: Onder de glazen deur bevindt zich een apparaat waarmee de grootte van de vlam handmatig kan worden aangepast, wat eenvoudig te bedienen is.<\/li>\n<\/ul>\n<p><img fetchpriority=\"high\" decoding=\"async\" class=\"alignnone size-full wp-image-3427\" src=\"https:\/\/jblcorten.com\/wp-content\/uploads\/2025\/06\/Wall-Mounted-Wood-Burning-Fireplace-2.jpg\" alt=\"Wandgemonteerde houthaard\" width=\"750\" height=\"421\" title=\"\" srcset=\"https:\/\/jblcorten.com\/wp-content\/uploads\/2025\/06\/Wall-Mounted-Wood-Burning-Fireplace-2.jpg 750w, https:\/\/jblcorten.com\/wp-content\/uploads\/2025\/06\/Wall-Mounted-Wood-Burning-Fireplace-2-300x168.jpg 300w, https:\/\/jblcorten.com\/wp-content\/uploads\/2025\/06\/Wall-Mounted-Wood-Burning-Fireplace-2-18x10.jpg 18w, https:\/\/jblcorten.com\/wp-content\/uploads\/2025\/06\/Wall-Mounted-Wood-Burning-Fireplace-2-600x337.jpg 600w\" sizes=\"(max-width: 750px) 100vw, 750px\" \/><\/p>\n<p><strong><span style=\"font-size: 14pt;\">Productspecificatie:<\/span><\/strong><\/p>\n<table style=\"border-collapse: collapse; width: 100%;\">\n<tbody>\n<tr>\n<td style=\"width: 29.5064%; background-color: #f5f5f5;\">Productnaam<\/td>\n<td style=\"width: 70.4936%;\">Wandgemonteerde houthaard<\/td>\n<\/tr>\n<tr>\n<td style=\"width: 29.5064%; background-color: #f5f5f5;\">Materiaal<\/td>\n<td style=\"width: 70.4936%;\">Koolstofstaal of staal<\/td>\n<\/tr>\n<tr>\n<td style=\"width: 29.5064%; background-color: #f5f5f5;\">Brandstof<\/td>\n<td style=\"width: 70.4936%;\">Hout<\/td>\n<\/tr>\n<tr>\n<td style=\"width: 29.5064%; background-color: #f5f5f5;\">Maat<\/td>\n<td style=\"width: 70.4936%;\">850*620*480mm<\/td>\n<\/tr>\n<tr>\n<td style=\"width: 29.5064%; background-color: #f5f5f5;\">Oppervlaktebehandeling<\/td>\n<td style=\"width: 70.4936%;\">Zwarte nevelverf op hoge temperatuur, roestvast en bestand op hoge temperatuur<\/td>\n<\/tr>\n<\/tbody>\n<\/table>\n<p><strong><span style=\"font-size: 14pt;\">Verpakkingsmethode:<\/span><\/strong><\/p>\n<p>Het ovenlichaam is omwikkeld met verdikt parelkatoen, de buitenste laag is bedekt met een hard karton en de schoorsteen en andere accessoires zijn afzonderlijk verpakt en gevuld met opvulmateriaal om ervoor te zorgen dat ze niet worden gestoten of beschadigd tijdens het transport.<\/p>\n<p><img decoding=\"async\" class=\"alignnone size-full wp-image-3429\" src=\"https:\/\/jblcorten.com\/wp-content\/uploads\/2025\/06\/wall-mounted-wood-stove-1.jpg\" alt=\"houtkachel voor wandmontage\" width=\"750\" height=\"750\" title=\"\" srcset=\"https:\/\/jblcorten.com\/wp-content\/uploads\/2025\/06\/wall-mounted-wood-stove-1.jpg 750w, https:\/\/jblcorten.com\/wp-content\/uploads\/2025\/06\/wall-mounted-wood-stove-1-300x300.jpg 300w, https:\/\/jblcorten.com\/wp-content\/uploads\/2025\/06\/wall-mounted-wood-stove-1-150x150.jpg 150w, https:\/\/jblcorten.com\/wp-content\/uploads\/2025\/06\/wall-mounted-wood-stove-1-12x12.jpg 12w, https:\/\/jblcorten.com\/wp-content\/uploads\/2025\/06\/wall-mounted-wood-stove-1-600x600.jpg 600w, https:\/\/jblcorten.com\/wp-content\/uploads\/2025\/06\/wall-mounted-wood-stove-1-100x100.jpg 100w\" sizes=\"(max-width: 750px) 100vw, 750px\" \/><\/p>\n<p><img decoding=\"async\" class=\"alignnone size-full wp-image-3428\" src=\"https:\/\/jblcorten.com\/wp-content\/uploads\/2025\/06\/wall-mounted-fireplace-heaters.jpg\" alt=\"haardkachels voor wandmontage\" width=\"750\" height=\"421\" title=\"\" srcset=\"https:\/\/jblcorten.com\/wp-content\/uploads\/2025\/06\/wall-mounted-fireplace-heaters.jpg 750w, https:\/\/jblcorten.com\/wp-content\/uploads\/2025\/06\/wall-mounted-fireplace-heaters-300x168.jpg 300w, https:\/\/jblcorten.com\/wp-content\/uploads\/2025\/06\/wall-mounted-fireplace-heaters-18x10.jpg 18w, https:\/\/jblcorten.com\/wp-content\/uploads\/2025\/06\/wall-mounted-fireplace-heaters-600x337.jpg 600w\" sizes=\"(max-width: 750px) 100vw, 750px\" \/><\/p>","protected":false},"excerpt":{"rendered":"<p>De wandhaard heeft een ronde vorm en een matzwarte afwerking. De ronde hittebestendige glazen deur aan de voorkant toont duidelijk de dynamiek van de vlam die binnen brandt. Aangepaste maten worden geaccepteerd.<\/p>","protected":false},"featured_media":3422,"template":"","meta":{"site-sidebar-layout":"default","site-content-layout":"","ast-site-content-layout":"default","site-content-style":"default","site-sidebar-style":"default","ast-global-header-display":"","ast-banner-title-visibility":"","ast-main-header-display":"","ast-hfb-above-header-display":"","ast-hfb-below-header-display":"","ast-hfb-mobile-header-display":"","site-post-title":"","ast-breadcrumbs-content":"","ast-featured-img":"","footer-sml-layout":"","ast-disable-related-posts":"","theme-transparent-header-meta":"default","adv-header-id-meta":"","stick-header-meta":"","header-above-stick-meta":"","header-main-stick-meta":"","header-below-stick-meta":"","astra-migrate-meta-layouts":"set","ast-page-background-enabled":"default","ast-page-background-meta":{"desktop":{"background-color":"var(--ast-global-color-4)","background-image":"","background-repeat":"repeat","background-position":"center center","background-size":"auto","background-attachment":"scroll","background-type":"","background-media":"","overlay-type":"","overlay-color":"","overlay-opacity":"","overlay-gradient":""},"tablet":{"background-color":"","background-image":"","background-repeat":"repeat","background-position":"center center","background-size":"auto","background-attachment":"scroll","background-type":"","background-media":"","overlay-type":"","overlay-color":"","overlay-opacity":"","overlay-gradient":""},"mobile":{"background-color":"","background-image":"","background-repeat":"repeat","background-position":"center center","background-size":"auto","background-attachment":"scroll","background-type":"","background-media":"","overlay-type":"","overlay-color":"","overlay-opacity":"","overlay-gradient":""}},"ast-content-background-meta":{"desktop":{"background-color":"var(--ast-global-color-5)","background-image":"","background-repeat":"repeat","background-position":"center center","background-size":"auto","background-attachment":"scroll","background-type":"","background-media":"","overlay-type":"","overlay-color":"","overlay-opacity":"","overlay-gradient":""},"tablet":{"background-color":"var(--ast-global-color-5)","background-image":"","background-repeat":"repeat","background-position":"center center","background-size":"auto","background-attachment":"scroll","background-type":"","background-media":"","overlay-type":"","overlay-color":"","overlay-opacity":"","overlay-gradient":""},"mobile":{"background-color":"var(--ast-global-color-5)","background-image":"","background-repeat":"repeat","background-position":"center center","background-size":"auto","background-attachment":"scroll","background-type":"","background-media":"","overlay-type":"","overlay-color":"","overlay-opacity":"","overlay-gradient":""}}},"product_brand":[],"product_cat":[30],"product_tag":[],"class_list":{"0":"post-3421","1":"product","2":"type-product","3":"status-publish","4":"has-post-thumbnail","6":"product_cat-fireplace","7":"desktop-align-center","8":"tablet-align-left","9":"mobile-align-left","11":"first","12":"instock","13":"shipping-taxable","14":"product-type-simple"},"_links":{"self":[{"href":"https:\/\/jblcorten.com\/nl\/wp-json\/wp\/v2\/product\/3421","targetHints":{"allow":["GET"]}}],"collection":[{"href":"https:\/\/jblcorten.com\/nl\/wp-json\/wp\/v2\/product"}],"about":[{"href":"https:\/\/jblcorten.com\/nl\/wp-json\/wp\/v2\/types\/product"}],"wp:featuredmedia":[{"embeddable":true,"href":"https:\/\/jblcorten.com\/nl\/wp-json\/wp\/v2\/media\/3422"}],"wp:attachment":[{"href":"https:\/\/jblcorten.com\/nl\/wp-json\/wp\/v2\/media?parent=3421"}],"wp:term":[{"taxonomy":"product_brand","embeddable":true,"href":"https:\/\/jblcorten.com\/nl\/wp-json\/wp\/v2\/product_brand?post=3421"},{"taxonomy":"product_cat","embeddable":true,"href":"https:\/\/jblcorten.com\/nl\/wp-json\/wp\/v2\/product_cat?post=3421"},{"taxonomy":"product_tag","embeddable":true,"href":"https:\/\/jblcorten.com\/nl\/wp-json\/wp\/v2\/product_tag?post=3421"}],"curies":[{"name":"wp","href":"https:\/\/api.w.org\/{rel}","templated":true}]}}