{"id":2913,"date":"2025-04-25T16:03:52","date_gmt":"2025-04-25T08:03:52","guid":{"rendered":"https:\/\/jblcorten.com\/?post_type=product&#038;p=2913"},"modified":"2025-04-25T16:05:02","modified_gmt":"2025-04-25T08:05:02","slug":"metalen-bol-vuurplaats","status":"publish","type":"product","link":"https:\/\/jblcorten.com\/nl\/metal-sphere-fire-pit\/","title":{"rendered":"Metalen Bol Open Haardenkuil"},"content":{"rendered":"<h2 style=\"text-align: center;\"><span style=\"font-size: 14pt;\">Metalen Bol Open Haardenkuil<\/span><\/h2>\n<p>De metalen bolvormige vuurplaats heeft een uniek bolvormig ontwerp. Het geheel is gemaakt van verweerd staal. Het oppervlak heeft een roestrode textuur na natuurlijke oxidatie. Na verloop van tijd zal het geleidelijk een stabiele en mooie beschermlaag vormen. Het heeft niet alleen geen extra onderhoud nodig, maar kan in de loop der jaren ook een unieke retro textuur vertonen. Het oppervlak van de sphere vuurplaats is gegraveerd met complexe en fantasierijke holle patronen. Deze patronen worden met de hand geschilderd door ervaren ambachtslieden en vervolgens \u00e9\u00e9n voor \u00e9\u00e9n gegraveerd met behulp van zeer nauwkeurige lasersnijtechnologie. Elk detail is vol vindingrijkheid, alsof het een kunstwerk van een buitensculptuur is.<\/p>\n<p><img fetchpriority=\"high\" decoding=\"async\" class=\"alignnone wp-image-2923\" src=\"https:\/\/jblcorten.com\/wp-content\/uploads\/2025\/04\/laser-cutting-fire-pit.jpg\" alt=\"lasersnijden vuurplaats\" width=\"750\" height=\"375\" title=\"\" srcset=\"https:\/\/jblcorten.com\/wp-content\/uploads\/2025\/04\/laser-cutting-fire-pit.jpg 1000w, https:\/\/jblcorten.com\/wp-content\/uploads\/2025\/04\/laser-cutting-fire-pit-600x300.jpg 600w, https:\/\/jblcorten.com\/wp-content\/uploads\/2025\/04\/laser-cutting-fire-pit-300x150.jpg 300w, https:\/\/jblcorten.com\/wp-content\/uploads\/2025\/04\/laser-cutting-fire-pit-768x384.jpg 768w, https:\/\/jblcorten.com\/wp-content\/uploads\/2025\/04\/laser-cutting-fire-pit-18x9.jpg 18w\" sizes=\"(max-width: 750px) 100vw, 750px\" \/><\/p>\n<p><strong><span style=\"font-size: 14pt;\">Productspecificatie:<\/span><\/strong><\/p>\n<table>\n<tbody>\n<tr>\n<td style=\"background-color: #f5f5f5;\">Productnaam<\/td>\n<td style=\"background-color: #f5f5f5;\">Metalen Bol Open Haardenkuil<\/td>\n<\/tr>\n<tr>\n<td>Materiaal<\/td>\n<td>Cortenstaal\/weerbestendig staal<\/td>\n<\/tr>\n<tr>\n<td style=\"background-color: #f5f5f5;\">Afwerking<\/td>\n<td style=\"background-color: #f5f5f5;\">Roestig, gepoedercoat, natuurlijk<\/td>\n<\/tr>\n<tr>\n<td>Maat<\/td>\n<td>600*600,800*800,900*900,1000*1000<\/td>\n<\/tr>\n<tr>\n<td style=\"background-color: #f5f5f5;\">Dikte<\/td>\n<td style=\"background-color: #f5f5f5;\">3 mm<\/td>\n<\/tr>\n<tr>\n<td>Pakket<\/td>\n<td>Binnenkant : Anti-slijtage schuimpapier Buitenkant : Multiplex doos<\/td>\n<\/tr>\n<tr>\n<td style=\"background-color: #f5f5f5;\">OEM &amp; ODM<\/td>\n<td style=\"background-color: #f5f5f5;\">Service op maat is beschikbaar.<\/td>\n<\/tr>\n<\/tbody>\n<\/table>\n<p><strong><span style=\"font-size: 14pt;\">Productgegevens:<\/span><\/strong><\/p>\n<p>Overdag staat deze metalen bolvormige vuurplaats rustig in een hoek van de tuin, binnenplaats of terras en wordt het visuele middelpunt van de ruimte met zijn sculpturale uiterlijk. De bolvormige structuur en prachtige patronen werpen gevlekt licht en schaduw onder het zonlicht en zijn mooi vanuit elke hoek. Het is niet zomaar een vuurplaats, maar meer een sculptuur die een unieke en elegante artistieke sfeer aan de ruimte kan toevoegen en het landschap op de binnenplaats gelaagder en artistieker kan maken.<\/p>\n<p><img decoding=\"async\" class=\"alignnone wp-image-2921 size-full\" src=\"https:\/\/jblcorten.com\/wp-content\/uploads\/2025\/04\/fire-pit-spheres-for-sale-1.jpg\" alt=\"metalen bol vuurplaats \" width=\"750\" height=\"500\" title=\"\" srcset=\"https:\/\/jblcorten.com\/wp-content\/uploads\/2025\/04\/fire-pit-spheres-for-sale-1.jpg 750w, https:\/\/jblcorten.com\/wp-content\/uploads\/2025\/04\/fire-pit-spheres-for-sale-1-600x400.jpg 600w, https:\/\/jblcorten.com\/wp-content\/uploads\/2025\/04\/fire-pit-spheres-for-sale-1-300x200.jpg 300w, https:\/\/jblcorten.com\/wp-content\/uploads\/2025\/04\/fire-pit-spheres-for-sale-1-18x12.jpg 18w\" sizes=\"(max-width: 750px) 100vw, 750px\" \/><\/p>\n<p>Als 's nachts het brandhout in de vuurplaats wordt aangestoken, springen de vlammen langzaam door het uitgesneden holle patroon en wordt het warme vuur rondom geprojecteerd, waardoor een dynamisch beeld van licht en schaduw ontstaat. De vorm en verdeling van het patroon zijn slim ontworpen om het ritme van de interne vlam om te zetten in een artistieke projectie van het vuur aan de buitenkant, wat niet alleen warmte en romantiek toevoegt aan bijeenkomsten in de open lucht, maar ook de visuele schoonheid van de nachtelijke omgeving enorm verbetert. Deze dubbele ervaring van overdag als een sculptuur zijn en 's nachts als een licht, maakt de fireball vuurplaats tot een decoratief middelpunt voor veel buitenruimtes.<\/p>\n<p><img decoding=\"async\" class=\"alignnone wp-image-2922\" src=\"https:\/\/jblcorten.com\/wp-content\/uploads\/2025\/04\/fire-pit.jpg\" alt=\"vuurplaats\" width=\"750\" height=\"507\" title=\"\" srcset=\"https:\/\/jblcorten.com\/wp-content\/uploads\/2025\/04\/fire-pit.jpg 1000w, https:\/\/jblcorten.com\/wp-content\/uploads\/2025\/04\/fire-pit-600x406.jpg 600w, https:\/\/jblcorten.com\/wp-content\/uploads\/2025\/04\/fire-pit-300x203.jpg 300w, https:\/\/jblcorten.com\/wp-content\/uploads\/2025\/04\/fire-pit-768x519.jpg 768w, https:\/\/jblcorten.com\/wp-content\/uploads\/2025\/04\/fire-pit-18x12.jpg 18w\" sizes=\"(max-width: 750px) 100vw, 750px\" \/><\/p>\n<p>Omdat hij gemaakt is van weerbestendig staal met hoge weerstand, heeft de metalen bol vuurplaats een uitstekende weerstand tegen corrosie en hoge temperaturen. Hij is lange tijd bestand tegen wind en regen in de buitenlucht zonder te roesten of te vervormen en is geschikt voor gebruik in alle seizoenen. De bolvormige structuur verbetert effectief de algehele draagkracht en stabiliteit en kan natuurlijke convectie vormen tijdens het verbrandingsproces, de verbrandingseffici\u00ebntie verbeteren en het brandhout vollediger en duurzamer laten branden. Gebruikers kunnen een verscheidenheid aan hout verbranden volgens verschillende behoeften, dat kan worden gebruikt voor verwarming of als een vuurbron om een sfeer te cre\u00ebren.<\/p>\n<p><img loading=\"lazy\" decoding=\"async\" class=\"alignnone size-full wp-image-2924\" src=\"https:\/\/jblcorten.com\/wp-content\/uploads\/2025\/04\/fire-ball-fire-pit.jpg\" alt=\"vuurbal vuurplaats\" width=\"750\" height=\"500\" title=\"\" srcset=\"https:\/\/jblcorten.com\/wp-content\/uploads\/2025\/04\/fire-ball-fire-pit.jpg 750w, https:\/\/jblcorten.com\/wp-content\/uploads\/2025\/04\/fire-ball-fire-pit-600x400.jpg 600w, https:\/\/jblcorten.com\/wp-content\/uploads\/2025\/04\/fire-ball-fire-pit-300x200.jpg 300w, https:\/\/jblcorten.com\/wp-content\/uploads\/2025\/04\/fire-ball-fire-pit-18x12.jpg 18w\" sizes=\"(max-width: 750px) 100vw, 750px\" \/><\/p>\n<p><img loading=\"lazy\" decoding=\"async\" class=\"alignnone size-full wp-image-2925\" src=\"https:\/\/jblcorten.com\/wp-content\/uploads\/2025\/04\/spherical-fire-pit.jpg\" alt=\"bolvormige vuurplaats\" width=\"750\" height=\"500\" title=\"\" srcset=\"https:\/\/jblcorten.com\/wp-content\/uploads\/2025\/04\/spherical-fire-pit.jpg 750w, https:\/\/jblcorten.com\/wp-content\/uploads\/2025\/04\/spherical-fire-pit-600x400.jpg 600w, https:\/\/jblcorten.com\/wp-content\/uploads\/2025\/04\/spherical-fire-pit-300x200.jpg 300w, https:\/\/jblcorten.com\/wp-content\/uploads\/2025\/04\/spherical-fire-pit-18x12.jpg 18w\" sizes=\"(max-width: 750px) 100vw, 750px\" \/><\/p>","protected":false},"excerpt":{"rendered":"<p>De bolvormige structuur van de metalen bolvormige vuurkorf verbetert effectief het algemene draagvermogen en de stabiliteit. Tijdens het verbrandingsproces kan natuurlijke convectie worden gevormd, wat de verbrandingseffici\u00ebntie verbetert en ervoor zorgt dat het brandhout vollediger brandt en langer meegaat.<\/p>\n<p>We kunnen verschillende houtsoorten verbranden, afhankelijk van de behoeften, die gebruikt kunnen worden voor verwarming of als vuurbron om een sfeer te cre\u00ebren.<\/p>","protected":false},"featured_media":2914,"template":"","meta":{"site-sidebar-layout":"default","site-content-layout":"","ast-site-content-layout":"default","site-content-style":"default","site-sidebar-style":"default","ast-global-header-display":"","ast-banner-title-visibility":"","ast-main-header-display":"","ast-hfb-above-header-display":"","ast-hfb-below-header-display":"","ast-hfb-mobile-header-display":"","site-post-title":"","ast-breadcrumbs-content":"","ast-featured-img":"","footer-sml-layout":"","ast-disable-related-posts":"","theme-transparent-header-meta":"default","adv-header-id-meta":"","stick-header-meta":"","header-above-stick-meta":"","header-main-stick-meta":"","header-below-stick-meta":"","astra-migrate-meta-layouts":"set","ast-page-background-enabled":"default","ast-page-background-meta":{"desktop":{"background-color":"var(--ast-global-color-4)","background-image":"","background-repeat":"repeat","background-position":"center center","background-size":"auto","background-attachment":"scroll","background-type":"","background-media":"","overlay-type":"","overlay-color":"","overlay-opacity":"","overlay-gradient":""},"tablet":{"background-color":"","background-image":"","background-repeat":"repeat","background-position":"center center","background-size":"auto","background-attachment":"scroll","background-type":"","background-media":"","overlay-type":"","overlay-color":"","overlay-opacity":"","overlay-gradient":""},"mobile":{"background-color":"","background-image":"","background-repeat":"repeat","background-position":"center center","background-size":"auto","background-attachment":"scroll","background-type":"","background-media":"","overlay-type":"","overlay-color":"","overlay-opacity":"","overlay-gradient":""}},"ast-content-background-meta":{"desktop":{"background-color":"var(--ast-global-color-5)","background-image":"","background-repeat":"repeat","background-position":"center center","background-size":"auto","background-attachment":"scroll","background-type":"","background-media":"","overlay-type":"","overlay-color":"","overlay-opacity":"","overlay-gradient":""},"tablet":{"background-color":"var(--ast-global-color-5)","background-image":"","background-repeat":"repeat","background-position":"center center","background-size":"auto","background-attachment":"scroll","background-type":"","background-media":"","overlay-type":"","overlay-color":"","overlay-opacity":"","overlay-gradient":""},"mobile":{"background-color":"var(--ast-global-color-5)","background-image":"","background-repeat":"repeat","background-position":"center center","background-size":"auto","background-attachment":"scroll","background-type":"","background-media":"","overlay-type":"","overlay-color":"","overlay-opacity":"","overlay-gradient":""}}},"product_brand":[],"product_cat":[29,45],"product_tag":[],"class_list":{"0":"post-2913","1":"product","2":"type-product","3":"status-publish","4":"has-post-thumbnail","6":"product_cat-fire-pit","7":"product_cat-wood-burning-fire-pit","8":"desktop-align-center","9":"tablet-align-left","10":"mobile-align-left","12":"first","13":"instock","14":"shipping-taxable","15":"product-type-simple"},"_links":{"self":[{"href":"https:\/\/jblcorten.com\/nl\/wp-json\/wp\/v2\/product\/2913","targetHints":{"allow":["GET"]}}],"collection":[{"href":"https:\/\/jblcorten.com\/nl\/wp-json\/wp\/v2\/product"}],"about":[{"href":"https:\/\/jblcorten.com\/nl\/wp-json\/wp\/v2\/types\/product"}],"wp:featuredmedia":[{"embeddable":true,"href":"https:\/\/jblcorten.com\/nl\/wp-json\/wp\/v2\/media\/2914"}],"wp:attachment":[{"href":"https:\/\/jblcorten.com\/nl\/wp-json\/wp\/v2\/media?parent=2913"}],"wp:term":[{"taxonomy":"product_brand","embeddable":true,"href":"https:\/\/jblcorten.com\/nl\/wp-json\/wp\/v2\/product_brand?post=2913"},{"taxonomy":"product_cat","embeddable":true,"href":"https:\/\/jblcorten.com\/nl\/wp-json\/wp\/v2\/product_cat?post=2913"},{"taxonomy":"product_tag","embeddable":true,"href":"https:\/\/jblcorten.com\/nl\/wp-json\/wp\/v2\/product_tag?post=2913"}],"curies":[{"name":"wp","href":"https:\/\/api.w.org\/{rel}","templated":true}]}}