{"id":2489,"date":"2025-03-21T07:00:47","date_gmt":"2025-03-21T07:00:47","guid":{"rendered":"https:\/\/jblcorten.com\/?post_type=product&#038;p=2489"},"modified":"2025-03-21T07:03:23","modified_gmt":"2025-03-21T07:03:23","slug":"bbq-grill-met-tafel","status":"publish","type":"product","link":"https:\/\/jblcorten.com\/nl\/bbq-grill-with-table\/","title":{"rendered":"BBQ Grill Met Tafel"},"content":{"rendered":"<p>Barbecue\u00ebn is een favoriete buitenactiviteit en het ontwerp van de barbecuegrill heeft een directe invloed op de gebruikerservaring. Traditionele barbecueroosters zijn meestal structuren met \u00e9\u00e9n rooster en er zijn extra werkbladen nodig om ingredi\u00ebnten, gereedschap en specerijen op te plaatsen tijdens het gebruik. Bbq grill met tafel lost dit probleem perfect op. Het integreert de oven en het bedieningsplatform, waardoor het barbecueproces handiger en effici\u00ebnter wordt.<\/p>\n<p><strong><span style=\"font-size: 14pt;\">Productspecificatie:<\/span><\/strong><\/p>\n<table style=\"width: 100%;\">\n<tbody>\n<tr style=\"background-color: #d3d3d3;\">\n<td style=\"width: 31.4136%;\" width=\"112\">Productnaam<\/td>\n<td style=\"width: 68.5116%;\" width=\"251\">BBQ Grill Met Tafel<\/td>\n<\/tr>\n<tr>\n<td style=\"width: 31.4136%;\" width=\"112\">Materiaal<\/td>\n<td style=\"width: 68.5116%;\" width=\"251\">Koolstofstaal, Cortenstaal, enz.<\/td>\n<\/tr>\n<tr>\n<td style=\"width: 31.4136%;\" width=\"112\">Afwerking<\/td>\n<td style=\"width: 68.5116%;\" width=\"251\">Roestig, gepoedercoat, Natuurlijk<\/td>\n<\/tr>\n<tr>\n<td style=\"width: 31.4136%;\" width=\"112\">Normale maat<\/td>\n<td style=\"width: 68.5116%;\" width=\"251\">165cm(D)*100cm(H)<\/td>\n<\/tr>\n<tr>\n<td style=\"width: 31.4136%;\" width=\"112\">Toepassing<\/td>\n<td style=\"width: 68.5116%;\" width=\"251\">Buitenverwarming&amp;decoratie<\/td>\n<\/tr>\n<tr>\n<td style=\"width: 31.4136%;\" width=\"112\">Accessoires<\/td>\n<td style=\"width: 68.5116%;\" width=\"251\">Spatels, handgrepen, deksel, middenrooster en grill<\/td>\n<\/tr>\n<tr>\n<td style=\"width: 31.4136%;\" width=\"112\">Pakket<\/td>\n<td style=\"width: 68.5116%;\" width=\"251\">Houten kist<\/td>\n<\/tr>\n<\/tbody>\n<\/table>\n<p><strong><span style=\"font-size: 14pt;\">BBQ Grill Met Tafel VS. Gewone BBQ Grill<\/span><\/strong><\/p>\n<p>Het grootste verschil tussen een BBQ grill met tafel en een gewone BBQ grill is het aangebouwde werkblad of tafelblad. Het tafelblad van deze BBQ bevindt zich aan de rechterkant van de BBQ en biedt genoeg ruimte voor kookgereedschap, ingredi\u00ebnten en specerijen. Daarnaast is deze BBQ grill ook uitgerust met een kastje, waar hout kan worden opgeslagen.<\/p>\n<p><img fetchpriority=\"high\" decoding=\"async\" class=\"alignnone wp-image-2490 size-full\" src=\"https:\/\/jblcorten.com\/wp-content\/uploads\/2025\/03\/BBQ-grill-with-table.jpg\" alt=\"BBQ grill met tafel\" width=\"750\" height=\"400\" title=\"\" srcset=\"https:\/\/jblcorten.com\/wp-content\/uploads\/2025\/03\/BBQ-grill-with-table.jpg 750w, https:\/\/jblcorten.com\/wp-content\/uploads\/2025\/03\/BBQ-grill-with-table-600x320.jpg 600w, https:\/\/jblcorten.com\/wp-content\/uploads\/2025\/03\/BBQ-grill-with-table-300x160.jpg 300w, https:\/\/jblcorten.com\/wp-content\/uploads\/2025\/03\/BBQ-grill-with-table-18x10.jpg 18w\" sizes=\"(max-width: 750px) 100vw, 750px\" \/><\/p>\n<p><strong><span style=\"font-size: 14pt;\">Voordelen van BBQ Grill Met Tafel:<\/span><\/strong><\/p>\n<p>Vergeleken met traditionele BBQ's hebben BBQ's met tafel veel voordelen, waardoor de barbecue-ervaring gemakkelijker en aangenamer wordt.<\/p>\n<ul>\n<li>Effici\u00ebnter werken: Het werkblad kan worden gebruikt om verschillende ingredi\u00ebnten, kruiden en gereedschappen op te plaatsen, waardoor er minder heen en weer gelopen hoeft te worden en er effici\u00ebnter gekookt kan worden.<\/li>\n<li>Verhoog de veiligheid: Plaats ingredi\u00ebnten en gereedschap niet willekeurig om de kans op botsingen, brandwonden, enz. te verkleinen.<\/li>\n<li>Meer comfort: Je hoeft geen extra tafels te kopen of te bouwen, waardoor je een complete barbecue-ervaring hebt.<\/li>\n<li>Handige opslag: De barbecuerooster heeft opbergruimte, waarin u kruidenflessen, houtskool en andere benodigdheden kunt opbergen, waardoor de barbecueplaats opgeruimder wordt.<\/li>\n<\/ul>\n<p><strong><span style=\"font-size: 14pt;\">Productverpakking:<\/span><\/strong><\/p>\n<p><img decoding=\"async\" class=\"alignnone size-full wp-image-2491\" src=\"https:\/\/jblcorten.com\/wp-content\/uploads\/2025\/03\/outdoor-grill-table-with-storage.jpg\" alt=\"\" width=\"750\" height=\"400\" title=\"\" srcset=\"https:\/\/jblcorten.com\/wp-content\/uploads\/2025\/03\/outdoor-grill-table-with-storage.jpg 750w, https:\/\/jblcorten.com\/wp-content\/uploads\/2025\/03\/outdoor-grill-table-with-storage-600x320.jpg 600w, https:\/\/jblcorten.com\/wp-content\/uploads\/2025\/03\/outdoor-grill-table-with-storage-300x160.jpg 300w, https:\/\/jblcorten.com\/wp-content\/uploads\/2025\/03\/outdoor-grill-table-with-storage-18x10.jpg 18w\" sizes=\"(max-width: 750px) 100vw, 750px\" \/><\/p>","protected":false},"excerpt":{"rendered":"<p>Het grootste verschil tussen een BBQ grill met tafel en een gewone BBQ grill is het aangebouwde werkblad of tafelblad. Het tafelblad van deze BBQ bevindt zich aan de rechterkant van de BBQ en biedt genoeg ruimte voor kookgereedschap, ingredi\u00ebnten en specerijen. Daarnaast is deze BBQ grill ook uitgerust met een kastje, waar hout kan worden opgeslagen.<\/p>","protected":false},"featured_media":2493,"template":"","meta":{"site-sidebar-layout":"default","site-content-layout":"","ast-site-content-layout":"default","site-content-style":"default","site-sidebar-style":"default","ast-global-header-display":"","ast-banner-title-visibility":"","ast-main-header-display":"","ast-hfb-above-header-display":"","ast-hfb-below-header-display":"","ast-hfb-mobile-header-display":"","site-post-title":"","ast-breadcrumbs-content":"","ast-featured-img":"","footer-sml-layout":"","ast-disable-related-posts":"","theme-transparent-header-meta":"default","adv-header-id-meta":"","stick-header-meta":"","header-above-stick-meta":"","header-main-stick-meta":"","header-below-stick-meta":"","astra-migrate-meta-layouts":"set","ast-page-background-enabled":"default","ast-page-background-meta":{"desktop":{"background-color":"var(--ast-global-color-4)","background-image":"","background-repeat":"repeat","background-position":"center center","background-size":"auto","background-attachment":"scroll","background-type":"","background-media":"","overlay-type":"","overlay-color":"","overlay-opacity":"","overlay-gradient":""},"tablet":{"background-color":"","background-image":"","background-repeat":"repeat","background-position":"center center","background-size":"auto","background-attachment":"scroll","background-type":"","background-media":"","overlay-type":"","overlay-color":"","overlay-opacity":"","overlay-gradient":""},"mobile":{"background-color":"","background-image":"","background-repeat":"repeat","background-position":"center center","background-size":"auto","background-attachment":"scroll","background-type":"","background-media":"","overlay-type":"","overlay-color":"","overlay-opacity":"","overlay-gradient":""}},"ast-content-background-meta":{"desktop":{"background-color":"var(--ast-global-color-5)","background-image":"","background-repeat":"repeat","background-position":"center center","background-size":"auto","background-attachment":"scroll","background-type":"","background-media":"","overlay-type":"","overlay-color":"","overlay-opacity":"","overlay-gradient":""},"tablet":{"background-color":"var(--ast-global-color-5)","background-image":"","background-repeat":"repeat","background-position":"center center","background-size":"auto","background-attachment":"scroll","background-type":"","background-media":"","overlay-type":"","overlay-color":"","overlay-opacity":"","overlay-gradient":""},"mobile":{"background-color":"var(--ast-global-color-5)","background-image":"","background-repeat":"repeat","background-position":"center center","background-size":"auto","background-attachment":"scroll","background-type":"","background-media":"","overlay-type":"","overlay-color":"","overlay-opacity":"","overlay-gradient":""}}},"product_brand":[],"product_cat":[25],"product_tag":[],"class_list":{"0":"post-2489","1":"product","2":"type-product","3":"status-publish","4":"has-post-thumbnail","6":"product_cat-bbq-grill","7":"desktop-align-center","8":"tablet-align-left","9":"mobile-align-left","11":"first","12":"instock","13":"shipping-taxable","14":"product-type-simple"},"_links":{"self":[{"href":"https:\/\/jblcorten.com\/nl\/wp-json\/wp\/v2\/product\/2489","targetHints":{"allow":["GET"]}}],"collection":[{"href":"https:\/\/jblcorten.com\/nl\/wp-json\/wp\/v2\/product"}],"about":[{"href":"https:\/\/jblcorten.com\/nl\/wp-json\/wp\/v2\/types\/product"}],"wp:featuredmedia":[{"embeddable":true,"href":"https:\/\/jblcorten.com\/nl\/wp-json\/wp\/v2\/media\/2493"}],"wp:attachment":[{"href":"https:\/\/jblcorten.com\/nl\/wp-json\/wp\/v2\/media?parent=2489"}],"wp:term":[{"taxonomy":"product_brand","embeddable":true,"href":"https:\/\/jblcorten.com\/nl\/wp-json\/wp\/v2\/product_brand?post=2489"},{"taxonomy":"product_cat","embeddable":true,"href":"https:\/\/jblcorten.com\/nl\/wp-json\/wp\/v2\/product_cat?post=2489"},{"taxonomy":"product_tag","embeddable":true,"href":"https:\/\/jblcorten.com\/nl\/wp-json\/wp\/v2\/product_tag?post=2489"}],"curies":[{"name":"wp","href":"https:\/\/api.w.org\/{rel}","templated":true}]}}