{"id":863,"date":"2024-10-08T09:12:07","date_gmt":"2024-10-08T09:12:07","guid":{"rendered":"https:\/\/jblcorten.com\/?post_type=product&#038;p=863"},"modified":"2025-03-20T07:35:29","modified_gmt":"2025-03-20T07:35:29","slug":"tenda-antipioggia-in-acciaio-corten","status":"publish","type":"product","link":"https:\/\/jblcorten.com\/it\/corten-steel-rain-curtain\/","title":{"rendered":"Tenda antipioggia in acciaio corten"},"content":{"rendered":"<p><strong><span style=\"color: #000000; font-size: 14pt;\">Tenda antipioggia in acciaio corten<\/span><\/strong><\/p>\n<p><span style=\"color: #000000;\">La corten Steel Rain Curtain \u00e8 un'opera d'arte da esterno che si trova in diversi luoghi pubblici come piazze, parchi e universit\u00e0. Questa iconica opera d'arte \u00e8 realizzata in acciaio corten (resistente agli agenti atmosferici), un tipo speciale di acciaio con propriet\u00e0 uniche che lo rendono perfetto per la realizzazione di sculture da esterno. L'acciaio corten \u00e8 un tipo di acciaio composto da una combinazione di leghe come rame, cromo e nichel. Sulla superficie dell'acciaio corten si forma uno strato protettivo antiruggine che impedisce all'umidit\u00e0 di entrare in contatto con l'acciaio e ne impedisce l'ulteriore arrugginimento.<\/span><\/p>\n<p><span style=\"color: #000000;\">Le lastre di acciaio corten sono tagliate e sagomate per creare una variet\u00e0 di forme e questa cortina d'acqua \u00e8 indipendente. L'acciaio resistente agli agenti atmosferici utilizzato per realizzare la barriera antipioggia ha un colore unico marrone-ruggine che aggiunge bellezza artistica all'opera. La tinta unita del metallo aiuta la scultura a fondersi naturalmente con l'ambiente circostante. La tenda antipioggia rappresenta la perfetta combinazione di forma e funzione. Le spesse lastre d'acciaio non solo creano uno straordinario impatto visivo, ma contribuiscono anche a ridurre l'inquinamento acustico. Il suono dell'acqua che gocciola dalle lastre d'acciaio crea un senso di calma, rendendola un'installazione artistica perfetta per gli spazi pubblici.<\/span><\/p>\n<p><strong><span style=\"font-size: 14pt;\">Specifiche del prodotto:<\/span><\/strong><\/p>\n<table>\n<tbody>\n<tr>\n<td width=\"136\"><span style=\"color: #000000;\">Nome del prodotto<\/span><\/td>\n<td width=\"766\"><span style=\"color: #000000;\">Tenda antipioggia in acciaio corten<\/span><\/td>\n<\/tr>\n<tr>\n<td width=\"136\"><span style=\"color: #000000;\">Tipo<\/span><\/td>\n<td width=\"766\"><span style=\"color: #000000;\">Fontana<\/span><\/td>\n<\/tr>\n<tr>\n<td width=\"136\"><span style=\"color: #000000;\">Materiale<\/span><\/td>\n<td width=\"766\"><span style=\"color: #000000;\">Acciaio corten<\/span><\/td>\n<\/tr>\n<tr>\n<td width=\"136\"><span style=\"color: #000000;\">Spessore<\/span><\/td>\n<td width=\"766\"><span style=\"color: #000000;\">2~3 mm<\/span><\/td>\n<\/tr>\n<tr>\n<td width=\"136\"><span style=\"color: #000000;\">Superficie<\/span><\/td>\n<td width=\"766\"><span style=\"color: #000000;\">trattato con finitura rustica, verniciato a polvere<\/span><\/td>\n<\/tr>\n<tr>\n<td width=\"136\"><span style=\"color: #000000;\">Colore<\/span><\/td>\n<td width=\"766\"><span style=\"color: #000000;\">rosso ruggine, nero<\/span><\/td>\n<\/tr>\n<tr>\n<td width=\"136\"><span style=\"color: #000000;\">Processo<\/span><\/td>\n<td width=\"766\"><span style=\"color: #000000;\">Taglio laser &gt; piegatura &gt; saldatura e lucidatura&gt; trattamento delle superfici&gt; componenti assemblati e imballaggio<\/span><\/td>\n<\/tr>\n<tr>\n<td width=\"136\"><span style=\"color: #000000;\">Applicazione<\/span><\/td>\n<td width=\"766\"><span style=\"color: #000000;\">Decorazione paesaggistica<\/span><\/td>\n<\/tr>\n<\/tbody>\n<\/table>\n<p><span style=\"color: #000000; font-size: 14pt;\"><strong>Immagini della tenda antipioggia in acciaio corten:<\/strong><\/span><\/p>\n<p><img fetchpriority=\"high\" decoding=\"async\" class=\"alignnone wp-image-2417\" src=\"https:\/\/jblcorten.com\/wp-content\/uploads\/2024\/10\/corten-water-fountain.jpg\" alt=\"\" width=\"750\" height=\"667\" title=\"\" srcset=\"https:\/\/jblcorten.com\/wp-content\/uploads\/2024\/10\/corten-water-fountain.jpg 900w, https:\/\/jblcorten.com\/wp-content\/uploads\/2024\/10\/corten-water-fountain-600x533.jpg 600w, https:\/\/jblcorten.com\/wp-content\/uploads\/2024\/10\/corten-water-fountain-300x267.jpg 300w, https:\/\/jblcorten.com\/wp-content\/uploads\/2024\/10\/corten-water-fountain-768x683.jpg 768w, https:\/\/jblcorten.com\/wp-content\/uploads\/2024\/10\/corten-water-fountain-14x12.jpg 14w\" sizes=\"(max-width: 750px) 100vw, 750px\" \/> <img decoding=\"async\" class=\"alignnone wp-image-2418\" src=\"https:\/\/jblcorten.com\/wp-content\/uploads\/2024\/10\/rust-water-feature.jpg\" alt=\"\" width=\"750\" height=\"563\" title=\"\" srcset=\"https:\/\/jblcorten.com\/wp-content\/uploads\/2024\/10\/rust-water-feature.jpg 1000w, https:\/\/jblcorten.com\/wp-content\/uploads\/2024\/10\/rust-water-feature-600x450.jpg 600w, https:\/\/jblcorten.com\/wp-content\/uploads\/2024\/10\/rust-water-feature-300x225.jpg 300w, https:\/\/jblcorten.com\/wp-content\/uploads\/2024\/10\/rust-water-feature-768x576.jpg 768w, https:\/\/jblcorten.com\/wp-content\/uploads\/2024\/10\/rust-water-feature-16x12.jpg 16w\" sizes=\"(max-width: 750px) 100vw, 750px\" \/><\/p>\n<p>Questa tenda antipioggia in acciaio corten pu\u00f2 essere installata nel vostro giardino, e poi aggiungere alcune luci, l'effetto \u00e8 il seguente:<\/p>\n<p><img decoding=\"async\" class=\"alignnone wp-image-2419\" src=\"https:\/\/jblcorten.com\/wp-content\/uploads\/2024\/10\/rusted-metal-water-features.jpg\" alt=\"\" width=\"750\" height=\"641\" title=\"\" srcset=\"https:\/\/jblcorten.com\/wp-content\/uploads\/2024\/10\/rusted-metal-water-features.jpg 1000w, https:\/\/jblcorten.com\/wp-content\/uploads\/2024\/10\/rusted-metal-water-features-600x512.jpg 600w, https:\/\/jblcorten.com\/wp-content\/uploads\/2024\/10\/rusted-metal-water-features-300x256.jpg 300w, https:\/\/jblcorten.com\/wp-content\/uploads\/2024\/10\/rusted-metal-water-features-768x656.jpg 768w, https:\/\/jblcorten.com\/wp-content\/uploads\/2024\/10\/rusted-metal-water-features-14x12.jpg 14w\" sizes=\"(max-width: 750px) 100vw, 750px\" \/><\/p>\n<p>&nbsp;<\/p>","protected":false},"excerpt":{"rendered":"<p>I fogli di acciaio della tenda antipioggia in acciaio corten sono tagliati e sagomati per creare una variet\u00e0 di forme e questa tenda d'acqua \u00e8 indipendente. L'acciaio corten utilizzato per realizzare la tenda antipioggia ha un colore unico marrone-ruggine che aggiunge bellezza artistica all'opera. La tinta unita del metallo aiuta la scultura a fondersi naturalmente con l'ambiente circostante.<\/p>","protected":false},"featured_media":2415,"template":"","meta":{"site-sidebar-layout":"default","site-content-layout":"","ast-site-content-layout":"default","site-content-style":"default","site-sidebar-style":"default","ast-global-header-display":"","ast-banner-title-visibility":"","ast-main-header-display":"","ast-hfb-above-header-display":"","ast-hfb-below-header-display":"","ast-hfb-mobile-header-display":"","site-post-title":"","ast-breadcrumbs-content":"","ast-featured-img":"","footer-sml-layout":"","ast-disable-related-posts":"","theme-transparent-header-meta":"default","adv-header-id-meta":"","stick-header-meta":"","header-above-stick-meta":"","header-main-stick-meta":"","header-below-stick-meta":"","astra-migrate-meta-layouts":"set","ast-page-background-enabled":"default","ast-page-background-meta":{"desktop":{"background-color":"var(--ast-global-color-4)","background-image":"","background-repeat":"repeat","background-position":"center center","background-size":"auto","background-attachment":"scroll","background-type":"","background-media":"","overlay-type":"","overlay-color":"","overlay-opacity":"","overlay-gradient":""},"tablet":{"background-color":"","background-image":"","background-repeat":"repeat","background-position":"center center","background-size":"auto","background-attachment":"scroll","background-type":"","background-media":"","overlay-type":"","overlay-color":"","overlay-opacity":"","overlay-gradient":""},"mobile":{"background-color":"","background-image":"","background-repeat":"repeat","background-position":"center center","background-size":"auto","background-attachment":"scroll","background-type":"","background-media":"","overlay-type":"","overlay-color":"","overlay-opacity":"","overlay-gradient":""}},"ast-content-background-meta":{"desktop":{"background-color":"var(--ast-global-color-5)","background-image":"","background-repeat":"repeat","background-position":"center center","background-size":"auto","background-attachment":"scroll","background-type":"","background-media":"","overlay-type":"","overlay-color":"","overlay-opacity":"","overlay-gradient":""},"tablet":{"background-color":"var(--ast-global-color-5)","background-image":"","background-repeat":"repeat","background-position":"center center","background-size":"auto","background-attachment":"scroll","background-type":"","background-media":"","overlay-type":"","overlay-color":"","overlay-opacity":"","overlay-gradient":""},"mobile":{"background-color":"var(--ast-global-color-5)","background-image":"","background-repeat":"repeat","background-position":"center center","background-size":"auto","background-attachment":"scroll","background-type":"","background-media":"","overlay-type":"","overlay-color":"","overlay-opacity":"","overlay-gradient":""}}},"product_brand":[],"product_cat":[40],"product_tag":[],"class_list":{"0":"post-863","1":"product","2":"type-product","3":"status-publish","4":"has-post-thumbnail","6":"product_cat-water-feature","7":"desktop-align-center","8":"tablet-align-left","9":"mobile-align-left","11":"first","12":"instock","13":"featured","14":"shipping-taxable","15":"product-type-simple"},"_links":{"self":[{"href":"https:\/\/jblcorten.com\/it\/wp-json\/wp\/v2\/product\/863","targetHints":{"allow":["GET"]}}],"collection":[{"href":"https:\/\/jblcorten.com\/it\/wp-json\/wp\/v2\/product"}],"about":[{"href":"https:\/\/jblcorten.com\/it\/wp-json\/wp\/v2\/types\/product"}],"wp:featuredmedia":[{"embeddable":true,"href":"https:\/\/jblcorten.com\/it\/wp-json\/wp\/v2\/media\/2415"}],"wp:attachment":[{"href":"https:\/\/jblcorten.com\/it\/wp-json\/wp\/v2\/media?parent=863"}],"wp:term":[{"taxonomy":"product_brand","embeddable":true,"href":"https:\/\/jblcorten.com\/it\/wp-json\/wp\/v2\/product_brand?post=863"},{"taxonomy":"product_cat","embeddable":true,"href":"https:\/\/jblcorten.com\/it\/wp-json\/wp\/v2\/product_cat?post=863"},{"taxonomy":"product_tag","embeddable":true,"href":"https:\/\/jblcorten.com\/it\/wp-json\/wp\/v2\/product_tag?post=863"}],"curies":[{"name":"wp","href":"https:\/\/api.w.org\/{rel}","templated":true}]}}