{"id":407,"date":"2024-08-28T09:10:16","date_gmt":"2024-08-28T09:10:16","guid":{"rendered":"https:\/\/jblcorten.com\/?post_type=product&#038;p=407"},"modified":"2025-03-20T08:54:29","modified_gmt":"2025-03-20T08:54:29","slug":"griglia-a-parete-retrattile","status":"publish","type":"product","link":"https:\/\/jblcorten.com\/it\/retractable-wall-mounted-grill\/","title":{"rendered":"Griglia a parete retrattile"},"content":{"rendered":"<p class=\"prodetails-name\"><span style=\"font-size: 14pt;\"><strong>Grill a parete retrattile - Perfetto per grigliate all'aperto<\/strong><\/span><\/p>\n<p class=\"prodetails-name\">Il barbecue \u00e8 sempre stato un modo popolare di cucinare i cibi, soprattutto in estate.<\/p>\n<p class=\"prodetails-name\">Le griglie da esterno tradizionali sono ingombranti e spesso occupano troppo spazio. Inoltre, richiedono molta manutenzione, che pu\u00f2 essere fastidiosa. A questo punto, \u00e8 necessario scegliere un grill a parete retrattile. Il suo design \u00e8 a parete ed \u00e8 anche pieghevole. Il grill retrattile a parete pu\u00f2 essere installato su qualsiasi parete esterna con viti o bulloni e, quando non viene utilizzato, pu\u00f2 essere ripiegato sulla parete senza occupare troppo spazio.<\/p>\n<p class=\"prodetails-name\">La griglia a parete retrattile pu\u00f2 essere utilizzata per grigliare diversi alimenti, come verdure e carne. Il design della griglia garantisce inoltre una cottura uniforme, che permette di cuocere i cibi in modo impeccabile ogni volta.<\/p>\n<p><strong><span style=\"font-size: 14pt;\">Specifiche del prodotto:<\/span><\/strong><\/p>\n<div class=\"table-responsive\">\n<table>\n<tbody>\n<tr>\n<td>Nome del prodotto<\/td>\n<td>Griglia a parete retrattile<\/td>\n<\/tr>\n<tr>\n<td>Materiale<\/td>\n<td>Acciaio corten \/ Acciaio resistente agli agenti atmosferici<\/td>\n<\/tr>\n<tr>\n<td>Dimensione<\/td>\n<td>Dia: 600\/800\/900\/1000mm, Spessore: 2mm<\/td>\n<\/tr>\n<tr>\n<td>Pacchetto<\/td>\n<td>Interno: Carta espansa antiusura, esterno: Scatola di cartone<\/td>\n<\/tr>\n<tr>\n<td>Trattamento della superficie<\/td>\n<td>Pre-arrugginito, personalizzabile<\/td>\n<\/tr>\n<\/tbody>\n<\/table>\n<\/div>\n<p><img fetchpriority=\"high\" decoding=\"async\" class=\"alignnone wp-image-411 size-full\" src=\"https:\/\/jblcorten.com\/wp-content\/uploads\/2024\/08\/Retractable-Wall-Mounted-Grill-2.jpg\" alt=\"stufa bbq\" width=\"700\" height=\"292\" title=\"\" srcset=\"https:\/\/jblcorten.com\/wp-content\/uploads\/2024\/08\/Retractable-Wall-Mounted-Grill-2.jpg 700w, https:\/\/jblcorten.com\/wp-content\/uploads\/2024\/08\/Retractable-Wall-Mounted-Grill-2-600x250.jpg 600w, https:\/\/jblcorten.com\/wp-content\/uploads\/2024\/08\/Retractable-Wall-Mounted-Grill-2-300x125.jpg 300w\" sizes=\"(max-width: 700px) 100vw, 700px\" \/><\/p>\n<p><img decoding=\"async\" class=\"alignnone wp-image-412 size-full\" src=\"https:\/\/jblcorten.com\/wp-content\/uploads\/2024\/08\/Retractable-Wall-Mounted-Grill.jpg\" alt=\"\" width=\"700\" height=\"470\" title=\"\" srcset=\"https:\/\/jblcorten.com\/wp-content\/uploads\/2024\/08\/Retractable-Wall-Mounted-Grill.jpg 700w, https:\/\/jblcorten.com\/wp-content\/uploads\/2024\/08\/Retractable-Wall-Mounted-Grill-600x403.jpg 600w, https:\/\/jblcorten.com\/wp-content\/uploads\/2024\/08\/Retractable-Wall-Mounted-Grill-300x201.jpg 300w\" sizes=\"(max-width: 700px) 100vw, 700px\" \/><\/p>","protected":false},"excerpt":{"rendered":"<p>Le griglie a parete retrattili sono una scelta di gran lunga superiore rispetto alle griglie tradizionali.<br \/>\n1. Risparmio di spazio: \u00c8 installato a parete, non viene abbattuto accidentalmente e non occupa troppo spazio.<br \/>\n2. Risparmio di tempo e fatica: Quando si fa una grigliata, non \u00e8 necessario chinarsi perch\u00e9 la griglia pu\u00f2 essere installata secondo le nostre abitudini.<\/p>","protected":false},"featured_media":2438,"template":"","meta":{"site-sidebar-layout":"default","site-content-layout":"","ast-site-content-layout":"default","site-content-style":"default","site-sidebar-style":"default","ast-global-header-display":"","ast-banner-title-visibility":"","ast-main-header-display":"","ast-hfb-above-header-display":"","ast-hfb-below-header-display":"","ast-hfb-mobile-header-display":"","site-post-title":"","ast-breadcrumbs-content":"","ast-featured-img":"","footer-sml-layout":"","ast-disable-related-posts":"","theme-transparent-header-meta":"default","adv-header-id-meta":"","stick-header-meta":"","header-above-stick-meta":"","header-main-stick-meta":"","header-below-stick-meta":"","astra-migrate-meta-layouts":"set","ast-page-background-enabled":"default","ast-page-background-meta":{"desktop":{"background-color":"var(--ast-global-color-4)","background-image":"","background-repeat":"repeat","background-position":"center center","background-size":"auto","background-attachment":"scroll","background-type":"","background-media":"","overlay-type":"","overlay-color":"","overlay-opacity":"","overlay-gradient":""},"tablet":{"background-color":"","background-image":"","background-repeat":"repeat","background-position":"center center","background-size":"auto","background-attachment":"scroll","background-type":"","background-media":"","overlay-type":"","overlay-color":"","overlay-opacity":"","overlay-gradient":""},"mobile":{"background-color":"","background-image":"","background-repeat":"repeat","background-position":"center center","background-size":"auto","background-attachment":"scroll","background-type":"","background-media":"","overlay-type":"","overlay-color":"","overlay-opacity":"","overlay-gradient":""}},"ast-content-background-meta":{"desktop":{"background-color":"var(--ast-global-color-5)","background-image":"","background-repeat":"repeat","background-position":"center center","background-size":"auto","background-attachment":"scroll","background-type":"","background-media":"","overlay-type":"","overlay-color":"","overlay-opacity":"","overlay-gradient":""},"tablet":{"background-color":"var(--ast-global-color-5)","background-image":"","background-repeat":"repeat","background-position":"center center","background-size":"auto","background-attachment":"scroll","background-type":"","background-media":"","overlay-type":"","overlay-color":"","overlay-opacity":"","overlay-gradient":""},"mobile":{"background-color":"var(--ast-global-color-5)","background-image":"","background-repeat":"repeat","background-position":"center center","background-size":"auto","background-attachment":"scroll","background-type":"","background-media":"","overlay-type":"","overlay-color":"","overlay-opacity":"","overlay-gradient":""}}},"product_brand":[],"product_cat":[25],"product_tag":[],"class_list":{"0":"post-407","1":"product","2":"type-product","3":"status-publish","4":"has-post-thumbnail","6":"product_cat-bbq-grill","7":"desktop-align-center","8":"tablet-align-left","9":"mobile-align-left","11":"first","12":"instock","13":"featured","14":"shipping-taxable","15":"product-type-simple"},"_links":{"self":[{"href":"https:\/\/jblcorten.com\/it\/wp-json\/wp\/v2\/product\/407","targetHints":{"allow":["GET"]}}],"collection":[{"href":"https:\/\/jblcorten.com\/it\/wp-json\/wp\/v2\/product"}],"about":[{"href":"https:\/\/jblcorten.com\/it\/wp-json\/wp\/v2\/types\/product"}],"wp:featuredmedia":[{"embeddable":true,"href":"https:\/\/jblcorten.com\/it\/wp-json\/wp\/v2\/media\/2438"}],"wp:attachment":[{"href":"https:\/\/jblcorten.com\/it\/wp-json\/wp\/v2\/media?parent=407"}],"wp:term":[{"taxonomy":"product_brand","embeddable":true,"href":"https:\/\/jblcorten.com\/it\/wp-json\/wp\/v2\/product_brand?post=407"},{"taxonomy":"product_cat","embeddable":true,"href":"https:\/\/jblcorten.com\/it\/wp-json\/wp\/v2\/product_cat?post=407"},{"taxonomy":"product_tag","embeddable":true,"href":"https:\/\/jblcorten.com\/it\/wp-json\/wp\/v2\/product_tag?post=407"}],"curies":[{"name":"wp","href":"https:\/\/api.w.org\/{rel}","templated":true}]}}