{"id":395,"date":"2024-08-23T08:59:14","date_gmt":"2024-08-23T08:59:14","guid":{"rendered":"https:\/\/jblcorten.com\/?post_type=product&#038;p=395"},"modified":"2025-03-21T01:33:16","modified_gmt":"2025-03-21T01:33:16","slug":"pozzo-del-fuoco-in-corten","status":"publish","type":"product","link":"https:\/\/jblcorten.com\/it\/corten-fire-pit\/","title":{"rendered":"Focolare in corten"},"content":{"rendered":"<p><strong><span style=\"font-size: 14pt;\">Focolare in corten<\/span><\/strong><\/p>\n<p>I nostri caminetti sono realizzati in acciaio corten di alta qualit\u00e0. L'acciaio corten \u00e8 un tipo di acciaio che sviluppa una patina naturale quando viene esposto agli agenti atmosferici. Nel corso del tempo, diventer\u00e0 lentamente rosso ruggine.<\/p>\n<p>La base del nostro focolare \u00e8 dotata di una staffa che ne garantisce la stabilit\u00e0 e la sicurezza durante l'uso. Il pozzo del fuoco \u00e8 anche semplice da usare. Basta mettere la legna nel pozzo e accendere le fiamme. La sera potrete chiacchierare intorno al fuoco con gli amici o la famiglia.<\/p>\n<p><strong><span style=\"font-size: 14pt;\">Specifiche del prodotto:<\/span><\/strong><\/p>\n<table class=\"has-title is-zebra hight-light-first-column all magic-28\" style=\"height: 383px;\" width=\"899\">\n<tbody>\n<tr>\n<td colspan=\"1\" rowspan=\"1\">\n<div class=\"magic-29\" data-spm-anchor-id=\"a2700.details.0.i40.dc561892pzJoXG\">Nome del prodotto<\/div>\n<\/td>\n<td colspan=\"1\" rowspan=\"1\">\n<div class=\"magic-30\">Focolare in corten<\/div>\n<\/td>\n<\/tr>\n<tr>\n<td colspan=\"1\" rowspan=\"1\">\n<div class=\"magic-29\">Materiale<\/div>\n<\/td>\n<td colspan=\"1\" rowspan=\"1\">\n<div class=\"magic-30\">Acciaio corten<\/div>\n<\/td>\n<\/tr>\n<tr>\n<td colspan=\"1\" rowspan=\"1\">\n<div class=\"magic-31\">tipo di carburante<\/div>\n<\/td>\n<td colspan=\"1\" rowspan=\"1\">\n<div class=\"magic-32\">Legno<\/div>\n<\/td>\n<\/tr>\n<tr>\n<td colspan=\"1\" rowspan=\"1\">\n<div class=\"magic-29\">Diametro<\/div>\n<\/td>\n<td colspan=\"1\" rowspan=\"1\">\n<div class=\"magic-30\">60 cm, 70 cm, 80 cm, 90 cm, 100 cm, 110 cm, 120 cm, ecc.<\/div>\n<\/td>\n<\/tr>\n<tr>\n<td colspan=\"1\" rowspan=\"1\">\n<div class=\"magic-29\">colore<\/div>\n<\/td>\n<td colspan=\"1\" rowspan=\"1\">\n<div class=\"magic-30\">Colore naturale<\/div>\n<\/td>\n<\/tr>\n<tr>\n<td colspan=\"1\" rowspan=\"1\">\n<div class=\"magic-29\">spessore<\/div>\n<\/td>\n<td colspan=\"1\" rowspan=\"1\">\n<div class=\"magic-30\">2 mm, 3 mm<\/div>\n<\/td>\n<\/tr>\n<tr>\n<td colspan=\"1\" rowspan=\"1\">\n<div class=\"magic-29\">Applicazione<\/div>\n<\/td>\n<td colspan=\"1\" rowspan=\"1\">\n<div class=\"magic-30\">Riscaldamento\/Decorazione<\/div>\n<\/td>\n<\/tr>\n<tr>\n<td colspan=\"1\" rowspan=\"1\">\n<div class=\"magic-31\">pacchetto<\/div>\n<\/td>\n<td colspan=\"1\" rowspan=\"1\">\n<div class=\"magic-32\">Pallet in acciaio \/ Scatola di cartone<\/div>\n<\/td>\n<\/tr>\n<\/tbody>\n<\/table>\n<p><span style=\"font-size: 14pt;\"><strong>Che cos'\u00e8 l'acciaio corten?<\/strong><\/span><\/p>\n<p>L'acciaio corten \u00e8 una lega di acciaio ad alta resistenza che pu\u00f2 resistere a qualsiasi condizione climatica esterna. \u00c8 composto da una miscela di rame, cromo e nichel che forma uno strato esterno arrugginito, che non solo gli conferisce una consistenza unica, ma funge anche da rivestimento protettivo per prevenire l'ulteriore corrosione. Man mano che si sviluppa, la ruggine forma uno strato protettivo che sigilla l'acciaio e lo rende altamente resistente agli agenti atmosferici.<\/p>\n<p><span style=\"font-size: 14pt;\"><strong>Dettagli del prodotto:<\/strong><\/span><\/p>\n<p><img fetchpriority=\"high\" decoding=\"async\" class=\"alignnone wp-image-2448 size-full\" src=\"https:\/\/jblcorten.com\/wp-content\/uploads\/2024\/08\/fire-bowl.jpg\" alt=\"\" width=\"750\" height=\"500\" title=\"\" srcset=\"https:\/\/jblcorten.com\/wp-content\/uploads\/2024\/08\/fire-bowl.jpg 750w, https:\/\/jblcorten.com\/wp-content\/uploads\/2024\/08\/fire-bowl-600x400.jpg 600w, https:\/\/jblcorten.com\/wp-content\/uploads\/2024\/08\/fire-bowl-300x200.jpg 300w, https:\/\/jblcorten.com\/wp-content\/uploads\/2024\/08\/fire-bowl-18x12.jpg 18w\" sizes=\"(max-width: 750px) 100vw, 750px\" \/><\/p>\n<p>Siamo produttori di focolari in acciaio corten e i nostri focolari sono personalizzabili.<\/p>\n<p><img decoding=\"async\" class=\"alignnone wp-image-2450 size-full\" src=\"https:\/\/jblcorten.com\/wp-content\/uploads\/2024\/08\/round-fire-pit.jpg\" alt=\"\" width=\"750\" height=\"562\" title=\"\" srcset=\"https:\/\/jblcorten.com\/wp-content\/uploads\/2024\/08\/round-fire-pit.jpg 750w, https:\/\/jblcorten.com\/wp-content\/uploads\/2024\/08\/round-fire-pit-600x450.jpg 600w, https:\/\/jblcorten.com\/wp-content\/uploads\/2024\/08\/round-fire-pit-300x225.jpg 300w, https:\/\/jblcorten.com\/wp-content\/uploads\/2024\/08\/round-fire-pit-16x12.jpg 16w\" sizes=\"(max-width: 750px) 100vw, 750px\" \/><\/p>\n<p><strong><span style=\"font-size: 14pt;\">Imballaggio del prodotto:<\/span><\/strong><\/p>\n<p><img decoding=\"async\" class=\"alignnone wp-image-2452\" src=\"https:\/\/jblcorten.com\/wp-content\/uploads\/2024\/08\/metal-fire-pit.jpg\" alt=\"\" width=\"750\" height=\"473\" title=\"\" srcset=\"https:\/\/jblcorten.com\/wp-content\/uploads\/2024\/08\/metal-fire-pit.jpg 711w, https:\/\/jblcorten.com\/wp-content\/uploads\/2024\/08\/metal-fire-pit-600x378.jpg 600w, https:\/\/jblcorten.com\/wp-content\/uploads\/2024\/08\/metal-fire-pit-300x189.jpg 300w, https:\/\/jblcorten.com\/wp-content\/uploads\/2024\/08\/metal-fire-pit-18x12.jpg 18w\" sizes=\"(max-width: 750px) 100vw, 750px\" \/><\/p>\n<p>&nbsp;<\/p>","protected":false},"excerpt":{"rendered":"<p>I nostri caminetti in corten sono realizzati in acciaio corten di alta qualit\u00e0. L'acciaio corten \u00e8 un tipo di acciaio che sviluppa una patina naturale quando viene esposto agli agenti atmosferici. Nel corso del tempo, diventa lentamente rosso ruggine.<\/p>","protected":false},"featured_media":1456,"template":"","meta":{"site-sidebar-layout":"default","site-content-layout":"","ast-site-content-layout":"default","site-content-style":"default","site-sidebar-style":"default","ast-global-header-display":"","ast-banner-title-visibility":"","ast-main-header-display":"","ast-hfb-above-header-display":"","ast-hfb-below-header-display":"","ast-hfb-mobile-header-display":"","site-post-title":"","ast-breadcrumbs-content":"","ast-featured-img":"","footer-sml-layout":"","ast-disable-related-posts":"","theme-transparent-header-meta":"default","adv-header-id-meta":"","stick-header-meta":"","header-above-stick-meta":"","header-main-stick-meta":"","header-below-stick-meta":"","astra-migrate-meta-layouts":"set","ast-page-background-enabled":"default","ast-page-background-meta":{"desktop":{"background-color":"var(--ast-global-color-4)","background-image":"","background-repeat":"repeat","background-position":"center center","background-size":"auto","background-attachment":"scroll","background-type":"","background-media":"","overlay-type":"","overlay-color":"","overlay-opacity":"","overlay-gradient":""},"tablet":{"background-color":"","background-image":"","background-repeat":"repeat","background-position":"center center","background-size":"auto","background-attachment":"scroll","background-type":"","background-media":"","overlay-type":"","overlay-color":"","overlay-opacity":"","overlay-gradient":""},"mobile":{"background-color":"","background-image":"","background-repeat":"repeat","background-position":"center center","background-size":"auto","background-attachment":"scroll","background-type":"","background-media":"","overlay-type":"","overlay-color":"","overlay-opacity":"","overlay-gradient":""}},"ast-content-background-meta":{"desktop":{"background-color":"var(--ast-global-color-5)","background-image":"","background-repeat":"repeat","background-position":"center center","background-size":"auto","background-attachment":"scroll","background-type":"","background-media":"","overlay-type":"","overlay-color":"","overlay-opacity":"","overlay-gradient":""},"tablet":{"background-color":"var(--ast-global-color-5)","background-image":"","background-repeat":"repeat","background-position":"center center","background-size":"auto","background-attachment":"scroll","background-type":"","background-media":"","overlay-type":"","overlay-color":"","overlay-opacity":"","overlay-gradient":""},"mobile":{"background-color":"var(--ast-global-color-5)","background-image":"","background-repeat":"repeat","background-position":"center center","background-size":"auto","background-attachment":"scroll","background-type":"","background-media":"","overlay-type":"","overlay-color":"","overlay-opacity":"","overlay-gradient":""}}},"product_brand":[],"product_cat":[29,45],"product_tag":[],"class_list":{"0":"post-395","1":"product","2":"type-product","3":"status-publish","4":"has-post-thumbnail","6":"product_cat-fire-pit","7":"product_cat-wood-burning-fire-pit","8":"desktop-align-center","9":"tablet-align-left","10":"mobile-align-left","12":"first","13":"instock","14":"featured","15":"shipping-taxable","16":"product-type-simple"},"_links":{"self":[{"href":"https:\/\/jblcorten.com\/it\/wp-json\/wp\/v2\/product\/395","targetHints":{"allow":["GET"]}}],"collection":[{"href":"https:\/\/jblcorten.com\/it\/wp-json\/wp\/v2\/product"}],"about":[{"href":"https:\/\/jblcorten.com\/it\/wp-json\/wp\/v2\/types\/product"}],"wp:featuredmedia":[{"embeddable":true,"href":"https:\/\/jblcorten.com\/it\/wp-json\/wp\/v2\/media\/1456"}],"wp:attachment":[{"href":"https:\/\/jblcorten.com\/it\/wp-json\/wp\/v2\/media?parent=395"}],"wp:term":[{"taxonomy":"product_brand","embeddable":true,"href":"https:\/\/jblcorten.com\/it\/wp-json\/wp\/v2\/product_brand?post=395"},{"taxonomy":"product_cat","embeddable":true,"href":"https:\/\/jblcorten.com\/it\/wp-json\/wp\/v2\/product_cat?post=395"},{"taxonomy":"product_tag","embeddable":true,"href":"https:\/\/jblcorten.com\/it\/wp-json\/wp\/v2\/product_tag?post=395"}],"curies":[{"name":"wp","href":"https:\/\/api.w.org\/{rel}","templated":true}]}}