{"id":3821,"date":"2025-07-25T10:55:26","date_gmt":"2025-07-25T02:55:26","guid":{"rendered":"https:\/\/jblcorten.com\/?post_type=product&#038;p=3821"},"modified":"2025-07-25T10:55:27","modified_gmt":"2025-07-25T02:55:27","slug":"fioriera-in-metallo-arrugginito","status":"publish","type":"product","link":"https:\/\/jblcorten.com\/it\/rust-metal-planter\/","title":{"rendered":"Fioriera in metallo color ruggine"},"content":{"rendered":"<h2 style=\"text-align: center;\"><span style=\"font-size: 14pt;\">Fioriera in metallo color ruggine<\/span><\/h2>\n<p>Questa fioriera in metallo arrugginito \u00e8 realizzata in acciaio di alta qualit\u00e0 resistente agli agenti atmosferici. Ha una moderna forma quadrata e una calda tonalit\u00e0 marrone di ruggine naturale sulla superficie, che combina stili retr\u00f2 e moderni. Le propriet\u00e0 uniche del materiale dell'acciaio resistente agli agenti atmosferici gli consentono di formare naturalmente uno strato protettivo in ambienti esterni, che non si arrugginisce n\u00e9 si corrode facilmente, ed \u00e8 adatto all'uso a lungo termine in giardini, balconi o spazi commerciali.<\/p>\n<p>Il vaso \u00e8 disponibile in una variet\u00e0 di dimensioni, tra cui piccole, grandi e specifiche personalizzate, per soddisfare le diverse scene e le esigenze di piantagione. Sul fondo sono presenti fori di drenaggio per garantire che le radici delle piante siano asciutte e traspiranti, favorendo una crescita sana. Sia che venga utilizzato per coltivare piante verdi e fiori, sia come singolo elemento per la decorazione del giardino, \u00e8 la scelta ideale per migliorare la bellezza dello spazio.<\/p>\n<p><img fetchpriority=\"high\" decoding=\"async\" class=\"alignnone size-full wp-image-3822\" src=\"https:\/\/jblcorten.com\/wp-content\/uploads\/2025\/07\/rust-metal-planter.jpg\" alt=\"fioriera in metallo arrugginito\" width=\"750\" height=\"500\" title=\"\" srcset=\"https:\/\/jblcorten.com\/wp-content\/uploads\/2025\/07\/rust-metal-planter.jpg 750w, https:\/\/jblcorten.com\/wp-content\/uploads\/2025\/07\/rust-metal-planter-300x200.jpg 300w, https:\/\/jblcorten.com\/wp-content\/uploads\/2025\/07\/rust-metal-planter-18x12.jpg 18w, https:\/\/jblcorten.com\/wp-content\/uploads\/2025\/07\/rust-metal-planter-600x400.jpg 600w\" sizes=\"(max-width: 750px) 100vw, 750px\" \/><\/p>\n<p><strong><span style=\"font-size: 14pt;\">Perch\u00e9 scegliere l'acciaio corten?<\/span><\/strong><\/p>\n<p>L'acciaio corten (Weathering) ha un'eccellente resistenza alla corrosione. La caratteristica principale dell'acciaio resistente agli agenti atmosferici \u00e8 che la ruggine sulla superficie si forma naturalmente nel tempo, formando un denso strato di ossido nell'ambiente atmosferico. Questo strato di \"ruggine\" non cadr\u00e0, ma svolger\u00e0 un ruolo antiruggine, evitando un'ulteriore corrosione, assicurando che i vasi da fiori siano ancora durevoli, belli e generosi nell'ambiente esterno senza troppa manutenzione.<\/p>\n<p><img decoding=\"async\" class=\"alignnone size-full wp-image-2519\" src=\"https:\/\/jblcorten.com\/wp-content\/uploads\/2025\/03\/corten-steel-material.jpg\" alt=\"materiale dell&#039;acciaio corten\" width=\"750\" height=\"321\" title=\"\" srcset=\"https:\/\/jblcorten.com\/wp-content\/uploads\/2025\/03\/corten-steel-material.jpg 750w, https:\/\/jblcorten.com\/wp-content\/uploads\/2025\/03\/corten-steel-material-600x257.jpg 600w, https:\/\/jblcorten.com\/wp-content\/uploads\/2025\/03\/corten-steel-material-300x128.jpg 300w, https:\/\/jblcorten.com\/wp-content\/uploads\/2025\/03\/corten-steel-material-18x8.jpg 18w\" sizes=\"(max-width: 750px) 100vw, 750px\" \/><\/p>\n<p><strong><span style=\"font-size: 14pt;\">Specifiche del prodotto:<\/span><\/strong><\/p>\n<table style=\"border-collapse: collapse; width: 100%;\">\n<tbody>\n<tr>\n<td style=\"width: 26.365%; background-color: #f5f5f5;\">Nome del prodotto<\/td>\n<td style=\"width: 73.635%; background-color: #f5f5f5;\">Fioriera in metallo color ruggine<\/td>\n<\/tr>\n<tr>\n<td style=\"width: 26.365%;\">Materiale<\/td>\n<td style=\"width: 73.635%;\">Acciaio corten\/acciaio resistente agli agenti atmosferici<\/td>\n<\/tr>\n<tr>\n<td style=\"width: 26.365%; background-color: #f5f5f5;\">Colore<\/td>\n<td style=\"width: 73.635%; background-color: #f5f5f5;\">Ruggine naturale<\/td>\n<\/tr>\n<tr>\n<td style=\"width: 26.365%;\">Forma<\/td>\n<td style=\"width: 73.635%;\">Quadrato o personalizzato<\/td>\n<\/tr>\n<tr>\n<td style=\"width: 26.365%; background-color: #f5f5f5;\">Dimensione<\/td>\n<td style=\"width: 73.635%; background-color: #f5f5f5;\">50cm \u00d7 50cm \u00d7 50cm<\/td>\n<\/tr>\n<\/tbody>\n<\/table>\n<p><strong><span style=\"font-size: 14pt;\">Caratteristiche del prodotto:<\/span><\/strong><\/p>\n<ul>\n<li><strong>Materiale:<\/strong> acciaio di alta qualit\u00e0 resistente agli agenti atmosferici, anticorrosione e antiruggine, adatto per un uso esterno a lungo termine<\/li>\n<li><strong>Aspetto:<\/strong> superficie naturale color ruggine, che mostra una consistenza unica nel tempo<\/li>\n<li><strong>Forma:<\/strong> design semplice e squadrato, stile versatile<\/li>\n<li><strong>Dimensioni opzionali:<\/strong> sono disponibili varie dimensioni e forme e la personalizzazione delle dimensioni \u00e8 supportata<\/li>\n<li><strong>Progettazione del drenaggio:<\/strong> Sul fondo sono presenti fori di drenaggio per favorire la crescita sana delle piante.<\/li>\n<li><strong>Ampia gamma di utilizzi:<\/strong> adatto per giardini, terrazze, balconi, aree verdi commerciali, ecc.<\/li>\n<\/ul>\n<p><strong><span style=\"font-size: 14pt;\">Confezione del prodotto:<\/span><\/strong><\/p>\n<p>Utilizziamo pallet e film estensibile per avvolgere i vasi.<\/p>\n<p><img decoding=\"async\" class=\"alignnone size-full wp-image-3827\" src=\"https:\/\/jblcorten.com\/wp-content\/uploads\/2025\/07\/corten-steel-planter-pot-package.jpg\" alt=\"vaso per fioriera in acciaio corten - confezione\" width=\"750\" height=\"700\" title=\"\" srcset=\"https:\/\/jblcorten.com\/wp-content\/uploads\/2025\/07\/corten-steel-planter-pot-package.jpg 750w, https:\/\/jblcorten.com\/wp-content\/uploads\/2025\/07\/corten-steel-planter-pot-package-300x280.jpg 300w, https:\/\/jblcorten.com\/wp-content\/uploads\/2025\/07\/corten-steel-planter-pot-package-13x12.jpg 13w, https:\/\/jblcorten.com\/wp-content\/uploads\/2025\/07\/corten-steel-planter-pot-package-600x560.jpg 600w\" sizes=\"(max-width: 750px) 100vw, 750px\" \/><\/p>\n<p><strong><span style=\"font-size: 14pt;\">FAQ:<\/span><\/strong><\/p>\n<p><strong>D1: La fioriera in metallo arrugginito continuer\u00e0 ad arrugginire? Dannegger\u00e0 le piante?<\/strong><br \/>\nR: Sulla superficie dell'acciaio esposto agli agenti atmosferici si forma uno strato di ruggine stabile, che non continua a corrodersi e non danneggia le piante o il terreno.<\/p>\n<p><strong>D2: Il vaso pu\u00f2 essere utilizzato in casa?<\/strong><br \/>\nR: S\u00ec, ma si consiglia di utilizzarlo con un vassoio per evitare che le macchie d'acqua contaminino il pavimento.<\/p>\n<p><strong>D3: Quanto tempo ci vuole per ottenere un aspetto arrugginito?<\/strong><br \/>\nR: Di solito sono necessarie da 2 a 6 settimane per formare un colore ruggine naturale in un ambiente esterno. Se l'effetto \u00e8 urgente, forniamo anche servizi di trattamento di ossidazione accelerata.<\/p>\n<p><strong>D4: Posso acquistare in blocco?<\/strong><br \/>\nR: Certamente. Sosteniamo la personalizzazione di massa e la cooperazione dell'OEM, benvenuto a consultare per la citazione.<\/p>","protected":false},"excerpt":{"rendered":"<p>La fioriera in metallo arrugginito \u00e8 realizzata in acciaio resistente agli agenti atmosferici e presenta una bellezza arrugginita unica e naturale. Sono disponibili dimensioni e stili personalizzabili, adatti a giardini all'aperto, balconi e decorazioni per il giardinaggio in spazi commerciali.<\/p>\n<ul>\n<li>Materiale: Acciaio corten<\/li>\n<li>Colore: ruggine naturale<\/li>\n<li>Forma: Quadrato<\/li>\n<li>Dimensioni: 50 cm \u00d7 50 cm \u00d7 50 cm<\/li>\n<\/ul>","protected":false},"featured_media":3826,"template":"","meta":{"site-sidebar-layout":"default","site-content-layout":"","ast-site-content-layout":"default","site-content-style":"default","site-sidebar-style":"default","ast-global-header-display":"","ast-banner-title-visibility":"","ast-main-header-display":"","ast-hfb-above-header-display":"","ast-hfb-below-header-display":"","ast-hfb-mobile-header-display":"","site-post-title":"","ast-breadcrumbs-content":"","ast-featured-img":"","footer-sml-layout":"","ast-disable-related-posts":"","theme-transparent-header-meta":"default","adv-header-id-meta":"","stick-header-meta":"","header-above-stick-meta":"","header-main-stick-meta":"","header-below-stick-meta":"","astra-migrate-meta-layouts":"set","ast-page-background-enabled":"default","ast-page-background-meta":{"desktop":{"background-color":"var(--ast-global-color-4)","background-image":"","background-repeat":"repeat","background-position":"center center","background-size":"auto","background-attachment":"scroll","background-type":"","background-media":"","overlay-type":"","overlay-color":"","overlay-opacity":"","overlay-gradient":""},"tablet":{"background-color":"","background-image":"","background-repeat":"repeat","background-position":"center center","background-size":"auto","background-attachment":"scroll","background-type":"","background-media":"","overlay-type":"","overlay-color":"","overlay-opacity":"","overlay-gradient":""},"mobile":{"background-color":"","background-image":"","background-repeat":"repeat","background-position":"center center","background-size":"auto","background-attachment":"scroll","background-type":"","background-media":"","overlay-type":"","overlay-color":"","overlay-opacity":"","overlay-gradient":""}},"ast-content-background-meta":{"desktop":{"background-color":"var(--ast-global-color-5)","background-image":"","background-repeat":"repeat","background-position":"center center","background-size":"auto","background-attachment":"scroll","background-type":"","background-media":"","overlay-type":"","overlay-color":"","overlay-opacity":"","overlay-gradient":""},"tablet":{"background-color":"var(--ast-global-color-5)","background-image":"","background-repeat":"repeat","background-position":"center center","background-size":"auto","background-attachment":"scroll","background-type":"","background-media":"","overlay-type":"","overlay-color":"","overlay-opacity":"","overlay-gradient":""},"mobile":{"background-color":"var(--ast-global-color-5)","background-image":"","background-repeat":"repeat","background-position":"center center","background-size":"auto","background-attachment":"scroll","background-type":"","background-media":"","overlay-type":"","overlay-color":"","overlay-opacity":"","overlay-gradient":""}}},"product_brand":[],"product_cat":[34],"product_tag":[85,84],"class_list":{"0":"post-3821","1":"product","2":"type-product","3":"status-publish","4":"has-post-thumbnail","6":"product_cat-planter-pots","7":"product_tag-corten-flower-pot","8":"product_tag-corten-planter-pot","9":"desktop-align-center","10":"tablet-align-left","11":"mobile-align-left","13":"first","14":"instock","15":"shipping-taxable","16":"product-type-simple"},"_links":{"self":[{"href":"https:\/\/jblcorten.com\/it\/wp-json\/wp\/v2\/product\/3821","targetHints":{"allow":["GET"]}}],"collection":[{"href":"https:\/\/jblcorten.com\/it\/wp-json\/wp\/v2\/product"}],"about":[{"href":"https:\/\/jblcorten.com\/it\/wp-json\/wp\/v2\/types\/product"}],"wp:featuredmedia":[{"embeddable":true,"href":"https:\/\/jblcorten.com\/it\/wp-json\/wp\/v2\/media\/3826"}],"wp:attachment":[{"href":"https:\/\/jblcorten.com\/it\/wp-json\/wp\/v2\/media?parent=3821"}],"wp:term":[{"taxonomy":"product_brand","embeddable":true,"href":"https:\/\/jblcorten.com\/it\/wp-json\/wp\/v2\/product_brand?post=3821"},{"taxonomy":"product_cat","embeddable":true,"href":"https:\/\/jblcorten.com\/it\/wp-json\/wp\/v2\/product_cat?post=3821"},{"taxonomy":"product_tag","embeddable":true,"href":"https:\/\/jblcorten.com\/it\/wp-json\/wp\/v2\/product_tag?post=3821"}],"curies":[{"name":"wp","href":"https:\/\/api.w.org\/{rel}","templated":true}]}}