{"id":382,"date":"2024-08-21T09:46:50","date_gmt":"2024-08-21T09:46:50","guid":{"rendered":"https:\/\/jblcorten.com\/?post_type=product&#038;p=382"},"modified":"2025-03-21T01:57:56","modified_gmt":"2025-03-21T01:57:56","slug":"griglia-bbq-in-acciaio-corten","status":"publish","type":"product","link":"https:\/\/jblcorten.com\/it\/corten-steel-bbq-grill\/","title":{"rendered":"Grill per barbecue in acciaio corten"},"content":{"rendered":"<p><span style=\"font-size: 14pt;\"><strong>Grill per barbecue in acciaio corten<\/strong><\/span><\/p>\n<p><span style=\"color: #000000;\">Questa griglia \u00e8 realizzata in acciaio corten di alta qualit\u00e0, un tipo speciale di acciaio. A differenza dell'acciaio tradizionale, che pu\u00f2 arrugginire e corrodersi facilmente se esposto all'umidit\u00e0, l'acciaio corten sviluppa uno strato protettivo antiruggine che aiuta a prevenire ulteriori danni.<\/span><\/p>\n<p><span style=\"color: #000000;\">Le nostre griglie per barbecue sono realizzate in acciaio corten, mentre le padelle sono in acciaio al carbonio, che ha un'ottima conducibilit\u00e0 termica ed \u00e8 in grado di dissipare il calore in modo rapido e uniforme. Ci\u00f2 \u00e8 essenziale per un riscaldamento uniforme durante la cottura alla griglia, contribuendo a garantire una cottura omogenea dei cibi.<\/span><\/p>\n<p><span style=\"font-size: 14pt;\"><strong><span style=\"color: #000000;\">Specifiche del prodotto:<\/span><\/strong><\/span><\/p>\n<table class=\"all magic-13\" style=\"height: 222px;\" width=\"956\">\n<tbody>\n<tr>\n<td colspan=\"1\" rowspan=\"1\">\n<div class=\"magic-14\" data-spm-anchor-id=\"a2700.details.0.i39.15d757daizIfsu\"><span style=\"color: #000000;\">Nome del prodotto<\/span><\/div>\n<\/td>\n<td colspan=\"1\" rowspan=\"1\">\n<div class=\"magic-15\"><span style=\"color: #000000;\">Grill per barbecue in acciaio corten<\/span><\/div>\n<\/td>\n<\/tr>\n<tr>\n<td colspan=\"1\" rowspan=\"1\">\n<div class=\"magic-14\"><span style=\"color: #000000;\">Colore<\/span><\/div>\n<\/td>\n<td colspan=\"1\" rowspan=\"1\">\n<div class=\"magic-15\"><span style=\"color: #000000;\">Arrugginito o verniciato<\/span><\/div>\n<\/td>\n<\/tr>\n<tr>\n<td colspan=\"1\" rowspan=\"1\">\n<div class=\"magic-14\"><span style=\"color: #000000;\">Dimensione<\/span><\/div>\n<\/td>\n<td colspan=\"1\" rowspan=\"1\">\n<div class=\"magic-15\"><span style=\"color: #000000;\">800 mm, 1000 mm, standard o personalizzati<\/span><\/div>\n<\/td>\n<\/tr>\n<tr>\n<td colspan=\"1\" rowspan=\"1\">\n<div class=\"magic-14\"><span style=\"color: #000000;\">Logo<\/span><\/div>\n<\/td>\n<td colspan=\"1\" rowspan=\"1\">\n<div class=\"magic-15\"><span style=\"color: #000000;\">Personalizzabile<\/span><\/div>\n<\/td>\n<\/tr>\n<tr>\n<td colspan=\"1\" rowspan=\"1\">\n<div class=\"magic-14\"><span style=\"color: #000000;\">Materiale<\/span><\/div>\n<\/td>\n<td colspan=\"1\" rowspan=\"1\">\n<div class=\"magic-15\"><span style=\"color: #000000;\">Acciaio corten, acciaio dolce, inossidabile, ecc.<\/span><\/div>\n<\/td>\n<\/tr>\n<\/tbody>\n<\/table>\n<p><span style=\"font-size: 14pt;\"><strong><span style=\"color: #000000;\">Dettagli del prodotto:<\/span><\/strong><\/span><\/p>\n<p>Questo barbecue in acciaio corten \u00e8 portatile. Lo smontaggio e l'installazione del barbecue sono semplici.<\/p>\n<p><img fetchpriority=\"high\" decoding=\"async\" class=\"alignnone wp-image-2459 size-full\" src=\"https:\/\/jblcorten.com\/wp-content\/uploads\/2024\/08\/metal-grill.jpg\" alt=\"griglia in metallo\" width=\"750\" height=\"295\" title=\"\" srcset=\"https:\/\/jblcorten.com\/wp-content\/uploads\/2024\/08\/metal-grill.jpg 750w, https:\/\/jblcorten.com\/wp-content\/uploads\/2024\/08\/metal-grill-600x236.jpg 600w, https:\/\/jblcorten.com\/wp-content\/uploads\/2024\/08\/metal-grill-300x118.jpg 300w, https:\/\/jblcorten.com\/wp-content\/uploads\/2024\/08\/metal-grill-18x7.jpg 18w\" sizes=\"(max-width: 750px) 100vw, 750px\" \/> <img decoding=\"async\" class=\"alignnone wp-image-2460\" src=\"https:\/\/jblcorten.com\/wp-content\/uploads\/2024\/08\/wood-burning-barbecue-grills.jpg\" alt=\"griglie per barbecue a legna\" width=\"750\" height=\"370\" title=\"\" srcset=\"https:\/\/jblcorten.com\/wp-content\/uploads\/2024\/08\/wood-burning-barbecue-grills.jpg 1166w, https:\/\/jblcorten.com\/wp-content\/uploads\/2024\/08\/wood-burning-barbecue-grills-600x296.jpg 600w, https:\/\/jblcorten.com\/wp-content\/uploads\/2024\/08\/wood-burning-barbecue-grills-300x148.jpg 300w, https:\/\/jblcorten.com\/wp-content\/uploads\/2024\/08\/wood-burning-barbecue-grills-1024x506.jpg 1024w, https:\/\/jblcorten.com\/wp-content\/uploads\/2024\/08\/wood-burning-barbecue-grills-768x379.jpg 768w, https:\/\/jblcorten.com\/wp-content\/uploads\/2024\/08\/wood-burning-barbecue-grills-18x9.jpg 18w\" sizes=\"(max-width: 750px) 100vw, 750px\" \/><\/p>\n<p><strong><span style=\"font-size: 14pt;\">Imballaggio del prodotto:<\/span><\/strong><\/p>\n<p><img decoding=\"async\" class=\"alignnone wp-image-2461 size-full\" src=\"https:\/\/jblcorten.com\/wp-content\/uploads\/2024\/08\/wood-burning-stove-grill.jpg\" alt=\"stufa a legna grill\" width=\"750\" height=\"285\" title=\"\" srcset=\"https:\/\/jblcorten.com\/wp-content\/uploads\/2024\/08\/wood-burning-stove-grill.jpg 750w, https:\/\/jblcorten.com\/wp-content\/uploads\/2024\/08\/wood-burning-stove-grill-600x228.jpg 600w, https:\/\/jblcorten.com\/wp-content\/uploads\/2024\/08\/wood-burning-stove-grill-300x114.jpg 300w, https:\/\/jblcorten.com\/wp-content\/uploads\/2024\/08\/wood-burning-stove-grill-18x7.jpg 18w\" sizes=\"(max-width: 750px) 100vw, 750px\" \/><\/p>\n<p><span style=\"font-size: 14pt;\"><strong>FAQ:<\/strong><\/span><\/p>\n<p>1.Q: Siete una societ\u00e0 commerciale o un produttore?<br \/>\nR: Abbiamo una nostra fabbrica.<\/p>\n<p>2.Q: Come il tempo di consegna?<br \/>\nA: Entro 10-20 giorni dalla ricezione del deposito o della LC a vista. Dipende anche dalla quantit\u00e0 dei prodotti.<\/p>\n<p>3.Q: Realizzate prodotti personalizzati in base ai nostri disegni di progettazione o alle nostre idee?<br \/>\nR: S\u00ec, siamo una fabbrica professionale di produzione di acciaio corten con un team di ingegneri esperti per realizzare prodotti personalizzati secondo i disegni e le idee dei clienti.<\/p>","protected":false},"excerpt":{"rendered":"<p>Il barbecue in acciaio corten \u00e8 costruito in acciaio corten di alta qualit\u00e0 per resistere alle intemperie e garantire anni di utilizzo affidabile.<\/p>\n<p>Il design unico della griglia per barbecue la rende un pezzo unico che non mancher\u00e0 di stupire gli ospiti di qualsiasi festa.<\/p>","protected":false},"featured_media":2453,"template":"","meta":{"site-sidebar-layout":"left-sidebar","site-content-layout":"","ast-site-content-layout":"default","site-content-style":"unboxed","site-sidebar-style":"unboxed","ast-global-header-display":"","ast-banner-title-visibility":"","ast-main-header-display":"","ast-hfb-above-header-display":"","ast-hfb-below-header-display":"","ast-hfb-mobile-header-display":"","site-post-title":"","ast-breadcrumbs-content":"","ast-featured-img":"","footer-sml-layout":"","ast-disable-related-posts":"","theme-transparent-header-meta":"default","adv-header-id-meta":"","stick-header-meta":"","header-above-stick-meta":"","header-main-stick-meta":"","header-below-stick-meta":"","astra-migrate-meta-layouts":"set","ast-page-background-enabled":"default","ast-page-background-meta":{"desktop":{"background-color":"var(--ast-global-color-4)","background-image":"","background-repeat":"repeat","background-position":"center center","background-size":"auto","background-attachment":"scroll","background-type":"","background-media":"","overlay-type":"","overlay-color":"","overlay-opacity":"","overlay-gradient":""},"tablet":{"background-color":"","background-image":"","background-repeat":"repeat","background-position":"center center","background-size":"auto","background-attachment":"scroll","background-type":"","background-media":"","overlay-type":"","overlay-color":"","overlay-opacity":"","overlay-gradient":""},"mobile":{"background-color":"","background-image":"","background-repeat":"repeat","background-position":"center center","background-size":"auto","background-attachment":"scroll","background-type":"","background-media":"","overlay-type":"","overlay-color":"","overlay-opacity":"","overlay-gradient":""}},"ast-content-background-meta":{"desktop":{"background-color":"var(--ast-global-color-5)","background-image":"","background-repeat":"repeat","background-position":"center center","background-size":"auto","background-attachment":"scroll","background-type":"","background-media":"","overlay-type":"","overlay-color":"","overlay-opacity":"","overlay-gradient":""},"tablet":{"background-color":"var(--ast-global-color-5)","background-image":"","background-repeat":"repeat","background-position":"center center","background-size":"auto","background-attachment":"scroll","background-type":"","background-media":"","overlay-type":"","overlay-color":"","overlay-opacity":"","overlay-gradient":""},"mobile":{"background-color":"var(--ast-global-color-5)","background-image":"","background-repeat":"repeat","background-position":"center center","background-size":"auto","background-attachment":"scroll","background-type":"","background-media":"","overlay-type":"","overlay-color":"","overlay-opacity":"","overlay-gradient":""}}},"product_brand":[],"product_cat":[25],"product_tag":[27,28],"class_list":{"0":"post-382","1":"product","2":"type-product","3":"status-publish","4":"has-post-thumbnail","6":"product_cat-bbq-grill","7":"product_tag-bbq-grill","8":"product_tag-corten-steel-grill","9":"desktop-align-center","10":"tablet-align-left","11":"mobile-align-left","13":"first","14":"instock","15":"featured","16":"shipping-taxable","17":"product-type-simple"},"_links":{"self":[{"href":"https:\/\/jblcorten.com\/it\/wp-json\/wp\/v2\/product\/382","targetHints":{"allow":["GET"]}}],"collection":[{"href":"https:\/\/jblcorten.com\/it\/wp-json\/wp\/v2\/product"}],"about":[{"href":"https:\/\/jblcorten.com\/it\/wp-json\/wp\/v2\/types\/product"}],"wp:featuredmedia":[{"embeddable":true,"href":"https:\/\/jblcorten.com\/it\/wp-json\/wp\/v2\/media\/2453"}],"wp:attachment":[{"href":"https:\/\/jblcorten.com\/it\/wp-json\/wp\/v2\/media?parent=382"}],"wp:term":[{"taxonomy":"product_brand","embeddable":true,"href":"https:\/\/jblcorten.com\/it\/wp-json\/wp\/v2\/product_brand?post=382"},{"taxonomy":"product_cat","embeddable":true,"href":"https:\/\/jblcorten.com\/it\/wp-json\/wp\/v2\/product_cat?post=382"},{"taxonomy":"product_tag","embeddable":true,"href":"https:\/\/jblcorten.com\/it\/wp-json\/wp\/v2\/product_tag?post=382"}],"curies":[{"name":"wp","href":"https:\/\/api.w.org\/{rel}","templated":true}]}}