{"id":3785,"date":"2025-07-21T14:54:43","date_gmt":"2025-07-21T06:54:43","guid":{"rendered":"https:\/\/jblcorten.com\/?post_type=product&#038;p=3785"},"modified":"2025-07-21T14:54:43","modified_gmt":"2025-07-21T06:54:43","slug":"pozzo-di-fuoco-senza-fumo","status":"publish","type":"product","link":"https:\/\/jblcorten.com\/it\/smokeless-fire-pit\/","title":{"rendered":"Focolare senza fumo"},"content":{"rendered":"<h2 style=\"text-align: center;\"><span style=\"font-size: 14pt;\">Focolare senza fumo<\/span><\/h2>\n<p>Questo braciere senza fumo \u00e8 realizzato in acciaio corten di alta qualit\u00e0. Con il tempo, sulla superficie del materiale si former\u00e0 naturalmente uno strato protettivo di ruggine stabile. Non solo \u00e8 anticorrosivo e antiruggine, ma presenta anche uno stile industriale unico. La parte superiore \u00e8 dotata di un bruciatore rettangolare in acciaio inossidabile 304, lavorato con precisione e utilizzabile con pietre vulcaniche. La fiamma \u00e8 distribuita in modo uniforme, il fuoco \u00e8 stabile ed \u00e8 altamente ornamentale.<\/p>\n<p>Sono disponibili deflettori opzionali in vetro temperato trasparente intorno alla zona del bruciatore per proteggere efficacemente dal vento, migliorando al contempo la stratificazione visiva complessiva e rendendo la fiamma pi\u00f9 suggestiva di notte. La struttura interna del braciere \u00e8 progettata in modo intelligente, con ampio spazio riservato nella parte inferiore per riporre comodamente le bombole di gas propano, mentre il design nascosto rende l'aspetto complessivo pi\u00f9 conciso e armonioso.<\/p>\n<p><img fetchpriority=\"high\" decoding=\"async\" class=\"alignnone size-full wp-image-2574\" src=\"https:\/\/jblcorten.com\/wp-content\/uploads\/2025\/03\/rectangular-propane-fire-pit-with-tank-inside.jpg\" alt=\"\" width=\"750\" height=\"499\" title=\"\" srcset=\"https:\/\/jblcorten.com\/wp-content\/uploads\/2025\/03\/rectangular-propane-fire-pit-with-tank-inside.jpg 750w, https:\/\/jblcorten.com\/wp-content\/uploads\/2025\/03\/rectangular-propane-fire-pit-with-tank-inside-600x399.jpg 600w, https:\/\/jblcorten.com\/wp-content\/uploads\/2025\/03\/rectangular-propane-fire-pit-with-tank-inside-300x200.jpg 300w, https:\/\/jblcorten.com\/wp-content\/uploads\/2025\/03\/rectangular-propane-fire-pit-with-tank-inside-18x12.jpg 18w\" sizes=\"(max-width: 750px) 100vw, 750px\" \/><\/p>\n<p>Grazie al sistema di accensione integrato con manopola, gli utenti possono avviare il dispositivo con un solo pulsante e regolare facilmente l'intensit\u00e0 della fiamma. L'intero sistema funziona in modo silenzioso, efficiente e senza fumo, e l'esperienza dell'utente supera di gran lunga quella dei tradizionali bracieri a legna. Non \u00e8 necessario pulire la cenere n\u00e9 preoccuparsi dell'interferenza del fumo.<\/p>\n<p><strong><span style=\"font-size: 14pt;\">Specifiche del prodotto:<\/span><\/strong><\/p>\n<table style=\"border-collapse: collapse; width: 100%;\">\n<tbody>\n<tr>\n<td style=\"width: 25.9162%; background-color: #f5f5f5;\">Tipo di prodotto<\/td>\n<td style=\"width: 74.0838%; background-color: #f5f5f5;\">Camino a gas<\/td>\n<\/tr>\n<tr>\n<td style=\"width: 25.9162%;\">Materiale<\/td>\n<td style=\"width: 74.0838%;\">Acciaio corten, acciaio inox<\/td>\n<\/tr>\n<tr>\n<td style=\"width: 25.9162%; background-color: #f5f5f5;\">Carburante<\/td>\n<td style=\"width: 74.0838%; background-color: #f5f5f5;\">Propano, gas naturale<\/td>\n<\/tr>\n<tr>\n<td style=\"width: 25.9162%;\">Dimensione<\/td>\n<td style=\"width: 74.0838%;\">L 1200 mm \u00d7 P 500 mm \u00d7 A 600 mm<\/td>\n<\/tr>\n<tr>\n<td style=\"width: 25.9162%; background-color: #f5f5f5;\">Forma<\/td>\n<td style=\"width: 74.0838%; background-color: #f5f5f5;\">Rettangolare<\/td>\n<\/tr>\n<\/tbody>\n<\/table>\n<p><strong><span style=\"font-size: 14pt;\">Caratteristiche del prodotto:<\/span><\/strong><\/p>\n<p><span style=\"color: #ff9900;\"><strong>1. Design senza fumo:<\/strong> <\/span>Utilizza energia pulita (propano\/gas naturale) per dire addio al fastidio del fumo della legna.<\/p>\n<p><span style=\"color: #ff9900;\"><strong>2. Struttura in acciaio resistente alle intemperie:<\/strong><\/span> Resistente e durevole, adatto a vari ambienti interni o esterni, con un colore ruggine naturale che si sviluppa nel tempo.<\/p>\n<p><span style=\"color: #ff9900;\"><strong>3. Bruciatore in acciaio inossidabile:<\/strong> <\/span>Resistente al calore, resistente alla corrosione, stabile ed efficiente<\/p>\n<p><span style=\"color: #ff9900;\"><strong>4. Facile da mantenere:<\/strong><\/span> Non \u00e8 necessario pulire la cenere di legno, brucia in modo pulito senza lasciare residui.<\/p>\n<p><span style=\"color: #ff9900;\"><strong>5. Progettazione di un deposito di gas nascosto:<\/strong> <\/span>All'interno c'\u00e8 spazio e la bombola del propano pu\u00f2 essere riposta sotto per mantenere l'aspetto ordinato.<\/p>\n<p><span style=\"color: #ff9900;\"><strong>6. Decorativo e pratico coesistono:<\/strong><\/span> I deflettori in pietra vulcanica e vetro possono migliorare l'esperienza visiva e funzionale.<\/p>\n<p><strong><span style=\"font-size: 14pt;\">Dettagli del prodotto:<\/span><\/strong><\/p>\n<p>Questo braciere senza fumo funziona principalmente a gas o propano, lasciando spazio al serbatoio del combustibile e realizzando cos\u00ec un design davvero nascosto.<\/p>\n<p><img decoding=\"async\" class=\"alignnone size-full wp-image-3788\" src=\"https:\/\/jblcorten.com\/wp-content\/uploads\/2025\/07\/smokeless-fire-pit.jpg\" alt=\"pozzo di fuoco senza fumo\" width=\"750\" height=\"469\" title=\"\" srcset=\"https:\/\/jblcorten.com\/wp-content\/uploads\/2025\/07\/smokeless-fire-pit.jpg 750w, https:\/\/jblcorten.com\/wp-content\/uploads\/2025\/07\/smokeless-fire-pit-300x188.jpg 300w, https:\/\/jblcorten.com\/wp-content\/uploads\/2025\/07\/smokeless-fire-pit-18x12.jpg 18w, https:\/\/jblcorten.com\/wp-content\/uploads\/2025\/07\/smokeless-fire-pit-600x375.jpg 600w\" sizes=\"(max-width: 750px) 100vw, 750px\" \/><\/p>\n<p>Roccia lavica: pu\u00f2 essere posizionata sul bruciatore come elemento decorativo.<\/p>\n<p><img decoding=\"async\" class=\"alignnone size-full wp-image-3790\" src=\"https:\/\/jblcorten.com\/wp-content\/uploads\/2025\/07\/gas-fire-pit-lava-rock.png\" alt=\"braciere a gas con roccia lavica\" width=\"750\" height=\"750\" title=\"\" srcset=\"https:\/\/jblcorten.com\/wp-content\/uploads\/2025\/07\/gas-fire-pit-lava-rock.png 750w, https:\/\/jblcorten.com\/wp-content\/uploads\/2025\/07\/gas-fire-pit-lava-rock-300x300.png 300w, https:\/\/jblcorten.com\/wp-content\/uploads\/2025\/07\/gas-fire-pit-lava-rock-150x150.png 150w, https:\/\/jblcorten.com\/wp-content\/uploads\/2025\/07\/gas-fire-pit-lava-rock-12x12.png 12w, https:\/\/jblcorten.com\/wp-content\/uploads\/2025\/07\/gas-fire-pit-lava-rock-600x600.png 600w, https:\/\/jblcorten.com\/wp-content\/uploads\/2025\/07\/gas-fire-pit-lava-rock-100x100.png 100w\" sizes=\"(max-width: 750px) 100vw, 750px\" \/><\/p>\n<p><strong><span style=\"font-size: 14pt;\">Confezione del prodotto:<\/span><\/strong><\/p>\n<p>I nostri bracieri a gas sono imballati con un doppio imballaggio: cartone + scatola di legno. Inoltre, il braciere e gli accessori sono imballati separatamente.<\/p>\n<p><img loading=\"lazy\" decoding=\"async\" class=\"alignnone size-full wp-image-3791\" src=\"https:\/\/jblcorten.com\/wp-content\/uploads\/2025\/07\/gas-fire-pit-for-sale.jpg\" alt=\"braciere a gas in vendita\" width=\"750\" height=\"400\" title=\"\" srcset=\"https:\/\/jblcorten.com\/wp-content\/uploads\/2025\/07\/gas-fire-pit-for-sale.jpg 750w, https:\/\/jblcorten.com\/wp-content\/uploads\/2025\/07\/gas-fire-pit-for-sale-300x160.jpg 300w, https:\/\/jblcorten.com\/wp-content\/uploads\/2025\/07\/gas-fire-pit-for-sale-18x10.jpg 18w, https:\/\/jblcorten.com\/wp-content\/uploads\/2025\/07\/gas-fire-pit-for-sale-600x320.jpg 600w\" sizes=\"(max-width: 750px) 100vw, 750px\" \/><\/p>\n<p><span style=\"font-size: 14pt;\"><strong>FAQ:<\/strong><\/span><\/p>\n<p>D1: \u00c8 possibile utilizzare il gas naturale?<br \/>\nA1: S\u00ec, offriamo sia versioni a propano che a gas naturale. Si prega di confermare le proprie esigenze prima di effettuare un ordine.<\/p>\n<p>Q2: Il bruciatore \u00e8 resistente?<br \/>\nA2: Realizzato in acciaio inossidabile 304, \u00e8 resistente alle alte temperature e alla corrosione ed \u00e8 adatto per un uso prolungato sia in interni che in esterni.<\/p>\n<p>Q3: La pietra vulcanica pu\u00f2 essere sostituita?<br \/>\nA4: S\u00ec, puoi scegliere di sostituirlo con pietra di vetro, pietra decorativa in ceramica, ecc. in base alle tue preferenze personali.<\/p>","protected":false},"excerpt":{"rendered":"<p>Con un design semplice e fiamme bellissime, questo braciere senza fumo ha un serbatoio nascosto per il propano, unisce acciaio resistente alle intemperie e decorazioni in pietra vulcanica, e offre un'esperienza di riscaldamento sicura e senza fumo per spazi interni ed esterni.<\/p>","protected":false},"featured_media":3786,"template":"","meta":{"site-sidebar-layout":"default","site-content-layout":"","ast-site-content-layout":"default","site-content-style":"default","site-sidebar-style":"default","ast-global-header-display":"","ast-banner-title-visibility":"","ast-main-header-display":"","ast-hfb-above-header-display":"","ast-hfb-below-header-display":"","ast-hfb-mobile-header-display":"","site-post-title":"","ast-breadcrumbs-content":"","ast-featured-img":"","footer-sml-layout":"","ast-disable-related-posts":"","theme-transparent-header-meta":"default","adv-header-id-meta":"","stick-header-meta":"","header-above-stick-meta":"","header-main-stick-meta":"","header-below-stick-meta":"","astra-migrate-meta-layouts":"set","ast-page-background-enabled":"default","ast-page-background-meta":{"desktop":{"background-color":"var(--ast-global-color-4)","background-image":"","background-repeat":"repeat","background-position":"center center","background-size":"auto","background-attachment":"scroll","background-type":"","background-media":"","overlay-type":"","overlay-color":"","overlay-opacity":"","overlay-gradient":""},"tablet":{"background-color":"","background-image":"","background-repeat":"repeat","background-position":"center center","background-size":"auto","background-attachment":"scroll","background-type":"","background-media":"","overlay-type":"","overlay-color":"","overlay-opacity":"","overlay-gradient":""},"mobile":{"background-color":"","background-image":"","background-repeat":"repeat","background-position":"center center","background-size":"auto","background-attachment":"scroll","background-type":"","background-media":"","overlay-type":"","overlay-color":"","overlay-opacity":"","overlay-gradient":""}},"ast-content-background-meta":{"desktop":{"background-color":"var(--ast-global-color-5)","background-image":"","background-repeat":"repeat","background-position":"center center","background-size":"auto","background-attachment":"scroll","background-type":"","background-media":"","overlay-type":"","overlay-color":"","overlay-opacity":"","overlay-gradient":""},"tablet":{"background-color":"var(--ast-global-color-5)","background-image":"","background-repeat":"repeat","background-position":"center center","background-size":"auto","background-attachment":"scroll","background-type":"","background-media":"","overlay-type":"","overlay-color":"","overlay-opacity":"","overlay-gradient":""},"mobile":{"background-color":"var(--ast-global-color-5)","background-image":"","background-repeat":"repeat","background-position":"center center","background-size":"auto","background-attachment":"scroll","background-type":"","background-media":"","overlay-type":"","overlay-color":"","overlay-opacity":"","overlay-gradient":""}}},"product_brand":[],"product_cat":[29,47],"product_tag":[],"class_list":{"0":"post-3785","1":"product","2":"type-product","3":"status-publish","4":"has-post-thumbnail","6":"product_cat-fire-pit","7":"product_cat-gas-fire-pit","8":"desktop-align-center","9":"tablet-align-left","10":"mobile-align-left","12":"first","13":"instock","14":"shipping-taxable","15":"product-type-simple"},"_links":{"self":[{"href":"https:\/\/jblcorten.com\/it\/wp-json\/wp\/v2\/product\/3785","targetHints":{"allow":["GET"]}}],"collection":[{"href":"https:\/\/jblcorten.com\/it\/wp-json\/wp\/v2\/product"}],"about":[{"href":"https:\/\/jblcorten.com\/it\/wp-json\/wp\/v2\/types\/product"}],"wp:featuredmedia":[{"embeddable":true,"href":"https:\/\/jblcorten.com\/it\/wp-json\/wp\/v2\/media\/3786"}],"wp:attachment":[{"href":"https:\/\/jblcorten.com\/it\/wp-json\/wp\/v2\/media?parent=3785"}],"wp:term":[{"taxonomy":"product_brand","embeddable":true,"href":"https:\/\/jblcorten.com\/it\/wp-json\/wp\/v2\/product_brand?post=3785"},{"taxonomy":"product_cat","embeddable":true,"href":"https:\/\/jblcorten.com\/it\/wp-json\/wp\/v2\/product_cat?post=3785"},{"taxonomy":"product_tag","embeddable":true,"href":"https:\/\/jblcorten.com\/it\/wp-json\/wp\/v2\/product_tag?post=3785"}],"curies":[{"name":"wp","href":"https:\/\/api.w.org\/{rel}","templated":true}]}}