{"id":3745,"date":"2025-07-17T16:51:49","date_gmt":"2025-07-17T08:51:49","guid":{"rendered":"https:\/\/jblcorten.com\/?post_type=product&#038;p=3745"},"modified":"2025-07-17T16:51:49","modified_gmt":"2025-07-17T08:51:49","slug":"bruciatore-a-legna-sospeso","status":"publish","type":"product","link":"https:\/\/jblcorten.com\/it\/hanging-log-burner\/","title":{"rendered":"Bruciatore di legna da appendere"},"content":{"rendered":"<h2 style=\"text-align: center;\"><span style=\"font-size: 14pt;\">Bruciatore di legna da appendere<\/span><\/h2>\n<p>Il bruciatore a legna sospeso adotta una struttura a sospensione. Rispetto alla tradizionale stufa a legna a terra, ha un maggiore impatto visivo e una stratificazione spaziale che fa sembrare la fiamma sospesa nell'aria, creando un'atmosfera romantica e calda.<\/p>\n<p>Questo bruciatore a legna sospeso non \u00e8 solo un efficiente dispositivo di riscaldamento per esterni, ma anche una decorazione per interni dal valore sia artistico che pratico. \u00c8 realizzato con materiali metallici di alta qualit\u00e0 e presenta un'eccellente resistenza alle alte temperature e alla corrosione. La forma del corpo della stufa \u00e8 stata accuratamente progettata, semplice e d'atmosfera, che non solo \u00e8 conforme all'estetica dell'architettura moderna, ma ha anche il calore e la consistenza della legna da ardere originale.<\/p>\n<p><img fetchpriority=\"high\" decoding=\"async\" class=\"alignnone size-full wp-image-3749\" src=\"https:\/\/jblcorten.com\/wp-content\/uploads\/2025\/07\/hanging-log-burner.jpg\" alt=\"bruciatore a legna sospeso\" width=\"750\" height=\"582\" title=\"\" srcset=\"https:\/\/jblcorten.com\/wp-content\/uploads\/2025\/07\/hanging-log-burner.jpg 750w, https:\/\/jblcorten.com\/wp-content\/uploads\/2025\/07\/hanging-log-burner-300x233.jpg 300w, https:\/\/jblcorten.com\/wp-content\/uploads\/2025\/07\/hanging-log-burner-15x12.jpg 15w, https:\/\/jblcorten.com\/wp-content\/uploads\/2025\/07\/hanging-log-burner-600x466.jpg 600w\" sizes=\"(max-width: 750px) 100vw, 750px\" \/><\/p>\n<table style=\"border-collapse: collapse; width: 100%;\">\n<tbody>\n<tr>\n<td style=\"width: 36.4622%; background-color: #f5f5f5;\">Tipo di prodotto<\/td>\n<td style=\"width: 63.5378%; background-color: #f5f5f5;\">Camini sospesi e a sospensione<\/td>\n<\/tr>\n<tr>\n<td style=\"width: 36.4622%;\">Materiale<\/td>\n<td style=\"width: 63.5378%;\">Acciaio al carbonio<\/td>\n<\/tr>\n<tr>\n<td style=\"width: 36.4622%; background-color: #f5f5f5;\">Colore<\/td>\n<td style=\"width: 63.5378%; background-color: #f5f5f5;\">Nero<\/td>\n<\/tr>\n<tr>\n<td style=\"width: 36.4622%;\">Dimensione<\/td>\n<td style=\"width: 63.5378%;\">Personalizzato<\/td>\n<\/tr>\n<tr>\n<td style=\"width: 36.4622%; background-color: #f5f5f5;\">Carburante<\/td>\n<td style=\"width: 63.5378%; background-color: #f5f5f5;\">Legno<\/td>\n<\/tr>\n<\/tbody>\n<\/table>\n<p><strong><span style=\"font-size: 14pt;\">Vantaggi del prodotto:<\/span><\/strong><\/p>\n<ol>\n<li><strong>Risparmiare spazio:<\/strong> L'installazione sospesa consente di risparmiare spazio a terra ed \u00e8 facile da pulire.<\/li>\n<li><strong>Bellezza visiva:<\/strong> Il design galleggiante \u00e8 molto artistico e crea un'atmosfera paesaggistica di alto livello.<\/li>\n<li><strong>Riscaldamento efficiente:<\/strong> La legna da ardere brucia in modo efficiente e fornisce un riscaldamento continuo e prolungato.<\/li>\n<li><strong>Rivestimento resistente alle alte temperature:<\/strong> Non sbiadisce alle alte temperature ed \u00e8 altamente sicuro.<\/li>\n<li><strong>Facile da mantenere:<\/strong> Il corpo del forno ha una struttura semplice ed \u00e8 facile da pulire e mantenere.<\/li>\n<li><strong>Riscaldamento ecologico:<\/strong> Utilizzare legna naturale per ridurre il consumo di elettricit\u00e0 o gas naturale.<\/li>\n<li><strong>Dimensioni e colori personalizzabili:<\/strong> Supporta la personalizzazione in base alle esigenze del cliente.<\/li>\n<\/ol>\n<p><strong><span style=\"font-size: 14pt;\">Dettagli del prodotto:<\/span><\/strong><\/p>\n<p><img decoding=\"async\" class=\"alignnone size-full wp-image-3750\" src=\"https:\/\/jblcorten.com\/wp-content\/uploads\/2025\/07\/ceiling-hung-log-burner.jpg\" alt=\"bruciatore a soffitto\" width=\"750\" height=\"600\" title=\"\" srcset=\"https:\/\/jblcorten.com\/wp-content\/uploads\/2025\/07\/ceiling-hung-log-burner.jpg 750w, https:\/\/jblcorten.com\/wp-content\/uploads\/2025\/07\/ceiling-hung-log-burner-300x240.jpg 300w, https:\/\/jblcorten.com\/wp-content\/uploads\/2025\/07\/ceiling-hung-log-burner-15x12.jpg 15w, https:\/\/jblcorten.com\/wp-content\/uploads\/2025\/07\/ceiling-hung-log-burner-600x480.jpg 600w\" sizes=\"(max-width: 750px) 100vw, 750px\" \/><\/p>\n<p><strong><span style=\"font-size: 14pt;\">Confezione del prodotto:<\/span><\/strong><\/p>\n<p>Utilizziamo imballaggi standard per l'esportazione per garantire la sicurezza del trasporto. Inoltre, per evitare l'usura del caminetto sospeso, utilizziamo prima un involucro di schiuma spessa, ogni parte \u00e8 imballata singolarmente e poi lo strato pi\u00f9 esterno \u00e8 imballato in scatole di legno.<\/p>\n<p><img decoding=\"async\" class=\"alignnone size-full wp-image-2865\" src=\"https:\/\/jblcorten.com\/wp-content\/uploads\/2025\/04\/Suspended-Fireplace.jpg\" alt=\"camino sospeso\" width=\"750\" height=\"750\" title=\"\" srcset=\"https:\/\/jblcorten.com\/wp-content\/uploads\/2025\/04\/Suspended-Fireplace.jpg 750w, https:\/\/jblcorten.com\/wp-content\/uploads\/2025\/04\/Suspended-Fireplace-600x600.jpg 600w, https:\/\/jblcorten.com\/wp-content\/uploads\/2025\/04\/Suspended-Fireplace-100x100.jpg 100w, https:\/\/jblcorten.com\/wp-content\/uploads\/2025\/04\/Suspended-Fireplace-300x300.jpg 300w, https:\/\/jblcorten.com\/wp-content\/uploads\/2025\/04\/Suspended-Fireplace-150x150.jpg 150w, https:\/\/jblcorten.com\/wp-content\/uploads\/2025\/04\/Suspended-Fireplace-12x12.jpg 12w\" sizes=\"(max-width: 750px) 100vw, 750px\" \/><\/p>\n<p><img loading=\"lazy\" decoding=\"async\" class=\"alignnone size-full wp-image-3535\" src=\"https:\/\/jblcorten.com\/wp-content\/uploads\/2025\/06\/hanging-fireplace-for-sale.jpg\" alt=\"camino sospeso in vendita\" width=\"750\" height=\"562\" title=\"\" srcset=\"https:\/\/jblcorten.com\/wp-content\/uploads\/2025\/06\/hanging-fireplace-for-sale.jpg 750w, https:\/\/jblcorten.com\/wp-content\/uploads\/2025\/06\/hanging-fireplace-for-sale-300x225.jpg 300w, https:\/\/jblcorten.com\/wp-content\/uploads\/2025\/06\/hanging-fireplace-for-sale-16x12.jpg 16w, https:\/\/jblcorten.com\/wp-content\/uploads\/2025\/06\/hanging-fireplace-for-sale-600x450.jpg 600w\" sizes=\"(max-width: 750px) 100vw, 750px\" \/><\/p>\n<p><img loading=\"lazy\" decoding=\"async\" class=\"alignnone size-full wp-image-3536\" src=\"https:\/\/jblcorten.com\/wp-content\/uploads\/2025\/06\/Hanging-Fireplace.jpg\" alt=\"Camino sospeso\" width=\"750\" height=\"562\" title=\"\" srcset=\"https:\/\/jblcorten.com\/wp-content\/uploads\/2025\/06\/Hanging-Fireplace.jpg 750w, https:\/\/jblcorten.com\/wp-content\/uploads\/2025\/06\/Hanging-Fireplace-300x225.jpg 300w, https:\/\/jblcorten.com\/wp-content\/uploads\/2025\/06\/Hanging-Fireplace-16x12.jpg 16w, https:\/\/jblcorten.com\/wp-content\/uploads\/2025\/06\/Hanging-Fireplace-600x450.jpg 600w\" sizes=\"(max-width: 750px) 100vw, 750px\" \/><\/p>\n<p><strong><span style=\"font-size: 14pt;\">FAQ:<\/span><\/strong><\/p>\n<p><strong>D1: \u00c8 possibile utilizzare gas naturale o propano?<\/strong><br \/>\nR: Questo prodotto \u00e8 una stufa a legna che utilizza legna o blocchi di legno come combustibile. Se si desidera una versione a gas, \u00e8 possibile contattare il servizio clienti per la personalizzazione.<\/p>\n<p><strong>D2: Si produce molto fumo durante l'uso?<\/strong><br \/>\nR: L'uso ragionevole di legna secca pu\u00f2 ridurre efficacemente il fumo. Si raccomanda di evitare l'uso di legna ad alto contenuto d'acqua, come la legna bagnata o le foglie.<\/p>\n<p><strong>D3: Quanto tempo occorre per pulirlo dopo l'uso?<\/strong><br \/>\nR: A seconda della frequenza di utilizzo, pulire le ceneri ogni 1-2 settimane. Il forno \u00e8 resistente alla corrosione e di facile manutenzione.<\/p>","protected":false},"excerpt":{"rendered":"<p>Questo bruciatore a legna sospeso \u00e8 realizzato in acciaio di alta qualit\u00e0 resistente alle alte temperature. L'esclusivo design circolare della camera di combustione garantisce una combustione completa dei ceppi e la rotazione a 360 gradi consente una distribuzione uniforme del calore. La superficie del prodotto \u00e8 stata sottoposta a uno speciale trattamento antiruggine, in modo che possa rimanere in buone condizioni anche se brucia per molto tempo.<\/p>","protected":false},"featured_media":2857,"template":"","meta":{"site-sidebar-layout":"default","site-content-layout":"","ast-site-content-layout":"default","site-content-style":"default","site-sidebar-style":"default","ast-global-header-display":"","ast-banner-title-visibility":"","ast-main-header-display":"","ast-hfb-above-header-display":"","ast-hfb-below-header-display":"","ast-hfb-mobile-header-display":"","site-post-title":"","ast-breadcrumbs-content":"","ast-featured-img":"","footer-sml-layout":"","ast-disable-related-posts":"","theme-transparent-header-meta":"default","adv-header-id-meta":"","stick-header-meta":"","header-above-stick-meta":"","header-main-stick-meta":"","header-below-stick-meta":"","astra-migrate-meta-layouts":"set","ast-page-background-enabled":"default","ast-page-background-meta":{"desktop":{"background-color":"var(--ast-global-color-4)","background-image":"","background-repeat":"repeat","background-position":"center center","background-size":"auto","background-attachment":"scroll","background-type":"","background-media":"","overlay-type":"","overlay-color":"","overlay-opacity":"","overlay-gradient":""},"tablet":{"background-color":"","background-image":"","background-repeat":"repeat","background-position":"center center","background-size":"auto","background-attachment":"scroll","background-type":"","background-media":"","overlay-type":"","overlay-color":"","overlay-opacity":"","overlay-gradient":""},"mobile":{"background-color":"","background-image":"","background-repeat":"repeat","background-position":"center center","background-size":"auto","background-attachment":"scroll","background-type":"","background-media":"","overlay-type":"","overlay-color":"","overlay-opacity":"","overlay-gradient":""}},"ast-content-background-meta":{"desktop":{"background-color":"var(--ast-global-color-5)","background-image":"","background-repeat":"repeat","background-position":"center center","background-size":"auto","background-attachment":"scroll","background-type":"","background-media":"","overlay-type":"","overlay-color":"","overlay-opacity":"","overlay-gradient":""},"tablet":{"background-color":"var(--ast-global-color-5)","background-image":"","background-repeat":"repeat","background-position":"center center","background-size":"auto","background-attachment":"scroll","background-type":"","background-media":"","overlay-type":"","overlay-color":"","overlay-opacity":"","overlay-gradient":""},"mobile":{"background-color":"var(--ast-global-color-5)","background-image":"","background-repeat":"repeat","background-position":"center center","background-size":"auto","background-attachment":"scroll","background-type":"","background-media":"","overlay-type":"","overlay-color":"","overlay-opacity":"","overlay-gradient":""}}},"product_brand":[],"product_cat":[30],"product_tag":[],"class_list":{"0":"post-3745","1":"product","2":"type-product","3":"status-publish","4":"has-post-thumbnail","6":"product_cat-fireplace","7":"desktop-align-center","8":"tablet-align-left","9":"mobile-align-left","11":"first","12":"instock","13":"shipping-taxable","14":"product-type-simple"},"_links":{"self":[{"href":"https:\/\/jblcorten.com\/it\/wp-json\/wp\/v2\/product\/3745","targetHints":{"allow":["GET"]}}],"collection":[{"href":"https:\/\/jblcorten.com\/it\/wp-json\/wp\/v2\/product"}],"about":[{"href":"https:\/\/jblcorten.com\/it\/wp-json\/wp\/v2\/types\/product"}],"wp:featuredmedia":[{"embeddable":true,"href":"https:\/\/jblcorten.com\/it\/wp-json\/wp\/v2\/media\/2857"}],"wp:attachment":[{"href":"https:\/\/jblcorten.com\/it\/wp-json\/wp\/v2\/media?parent=3745"}],"wp:term":[{"taxonomy":"product_brand","embeddable":true,"href":"https:\/\/jblcorten.com\/it\/wp-json\/wp\/v2\/product_brand?post=3745"},{"taxonomy":"product_cat","embeddable":true,"href":"https:\/\/jblcorten.com\/it\/wp-json\/wp\/v2\/product_cat?post=3745"},{"taxonomy":"product_tag","embeddable":true,"href":"https:\/\/jblcorten.com\/it\/wp-json\/wp\/v2\/product_tag?post=3745"}],"curies":[{"name":"wp","href":"https:\/\/api.w.org\/{rel}","templated":true}]}}