{"id":3720,"date":"2025-07-16T15:34:36","date_gmt":"2025-07-16T07:34:36","guid":{"rendered":"https:\/\/jblcorten.com\/?post_type=product&#038;p=3720"},"modified":"2025-07-16T15:34:36","modified_gmt":"2025-07-16T07:34:36","slug":"braciere-con-treppiede","status":"publish","type":"product","link":"https:\/\/jblcorten.com\/it\/tripod-fire-pit\/","title":{"rendered":"Focolare a treppiede"},"content":{"rendered":"<h2 style=\"text-align: center;\"><span style=\"font-size: 14pt;\">Focolare a treppiede<\/span><\/h2>\n<p>Il corpo principale del braciere a treppiede \u00e8 realizzato in acciaio ad alta resistenza e trattato con verniciatura nera resistente alle alte temperature. Non solo \u00e8 in grado di resistere alla cottura continua a fiamma viva ad alta temperatura, ma ha anche buone capacit\u00e0 antiruggine e anticorrosione. Il braciere \u00e8 appeso al centro del treppiede tramite una catena. La lunghezza della catena pu\u00f2 essere regolata in base alle esigenze. L'utente pu\u00f2 controllare facilmente l'altezza del braciere per ottenere diversi utilizzi: ad esempio, sollevandolo per riscaldare e abbassandolo per cucinare.<\/p>\n<p>La struttura a treppiede \u00e8 stata progettata secondo i principi della meccanica ingegneristica per garantire la massima stabilit\u00e0 anche su terreni irregolari all'aperto, come spiagge, fango ed erba, assicurando un utilizzo sicuro. Il design a incastro consente di smontare e installare rapidamente l'intero sistema del braciere senza l'ausilio di attrezzi, rendendolo facile da trasportare, riporre e utilizzare sul campo.<\/p>\n<p><img fetchpriority=\"high\" decoding=\"async\" class=\"alignnone size-full wp-image-3721\" src=\"https:\/\/jblcorten.com\/wp-content\/uploads\/2025\/07\/tripod-fire-pit.jpg\" alt=\"braciere con treppiede\" width=\"750\" height=\"400\" title=\"\" srcset=\"https:\/\/jblcorten.com\/wp-content\/uploads\/2025\/07\/tripod-fire-pit.jpg 750w, https:\/\/jblcorten.com\/wp-content\/uploads\/2025\/07\/tripod-fire-pit-300x160.jpg 300w, https:\/\/jblcorten.com\/wp-content\/uploads\/2025\/07\/tripod-fire-pit-18x10.jpg 18w, https:\/\/jblcorten.com\/wp-content\/uploads\/2025\/07\/tripod-fire-pit-600x320.jpg 600w\" sizes=\"(max-width: 750px) 100vw, 750px\" \/><\/p>\n<p><strong><span style=\"font-size: 14pt;\">Specifiche del prodotto:<\/span><\/strong><\/p>\n<table style=\"border-collapse: collapse; width: 100%;\">\n<tbody>\n<tr>\n<td style=\"width: 30.2543%; background-color: #f5f5f5;\">Nome del prodotto<\/td>\n<td style=\"width: 69.7457%; background-color: #f5f5f5;\">Focolare a treppiede<\/td>\n<\/tr>\n<tr>\n<td style=\"width: 30.2543%;\">Materiale<\/td>\n<td style=\"width: 69.7457%;\">Metallo, Acciaio<\/td>\n<\/tr>\n<tr>\n<td style=\"width: 30.2543%; background-color: #f5f5f5;\">Colore<\/td>\n<td style=\"width: 69.7457%; background-color: #f5f5f5;\">Nero<\/td>\n<\/tr>\n<tr>\n<td style=\"width: 30.2543%;\">Diametro<\/td>\n<td style=\"width: 69.7457%;\">800 mm<\/td>\n<\/tr>\n<tr>\n<td style=\"width: 30.2543%; background-color: #f5f5f5;\">Spessore<\/td>\n<td style=\"width: 69.7457%; background-color: #f5f5f5;\">4 mm \/ calibro 8<\/td>\n<\/tr>\n<\/tbody>\n<\/table>\n<p><strong><span style=\"font-size: 14pt;\">Vantaggi del prodotto:<\/span><\/strong><\/p>\n<ul>\n<li><span style=\"color: #ff9900;\"><strong>Struttura resistente alle alte temperature e agli agenti atmosferici:<\/strong><\/span> Acciaio spesso selezionato, con rivestimento professionale resistente alle alte temperature sulla superficie, in grado di resistere alla combustione continua a fiamma libera e di rimanere robusto e durevole anche in condizioni ambientali difficili quali vento, sabbia e umidit\u00e0.<\/li>\n<li><strong><span style=\"color: #ff9900;\">Design a triangolo stabile:<\/span> <\/strong>La struttura a treppiede progettata con struttura ingegneristica ha una forza uniforme ed \u00e8 adatta a terreni irregolari come erba, fango e spiagge. Non \u00e8 facile ribaltarsi e garantisce un utilizzo sicuro.<\/li>\n<li><strong><span style=\"color: #ff9900;\">Sistema di regolazione flessibile della catena:<\/span><\/strong> Il braciere \u00e8 appeso al treppiede tramite una robusta catena metallica, la cui lunghezza pu\u00f2 essere regolata liberamente per soddisfare diverse esigenze di cottura o distanze di riscaldamento.<\/li>\n<li><strong><span style=\"color: #ff9900;\">Struttura smontabile e trasportabile:<\/span> <\/strong>Ogni componente pu\u00f2 essere facilmente smontato e riposto, ha un peso moderato ed \u00e8 facile da trasportare, il che lo rende la scelta ideale per gli appassionati di campeggio professionale e per gli utenti domestici.<\/li>\n<li><strong><span style=\"color: #ff9900;\">Applicabile a diversi scenari:<\/span><\/strong> Che si tratti di barbecue in giardino, campeggio all'aperto, riunioni di famiglia o come decorazione paesaggistica, pu\u00f2 offrire il doppio piacere del calore e della vista.<\/li>\n<\/ul>\n<p><strong><span style=\"font-size: 14pt;\">Dettagli del prodotto:<\/span><\/strong><\/p>\n<p>\u221a Questo braciere con treppiede \u00e8 personalizzabile, con dimensioni generali di 800 mm, 900 mm e 1000 mm.<\/p>\n<p><img decoding=\"async\" class=\"alignnone size-full wp-image-3727\" src=\"https:\/\/jblcorten.com\/wp-content\/uploads\/2025\/07\/tripod-bbq-fire-pit.jpg\" alt=\"\" width=\"750\" height=\"750\" title=\"\" srcset=\"https:\/\/jblcorten.com\/wp-content\/uploads\/2025\/07\/tripod-bbq-fire-pit.jpg 750w, https:\/\/jblcorten.com\/wp-content\/uploads\/2025\/07\/tripod-bbq-fire-pit-300x300.jpg 300w, https:\/\/jblcorten.com\/wp-content\/uploads\/2025\/07\/tripod-bbq-fire-pit-150x150.jpg 150w, https:\/\/jblcorten.com\/wp-content\/uploads\/2025\/07\/tripod-bbq-fire-pit-12x12.jpg 12w, https:\/\/jblcorten.com\/wp-content\/uploads\/2025\/07\/tripod-bbq-fire-pit-600x600.jpg 600w, https:\/\/jblcorten.com\/wp-content\/uploads\/2025\/07\/tripod-bbq-fire-pit-100x100.jpg 100w\" sizes=\"(max-width: 750px) 100vw, 750px\" \/><\/p>\n<p>\u221a Questi accessori per braciere includono braciere, griglia, staffa, catena, ecc.<\/p>\n<p><img decoding=\"async\" class=\"alignnone size-full wp-image-3726\" src=\"https:\/\/jblcorten.com\/wp-content\/uploads\/2025\/07\/hanging-fire-pit.jpg\" alt=\"\" width=\"750\" height=\"500\" title=\"\" srcset=\"https:\/\/jblcorten.com\/wp-content\/uploads\/2025\/07\/hanging-fire-pit.jpg 750w, https:\/\/jblcorten.com\/wp-content\/uploads\/2025\/07\/hanging-fire-pit-300x200.jpg 300w, https:\/\/jblcorten.com\/wp-content\/uploads\/2025\/07\/hanging-fire-pit-18x12.jpg 18w, https:\/\/jblcorten.com\/wp-content\/uploads\/2025\/07\/hanging-fire-pit-600x400.jpg 600w\" sizes=\"(max-width: 750px) 100vw, 750px\" \/><\/p>\n<p><strong><span style=\"font-size: 14pt;\">Immagini del prodotto:<\/span><\/strong><\/p>\n<p><img loading=\"lazy\" decoding=\"async\" class=\"alignnone size-full wp-image-3728\" src=\"https:\/\/jblcorten.com\/wp-content\/uploads\/2025\/07\/fire-pit-cooking-tripod.jpg\" alt=\"treppiede per cottura su braciere\" width=\"750\" height=\"422\" title=\"\" srcset=\"https:\/\/jblcorten.com\/wp-content\/uploads\/2025\/07\/fire-pit-cooking-tripod.jpg 750w, https:\/\/jblcorten.com\/wp-content\/uploads\/2025\/07\/fire-pit-cooking-tripod-300x169.jpg 300w, https:\/\/jblcorten.com\/wp-content\/uploads\/2025\/07\/fire-pit-cooking-tripod-18x10.jpg 18w, https:\/\/jblcorten.com\/wp-content\/uploads\/2025\/07\/fire-pit-cooking-tripod-600x338.jpg 600w\" sizes=\"(max-width: 750px) 100vw, 750px\" \/><\/p>\n<p><img loading=\"lazy\" decoding=\"async\" class=\"alignnone size-full wp-image-3729\" src=\"https:\/\/jblcorten.com\/wp-content\/uploads\/2025\/07\/tripod-bbq-and-fire-pit.jpg\" alt=\"barbecue con treppiede e braciere\" width=\"750\" height=\"562\" title=\"\"><\/p>","protected":false},"excerpt":{"rendered":"<p>Questo braciere a treppiede \u00e8 realizzato in acciaio rivestito ad alta temperatura ed \u00e8 adatto a una variet\u00e0 di scenari come fal\u00f2 sulla spiaggia, feste in giardino, cucina da campeggio, ecc. La catena regolabile controlla l'altezza, che pu\u00f2 essere utilizzata sia per il riscaldamento che per la cottura a fiamma libera. La struttura \u00e8 stabile e facile da trasportare, rendendolo una scelta ideale per la vita all'aria aperta.<\/p>","protected":false},"featured_media":3722,"template":"","meta":{"site-sidebar-layout":"default","site-content-layout":"","ast-site-content-layout":"default","site-content-style":"default","site-sidebar-style":"default","ast-global-header-display":"","ast-banner-title-visibility":"","ast-main-header-display":"","ast-hfb-above-header-display":"","ast-hfb-below-header-display":"","ast-hfb-mobile-header-display":"","site-post-title":"","ast-breadcrumbs-content":"","ast-featured-img":"","footer-sml-layout":"","ast-disable-related-posts":"","theme-transparent-header-meta":"default","adv-header-id-meta":"","stick-header-meta":"","header-above-stick-meta":"","header-main-stick-meta":"","header-below-stick-meta":"","astra-migrate-meta-layouts":"set","ast-page-background-enabled":"default","ast-page-background-meta":{"desktop":{"background-color":"var(--ast-global-color-4)","background-image":"","background-repeat":"repeat","background-position":"center center","background-size":"auto","background-attachment":"scroll","background-type":"","background-media":"","overlay-type":"","overlay-color":"","overlay-opacity":"","overlay-gradient":""},"tablet":{"background-color":"","background-image":"","background-repeat":"repeat","background-position":"center center","background-size":"auto","background-attachment":"scroll","background-type":"","background-media":"","overlay-type":"","overlay-color":"","overlay-opacity":"","overlay-gradient":""},"mobile":{"background-color":"","background-image":"","background-repeat":"repeat","background-position":"center center","background-size":"auto","background-attachment":"scroll","background-type":"","background-media":"","overlay-type":"","overlay-color":"","overlay-opacity":"","overlay-gradient":""}},"ast-content-background-meta":{"desktop":{"background-color":"var(--ast-global-color-5)","background-image":"","background-repeat":"repeat","background-position":"center center","background-size":"auto","background-attachment":"scroll","background-type":"","background-media":"","overlay-type":"","overlay-color":"","overlay-opacity":"","overlay-gradient":""},"tablet":{"background-color":"var(--ast-global-color-5)","background-image":"","background-repeat":"repeat","background-position":"center center","background-size":"auto","background-attachment":"scroll","background-type":"","background-media":"","overlay-type":"","overlay-color":"","overlay-opacity":"","overlay-gradient":""},"mobile":{"background-color":"var(--ast-global-color-5)","background-image":"","background-repeat":"repeat","background-position":"center center","background-size":"auto","background-attachment":"scroll","background-type":"","background-media":"","overlay-type":"","overlay-color":"","overlay-opacity":"","overlay-gradient":""}}},"product_brand":[],"product_cat":[29,45],"product_tag":[],"class_list":{"0":"post-3720","1":"product","2":"type-product","3":"status-publish","4":"has-post-thumbnail","6":"product_cat-fire-pit","7":"product_cat-wood-burning-fire-pit","8":"desktop-align-center","9":"tablet-align-left","10":"mobile-align-left","12":"first","13":"instock","14":"shipping-taxable","15":"product-type-simple"},"_links":{"self":[{"href":"https:\/\/jblcorten.com\/it\/wp-json\/wp\/v2\/product\/3720","targetHints":{"allow":["GET"]}}],"collection":[{"href":"https:\/\/jblcorten.com\/it\/wp-json\/wp\/v2\/product"}],"about":[{"href":"https:\/\/jblcorten.com\/it\/wp-json\/wp\/v2\/types\/product"}],"wp:featuredmedia":[{"embeddable":true,"href":"https:\/\/jblcorten.com\/it\/wp-json\/wp\/v2\/media\/3722"}],"wp:attachment":[{"href":"https:\/\/jblcorten.com\/it\/wp-json\/wp\/v2\/media?parent=3720"}],"wp:term":[{"taxonomy":"product_brand","embeddable":true,"href":"https:\/\/jblcorten.com\/it\/wp-json\/wp\/v2\/product_brand?post=3720"},{"taxonomy":"product_cat","embeddable":true,"href":"https:\/\/jblcorten.com\/it\/wp-json\/wp\/v2\/product_cat?post=3720"},{"taxonomy":"product_tag","embeddable":true,"href":"https:\/\/jblcorten.com\/it\/wp-json\/wp\/v2\/product_tag?post=3720"}],"curies":[{"name":"wp","href":"https:\/\/api.w.org\/{rel}","templated":true}]}}