{"id":3689,"date":"2025-07-14T15:47:50","date_gmt":"2025-07-14T07:47:50","guid":{"rendered":"https:\/\/jblcorten.com\/?post_type=product&#038;p=3689"},"modified":"2025-07-14T15:47:50","modified_gmt":"2025-07-14T07:47:50","slug":"tavola-dacqua-in-acciaio-corten","status":"publish","type":"product","link":"https:\/\/jblcorten.com\/it\/corten-steel-water-table\/","title":{"rendered":"Tavolo d'acqua in acciaio corten"},"content":{"rendered":"<h2 style=\"text-align: center;\"><span style=\"font-size: 14pt;\">Tavolo d'acqua in acciaio corten<\/span><\/h2>\n<p>Questo tavolo d'acqua in acciaio corten \u00e8 realizzato in acciaio corten di alta qualit\u00e0, con un aspetto unico rosso ruggine che si integra perfettamente con l'ambiente naturale. Il semplice design rettangolare \u00e8 moderno ed elegante, adatto a diversi stili di cortile e di paesaggio.<\/p>\n<p>Il tavolo d'acqua in acciaio corten \u00e8 dotato di un sistema di circolazione dell'acqua accuratamente progettato all'interno e l'acqua scorre lentamente dal centro per formare un tranquillo gioco d'acqua. Non solo aggiunge un elemento dinamico allo spazio, ma crea anche un ambiente rilassante.<\/p>\n<p>Il materiale in acciaio corten \u00e8 stato appositamente trattato per resistere a diverse condizioni climatiche avverse e pu\u00f2 rimanere in buone condizioni per molti anni senza ulteriore manutenzione. \u00c8 la scelta ideale per la decorazione di un cortile di alto livello.<\/p>\n<p><img fetchpriority=\"high\" decoding=\"async\" class=\"alignnone size-full wp-image-3690\" src=\"https:\/\/jblcorten.com\/wp-content\/uploads\/2025\/07\/Corten-Steel-Water-Table.jpg\" alt=\"Tavolo d&#039;acqua in acciaio corten\" width=\"750\" height=\"503\" title=\"\" srcset=\"https:\/\/jblcorten.com\/wp-content\/uploads\/2025\/07\/Corten-Steel-Water-Table.jpg 750w, https:\/\/jblcorten.com\/wp-content\/uploads\/2025\/07\/Corten-Steel-Water-Table-300x201.jpg 300w, https:\/\/jblcorten.com\/wp-content\/uploads\/2025\/07\/Corten-Steel-Water-Table-18x12.jpg 18w, https:\/\/jblcorten.com\/wp-content\/uploads\/2025\/07\/Corten-Steel-Water-Table-600x402.jpg 600w\" sizes=\"(max-width: 750px) 100vw, 750px\" \/><\/p>\n<p><span style=\"font-size: 14pt;\"><strong>Caratteristiche principali:<\/strong><\/span><\/p>\n<ul>\n<li><span style=\"color: #db6d1f;\"><strong>Materiale di alta qualit\u00e0:<\/strong> <\/span>Realizzato in acciaio di alta qualit\u00e0, ha un'eccellente resistenza alla corrosione e agli agenti atmosferici e la sua durata pu\u00f2 durare per decenni.<\/li>\n<li><strong><span style=\"color: #db6d1f;\">Design moderno:<\/span><\/strong> Il design semplice e rettangolare con linee morbide si adatta perfettamente allo stile architettonico moderno, migliorando la qualit\u00e0 dello spazio.<\/li>\n<li><span style=\"color: #db6d1f;\"><strong>Effetto paesaggio acquatico:<\/strong><\/span> Sistema di circolazione dell'acqua incorporato, l'acqua scorre in modo naturale, creando un ambiente tranquillo e rilassante<\/li>\n<li><span style=\"color: #db6d1f;\"><strong>Facile da mantenere:<\/strong><\/span> Il materiale in acciaio resistente agli agenti atmosferici \u00e8 esente da manutenzione, non richiede una manutenzione regolare e consente di risparmiare sui costi di manutenzione a lungo termine.<\/li>\n<\/ul>\n<p><strong><span style=\"font-size: 14pt;\">Specifiche del prodotto:<\/span><\/strong><\/p>\n<table style=\"border-collapse: collapse; width: 100%; height: 265px;\">\n<tbody>\n<tr style=\"height: 53px;\">\n<td style=\"width: 30.0299%; height: 53px; background-color: #f5f5f5;\">Nome del prodotto<\/td>\n<td style=\"width: 69.9701%; height: 53px; background-color: #f5f5f5;\">Tavolo d'acqua in acciaio corten<\/td>\n<\/tr>\n<tr style=\"height: 53px;\">\n<td style=\"width: 30.0299%; height: 53px;\">Forma<\/td>\n<td style=\"width: 69.9701%; height: 53px;\">Rettangolare\/quadrato\/rotondo\/personalizzato<\/td>\n<\/tr>\n<tr style=\"height: 53px;\">\n<td style=\"width: 30.0299%; height: 53px; background-color: #f5f5f5;\">Materiale<\/td>\n<td style=\"width: 69.9701%; height: 53px; background-color: #f5f5f5;\">Acciaio corten<\/td>\n<\/tr>\n<tr style=\"height: 53px;\">\n<td style=\"width: 30.0299%; height: 53px;\">Dimensione<\/td>\n<td style=\"width: 69.9701%; height: 53px;\">L 1000 \u00d7 L 2500 \u00d7 H400 mm<\/td>\n<\/tr>\n<tr style=\"height: 53px;\">\n<td style=\"width: 30.0299%; height: 53px; background-color: #f5f5f5;\">Pacchetto<\/td>\n<td style=\"width: 69.9701%; height: 53px; background-color: #f5f5f5;\"><span class=\"magic-8\" data-spm-anchor-id=\"a2700.details-description.0.i1.764b1REx1RExij\">All'interno: Carta espansa antiusura,\u00a0<\/span><span class=\"magic-8\">Esterno: Scatola di cartone<\/span><\/td>\n<\/tr>\n<\/tbody>\n<\/table>\n<p><strong><span style=\"font-size: 14pt;\">Selezione personalizzata:<\/span><\/strong><\/p>\n<p>Il nostro tavolo d'acqua in acciaio corten pu\u00f2 essere configurato con 3 o 4 ugelli, che possono essere scelti liberamente in base alle dimensioni del sito, all'effetto del flusso d'acqua o all'estetica del cliente per ottenere una progettazione pi\u00f9 flessibile del paesaggio acquatico.<\/p>\n<p><img decoding=\"async\" class=\"alignnone size-full wp-image-3691\" src=\"https:\/\/jblcorten.com\/wp-content\/uploads\/2025\/07\/water-table-water-feature.jpg\" alt=\"falda acquifera elemento d&#039;acqua\" width=\"750\" height=\"213\" title=\"\" srcset=\"https:\/\/jblcorten.com\/wp-content\/uploads\/2025\/07\/water-table-water-feature.jpg 750w, https:\/\/jblcorten.com\/wp-content\/uploads\/2025\/07\/water-table-water-feature-300x85.jpg 300w, https:\/\/jblcorten.com\/wp-content\/uploads\/2025\/07\/water-table-water-feature-18x5.jpg 18w, https:\/\/jblcorten.com\/wp-content\/uploads\/2025\/07\/water-table-water-feature-600x170.jpg 600w\" sizes=\"(max-width: 750px) 100vw, 750px\" \/><\/p>\n<p><strong><span style=\"font-size: 14pt;\">Confezione del prodotto:<\/span><\/strong><\/p>\n<p>Per proteggere l'elemento d'acqua in corten dall'usura, cercheremo prima di tutto di avvolgere l'elemento d'acqua con schiuma e poi di utilizzare scatole di legno per l'imballaggio esterno.<\/p>\n<p><img decoding=\"async\" class=\"alignnone size-full wp-image-3695\" src=\"https:\/\/jblcorten.com\/wp-content\/uploads\/2025\/07\/corten-steel-water-tables.jpg\" alt=\"\" width=\"750\" height=\"421\" title=\"\" srcset=\"https:\/\/jblcorten.com\/wp-content\/uploads\/2025\/07\/corten-steel-water-tables.jpg 750w, https:\/\/jblcorten.com\/wp-content\/uploads\/2025\/07\/corten-steel-water-tables-300x168.jpg 300w, https:\/\/jblcorten.com\/wp-content\/uploads\/2025\/07\/corten-steel-water-tables-18x10.jpg 18w, https:\/\/jblcorten.com\/wp-content\/uploads\/2025\/07\/corten-steel-water-tables-600x337.jpg 600w\" sizes=\"(max-width: 750px) 100vw, 750px\" \/><\/p>\n<p><img loading=\"lazy\" decoding=\"async\" class=\"alignnone size-full wp-image-3696\" src=\"https:\/\/jblcorten.com\/wp-content\/uploads\/2025\/07\/Rectangular-Corten-steel-Water-Table.jpg\" alt=\"Tavolo d&#039;acqua rettangolare in acciaio corten\" width=\"750\" height=\"421\" title=\"\" srcset=\"https:\/\/jblcorten.com\/wp-content\/uploads\/2025\/07\/Rectangular-Corten-steel-Water-Table.jpg 750w, https:\/\/jblcorten.com\/wp-content\/uploads\/2025\/07\/Rectangular-Corten-steel-Water-Table-300x168.jpg 300w, https:\/\/jblcorten.com\/wp-content\/uploads\/2025\/07\/Rectangular-Corten-steel-Water-Table-18x10.jpg 18w, https:\/\/jblcorten.com\/wp-content\/uploads\/2025\/07\/Rectangular-Corten-steel-Water-Table-600x337.jpg 600w\" sizes=\"(max-width: 750px) 100vw, 750px\" \/><\/p>\n<p><strong><span style=\"font-size: 14pt;\">FAQ:<\/span><\/strong><\/p>\n<p><span style=\"color: #db6d1f;\">D1: L'acciaio corten arrugginisce davvero? \u00c8 sicuro?<\/span><br \/>\nR: Si arrugginisce, ma si tratta di uno strato di ossido naturale controllato che protegge l'acciaio da ulteriore corrosione. \u00c8 un materiale di alta gamma comunemente usato nell'architettura e nelle sculture per esterni.<\/p>\n<p><span style=\"color: #db6d1f;\">D2: La piattaforma per il paesaggio acquatico deve essere collegata a una fonte d'acqua?<\/span><br \/>\nR: No, il prodotto \u00e8 dotato di un serbatoio d'acqua e di una pompa di circolazione integrati, che costituiscono un sistema di autocircolazione. \u00c8 sufficiente aggiungere acqua regolarmente.<\/p>\n<p><span style=\"color: #db6d1f;\">D3: Le luci a LED possono essere configurate?<\/span><br \/>\nR: S\u00ec, supportiamo strisce luminose a LED o proiettori impermeabili all'interno o sul bordo della piattaforma acquatica per migliorare gli effetti visivi notturni.<\/p>","protected":false},"excerpt":{"rendered":"<p>Il tavolo d'acqua in acciaio corten \u00e8 realizzato in acciaio corten di alta qualit\u00e0 e ha un elegante design rettangolare. La superficie del tavolo d'acqua \u00e8 costituita da una piattaforma piatta integrata, che pu\u00f2 presentare un effetto \u201csuperficie d'acqua a specchio\u201d.<\/p>\n<p>All'interno del corpo idrico \u00e8 installato un sistema di pompe di circolazione dell'acqua a bassa pressione, di facile manutenzione e dal funzionamento silenzioso.<\/p>\n<p>Il materiale in acciaio corten si ossida naturalmente nel tempo formando uno strato protettivo di ruggine, che non solo \u00e8 forte e durevole, ma ha anche un fascino estetico unico.<\/p>","protected":false},"featured_media":3693,"template":"","meta":{"site-sidebar-layout":"default","site-content-layout":"","ast-site-content-layout":"default","site-content-style":"default","site-sidebar-style":"default","ast-global-header-display":"","ast-banner-title-visibility":"","ast-main-header-display":"","ast-hfb-above-header-display":"","ast-hfb-below-header-display":"","ast-hfb-mobile-header-display":"","site-post-title":"","ast-breadcrumbs-content":"","ast-featured-img":"","footer-sml-layout":"","ast-disable-related-posts":"","theme-transparent-header-meta":"default","adv-header-id-meta":"","stick-header-meta":"","header-above-stick-meta":"","header-main-stick-meta":"","header-below-stick-meta":"","astra-migrate-meta-layouts":"set","ast-page-background-enabled":"default","ast-page-background-meta":{"desktop":{"background-color":"var(--ast-global-color-4)","background-image":"","background-repeat":"repeat","background-position":"center center","background-size":"auto","background-attachment":"scroll","background-type":"","background-media":"","overlay-type":"","overlay-color":"","overlay-opacity":"","overlay-gradient":""},"tablet":{"background-color":"","background-image":"","background-repeat":"repeat","background-position":"center center","background-size":"auto","background-attachment":"scroll","background-type":"","background-media":"","overlay-type":"","overlay-color":"","overlay-opacity":"","overlay-gradient":""},"mobile":{"background-color":"","background-image":"","background-repeat":"repeat","background-position":"center center","background-size":"auto","background-attachment":"scroll","background-type":"","background-media":"","overlay-type":"","overlay-color":"","overlay-opacity":"","overlay-gradient":""}},"ast-content-background-meta":{"desktop":{"background-color":"var(--ast-global-color-5)","background-image":"","background-repeat":"repeat","background-position":"center center","background-size":"auto","background-attachment":"scroll","background-type":"","background-media":"","overlay-type":"","overlay-color":"","overlay-opacity":"","overlay-gradient":""},"tablet":{"background-color":"var(--ast-global-color-5)","background-image":"","background-repeat":"repeat","background-position":"center center","background-size":"auto","background-attachment":"scroll","background-type":"","background-media":"","overlay-type":"","overlay-color":"","overlay-opacity":"","overlay-gradient":""},"mobile":{"background-color":"var(--ast-global-color-5)","background-image":"","background-repeat":"repeat","background-position":"center center","background-size":"auto","background-attachment":"scroll","background-type":"","background-media":"","overlay-type":"","overlay-color":"","overlay-opacity":"","overlay-gradient":""}}},"product_brand":[],"product_cat":[40],"product_tag":[],"class_list":{"0":"post-3689","1":"product","2":"type-product","3":"status-publish","4":"has-post-thumbnail","6":"product_cat-water-feature","7":"desktop-align-center","8":"tablet-align-left","9":"mobile-align-left","11":"first","12":"instock","13":"shipping-taxable","14":"product-type-simple"},"_links":{"self":[{"href":"https:\/\/jblcorten.com\/it\/wp-json\/wp\/v2\/product\/3689","targetHints":{"allow":["GET"]}}],"collection":[{"href":"https:\/\/jblcorten.com\/it\/wp-json\/wp\/v2\/product"}],"about":[{"href":"https:\/\/jblcorten.com\/it\/wp-json\/wp\/v2\/types\/product"}],"wp:featuredmedia":[{"embeddable":true,"href":"https:\/\/jblcorten.com\/it\/wp-json\/wp\/v2\/media\/3693"}],"wp:attachment":[{"href":"https:\/\/jblcorten.com\/it\/wp-json\/wp\/v2\/media?parent=3689"}],"wp:term":[{"taxonomy":"product_brand","embeddable":true,"href":"https:\/\/jblcorten.com\/it\/wp-json\/wp\/v2\/product_brand?post=3689"},{"taxonomy":"product_cat","embeddable":true,"href":"https:\/\/jblcorten.com\/it\/wp-json\/wp\/v2\/product_cat?post=3689"},{"taxonomy":"product_tag","embeddable":true,"href":"https:\/\/jblcorten.com\/it\/wp-json\/wp\/v2\/product_tag?post=3689"}],"curies":[{"name":"wp","href":"https:\/\/api.w.org\/{rel}","templated":true}]}}