{"id":3639,"date":"2025-07-14T10:59:19","date_gmt":"2025-07-14T02:59:19","guid":{"rendered":"https:\/\/jblcorten.com\/?post_type=product&#038;p=3639"},"modified":"2025-07-14T11:02:32","modified_gmt":"2025-07-14T03:02:32","slug":"acqua-corten","status":"publish","type":"product","link":"https:\/\/jblcorten.com\/it\/corten-water-feature\/","title":{"rendered":"Acqua corten"},"content":{"rendered":"<h2 style=\"text-align: center;\"><span style=\"font-size: 14pt;\">Acqua corten<\/span><\/h2>\n<p>Questo elemento d'acqua in Corten \u00e8 un'opera d'arte decorativa per esterni che combina natura e stile moderno. Realizzato in acciaio Corten di alta qualit\u00e0, presenta un semplice design quadrato con una delicata colonna d'acqua al centro, che sgorga lentamente verso l'alto, aggiungendo un paesaggio acquatico dinamico e un'atmosfera tranquilla allo spazio. Con il tempo, sulla superficie si former\u00e0 naturalmente uno strato protettivo color rosso ruggine, che non solo \u00e8 bello, ma pu\u00f2 anche resistere all'erosione del vento e della pioggia, creando un punto focale unico per il paesaggio esterno.<\/p>\n<p>Il design della colonna d'acqua \u00e8 situato al centro e la pompa dell'acqua incorporata realizza la circolazione e il riflusso, in modo che la superficie dell'acqua continui a scorrere, formando un piacevole suono dell'acqua. L'intero sistema \u00e8 un progetto integrato, facile da installare, a basso costo di manutenzione, e supporta dimensioni e altezza della fontana personalizzate in base alle esigenze del cliente.<\/p>\n<p><img fetchpriority=\"high\" decoding=\"async\" class=\"alignnone size-full wp-image-3687\" src=\"https:\/\/jblcorten.com\/wp-content\/uploads\/2025\/07\/corten-water-feature-4.jpg\" alt=\"Acqua corten\" width=\"750\" height=\"283\" title=\"\" srcset=\"https:\/\/jblcorten.com\/wp-content\/uploads\/2025\/07\/corten-water-feature-4.jpg 750w, https:\/\/jblcorten.com\/wp-content\/uploads\/2025\/07\/corten-water-feature-4-300x113.jpg 300w, https:\/\/jblcorten.com\/wp-content\/uploads\/2025\/07\/corten-water-feature-4-18x7.jpg 18w, https:\/\/jblcorten.com\/wp-content\/uploads\/2025\/07\/corten-water-feature-4-600x226.jpg 600w\" sizes=\"(max-width: 750px) 100vw, 750px\" \/><\/p>\n<p><strong><span style=\"font-size: 14pt;\">Specifiche del prodotto:<\/span><\/strong><\/p>\n<table style=\"border-collapse: collapse; width: 100%;\">\n<tbody>\n<tr>\n<td style=\"width: 27.4121%; background-color: #f5f5f5;\">Nome del prodotto<\/td>\n<td style=\"width: 72.5879%; background-color: #f5f5f5;\">Acqua corten<\/td>\n<\/tr>\n<tr>\n<td style=\"width: 27.4121%;\">Materiale<\/td>\n<td style=\"width: 72.5879%;\">Acciaio corten\/acciaio resistente agli agenti atmosferici<\/td>\n<\/tr>\n<tr>\n<td style=\"width: 27.4121%; background-color: #f5f5f5;\">Colore<\/td>\n<td style=\"width: 72.5879%; background-color: #f5f5f5;\">Arrugginito o nero<\/td>\n<\/tr>\n<tr>\n<td style=\"width: 27.4121%;\">Dimensione<\/td>\n<td style=\"width: 72.5879%;\">L 800 \u00d7 L 800 \u00d7 H 400 mm<\/td>\n<\/tr>\n<tr>\n<td style=\"width: 27.4121%; background-color: #f5f5f5;\">Tecnologia<\/td>\n<td style=\"width: 72.5879%; background-color: #f5f5f5;\">\n<div class=\"text\">Taglio laser, piegatura, punzonatura, saldatura<\/div>\n<\/td>\n<\/tr>\n<\/tbody>\n<\/table>\n<p><strong><span style=\"font-size: 14pt;\">Caratteristiche del prodotto:<\/span><\/strong><\/p>\n<ul>\n<li><strong><span style=\"color: #e09119;\">Elegante design quadrato:<\/span><\/strong> Forma minimalista, versatile in tutti gli stili paesaggistici<\/li>\n<li><span style=\"color: #e09119;\"><strong>Flusso d'acqua centrale dinamico:<\/strong> <\/span>effetto fontana morbida, che aumenta il senso dello spazio<\/li>\n<li><span style=\"color: #e09119;\"><strong>Estetica naturale della ruggine:<\/strong> <\/span>texture di ossidazione unica, pi\u00f9 affascinante con il passare del tempo<\/li>\n<li><span style=\"color: #e09119;\"><strong>Elevata resistenza agli agenti atmosferici:<\/strong> <\/span>resistente al vento e alla pioggia, resistente alla corrosione, non necessita di verniciatura<\/li>\n<li><span style=\"color: #e09119;\"><strong>Sistema autocircolante:<\/strong> <\/span>pompa dell'acqua integrata, circolazione dell'acqua<\/li>\n<li><span style=\"color: #e09119;\"><strong>Sono disponibili varie dimensioni:<\/strong> <\/span>soddisfare le esigenze di luoghi e progetti diversi<\/li>\n<\/ul>\n<p><strong><span style=\"font-size: 14pt;\">Servizio personalizzato:<\/span><\/strong><\/p>\n<p>I nostri giochi d'acqua in corten accettano personalizzazioni, tra cui dimensioni, colore, ecc. Inoltre, abbiamo anche una variet\u00e0 di stili di giochi d'acqua in corten tra cui scegliere.<\/p>\n<p><img decoding=\"async\" class=\"alignnone size-full wp-image-3688\" src=\"https:\/\/jblcorten.com\/wp-content\/uploads\/2025\/07\/modern-square-water-feature.jpg\" alt=\"moderno impianto idrico quadrato\" width=\"750\" height=\"350\" title=\"\" srcset=\"https:\/\/jblcorten.com\/wp-content\/uploads\/2025\/07\/modern-square-water-feature.jpg 750w, https:\/\/jblcorten.com\/wp-content\/uploads\/2025\/07\/modern-square-water-feature-300x140.jpg 300w, https:\/\/jblcorten.com\/wp-content\/uploads\/2025\/07\/modern-square-water-feature-18x8.jpg 18w, https:\/\/jblcorten.com\/wp-content\/uploads\/2025\/07\/modern-square-water-feature-600x280.jpg 600w\" sizes=\"(max-width: 750px) 100vw, 750px\" \/><\/p>\n<p><img decoding=\"async\" class=\"alignnone size-full wp-image-3619\" src=\"https:\/\/jblcorten.com\/wp-content\/uploads\/2025\/07\/rusted-metal-water-features.jpg\" alt=\"giochi d&#039;acqua in metallo arrugginito\" width=\"750\" height=\"760\" title=\"\" srcset=\"https:\/\/jblcorten.com\/wp-content\/uploads\/2025\/07\/rusted-metal-water-features.jpg 750w, https:\/\/jblcorten.com\/wp-content\/uploads\/2025\/07\/rusted-metal-water-features-296x300.jpg 296w, https:\/\/jblcorten.com\/wp-content\/uploads\/2025\/07\/rusted-metal-water-features-12x12.jpg 12w, https:\/\/jblcorten.com\/wp-content\/uploads\/2025\/07\/rusted-metal-water-features-600x608.jpg 600w, https:\/\/jblcorten.com\/wp-content\/uploads\/2025\/07\/rusted-metal-water-features-100x100.jpg 100w\" sizes=\"(max-width: 750px) 100vw, 750px\" \/><\/p>\n<p><strong><span style=\"font-size: 14pt;\">FAQ:<\/span><\/strong><\/p>\n<p><strong><span style=\"color: #e09119;\">D1: L'acciaio corten si arrugginisce? Marcisce?<\/span><\/strong><br \/>\nR: La ruggine dell'acciaio corten \u00e8 uno strato di ossido protettivo che impedisce un'ulteriore corrosione. Il colore della ruggine fa parte del design e non influisce sulla resistenza strutturale.<\/p>\n<p><span style=\"color: #e09119;\"><strong>D2: Come si installa questo impianto idrico? \u00c8 complicato?<\/strong><\/span><br \/>\nR: L'installazione \u00e8 molto semplice. Basta posizionarlo nel posto giusto, riempirlo d'acqua e collegarlo per iniziare. Forniamo anche guide dettagliate all'installazione e supporto video.<\/p>\n<p><span style=\"color: #e09119;\"><strong>D3: \u00c8 necessario aggiungere acqua durante l'uso?<\/strong><\/span><br \/>\nR: S\u00ec, a seconda del clima e dell'evaporazione, \u00e8 necessario aggiungere acqua di tanto in tanto per garantire il normale funzionamento del sistema di circolazione.<\/p>","protected":false},"excerpt":{"rendered":"<p>Scoprite questo impianto idrico in corten: un design quadrato con una piccola colonna d'acqua che sgorga dal centro, adatto a cortili moderni e paesaggi commerciali all'aperto. Realizzato in acciaio corten, \u00e8 resistente, personalizzabile e facile da installare e mantenere.<\/p>\n<p>Forma del prodotto: Quadrato<br \/>\nMateriale: Acciaio corten<br \/>\nDimensioni: L 800 \u00d7 L 800 \u00d7 H 400 mm<br \/>\nColore: arrugginito o nero<\/p>","protected":false},"featured_media":3686,"template":"","meta":{"site-sidebar-layout":"default","site-content-layout":"","ast-site-content-layout":"default","site-content-style":"default","site-sidebar-style":"default","ast-global-header-display":"","ast-banner-title-visibility":"","ast-main-header-display":"","ast-hfb-above-header-display":"","ast-hfb-below-header-display":"","ast-hfb-mobile-header-display":"","site-post-title":"","ast-breadcrumbs-content":"","ast-featured-img":"","footer-sml-layout":"","ast-disable-related-posts":"","theme-transparent-header-meta":"default","adv-header-id-meta":"","stick-header-meta":"","header-above-stick-meta":"","header-main-stick-meta":"","header-below-stick-meta":"","astra-migrate-meta-layouts":"set","ast-page-background-enabled":"default","ast-page-background-meta":{"desktop":{"background-color":"var(--ast-global-color-4)","background-image":"","background-repeat":"repeat","background-position":"center center","background-size":"auto","background-attachment":"scroll","background-type":"","background-media":"","overlay-type":"","overlay-color":"","overlay-opacity":"","overlay-gradient":""},"tablet":{"background-color":"","background-image":"","background-repeat":"repeat","background-position":"center center","background-size":"auto","background-attachment":"scroll","background-type":"","background-media":"","overlay-type":"","overlay-color":"","overlay-opacity":"","overlay-gradient":""},"mobile":{"background-color":"","background-image":"","background-repeat":"repeat","background-position":"center center","background-size":"auto","background-attachment":"scroll","background-type":"","background-media":"","overlay-type":"","overlay-color":"","overlay-opacity":"","overlay-gradient":""}},"ast-content-background-meta":{"desktop":{"background-color":"var(--ast-global-color-5)","background-image":"","background-repeat":"repeat","background-position":"center center","background-size":"auto","background-attachment":"scroll","background-type":"","background-media":"","overlay-type":"","overlay-color":"","overlay-opacity":"","overlay-gradient":""},"tablet":{"background-color":"var(--ast-global-color-5)","background-image":"","background-repeat":"repeat","background-position":"center center","background-size":"auto","background-attachment":"scroll","background-type":"","background-media":"","overlay-type":"","overlay-color":"","overlay-opacity":"","overlay-gradient":""},"mobile":{"background-color":"var(--ast-global-color-5)","background-image":"","background-repeat":"repeat","background-position":"center center","background-size":"auto","background-attachment":"scroll","background-type":"","background-media":"","overlay-type":"","overlay-color":"","overlay-opacity":"","overlay-gradient":""}}},"product_brand":[],"product_cat":[40],"product_tag":[],"class_list":{"0":"post-3639","1":"product","2":"type-product","3":"status-publish","4":"has-post-thumbnail","6":"product_cat-water-feature","7":"desktop-align-center","8":"tablet-align-left","9":"mobile-align-left","11":"first","12":"instock","13":"shipping-taxable","14":"product-type-simple"},"_links":{"self":[{"href":"https:\/\/jblcorten.com\/it\/wp-json\/wp\/v2\/product\/3639","targetHints":{"allow":["GET"]}}],"collection":[{"href":"https:\/\/jblcorten.com\/it\/wp-json\/wp\/v2\/product"}],"about":[{"href":"https:\/\/jblcorten.com\/it\/wp-json\/wp\/v2\/types\/product"}],"wp:featuredmedia":[{"embeddable":true,"href":"https:\/\/jblcorten.com\/it\/wp-json\/wp\/v2\/media\/3686"}],"wp:attachment":[{"href":"https:\/\/jblcorten.com\/it\/wp-json\/wp\/v2\/media?parent=3639"}],"wp:term":[{"taxonomy":"product_brand","embeddable":true,"href":"https:\/\/jblcorten.com\/it\/wp-json\/wp\/v2\/product_brand?post=3639"},{"taxonomy":"product_cat","embeddable":true,"href":"https:\/\/jblcorten.com\/it\/wp-json\/wp\/v2\/product_cat?post=3639"},{"taxonomy":"product_tag","embeddable":true,"href":"https:\/\/jblcorten.com\/it\/wp-json\/wp\/v2\/product_tag?post=3639"}],"curies":[{"name":"wp","href":"https:\/\/api.w.org\/{rel}","templated":true}]}}