{"id":3605,"date":"2025-07-07T16:22:25","date_gmt":"2025-07-07T08:22:25","guid":{"rendered":"https:\/\/jblcorten.com\/?post_type=product&#038;p=3605"},"modified":"2025-07-07T16:22:25","modified_gmt":"2025-07-07T08:22:25","slug":"fontana-dacqua-in-acciaio-corten","status":"publish","type":"product","link":"https:\/\/jblcorten.com\/it\/corten-steel-water-fountain\/","title":{"rendered":"Fontana d'acqua in acciaio corten"},"content":{"rendered":"<h2 style=\"text-align: center;\"><span style=\"font-size: 14pt;\">Fontana d'acqua in acciaio corten<\/span><\/h2>\n<p>Il concetto di design di questa fontana d'acqua in acciaio corten si basa sulla forma di una lumaca. Il fondo \u00e8 dotato di uno speciale sistema di pompa di circolazione dell'acqua, che pu\u00f2 trasportare l'acqua dalla struttura di stoccaggio dell'acqua (come una piscina, un serbatoio o un'altra struttura di stoccaggio dell'acqua) alla parte superiore della scultura attraverso un tubo. L'acqua fuoriesce lentamente dall'apertura superiore, formando un effetto cascata.<\/p>\n<p>L'intero sistema funziona in modo continuo attraverso un metodo di circolazione. \u00c8 visivamente una decorazione scultorea e produce un suono naturale dell'acqua morbido e rilassante per l'udito, creando efficacemente un'atmosfera rilassante, tranquilla e calma nello spazio.<\/p>\n<p><img fetchpriority=\"high\" decoding=\"async\" class=\"alignnone size-full wp-image-3610\" src=\"https:\/\/jblcorten.com\/wp-content\/uploads\/2025\/07\/corten-fountain.jpg\" alt=\"fontana corten\" width=\"750\" height=\"500\" title=\"\" srcset=\"https:\/\/jblcorten.com\/wp-content\/uploads\/2025\/07\/corten-fountain.jpg 750w, https:\/\/jblcorten.com\/wp-content\/uploads\/2025\/07\/corten-fountain-300x200.jpg 300w, https:\/\/jblcorten.com\/wp-content\/uploads\/2025\/07\/corten-fountain-18x12.jpg 18w, https:\/\/jblcorten.com\/wp-content\/uploads\/2025\/07\/corten-fountain-600x400.jpg 600w\" sizes=\"(max-width: 750px) 100vw, 750px\" \/><\/p>\n<p><strong><span style=\"font-size: 14pt;\">Specifiche del prodotto:<\/span><\/strong><\/p>\n<table style=\"border-collapse: collapse; width: 100%;\">\n<tbody>\n<tr>\n<td style=\"width: 30.9274%; background-color: #f5f5f5;\">Nome del prodotto<\/td>\n<td style=\"width: 69.0726%; background-color: #f5f5f5;\">Fontana d'acqua in acciaio corten<\/td>\n<\/tr>\n<tr>\n<td style=\"width: 30.9274%;\">Materiale<\/td>\n<td style=\"width: 69.0726%;\">Acciaio corten o acciaio inox<\/td>\n<\/tr>\n<tr>\n<td style=\"width: 30.9274%; background-color: #f5f5f5;\">Dimensione<\/td>\n<td style=\"width: 69.0726%; background-color: #f5f5f5;\">H600 \u00d7 L400 \u00d7 P300 mm<\/td>\n<\/tr>\n<tr>\n<td style=\"width: 30.9274%;\">Spessore<\/td>\n<td style=\"width: 69.0726%;\">2 mm<\/td>\n<\/tr>\n<tr>\n<td style=\"width: 30.9274%; background-color: #f5f5f5;\">Accessori<\/td>\n<td style=\"width: 69.0726%; background-color: #f5f5f5;\">Colonna d'acqua, tubo d'acqua, pompa d'acqua<\/td>\n<\/tr>\n<\/tbody>\n<\/table>\n<p><span style=\"font-size: 14pt;\"><strong>Scenari applicativi: <\/strong><\/span><\/p>\n<p>Questo elemento d'acqua \u00e8 adatto a una variet\u00e0 di luoghi come cortili, parchi, bordi di piscine, balconi residenziali, atri commerciali o davanti a pareti paesaggistiche. Pu\u00f2 essere utilizzato come scultura paesaggistica, da solo o in combinazione con altri sistemi di giochi d'acqua.<\/p>\n<p><img decoding=\"async\" class=\"alignnone size-full wp-image-3611\" src=\"https:\/\/jblcorten.com\/wp-content\/uploads\/2025\/07\/rust-water-feature.jpg\" alt=\"acqua ruggine\" width=\"750\" height=\"300\" title=\"\" srcset=\"https:\/\/jblcorten.com\/wp-content\/uploads\/2025\/07\/rust-water-feature.jpg 750w, https:\/\/jblcorten.com\/wp-content\/uploads\/2025\/07\/rust-water-feature-300x120.jpg 300w, https:\/\/jblcorten.com\/wp-content\/uploads\/2025\/07\/rust-water-feature-18x7.jpg 18w, https:\/\/jblcorten.com\/wp-content\/uploads\/2025\/07\/rust-water-feature-600x240.jpg 600w\" sizes=\"(max-width: 750px) 100vw, 750px\" \/><\/p>\n<p><strong><span style=\"font-size: 14pt;\">Servizio personalizzato:<\/span><\/strong><\/p>\n<p>I nostri giochi d'acqua in metallo possono essere personalizzati, compresi materiale, dimensioni, colore, ecc. e possono essere realizzati in base alle esigenze del cliente.<\/p>\n<p><img decoding=\"async\" class=\"alignnone size-full wp-image-3612\" src=\"https:\/\/jblcorten.com\/wp-content\/uploads\/2025\/07\/corten-steel-garden-water-features.jpg\" alt=\"Giochi d&#039;acqua da giardino in acciaio corten\" width=\"750\" height=\"421\" title=\"\" srcset=\"https:\/\/jblcorten.com\/wp-content\/uploads\/2025\/07\/corten-steel-garden-water-features.jpg 750w, https:\/\/jblcorten.com\/wp-content\/uploads\/2025\/07\/corten-steel-garden-water-features-300x168.jpg 300w, https:\/\/jblcorten.com\/wp-content\/uploads\/2025\/07\/corten-steel-garden-water-features-18x10.jpg 18w, https:\/\/jblcorten.com\/wp-content\/uploads\/2025\/07\/corten-steel-garden-water-features-600x337.jpg 600w\" sizes=\"(max-width: 750px) 100vw, 750px\" \/><\/p>\n<p><strong><span style=\"font-size: 14pt;\">FAQ:<\/span><\/strong><\/p>\n<p>D1: Questo impianto idrico in corten pu\u00f2 essere utilizzato all'aperto tutto l'anno?<br \/>\nA1: S\u00ec. L'acciaio per agenti atmosferici \u00e8 estremamente resistente alle intemperie e adatto all'esposizione a lungo termine in ambienti esterni, e non \u00e8 influenzato dal vento e dal sole.<\/p>\n<p>D2: La pompa dell'acqua \u00e8 inclusa nel prodotto?<br \/>\nA2: S\u00ec, il prodotto \u00e8 dotato di una pompa dell'acqua, che viene installata sul fondo quando \u00e8 in uso. \u00c8 sufficiente collegarla alla fonte d'acqua e all'alimentazione.<\/p>\n<p>D4: Questo elemento d'acqua in corten si arrugginisce?<br \/>\nA4: Lo strato esterno di ruggine \u00e8 uno strato di ossido protettivo unico dell'acciaio resistente agli agenti atmosferici, che ha un effetto anticorrosione e presenta una bellezza naturale del colore della ruggine senza intaccare la struttura stessa.<\/p>","protected":false},"excerpt":{"rendered":"<p>Questa fontana d'acqua in acciaio corten ha la forma di una lumaca o la forma astratta del numero \u201c6\u201d. Realizzata in acciaio corten di alta qualit\u00e0, non \u00e8 solo un elemento d'acqua funzionale, ma anche una scultura artistica che pu\u00f2 aggiungere un fascino unico a qualsiasi spazio interno o esterno.<\/p>","protected":false},"featured_media":3607,"template":"","meta":{"site-sidebar-layout":"default","site-content-layout":"","ast-site-content-layout":"default","site-content-style":"default","site-sidebar-style":"default","ast-global-header-display":"","ast-banner-title-visibility":"","ast-main-header-display":"","ast-hfb-above-header-display":"","ast-hfb-below-header-display":"","ast-hfb-mobile-header-display":"","site-post-title":"","ast-breadcrumbs-content":"","ast-featured-img":"","footer-sml-layout":"","ast-disable-related-posts":"","theme-transparent-header-meta":"default","adv-header-id-meta":"","stick-header-meta":"","header-above-stick-meta":"","header-main-stick-meta":"","header-below-stick-meta":"","astra-migrate-meta-layouts":"set","ast-page-background-enabled":"default","ast-page-background-meta":{"desktop":{"background-color":"var(--ast-global-color-4)","background-image":"","background-repeat":"repeat","background-position":"center center","background-size":"auto","background-attachment":"scroll","background-type":"","background-media":"","overlay-type":"","overlay-color":"","overlay-opacity":"","overlay-gradient":""},"tablet":{"background-color":"","background-image":"","background-repeat":"repeat","background-position":"center center","background-size":"auto","background-attachment":"scroll","background-type":"","background-media":"","overlay-type":"","overlay-color":"","overlay-opacity":"","overlay-gradient":""},"mobile":{"background-color":"","background-image":"","background-repeat":"repeat","background-position":"center center","background-size":"auto","background-attachment":"scroll","background-type":"","background-media":"","overlay-type":"","overlay-color":"","overlay-opacity":"","overlay-gradient":""}},"ast-content-background-meta":{"desktop":{"background-color":"var(--ast-global-color-5)","background-image":"","background-repeat":"repeat","background-position":"center center","background-size":"auto","background-attachment":"scroll","background-type":"","background-media":"","overlay-type":"","overlay-color":"","overlay-opacity":"","overlay-gradient":""},"tablet":{"background-color":"var(--ast-global-color-5)","background-image":"","background-repeat":"repeat","background-position":"center center","background-size":"auto","background-attachment":"scroll","background-type":"","background-media":"","overlay-type":"","overlay-color":"","overlay-opacity":"","overlay-gradient":""},"mobile":{"background-color":"var(--ast-global-color-5)","background-image":"","background-repeat":"repeat","background-position":"center center","background-size":"auto","background-attachment":"scroll","background-type":"","background-media":"","overlay-type":"","overlay-color":"","overlay-opacity":"","overlay-gradient":""}}},"product_brand":[],"product_cat":[40],"product_tag":[],"class_list":{"0":"post-3605","1":"product","2":"type-product","3":"status-publish","4":"has-post-thumbnail","6":"product_cat-water-feature","7":"desktop-align-center","8":"tablet-align-left","9":"mobile-align-left","11":"first","12":"instock","13":"shipping-taxable","14":"product-type-simple"},"_links":{"self":[{"href":"https:\/\/jblcorten.com\/it\/wp-json\/wp\/v2\/product\/3605","targetHints":{"allow":["GET"]}}],"collection":[{"href":"https:\/\/jblcorten.com\/it\/wp-json\/wp\/v2\/product"}],"about":[{"href":"https:\/\/jblcorten.com\/it\/wp-json\/wp\/v2\/types\/product"}],"wp:featuredmedia":[{"embeddable":true,"href":"https:\/\/jblcorten.com\/it\/wp-json\/wp\/v2\/media\/3607"}],"wp:attachment":[{"href":"https:\/\/jblcorten.com\/it\/wp-json\/wp\/v2\/media?parent=3605"}],"wp:term":[{"taxonomy":"product_brand","embeddable":true,"href":"https:\/\/jblcorten.com\/it\/wp-json\/wp\/v2\/product_brand?post=3605"},{"taxonomy":"product_cat","embeddable":true,"href":"https:\/\/jblcorten.com\/it\/wp-json\/wp\/v2\/product_cat?post=3605"},{"taxonomy":"product_tag","embeddable":true,"href":"https:\/\/jblcorten.com\/it\/wp-json\/wp\/v2\/product_tag?post=3605"}],"curies":[{"name":"wp","href":"https:\/\/api.w.org\/{rel}","templated":true}]}}