{"id":3558,"date":"2025-07-02T16:16:05","date_gmt":"2025-07-02T08:16:05","guid":{"rendered":"https:\/\/jblcorten.com\/?post_type=product&#038;p=3558"},"modified":"2025-07-02T16:16:05","modified_gmt":"2025-07-02T08:16:05","slug":"vaso-da-fiori-esagonale","status":"publish","type":"product","link":"https:\/\/jblcorten.com\/it\/hexagonal-flower-pot\/","title":{"rendered":"Vaso da fiori esagonale"},"content":{"rendered":"<h2 style=\"text-align: center;\"><span style=\"font-size: 14pt;\">Vaso da fiori esagonale<\/span><\/h2>\n<p>Questo vaso da fiori esagonale in corten \u00e8 realizzato con una lastra di acciaio corten di alta qualit\u00e0 dello spessore di 3 mm. Grazie alla tecnologia di taglio e saldatura laser CNC, viene creata una struttura geometrica poliedrica unica. Il volume interno del vaso raggiunge gli 85-180 litri (a seconda delle dimensioni) e sul fondo sono presenti fori di drenaggio per garantire una crescita sana delle radici delle piante.<\/p>\n<p>Il peso del vaso da fiori varia da 12 a 35 kg. Il design stabile del fondo garantisce un posizionamento sicuro. \u00c8 adatto per piantare piante grasse, piccoli arbusti, piante da fogliame e altre piante verdi. Non \u00e8 solo un pratico contenitore per il giardinaggio, ma anche una bella decorazione.<\/p>\n<p><strong><span style=\"font-size: 14pt;\">Specifiche del prodotto:<\/span><\/strong><\/p>\n<table style=\"border-collapse: collapse; width: 100%;\">\n<tbody>\n<tr>\n<td style=\"width: 40.0699%; background-color: #f5f5f5;\">Nome del prodotto<\/td>\n<td style=\"width: 59.9301%; background-color: #f5f5f5;\">Vaso da fiori esagonale<\/td>\n<\/tr>\n<tr>\n<td style=\"width: 40.0699%;\">Materiale<\/td>\n<td style=\"width: 59.9301%;\">Acciaio corten\/acciaio per il tempo libero<\/td>\n<\/tr>\n<tr>\n<td style=\"width: 40.0699%; background-color: #f5f5f5;\">Colore<\/td>\n<td style=\"width: 59.9301%; background-color: #f5f5f5;\">Arrugginito<\/td>\n<\/tr>\n<tr>\n<td style=\"width: 40.0699%;\">Dimensione<\/td>\n<td style=\"width: 59.9301%;\">H 100 cm \u00d7 L 54 cm<\/td>\n<\/tr>\n<tr>\n<td style=\"width: 40.0699%; background-color: #f5f5f5;\">Pensosit\u00e0<\/td>\n<td style=\"width: 59.9301%; background-color: #f5f5f5;\">3 cm<\/td>\n<\/tr>\n<\/tbody>\n<\/table>\n<p><strong><span style=\"font-size: 14pt;\">Dettagli del prodotto:<\/span><\/strong><\/p>\n<p>Il vaso da fiori in corten presenta inizialmente una texture metallica grigio scuro. Dopo 2-6 mesi di ossidazione in ambiente naturale, sulla superficie si forma gradualmente uno strato protettivo stabile di colore arancione-ruggine. Questa densa pellicola di ossido non solo ha un fascino estetico industriale unico, ma impedisce anche efficacemente all'acciaio interno di continuare a corrodersi, e la durata di vita pu\u00f2 raggiungere pi\u00f9 di 30 anni. Di seguito \u00e8 riportato un confronto tra questo vaso da fiori prima e dopo l'arrugginimento.<\/p>\n<p><img fetchpriority=\"high\" decoding=\"async\" class=\"alignnone size-full wp-image-3565\" src=\"https:\/\/jblcorten.com\/wp-content\/uploads\/2025\/07\/hexagonal-plant-pots-outdoor.jpg\" alt=\"vasi esagonali per piante da esterno\" width=\"1000\" height=\"354\" title=\"\" srcset=\"https:\/\/jblcorten.com\/wp-content\/uploads\/2025\/07\/hexagonal-plant-pots-outdoor.jpg 1000w, https:\/\/jblcorten.com\/wp-content\/uploads\/2025\/07\/hexagonal-plant-pots-outdoor-300x106.jpg 300w, https:\/\/jblcorten.com\/wp-content\/uploads\/2025\/07\/hexagonal-plant-pots-outdoor-768x272.jpg 768w, https:\/\/jblcorten.com\/wp-content\/uploads\/2025\/07\/hexagonal-plant-pots-outdoor-18x6.jpg 18w, https:\/\/jblcorten.com\/wp-content\/uploads\/2025\/07\/hexagonal-plant-pots-outdoor-600x212.jpg 600w\" sizes=\"(max-width: 1000px) 100vw, 1000px\" \/><\/p>\n<p><strong><span style=\"font-size: 14pt;\">Il nostro servizio:<\/span><\/strong><\/p>\n<p><span style=\"color: #e8951a;\"><strong>Personalizzazione delle dimensioni:<\/strong> <\/span>Forniscono una variet\u00e0 di dimensioni personalizzate in base alle esigenze di spazio del cliente<br \/>\n<span style=\"color: #e8951a;\"><strong>Personalizzazione dello stile:<\/strong><\/span> Regolare l'angolo della sezione in base alla geometria esistente per creare una forma unica.<br \/>\n<span style=\"color: #e8951a;\"><strong>Trattamento della superficie:<\/strong> <\/span>\u00c8 possibile scegliere il trattamento di arrugginimento naturale o di arrugginimento artificiale accelerato.<br \/>\n<span style=\"color: #e8951a;\"><strong>Ottimizzazione del sistema di drenaggio:<\/strong> <\/span>Regolare il numero e la posizione dei fori di drenaggio in base alle esigenze della pianta.<\/p>\n<p><img decoding=\"async\" class=\"alignnone size-full wp-image-3566\" src=\"https:\/\/jblcorten.com\/wp-content\/uploads\/2025\/07\/large-hexagon-plant-pot.jpg\" alt=\"vaso esagonale grande per piante\" width=\"1000\" height=\"400\" title=\"\" srcset=\"https:\/\/jblcorten.com\/wp-content\/uploads\/2025\/07\/large-hexagon-plant-pot.jpg 1000w, https:\/\/jblcorten.com\/wp-content\/uploads\/2025\/07\/large-hexagon-plant-pot-300x120.jpg 300w, https:\/\/jblcorten.com\/wp-content\/uploads\/2025\/07\/large-hexagon-plant-pot-768x307.jpg 768w, https:\/\/jblcorten.com\/wp-content\/uploads\/2025\/07\/large-hexagon-plant-pot-18x7.jpg 18w, https:\/\/jblcorten.com\/wp-content\/uploads\/2025\/07\/large-hexagon-plant-pot-600x240.jpg 600w\" sizes=\"(max-width: 1000px) 100vw, 1000px\" \/><\/p>","protected":false},"excerpt":{"rendered":"<p>Il design poliedrico del vaso da fiori esagonale si ispira all'estetica del taglio geometrico dell'architettura moderna. Ogni faccia ha un angolo accuratamente calcolato per formare un senso visivo tridimensionale di stratificazione.<\/p>\n<p>Questa forma geometrica irregolare rompe i vincoli della forma rotonda o quadrata dei vasi da fiori tradizionali, creando un'opera d'arte spaziale piena di tensione.<\/p>","protected":false},"featured_media":3562,"template":"","meta":{"site-sidebar-layout":"default","site-content-layout":"","ast-site-content-layout":"default","site-content-style":"default","site-sidebar-style":"default","ast-global-header-display":"","ast-banner-title-visibility":"","ast-main-header-display":"","ast-hfb-above-header-display":"","ast-hfb-below-header-display":"","ast-hfb-mobile-header-display":"","site-post-title":"","ast-breadcrumbs-content":"","ast-featured-img":"","footer-sml-layout":"","ast-disable-related-posts":"","theme-transparent-header-meta":"default","adv-header-id-meta":"","stick-header-meta":"","header-above-stick-meta":"","header-main-stick-meta":"","header-below-stick-meta":"","astra-migrate-meta-layouts":"set","ast-page-background-enabled":"default","ast-page-background-meta":{"desktop":{"background-color":"var(--ast-global-color-4)","background-image":"","background-repeat":"repeat","background-position":"center center","background-size":"auto","background-attachment":"scroll","background-type":"","background-media":"","overlay-type":"","overlay-color":"","overlay-opacity":"","overlay-gradient":""},"tablet":{"background-color":"","background-image":"","background-repeat":"repeat","background-position":"center center","background-size":"auto","background-attachment":"scroll","background-type":"","background-media":"","overlay-type":"","overlay-color":"","overlay-opacity":"","overlay-gradient":""},"mobile":{"background-color":"","background-image":"","background-repeat":"repeat","background-position":"center center","background-size":"auto","background-attachment":"scroll","background-type":"","background-media":"","overlay-type":"","overlay-color":"","overlay-opacity":"","overlay-gradient":""}},"ast-content-background-meta":{"desktop":{"background-color":"var(--ast-global-color-5)","background-image":"","background-repeat":"repeat","background-position":"center center","background-size":"auto","background-attachment":"scroll","background-type":"","background-media":"","overlay-type":"","overlay-color":"","overlay-opacity":"","overlay-gradient":""},"tablet":{"background-color":"var(--ast-global-color-5)","background-image":"","background-repeat":"repeat","background-position":"center center","background-size":"auto","background-attachment":"scroll","background-type":"","background-media":"","overlay-type":"","overlay-color":"","overlay-opacity":"","overlay-gradient":""},"mobile":{"background-color":"var(--ast-global-color-5)","background-image":"","background-repeat":"repeat","background-position":"center center","background-size":"auto","background-attachment":"scroll","background-type":"","background-media":"","overlay-type":"","overlay-color":"","overlay-opacity":"","overlay-gradient":""}}},"product_brand":[],"product_cat":[34],"product_tag":[],"class_list":{"0":"post-3558","1":"product","2":"type-product","3":"status-publish","4":"has-post-thumbnail","6":"product_cat-planter-pots","7":"desktop-align-center","8":"tablet-align-left","9":"mobile-align-left","11":"first","12":"instock","13":"shipping-taxable","14":"product-type-simple"},"_links":{"self":[{"href":"https:\/\/jblcorten.com\/it\/wp-json\/wp\/v2\/product\/3558","targetHints":{"allow":["GET"]}}],"collection":[{"href":"https:\/\/jblcorten.com\/it\/wp-json\/wp\/v2\/product"}],"about":[{"href":"https:\/\/jblcorten.com\/it\/wp-json\/wp\/v2\/types\/product"}],"wp:featuredmedia":[{"embeddable":true,"href":"https:\/\/jblcorten.com\/it\/wp-json\/wp\/v2\/media\/3562"}],"wp:attachment":[{"href":"https:\/\/jblcorten.com\/it\/wp-json\/wp\/v2\/media?parent=3558"}],"wp:term":[{"taxonomy":"product_brand","embeddable":true,"href":"https:\/\/jblcorten.com\/it\/wp-json\/wp\/v2\/product_brand?post=3558"},{"taxonomy":"product_cat","embeddable":true,"href":"https:\/\/jblcorten.com\/it\/wp-json\/wp\/v2\/product_cat?post=3558"},{"taxonomy":"product_tag","embeddable":true,"href":"https:\/\/jblcorten.com\/it\/wp-json\/wp\/v2\/product_tag?post=3558"}],"curies":[{"name":"wp","href":"https:\/\/api.w.org\/{rel}","templated":true}]}}