{"id":3518,"date":"2025-06-30T15:24:40","date_gmt":"2025-06-30T07:24:40","guid":{"rendered":"https:\/\/jblcorten.com\/?post_type=product&#038;p=3518"},"modified":"2025-06-30T15:24:41","modified_gmt":"2025-06-30T07:24:41","slug":"griglia-per-barbecue-plancha","status":"publish","type":"product","link":"https:\/\/jblcorten.com\/it\/plancha-barbecue-grill\/","title":{"rendered":"Grill Plancha Barbecue"},"content":{"rendered":"<h2 style=\"text-align: center;\"><span style=\"font-size: 14pt;\">Grill Plancha Barbecue<\/span><\/h2>\n<p>Plancha Barbecue Grill \u00e8 un dispositivo di cottura all'aperto. La doppia piattaforma di cottura superiore \u00e8 dotata di una griglia ad alta precisione e di una griglia multifunzionale, in grado di soddisfare contemporaneamente le diverse esigenze di frittura fine e di grigliata tradizionale. Il vano porta legna al piano inferiore, progettato in modo intelligente, non solo consente di conservare una quantit\u00e0 sufficiente di combustibile, ma assicura anche che la legna rimanga asciutta, fornendo una fonte di calore stabile per cucinare in qualsiasi momento.<\/p>\n<p>Le immagini riportate di seguito sono gli effetti dell'utilizzo di questo prodotto da parte dei nostri clienti svizzeri. Questo prodotto ha dimostrato prestazioni eccellenti nell'uso reale. I nostri clienti svizzeri hanno effettuato immediatamente dei test sul campo dopo aver ricevuto il prodotto e hanno inviato delle immagini per dimostrare la loro soddisfazione per i nostri prodotti.<\/p>\n<p><img fetchpriority=\"high\" decoding=\"async\" class=\"alignnone size-full wp-image-3522\" src=\"https:\/\/jblcorten.com\/wp-content\/uploads\/2025\/06\/Plancha-Barbecue-Grill.jpg\" alt=\"Grill Plancha Barbecue\" width=\"1000\" height=\"400\" title=\"\" srcset=\"https:\/\/jblcorten.com\/wp-content\/uploads\/2025\/06\/Plancha-Barbecue-Grill.jpg 1000w, https:\/\/jblcorten.com\/wp-content\/uploads\/2025\/06\/Plancha-Barbecue-Grill-300x120.jpg 300w, https:\/\/jblcorten.com\/wp-content\/uploads\/2025\/06\/Plancha-Barbecue-Grill-768x307.jpg 768w, https:\/\/jblcorten.com\/wp-content\/uploads\/2025\/06\/Plancha-Barbecue-Grill-18x7.jpg 18w, https:\/\/jblcorten.com\/wp-content\/uploads\/2025\/06\/Plancha-Barbecue-Grill-600x240.jpg 600w\" sizes=\"(max-width: 1000px) 100vw, 1000px\" \/><\/p>\n<p><strong><span style=\"font-size: 14pt;\">Caratteristiche del prodotto:<\/span><\/strong><\/p>\n<p><span style=\"color: #e38c12;\">Eccellente durata:<\/span> Il materiale in acciaio resistente agli agenti atmosferici \u00e8 stato appositamente trattato per formare uno strato protettivo stabile di ossidazione, che resiste efficacemente all'erosione naturale come pioggia, neve, gelo e raggi ultravioletti. La durata di vita pu\u00f2 raggiungere i decenni, ovvero 3-5 volte quella delle normali attrezzature per barbecue.<\/p>\n<p><span style=\"color: #e38c12;\">Esperienza di cucina professionale:<\/span> Il doppio metodo di cottura soddisfa le diverse esigenze di cottura, sia che si tratti di un raffinato teppanyaki o di un tradizionale barbecue a carbonella. Il naturale sapore di fumo prodotto dalla combustione della legna rende il cibo pi\u00f9 fragrante e delizioso.<\/p>\n<p><span style=\"color: #e38c12;\">Design comodo e pratico:<\/span> Design ad altezza ragionevole, ergonomico, comodo e non affaticante. Il design dello spazio inferiore per riporre la legna \u00e8 pratico e premuroso, in modo da mantenere la legna asciutta e pronta per l'uso in qualsiasi momento. La struttura complessiva \u00e8 stabile e facile da spostare.<\/p>\n<p><span style=\"color: #e38c12;\">Rispettoso dell'ambiente:<\/span> Utilizzando il legno naturale come combustibile, evitando le sostanze nocive dei combustibili chimici, il processo di cottura \u00e8 pi\u00f9 sano ed ecologico. Il materiale in acciaio resistente agli agenti atmosferici \u00e8 riciclabile e in linea con il concetto di sviluppo sostenibile.<\/p>\n<p><span style=\"color: #e38c12;\">Bella e generosa:<\/span> L'esclusivo design estetico industriale, la texture color ruggine si sposa perfettamente con l'ambiente moderno del cortile e del giardino. Non \u00e8 solo uno strumento di cottura, ma anche un elemento decorativo per lo spazio esterno.<\/p>\n<p><strong><span style=\"font-size: 14pt;\">Specifiche del prodotto:<\/span><\/strong><\/p>\n<table style=\"border-collapse: collapse; width: 100%;\">\n<tbody>\n<tr>\n<td style=\"width: 24.9439%; background-color: #f5f5f5;\">Dimensione del prodotto<\/td>\n<td style=\"width: 75.0561%; background-color: #f5f5f5;\">100D*100H cm<\/td>\n<\/tr>\n<tr>\n<td style=\"width: 24.9439%;\">Area di cottura<\/td>\n<td style=\"width: 75.0561%;\">100D *30 H cm<\/td>\n<\/tr>\n<tr>\n<td style=\"width: 24.9439%; background-color: #f5f5f5;\">Materiale<\/td>\n<td style=\"width: 75.0561%; background-color: #f5f5f5;\">Acciaio corten<\/td>\n<\/tr>\n<tr>\n<td style=\"width: 24.9439%;\">Carburante<\/td>\n<td style=\"width: 75.0561%;\">Legno, carbone<\/td>\n<\/tr>\n<tr>\n<td style=\"width: 24.9439%; background-color: #f5f5f5;\">Trattamento della superficie<\/td>\n<td style=\"width: 75.0561%; background-color: #f5f5f5;\">Trattamento di ossidazione naturale<\/td>\n<\/tr>\n<\/tbody>\n<\/table>\n<p><span style=\"font-size: 14pt;\"><strong>Compresi gli accessori necessari:<\/strong><\/span><\/p>\n<p>Questo barbecue include alcuni strumenti necessari: padella, griglia centrale, maniglie, ecc.<\/p>\n<p><img decoding=\"async\" class=\"alignnone size-full wp-image-3520\" src=\"https:\/\/jblcorten.com\/wp-content\/uploads\/2025\/06\/bbq-grill-accessories.jpg\" alt=\"accessori per griglie bbq\" width=\"1000\" height=\"266\" title=\"\" srcset=\"https:\/\/jblcorten.com\/wp-content\/uploads\/2025\/06\/bbq-grill-accessories.jpg 1000w, https:\/\/jblcorten.com\/wp-content\/uploads\/2025\/06\/bbq-grill-accessories-300x80.jpg 300w, https:\/\/jblcorten.com\/wp-content\/uploads\/2025\/06\/bbq-grill-accessories-768x204.jpg 768w, https:\/\/jblcorten.com\/wp-content\/uploads\/2025\/06\/bbq-grill-accessories-18x5.jpg 18w, https:\/\/jblcorten.com\/wp-content\/uploads\/2025\/06\/bbq-grill-accessories-600x160.jpg 600w\" sizes=\"(max-width: 1000px) 100vw, 1000px\" \/><\/p>\n<p><strong><span style=\"font-size: 14pt;\">Metodi di imballaggio:<\/span><\/strong><\/p>\n<p><img decoding=\"async\" class=\"alignnone size-full wp-image-3521\" src=\"https:\/\/jblcorten.com\/wp-content\/uploads\/2025\/06\/bbq-grill-packing.jpg\" alt=\"imballaggio per griglia bbq\" width=\"1000\" height=\"381\" title=\"\" srcset=\"https:\/\/jblcorten.com\/wp-content\/uploads\/2025\/06\/bbq-grill-packing.jpg 1000w, https:\/\/jblcorten.com\/wp-content\/uploads\/2025\/06\/bbq-grill-packing-300x114.jpg 300w, https:\/\/jblcorten.com\/wp-content\/uploads\/2025\/06\/bbq-grill-packing-768x293.jpg 768w, https:\/\/jblcorten.com\/wp-content\/uploads\/2025\/06\/bbq-grill-packing-18x7.jpg 18w, https:\/\/jblcorten.com\/wp-content\/uploads\/2025\/06\/bbq-grill-packing-600x229.jpg 600w\" sizes=\"(max-width: 1000px) 100vw, 1000px\" \/><\/p>","protected":false},"excerpt":{"rendered":"<p>Plancha Barbecue Grill \u00e8 un'attrezzatura professionale per barbecue all'aperto realizzata in acciaio di alta qualit\u00e0 resistente agli agenti atmosferici. Lo strato superiore \u00e8 dotato di una griglia e di un grill ad alte prestazioni, mentre lo strato inferiore \u00e8 dotato di uno spazio dedicato alla legna, che consente di godere del puro divertimento della cucina all'aperto.<\/p>\n<p>Materiale: Corten<br \/>\nDimensioni: 100D*100H cm<br \/>\nSpessore: 3 mm<br \/>\nFinitura: Finitura arrugginita<br \/>\nImballaggio: Scatola di legno<\/p>","protected":false},"featured_media":3525,"template":"","meta":{"site-sidebar-layout":"default","site-content-layout":"","ast-site-content-layout":"default","site-content-style":"default","site-sidebar-style":"default","ast-global-header-display":"","ast-banner-title-visibility":"","ast-main-header-display":"","ast-hfb-above-header-display":"","ast-hfb-below-header-display":"","ast-hfb-mobile-header-display":"","site-post-title":"","ast-breadcrumbs-content":"","ast-featured-img":"","footer-sml-layout":"","ast-disable-related-posts":"","theme-transparent-header-meta":"default","adv-header-id-meta":"","stick-header-meta":"","header-above-stick-meta":"","header-main-stick-meta":"","header-below-stick-meta":"","astra-migrate-meta-layouts":"set","ast-page-background-enabled":"default","ast-page-background-meta":{"desktop":{"background-color":"var(--ast-global-color-4)","background-image":"","background-repeat":"repeat","background-position":"center center","background-size":"auto","background-attachment":"scroll","background-type":"","background-media":"","overlay-type":"","overlay-color":"","overlay-opacity":"","overlay-gradient":""},"tablet":{"background-color":"","background-image":"","background-repeat":"repeat","background-position":"center center","background-size":"auto","background-attachment":"scroll","background-type":"","background-media":"","overlay-type":"","overlay-color":"","overlay-opacity":"","overlay-gradient":""},"mobile":{"background-color":"","background-image":"","background-repeat":"repeat","background-position":"center center","background-size":"auto","background-attachment":"scroll","background-type":"","background-media":"","overlay-type":"","overlay-color":"","overlay-opacity":"","overlay-gradient":""}},"ast-content-background-meta":{"desktop":{"background-color":"var(--ast-global-color-5)","background-image":"","background-repeat":"repeat","background-position":"center center","background-size":"auto","background-attachment":"scroll","background-type":"","background-media":"","overlay-type":"","overlay-color":"","overlay-opacity":"","overlay-gradient":""},"tablet":{"background-color":"var(--ast-global-color-5)","background-image":"","background-repeat":"repeat","background-position":"center center","background-size":"auto","background-attachment":"scroll","background-type":"","background-media":"","overlay-type":"","overlay-color":"","overlay-opacity":"","overlay-gradient":""},"mobile":{"background-color":"var(--ast-global-color-5)","background-image":"","background-repeat":"repeat","background-position":"center center","background-size":"auto","background-attachment":"scroll","background-type":"","background-media":"","overlay-type":"","overlay-color":"","overlay-opacity":"","overlay-gradient":""}}},"product_brand":[],"product_cat":[25],"product_tag":[27,70],"class_list":{"0":"post-3518","1":"product","2":"type-product","3":"status-publish","4":"has-post-thumbnail","6":"product_cat-bbq-grill","7":"product_tag-bbq-grill","8":"product_tag-corten-steel-bbq-grill","9":"desktop-align-center","10":"tablet-align-left","11":"mobile-align-left","13":"first","14":"instock","15":"shipping-taxable","16":"product-type-simple"},"_links":{"self":[{"href":"https:\/\/jblcorten.com\/it\/wp-json\/wp\/v2\/product\/3518","targetHints":{"allow":["GET"]}}],"collection":[{"href":"https:\/\/jblcorten.com\/it\/wp-json\/wp\/v2\/product"}],"about":[{"href":"https:\/\/jblcorten.com\/it\/wp-json\/wp\/v2\/types\/product"}],"wp:featuredmedia":[{"embeddable":true,"href":"https:\/\/jblcorten.com\/it\/wp-json\/wp\/v2\/media\/3525"}],"wp:attachment":[{"href":"https:\/\/jblcorten.com\/it\/wp-json\/wp\/v2\/media?parent=3518"}],"wp:term":[{"taxonomy":"product_brand","embeddable":true,"href":"https:\/\/jblcorten.com\/it\/wp-json\/wp\/v2\/product_brand?post=3518"},{"taxonomy":"product_cat","embeddable":true,"href":"https:\/\/jblcorten.com\/it\/wp-json\/wp\/v2\/product_cat?post=3518"},{"taxonomy":"product_tag","embeddable":true,"href":"https:\/\/jblcorten.com\/it\/wp-json\/wp\/v2\/product_tag?post=3518"}],"curies":[{"name":"wp","href":"https:\/\/api.w.org\/{rel}","templated":true}]}}