{"id":3483,"date":"2025-06-26T17:20:04","date_gmt":"2025-06-26T09:20:04","guid":{"rendered":"https:\/\/jblcorten.com\/?post_type=product&#038;p=3483"},"modified":"2025-06-26T17:20:04","modified_gmt":"2025-06-26T09:20:04","slug":"pozzo-del-fuoco-con-serbatoio-di-propano-nascosto","status":"publish","type":"product","link":"https:\/\/jblcorten.com\/it\/hidden-propane-tank-fire-pit\/","title":{"rendered":"Pozzetto per fuochi con serbatoio di propano nascosto"},"content":{"rendered":"<h2 style=\"text-align: center;\"><span style=\"font-size: 14pt;\">Pozzetto per fuochi con serbatoio di propano nascosto<\/span><\/h2>\n<p>Questo focolare nascosto con serbatoio di propano \u00e8 realizzato in acciaio corten (acciaio resistente agli agenti atmosferici) e svilupper\u00e0 naturalmente un aspetto arrugginito nel tempo, a prova di ruggine e con un alto valore decorativo. L'interno del focolare \u00e8 costituito da un bruciatore in acciaio inossidabile, con decorazione in roccia vulcanica all'interno, che fornisce una fiamma stabile e bella, ed \u00e8 circondato da un paravento in vetro temperato per una maggiore sicurezza e un'esperienza visiva migliore.<\/p>\n<p>Il pozzo del fuoco \u00e8 dotato di tubi del gas e serbatoi di propano nascosti all'interno, di un pulsante di accensione e di un dispositivo di regolazione della fiamma, facile da usare. \u00c8 adatto per i cortili privati ed \u00e8 anche ampiamente utilizzato in hotel di alto livello, terrazze sul tetto, ecc.<\/p>\n<p><img fetchpriority=\"high\" decoding=\"async\" class=\"alignnone wp-image-3484\" src=\"https:\/\/jblcorten.com\/wp-content\/uploads\/2025\/06\/hidden-propane-tank-fire-pit.jpg\" alt=\"pozzo del fuoco con serbatoio di propano nascosto\" width=\"750\" height=\"470\" title=\"\" srcset=\"https:\/\/jblcorten.com\/wp-content\/uploads\/2025\/06\/hidden-propane-tank-fire-pit.jpg 1000w, https:\/\/jblcorten.com\/wp-content\/uploads\/2025\/06\/hidden-propane-tank-fire-pit-300x188.jpg 300w, https:\/\/jblcorten.com\/wp-content\/uploads\/2025\/06\/hidden-propane-tank-fire-pit-768x481.jpg 768w, https:\/\/jblcorten.com\/wp-content\/uploads\/2025\/06\/hidden-propane-tank-fire-pit-18x12.jpg 18w, https:\/\/jblcorten.com\/wp-content\/uploads\/2025\/06\/hidden-propane-tank-fire-pit-600x376.jpg 600w\" sizes=\"(max-width: 750px) 100vw, 750px\" \/><\/p>\n<p><strong><span style=\"font-size: 14pt;\">Specifiche del prodotto:<\/span><\/strong><\/p>\n<table style=\"border-collapse: collapse; width: 100%;\">\n<tbody>\n<tr>\n<td style=\"width: 29.2072%; background-color: #f5f5f5;\">Tipo di prodotto<\/td>\n<td style=\"width: 70.7928%; background-color: #f5f5f5;\">Camino a gas<\/td>\n<\/tr>\n<tr>\n<td style=\"width: 29.2072%;\">Materiale<\/td>\n<td style=\"width: 70.7928%;\">Acciaio corten, acciaio inox<\/td>\n<\/tr>\n<tr>\n<td style=\"width: 29.2072%; background-color: #f5f5f5;\">Dimensione<\/td>\n<td style=\"width: 70.7928%; background-color: #f5f5f5;\">1200 mm \u00d7500 mm \u00d7600 mm o personalizzato<\/td>\n<\/tr>\n<tr>\n<td style=\"width: 29.2072%;\">Carburante<\/td>\n<td style=\"width: 70.7928%;\">Propano<\/td>\n<\/tr>\n<tr>\n<td style=\"width: 29.2072%; background-color: #f5f5f5;\">Accensione<\/td>\n<td style=\"width: 70.7928%; background-color: #f5f5f5;\">Accensione a pulsante<\/td>\n<\/tr>\n<\/tbody>\n<\/table>\n<p><strong><span style=\"font-size: 14pt;\">Accessori:<\/span><\/strong><\/p>\n<ul>\n<li>Bruciatore: Realizzato in acciaio inox, resistente<\/li>\n<li>Protezione antivento in vetro: Migliora la stabilit\u00e0 della fiamma e la visione del focolare<\/li>\n<li>Rocce di lava: Contribuiscono a distribuire uniformemente le fiamme e a migliorare gli effetti visivi.<\/li>\n<li>Tubo del gas con connettore: Collega il focolare al serbatoio del propano<\/li>\n<\/ul>\n<p><img decoding=\"async\" class=\"alignnone size-full wp-image-3487\" src=\"https:\/\/jblcorten.com\/wp-content\/uploads\/2025\/06\/fire-pit-with-propane-tank-inside.jpg\" alt=\"pozzo del fuoco con serbatoio di propano all&#039;interno\" width=\"1000\" height=\"400\" title=\"\" srcset=\"https:\/\/jblcorten.com\/wp-content\/uploads\/2025\/06\/fire-pit-with-propane-tank-inside.jpg 1000w, https:\/\/jblcorten.com\/wp-content\/uploads\/2025\/06\/fire-pit-with-propane-tank-inside-300x120.jpg 300w, https:\/\/jblcorten.com\/wp-content\/uploads\/2025\/06\/fire-pit-with-propane-tank-inside-768x307.jpg 768w, https:\/\/jblcorten.com\/wp-content\/uploads\/2025\/06\/fire-pit-with-propane-tank-inside-18x7.jpg 18w, https:\/\/jblcorten.com\/wp-content\/uploads\/2025\/06\/fire-pit-with-propane-tank-inside-600x240.jpg 600w\" sizes=\"(max-width: 1000px) 100vw, 1000px\" \/><\/p>\n<p><strong><span style=\"font-size: 14pt;\">FAQ:<\/span><\/strong><\/p>\n<p>1.D: Fuma durante l'uso?<br \/>\nR: No, il focolare utilizza un combustibile a gas, che brucia in modo pulito senza fumo o cenere.<\/p>\n<p>2.D: Deve essere assemblato?<br \/>\nR: Fondamentalmente non \u00e8 necessario alcun assemblaggio, basta collegare l'interfaccia del gas e si pu\u00f2 utilizzare.<\/p>\n<p>3.D: L'acciaio resistente agli agenti atmosferici si arrugginisce sempre?<br \/>\nR: La sua \"ruggine\" \u00e8 uno strato protettivo, che sar\u00e0 stabile e non cadr\u00e0 dopo la formazione, e non influenzer\u00e0 l'uso.<\/p>\n<p>4.D: Pu\u00f2 essere posizionato su un pavimento in legno?<br \/>\nR: S\u00ec, ma si consiglia di posizionare un tappetino resistente al calore o un mattone ignifugo sul fondo del focolare per aumentare la sicurezza.<\/p>\n<p>5.Q: La dimensione o il colore possono essere personalizzati?<br \/>\nR: Sono supportate dimensioni personalizzate e accessori coordinati. Per ulteriori informazioni, lasciare un messaggio nel modulo sottostante.<\/p>","protected":false},"excerpt":{"rendered":"<p>Questo focolare nascosto con serbatoio di propano \u00e8 realizzato in acciaio corten di alta qualit\u00e0 e la superficie \u00e8 trattata appositamente con antiruggine per formare uno strato protettivo naturale color ruggine. Dotato di una copertura in vetro temperato ad alta temperatura, blocca efficacemente il vento e offre una protezione di sicurezza.<\/p>\n<ul>\n<li>Materiale in acciaio di alta qualit\u00e0, resistente agli agenti atmosferici e durevole;<\/li>\n<li>Coperchio in vetro trasparente resistente alle alte temperature;<\/li>\n<li>Sistema di accensione elettronica, facile da usare;<\/li>\n<li>Regolazione del fuoco a pi\u00f9 livelli;<\/li>\n<li>Design del serbatoio del propano nascosto.<\/li>\n<\/ul>","protected":false},"featured_media":2569,"template":"","meta":{"site-sidebar-layout":"default","site-content-layout":"","ast-site-content-layout":"default","site-content-style":"default","site-sidebar-style":"default","ast-global-header-display":"","ast-banner-title-visibility":"","ast-main-header-display":"","ast-hfb-above-header-display":"","ast-hfb-below-header-display":"","ast-hfb-mobile-header-display":"","site-post-title":"","ast-breadcrumbs-content":"","ast-featured-img":"","footer-sml-layout":"","ast-disable-related-posts":"","theme-transparent-header-meta":"default","adv-header-id-meta":"","stick-header-meta":"","header-above-stick-meta":"","header-main-stick-meta":"","header-below-stick-meta":"","astra-migrate-meta-layouts":"set","ast-page-background-enabled":"default","ast-page-background-meta":{"desktop":{"background-color":"var(--ast-global-color-4)","background-image":"","background-repeat":"repeat","background-position":"center center","background-size":"auto","background-attachment":"scroll","background-type":"","background-media":"","overlay-type":"","overlay-color":"","overlay-opacity":"","overlay-gradient":""},"tablet":{"background-color":"","background-image":"","background-repeat":"repeat","background-position":"center center","background-size":"auto","background-attachment":"scroll","background-type":"","background-media":"","overlay-type":"","overlay-color":"","overlay-opacity":"","overlay-gradient":""},"mobile":{"background-color":"","background-image":"","background-repeat":"repeat","background-position":"center center","background-size":"auto","background-attachment":"scroll","background-type":"","background-media":"","overlay-type":"","overlay-color":"","overlay-opacity":"","overlay-gradient":""}},"ast-content-background-meta":{"desktop":{"background-color":"var(--ast-global-color-5)","background-image":"","background-repeat":"repeat","background-position":"center center","background-size":"auto","background-attachment":"scroll","background-type":"","background-media":"","overlay-type":"","overlay-color":"","overlay-opacity":"","overlay-gradient":""},"tablet":{"background-color":"var(--ast-global-color-5)","background-image":"","background-repeat":"repeat","background-position":"center center","background-size":"auto","background-attachment":"scroll","background-type":"","background-media":"","overlay-type":"","overlay-color":"","overlay-opacity":"","overlay-gradient":""},"mobile":{"background-color":"var(--ast-global-color-5)","background-image":"","background-repeat":"repeat","background-position":"center center","background-size":"auto","background-attachment":"scroll","background-type":"","background-media":"","overlay-type":"","overlay-color":"","overlay-opacity":"","overlay-gradient":""}}},"product_brand":[],"product_cat":[29,47],"product_tag":[78,79],"class_list":{"0":"post-3483","1":"product","2":"type-product","3":"status-publish","4":"has-post-thumbnail","6":"product_cat-fire-pit","7":"product_cat-gas-fire-pit","8":"product_tag-gas-fire-pit","9":"product_tag-smokeless-fire-pit","10":"desktop-align-center","11":"tablet-align-left","12":"mobile-align-left","14":"first","15":"instock","16":"shipping-taxable","17":"product-type-simple"},"_links":{"self":[{"href":"https:\/\/jblcorten.com\/it\/wp-json\/wp\/v2\/product\/3483","targetHints":{"allow":["GET"]}}],"collection":[{"href":"https:\/\/jblcorten.com\/it\/wp-json\/wp\/v2\/product"}],"about":[{"href":"https:\/\/jblcorten.com\/it\/wp-json\/wp\/v2\/types\/product"}],"wp:featuredmedia":[{"embeddable":true,"href":"https:\/\/jblcorten.com\/it\/wp-json\/wp\/v2\/media\/2569"}],"wp:attachment":[{"href":"https:\/\/jblcorten.com\/it\/wp-json\/wp\/v2\/media?parent=3483"}],"wp:term":[{"taxonomy":"product_brand","embeddable":true,"href":"https:\/\/jblcorten.com\/it\/wp-json\/wp\/v2\/product_brand?post=3483"},{"taxonomy":"product_cat","embeddable":true,"href":"https:\/\/jblcorten.com\/it\/wp-json\/wp\/v2\/product_cat?post=3483"},{"taxonomy":"product_tag","embeddable":true,"href":"https:\/\/jblcorten.com\/it\/wp-json\/wp\/v2\/product_tag?post=3483"}],"curies":[{"name":"wp","href":"https:\/\/api.w.org\/{rel}","templated":true}]}}