{"id":3468,"date":"2025-06-26T11:48:08","date_gmt":"2025-06-26T03:48:08","guid":{"rendered":"https:\/\/jblcorten.com\/?post_type=product&#038;p=3468"},"modified":"2025-06-26T17:16:40","modified_gmt":"2025-06-26T09:16:40","slug":"pozzo-del-fuoco-a-gas-portatile","status":"publish","type":"product","link":"https:\/\/jblcorten.com\/it\/portable-gas-fire-pit\/","title":{"rendered":"Focolare portatile a gas"},"content":{"rendered":"<h2 style=\"text-align: center;\"><span style=\"font-size: 14pt;\">Focolare portatile a gas<\/span><\/h2>\n<p>Questo braciere a gas portatile di alta qualit\u00e0 \u00e8 il compagno perfetto per la vita all'aria aperta. \u00c8 realizzato in acciaio al carbonio e la superficie \u00e8 verniciata, il che lo rende bello e resistente. L'esclusivo design del bruciatore ad anello a 360 gradi, combinato con la tecnologia di combustione importata dalla Germania, assicura che la fiamma sia distribuita in modo uniforme e stabile e che l'efficienza di combustione raggiunga il 95%.<\/p>\n<p>La potente potenza termica di 52000 BTU pu\u00f2 essere accesa in 3 secondi e la potenza del fuoco pu\u00f2 essere regolata con un solo pulsante per soddisfare le esigenze di diversi scenari. Grazie al design della copertura antivento, la fiamma pu\u00f2 continuare a bruciare in modo stabile anche in presenza di brezza.<\/p>\n<p>Il design portatile occupa solo 20,5*20,5*12,8 cm di spazio dopo lo stoccaggio, pesa solo 32 libbre ed \u00e8 dotato di una speciale borsa per lo stoccaggio, in modo da poterlo trasportare facilmente ovunque si desideri. Dite addio al fumo e al fuoco dei tradizionali fal\u00f2 e godetevi l'esperienza di un fuoco moderno, pulito e senza fumo.<\/p>\n<p><img fetchpriority=\"high\" decoding=\"async\" class=\"alignnone wp-image-3475 size-full\" title=\"pozzo del fuoco a gas portatile\" src=\"https:\/\/jblcorten.com\/wp-content\/uploads\/2025\/06\/portable-gas-fire-pit-for-sale.jpg\" alt=\"\" width=\"1000\" height=\"588\" srcset=\"https:\/\/jblcorten.com\/wp-content\/uploads\/2025\/06\/portable-gas-fire-pit-for-sale.jpg 1000w, https:\/\/jblcorten.com\/wp-content\/uploads\/2025\/06\/portable-gas-fire-pit-for-sale-300x176.jpg 300w, https:\/\/jblcorten.com\/wp-content\/uploads\/2025\/06\/portable-gas-fire-pit-for-sale-768x452.jpg 768w, https:\/\/jblcorten.com\/wp-content\/uploads\/2025\/06\/portable-gas-fire-pit-for-sale-18x12.jpg 18w, https:\/\/jblcorten.com\/wp-content\/uploads\/2025\/06\/portable-gas-fire-pit-for-sale-600x353.jpg 600w\" sizes=\"(max-width: 1000px) 100vw, 1000px\" \/><\/p>\n<table style=\"border-collapse: collapse; width: 100%;\">\n<tbody>\n<tr>\n<td style=\"width: 38.9305%; background-color: #f5f5f5;\">Nome del prodotto<\/td>\n<td style=\"width: 61.0695%; background-color: #f5f5f5;\">Focolare portatile a gas<\/td>\n<\/tr>\n<tr>\n<td style=\"width: 38.9305%;\">Materiale<\/td>\n<td style=\"width: 61.0695%;\">Acciaio al carbonio, acciaio inossidabile<\/td>\n<\/tr>\n<tr>\n<td style=\"width: 38.9305%; background-color: #f5f5f5;\">Colore<\/td>\n<td style=\"width: 61.0695%; background-color: #f5f5f5;\">Nero<\/td>\n<\/tr>\n<tr>\n<td style=\"width: 38.9305%;\">Dimensione<\/td>\n<td style=\"width: 61.0695%;\">20,5*20,5*12,8 cm<\/td>\n<\/tr>\n<tr>\n<td style=\"width: 38.9305%; background-color: #f5f5f5;\">Carburante<\/td>\n<td style=\"width: 61.0695%; background-color: #f5f5f5;\">Propano<\/td>\n<\/tr>\n<\/tbody>\n<\/table>\n<p style=\"text-align: center;\"><span style=\"font-size: 14pt; color: #37ab1a;\"><strong>Perch\u00e9 scegliere il braciere a gas?<\/strong><\/span><\/p>\n<p><strong>NESSUN FUMO o CENERE:<\/strong> Questo braciere a gas offre un fuoco pulito, senza fumo e realistico. Non \u00e8 necessario preparare e trasportare costosa legna da ardere, n\u00e9 accendere il fuoco. Goditi semplicemente la comodit\u00e0 della vita all'aria aperta.<\/p>\n<p><strong>PORTATILE E FACILE DA TRASPORTARE:<\/strong> Questo braciere portatile \u00e8 compatto, leggero e salvaspazio. Puoi metterlo nel bagagliaio della tua auto e portarlo ovunque desideri. Dimensioni: 20,5*20,5*12,8 cm.<\/p>\n<p><strong>PERFETTO CENTROTAVOLA DA ESTERNO:<\/strong> Il braciere portatile a gas con classico bruciatore nero opaco e potenza termica di 52.000 Btu offre calore e crea l'atmosfera giusta per chiacchierare in giardino, riscaldare il campeggio, viaggiare in camper, organizzare feste in spiaggia e stare in terrazza. Condividi i momenti piacevoli con la famiglia e gli amici in tutta comodit\u00e0 e con stile ovunque all'aperto. Certificato ETL e CE.<\/p>\n<p><img decoding=\"async\" class=\"alignnone size-full wp-image-3485\" src=\"https:\/\/jblcorten.com\/wp-content\/uploads\/2025\/06\/outdoor-propane-fire-pit-1.jpg\" alt=\"pozzo del fuoco a propano per esterni\" width=\"1000\" height=\"400\" title=\"\" srcset=\"https:\/\/jblcorten.com\/wp-content\/uploads\/2025\/06\/outdoor-propane-fire-pit-1.jpg 1000w, https:\/\/jblcorten.com\/wp-content\/uploads\/2025\/06\/outdoor-propane-fire-pit-1-300x120.jpg 300w, https:\/\/jblcorten.com\/wp-content\/uploads\/2025\/06\/outdoor-propane-fire-pit-1-768x307.jpg 768w, https:\/\/jblcorten.com\/wp-content\/uploads\/2025\/06\/outdoor-propane-fire-pit-1-18x7.jpg 18w, https:\/\/jblcorten.com\/wp-content\/uploads\/2025\/06\/outdoor-propane-fire-pit-1-600x240.jpg 600w\" sizes=\"(max-width: 1000px) 100vw, 1000px\" \/><\/p>","protected":false},"excerpt":{"rendered":"<p>Questo braciere a gas portatile ha una potenza termica di 52.000 BTU, si accende in 3 secondi e la potenza del fuoco pu\u00f2 essere regolata con un solo pulsante per soddisfare le esigenze di diversi scenari. Grazie al design della copertura antivento, la fiamma pu\u00f2 continuare a bruciare in modo stabile anche in presenza di brezza.<\/p>\n<p>&nbsp;<\/p>","protected":false},"featured_media":3473,"template":"","meta":{"site-sidebar-layout":"default","site-content-layout":"","ast-site-content-layout":"default","site-content-style":"default","site-sidebar-style":"default","ast-global-header-display":"","ast-banner-title-visibility":"","ast-main-header-display":"","ast-hfb-above-header-display":"","ast-hfb-below-header-display":"","ast-hfb-mobile-header-display":"","site-post-title":"","ast-breadcrumbs-content":"","ast-featured-img":"","footer-sml-layout":"","ast-disable-related-posts":"","theme-transparent-header-meta":"default","adv-header-id-meta":"","stick-header-meta":"","header-above-stick-meta":"","header-main-stick-meta":"","header-below-stick-meta":"","astra-migrate-meta-layouts":"set","ast-page-background-enabled":"default","ast-page-background-meta":{"desktop":{"background-color":"var(--ast-global-color-4)","background-image":"","background-repeat":"repeat","background-position":"center center","background-size":"auto","background-attachment":"scroll","background-type":"","background-media":"","overlay-type":"","overlay-color":"","overlay-opacity":"","overlay-gradient":""},"tablet":{"background-color":"","background-image":"","background-repeat":"repeat","background-position":"center center","background-size":"auto","background-attachment":"scroll","background-type":"","background-media":"","overlay-type":"","overlay-color":"","overlay-opacity":"","overlay-gradient":""},"mobile":{"background-color":"","background-image":"","background-repeat":"repeat","background-position":"center center","background-size":"auto","background-attachment":"scroll","background-type":"","background-media":"","overlay-type":"","overlay-color":"","overlay-opacity":"","overlay-gradient":""}},"ast-content-background-meta":{"desktop":{"background-color":"var(--ast-global-color-5)","background-image":"","background-repeat":"repeat","background-position":"center center","background-size":"auto","background-attachment":"scroll","background-type":"","background-media":"","overlay-type":"","overlay-color":"","overlay-opacity":"","overlay-gradient":""},"tablet":{"background-color":"var(--ast-global-color-5)","background-image":"","background-repeat":"repeat","background-position":"center center","background-size":"auto","background-attachment":"scroll","background-type":"","background-media":"","overlay-type":"","overlay-color":"","overlay-opacity":"","overlay-gradient":""},"mobile":{"background-color":"var(--ast-global-color-5)","background-image":"","background-repeat":"repeat","background-position":"center center","background-size":"auto","background-attachment":"scroll","background-type":"","background-media":"","overlay-type":"","overlay-color":"","overlay-opacity":"","overlay-gradient":""}}},"product_brand":[],"product_cat":[29,47],"product_tag":[],"class_list":{"0":"post-3468","1":"product","2":"type-product","3":"status-publish","4":"has-post-thumbnail","6":"product_cat-fire-pit","7":"product_cat-gas-fire-pit","8":"desktop-align-center","9":"tablet-align-left","10":"mobile-align-left","12":"first","13":"instock","14":"shipping-taxable","15":"product-type-simple"},"_links":{"self":[{"href":"https:\/\/jblcorten.com\/it\/wp-json\/wp\/v2\/product\/3468","targetHints":{"allow":["GET"]}}],"collection":[{"href":"https:\/\/jblcorten.com\/it\/wp-json\/wp\/v2\/product"}],"about":[{"href":"https:\/\/jblcorten.com\/it\/wp-json\/wp\/v2\/types\/product"}],"wp:featuredmedia":[{"embeddable":true,"href":"https:\/\/jblcorten.com\/it\/wp-json\/wp\/v2\/media\/3473"}],"wp:attachment":[{"href":"https:\/\/jblcorten.com\/it\/wp-json\/wp\/v2\/media?parent=3468"}],"wp:term":[{"taxonomy":"product_brand","embeddable":true,"href":"https:\/\/jblcorten.com\/it\/wp-json\/wp\/v2\/product_brand?post=3468"},{"taxonomy":"product_cat","embeddable":true,"href":"https:\/\/jblcorten.com\/it\/wp-json\/wp\/v2\/product_cat?post=3468"},{"taxonomy":"product_tag","embeddable":true,"href":"https:\/\/jblcorten.com\/it\/wp-json\/wp\/v2\/product_tag?post=3468"}],"curies":[{"name":"wp","href":"https:\/\/api.w.org\/{rel}","templated":true}]}}