{"id":3440,"date":"2025-06-23T15:50:55","date_gmt":"2025-06-23T07:50:55","guid":{"rendered":"https:\/\/jblcorten.com\/?post_type=product&#038;p=3440"},"modified":"2025-06-24T11:44:05","modified_gmt":"2025-06-24T03:44:05","slug":"focolari-a-legna","status":"publish","type":"product","link":"https:\/\/jblcorten.com\/it\/wood-burning-fire-pits\/","title":{"rendered":"Focolari a legna"},"content":{"rendered":"<h2 style=\"text-align: center;\"><span style=\"font-size: 14pt;\">Focolari a legna<\/span><\/h2>\n<p>Il design con diametro di 120 cm offre uno spazio di combustione sufficiente e pu\u00f2 contenere una grande quantit\u00e0 di legna per garantire una combustione stabile a lungo termine. La struttura a bacino poco profondo migliora la circolazione dell'ossigeno, rendendo la combustione pi\u00f9 completa e la fiamma pi\u00f9 vigorosa.<\/p>\n<p>La piastra in acciaio di alta qualit\u00e0 dello spessore di 3 mm garantisce la durata del prodotto, mentre il design strutturale scientifico ne assicura un utilizzo sicuro. Il design con parte inferiore sopraelevata protegge efficacemente il terreno e previene danni causati dalle alte temperature. Ogni dettaglio \u00e8 stato attentamente studiato per offrire agli utenti un'esperienza d'uso sicura.<\/p>\n<p>Inoltre, il materiale dei bracieri a legna \u00e8 l'acciaio corten, che ha propriet\u00e0 di autoprotezione uniche e forma uno strato protettivo di ossido denso nell'ambiente naturale. Questo \u201ccolore ruggine\u201d \u00e8 in realt\u00e0 il rivestimento anticorrosivo pi\u00f9 naturale. Non \u00e8 richiesta alcuna manutenzione regolare. Con il passare del tempo, la texture della superficie diventer\u00e0 sempre pi\u00f9 ricca, mostrando tracce uniche del tempo. La durata normale pu\u00f2 raggiungere i 20-30 anni, che \u00e8 diverse volte superiore a quella dei prodotti tradizionali in acciaio.<\/p>\n<p><strong><span style=\"font-size: 14pt;\">Specifiche del prodotto:<\/span><\/strong><\/p>\n<table style=\"border-collapse: collapse; width: 100%; height: 265px;\">\n<tbody>\n<tr style=\"height: 53px;\">\n<td style=\"width: 26.2902%; height: 53px; background-color: #f5f5f5;\">Nome del prodotto<\/td>\n<td style=\"width: 73.7098%; height: 53px; background-color: #f5f5f5;\">Focolari a legna<\/td>\n<\/tr>\n<tr style=\"height: 53px;\">\n<td style=\"width: 26.2902%; height: 53px;\">Materiale<\/td>\n<td style=\"width: 73.7098%; height: 53px;\">Acciaio corten<\/td>\n<\/tr>\n<tr style=\"height: 53px;\">\n<td style=\"width: 26.2902%; height: 53px; background-color: #f5f5f5;\">Diametro<\/td>\n<td style=\"width: 73.7098%; height: 53px; background-color: #f5f5f5;\">120 cm o personalizzato<\/td>\n<\/tr>\n<tr style=\"height: 53px;\">\n<td style=\"width: 26.2902%; height: 53px;\">Spessore<\/td>\n<td style=\"width: 73.7098%; height: 53px;\">2-3 mm<\/td>\n<\/tr>\n<tr style=\"height: 53px;\">\n<td style=\"width: 26.2902%; height: 53px; background-color: #f5f5f5;\">Finitura<\/td>\n<td style=\"width: 73.7098%; height: 53px; background-color: #f5f5f5;\">Ruggine naturale<\/td>\n<\/tr>\n<\/tbody>\n<\/table>\n<p><strong><span style=\"font-size: 14pt;\">I vantaggi dell'acciaio Corten:<\/span><\/strong><\/p>\n<ul>\n<li><strong>Anticorrosione naturale: <\/strong>L'acciaio Corten forma una densa pellicola di ossido nell'ambiente naturale. Questo strato di \u201cruggine\u201d \u00e8 in realt\u00e0 il miglior strato protettivo.<\/li>\n<li><strong>Esente da manutenzione:<\/strong> Non \u00e8 necessario verniciare o trattare regolarmente contro la ruggine, il processo di invecchiamento naturale \u00e8 la migliore manutenzione.<\/li>\n<li><strong>Rispettoso dell'ambiente:<\/strong> Materiali riciclabili 100%, in linea con i moderni concetti di protezione ambientale<\/li>\n<li><strong>Forte durata:<\/strong> L'uso normale pu\u00f2 raggiungere i 20-30 anni, ovvero 3-5 volte la durata dell'acciaio comune.<\/li>\n<\/ul>\n<p><strong><span style=\"font-size: 14pt;\">Scenari applicativi:<\/span><\/strong><\/p>\n<ul style=\"list-style-type: circle;\">\n<li><strong>Riscaldamento<\/strong><br \/>\nQuando cala la notte, accendi la legna secca, le fiamme saltano e danzano, emanando luce calda e calore. Famiglia e amici si siedono intorno al fuoco e godono del calore che esso porta.<\/li>\n<li><strong>Barbecue<\/strong><br \/>\nPosizionate una griglia speciale sopra il braciere e questo si trasformer\u00e0 immediatamente in un'attrezzatura professionale per barbecue all'aperto. Il carbone o la legna che bruciano in modo costante sotto forniscono una fonte di calore continua e uniforme, mentre la griglia sopra cuoce una variet\u00e0 di prelibatezze.<\/li>\n<li><strong>Paesaggio acquatico<\/strong><br \/>\nRiempite la vasca con acqua pulita per creare immediatamente un effetto acquatico moderno e semplice. Potete aggiungere alcuni fiori di loto o lenticchia d'acqua per conferire un tocco naturale ed elegante.<\/li>\n<\/ul>\n<p><img fetchpriority=\"high\" decoding=\"async\" class=\"alignnone size-full wp-image-3446\" src=\"https:\/\/jblcorten.com\/wp-content\/uploads\/2025\/06\/wood-burning-fire-pit.jpg\" alt=\"pozzo del fuoco a legna\" width=\"750\" height=\"250\" title=\"\" srcset=\"https:\/\/jblcorten.com\/wp-content\/uploads\/2025\/06\/wood-burning-fire-pit.jpg 750w, https:\/\/jblcorten.com\/wp-content\/uploads\/2025\/06\/wood-burning-fire-pit-300x100.jpg 300w, https:\/\/jblcorten.com\/wp-content\/uploads\/2025\/06\/wood-burning-fire-pit-18x6.jpg 18w, https:\/\/jblcorten.com\/wp-content\/uploads\/2025\/06\/wood-burning-fire-pit-600x200.jpg 600w\" sizes=\"(max-width: 750px) 100vw, 750px\" \/><\/p>\n<p><strong><span style=\"font-size: 14pt;\">Imballaggio del prodotto:<\/span><\/strong><\/p>\n<p>I nostri metodi di imballaggio includono telai in legno, scatole di legno e pellet di ferro, ecc.<\/p>\n<p><img decoding=\"async\" class=\"alignnone wp-image-2452\" src=\"https:\/\/jblcorten.com\/wp-content\/uploads\/2024\/08\/metal-fire-pit.jpg\" alt=\"\" width=\"750\" height=\"473\" title=\"\" srcset=\"https:\/\/jblcorten.com\/wp-content\/uploads\/2024\/08\/metal-fire-pit.jpg 711w, https:\/\/jblcorten.com\/wp-content\/uploads\/2024\/08\/metal-fire-pit-600x378.jpg 600w, https:\/\/jblcorten.com\/wp-content\/uploads\/2024\/08\/metal-fire-pit-300x189.jpg 300w, https:\/\/jblcorten.com\/wp-content\/uploads\/2024\/08\/metal-fire-pit-18x12.jpg 18w\" sizes=\"(max-width: 750px) 100vw, 750px\" \/><\/p>","protected":false},"excerpt":{"rendered":"<p>L'ampio spazio di combustione pu\u00f2 contenere una grande quantit\u00e0 di legna e il tempo di combustione \u00e8 pi\u00f9 lungo. Inoltre, questo braciere a legna \u00e8 multifunzionale e pu\u00f2 essere utilizzato come braciere, barbecue, decorazione da giardino, ecc.<\/p>","protected":false},"featured_media":3442,"template":"","meta":{"site-sidebar-layout":"default","site-content-layout":"","ast-site-content-layout":"default","site-content-style":"default","site-sidebar-style":"default","ast-global-header-display":"","ast-banner-title-visibility":"","ast-main-header-display":"","ast-hfb-above-header-display":"","ast-hfb-below-header-display":"","ast-hfb-mobile-header-display":"","site-post-title":"","ast-breadcrumbs-content":"","ast-featured-img":"","footer-sml-layout":"","ast-disable-related-posts":"","theme-transparent-header-meta":"default","adv-header-id-meta":"","stick-header-meta":"","header-above-stick-meta":"","header-main-stick-meta":"","header-below-stick-meta":"","astra-migrate-meta-layouts":"set","ast-page-background-enabled":"default","ast-page-background-meta":{"desktop":{"background-color":"var(--ast-global-color-4)","background-image":"","background-repeat":"repeat","background-position":"center center","background-size":"auto","background-attachment":"scroll","background-type":"","background-media":"","overlay-type":"","overlay-color":"","overlay-opacity":"","overlay-gradient":""},"tablet":{"background-color":"","background-image":"","background-repeat":"repeat","background-position":"center center","background-size":"auto","background-attachment":"scroll","background-type":"","background-media":"","overlay-type":"","overlay-color":"","overlay-opacity":"","overlay-gradient":""},"mobile":{"background-color":"","background-image":"","background-repeat":"repeat","background-position":"center center","background-size":"auto","background-attachment":"scroll","background-type":"","background-media":"","overlay-type":"","overlay-color":"","overlay-opacity":"","overlay-gradient":""}},"ast-content-background-meta":{"desktop":{"background-color":"var(--ast-global-color-5)","background-image":"","background-repeat":"repeat","background-position":"center center","background-size":"auto","background-attachment":"scroll","background-type":"","background-media":"","overlay-type":"","overlay-color":"","overlay-opacity":"","overlay-gradient":""},"tablet":{"background-color":"var(--ast-global-color-5)","background-image":"","background-repeat":"repeat","background-position":"center center","background-size":"auto","background-attachment":"scroll","background-type":"","background-media":"","overlay-type":"","overlay-color":"","overlay-opacity":"","overlay-gradient":""},"mobile":{"background-color":"var(--ast-global-color-5)","background-image":"","background-repeat":"repeat","background-position":"center center","background-size":"auto","background-attachment":"scroll","background-type":"","background-media":"","overlay-type":"","overlay-color":"","overlay-opacity":"","overlay-gradient":""}}},"product_brand":[],"product_cat":[45,29],"product_tag":[],"class_list":{"0":"post-3440","1":"product","2":"type-product","3":"status-publish","4":"has-post-thumbnail","6":"product_cat-wood-burning-fire-pit","7":"product_cat-fire-pit","8":"desktop-align-center","9":"tablet-align-left","10":"mobile-align-left","12":"first","13":"instock","14":"shipping-taxable","15":"product-type-simple"},"_links":{"self":[{"href":"https:\/\/jblcorten.com\/it\/wp-json\/wp\/v2\/product\/3440","targetHints":{"allow":["GET"]}}],"collection":[{"href":"https:\/\/jblcorten.com\/it\/wp-json\/wp\/v2\/product"}],"about":[{"href":"https:\/\/jblcorten.com\/it\/wp-json\/wp\/v2\/types\/product"}],"wp:featuredmedia":[{"embeddable":true,"href":"https:\/\/jblcorten.com\/it\/wp-json\/wp\/v2\/media\/3442"}],"wp:attachment":[{"href":"https:\/\/jblcorten.com\/it\/wp-json\/wp\/v2\/media?parent=3440"}],"wp:term":[{"taxonomy":"product_brand","embeddable":true,"href":"https:\/\/jblcorten.com\/it\/wp-json\/wp\/v2\/product_brand?post=3440"},{"taxonomy":"product_cat","embeddable":true,"href":"https:\/\/jblcorten.com\/it\/wp-json\/wp\/v2\/product_cat?post=3440"},{"taxonomy":"product_tag","embeddable":true,"href":"https:\/\/jblcorten.com\/it\/wp-json\/wp\/v2\/product_tag?post=3440"}],"curies":[{"name":"wp","href":"https:\/\/api.w.org\/{rel}","templated":true}]}}