{"id":3430,"date":"2025-06-20T16:22:59","date_gmt":"2025-06-20T08:22:59","guid":{"rendered":"https:\/\/jblcorten.com\/?post_type=product&#038;p=3430"},"modified":"2025-06-20T16:23:42","modified_gmt":"2025-06-20T08:23:42","slug":"pozzo-del-fuoco-in-acciaio-corten","status":"publish","type":"product","link":"https:\/\/jblcorten.com\/it\/corten-steel-fire-pit\/","title":{"rendered":"Focolare in acciaio corten"},"content":{"rendered":"<h2><span style=\"font-size: 14pt;\">Focolare in acciaio corten<\/span><\/h2>\n<p>Il focolare in acciaio corten non \u00e8 solo un resistente focolare da esterno, ma anche un barbecue portatile. \u00c8 realizzato in acciaio di alta qualit\u00e0 resistente agli agenti atmosferici e la superficie non necessita di manutenzione. Pi\u00f9 a lungo viene utilizzato, la superficie si ossida naturalmente formando uno strato protettivo unico color ruggine, che non solo conferisce al prodotto un aspetto unico, ma ne migliora notevolmente la resistenza alla corrosione. Anche se esposto all'esterno per tutto l'anno, non richiede quasi alcuna manutenzione.<\/p>\n<p>Il pozzo del fuoco \u00e8 formato dal taglio laser e i moduli multipli in lamiera d'acciaio sono giuntati con precisione. La struttura \u00e8 stabile, rapida da assemblare, facile da smontare e da trasportare e riporre. La parte superiore \u00e8 dotata di una griglia staccabile, che pu\u00f2 essere facilmente trasformata in una griglia da barbecue completamente funzionale. Sul fondo del focolare sono presenti fessure di ventilazione che favoriscono efficacemente la circolazione dell'aria, rendono pi\u00f9 completa la combustione e pi\u00f9 vigorose le fiamme, risparmiando carburante e migliorando l'efficienza.<\/p>\n<p><img fetchpriority=\"high\" decoding=\"async\" class=\"alignnone size-full wp-image-3435\" src=\"https:\/\/jblcorten.com\/wp-content\/uploads\/2025\/06\/fire-pit-bbq.jpg\" alt=\"barbecue con braciere\" width=\"750\" height=\"375\" title=\"\" srcset=\"https:\/\/jblcorten.com\/wp-content\/uploads\/2025\/06\/fire-pit-bbq.jpg 750w, https:\/\/jblcorten.com\/wp-content\/uploads\/2025\/06\/fire-pit-bbq-300x150.jpg 300w, https:\/\/jblcorten.com\/wp-content\/uploads\/2025\/06\/fire-pit-bbq-18x9.jpg 18w, https:\/\/jblcorten.com\/wp-content\/uploads\/2025\/06\/fire-pit-bbq-600x300.jpg 600w\" sizes=\"(max-width: 750px) 100vw, 750px\" \/><\/p>\n<p><strong><span style=\"font-size: 14pt;\">Specifiche del prodotto:<\/span><\/strong><\/p>\n<table style=\"border-collapse: collapse; width: 100%;\">\n<tbody>\n<tr>\n<td style=\"width: 18.8108%; background-color: #f5f5f5;\">Tipo di prodotto<\/td>\n<td style=\"width: 81.1892%;\">Pozzo del fuoco<\/td>\n<\/tr>\n<tr>\n<td style=\"width: 18.8108%; background-color: #f5f5f5;\">Materiale<\/td>\n<td style=\"width: 81.1892%;\">Acciaio corten<\/td>\n<\/tr>\n<tr>\n<td style=\"width: 18.8108%; background-color: #f5f5f5;\">Dimensione<\/td>\n<td style=\"width: 81.1892%;\">90*40*40cm<\/td>\n<\/tr>\n<tr>\n<td style=\"width: 18.8108%; background-color: #f5f5f5;\">Spessore<\/td>\n<td style=\"width: 81.1892%;\">3 mm<\/td>\n<\/tr>\n<tr>\n<td style=\"width: 18.8108%; background-color: #f5f5f5;\">Trattamento della superficie<\/td>\n<td style=\"width: 81.1892%;\">Superficie originale ossidata dalla ruggine, senza necessit\u00e0 di verniciatura<\/td>\n<\/tr>\n<tr>\n<td style=\"width: 18.8108%; background-color: #f5f5f5;\">Accessori<\/td>\n<td style=\"width: 81.1892%;\">Griglia rimovibile (acciaio inox)<\/td>\n<\/tr>\n<\/tbody>\n<\/table>\n<p><strong><span style=\"font-size: 14pt;\">Dettagli del prodotto:<\/span><\/strong><\/p>\n<p><img decoding=\"async\" class=\"alignnone wp-image-3438 size-full\" src=\"https:\/\/jblcorten.com\/wp-content\/uploads\/2025\/06\/Rusty-Steel-Fire-Pit.jpg\" alt=\"Focolare in acciaio arrugginito\" width=\"750\" height=\"730\" title=\"\" srcset=\"https:\/\/jblcorten.com\/wp-content\/uploads\/2025\/06\/Rusty-Steel-Fire-Pit.jpg 750w, https:\/\/jblcorten.com\/wp-content\/uploads\/2025\/06\/Rusty-Steel-Fire-Pit-300x292.jpg 300w, https:\/\/jblcorten.com\/wp-content\/uploads\/2025\/06\/Rusty-Steel-Fire-Pit-12x12.jpg 12w, https:\/\/jblcorten.com\/wp-content\/uploads\/2025\/06\/Rusty-Steel-Fire-Pit-600x584.jpg 600w\" sizes=\"(max-width: 750px) 100vw, 750px\" \/><\/p>\n<p><img decoding=\"async\" class=\"alignnone size-full wp-image-3432\" src=\"https:\/\/jblcorten.com\/wp-content\/uploads\/2025\/06\/Corten-Steel-Outdoor-Fireplace.jpg\" alt=\"Camino da esterno in acciaio corten\" width=\"750\" height=\"750\" title=\"\" srcset=\"https:\/\/jblcorten.com\/wp-content\/uploads\/2025\/06\/Corten-Steel-Outdoor-Fireplace.jpg 750w, https:\/\/jblcorten.com\/wp-content\/uploads\/2025\/06\/Corten-Steel-Outdoor-Fireplace-300x300.jpg 300w, https:\/\/jblcorten.com\/wp-content\/uploads\/2025\/06\/Corten-Steel-Outdoor-Fireplace-150x150.jpg 150w, https:\/\/jblcorten.com\/wp-content\/uploads\/2025\/06\/Corten-Steel-Outdoor-Fireplace-12x12.jpg 12w, https:\/\/jblcorten.com\/wp-content\/uploads\/2025\/06\/Corten-Steel-Outdoor-Fireplace-600x600.jpg 600w, https:\/\/jblcorten.com\/wp-content\/uploads\/2025\/06\/Corten-Steel-Outdoor-Fireplace-100x100.jpg 100w\" sizes=\"(max-width: 750px) 100vw, 750px\" \/><\/p>","protected":false},"excerpt":{"rendered":"<p>Il focolare in acciaio corten \u00e8 stabile nella struttura, leggero e portatile. \u00c8 dotato di una griglia e pu\u00f2 essere utilizzato sia per il riscaldamento del focolare che per il barbecue all'aperto.<\/p>","protected":false},"featured_media":3431,"template":"","meta":{"site-sidebar-layout":"default","site-content-layout":"","ast-site-content-layout":"default","site-content-style":"default","site-sidebar-style":"default","ast-global-header-display":"","ast-banner-title-visibility":"","ast-main-header-display":"","ast-hfb-above-header-display":"","ast-hfb-below-header-display":"","ast-hfb-mobile-header-display":"","site-post-title":"","ast-breadcrumbs-content":"","ast-featured-img":"","footer-sml-layout":"","ast-disable-related-posts":"","theme-transparent-header-meta":"default","adv-header-id-meta":"","stick-header-meta":"","header-above-stick-meta":"","header-main-stick-meta":"","header-below-stick-meta":"","astra-migrate-meta-layouts":"set","ast-page-background-enabled":"default","ast-page-background-meta":{"desktop":{"background-color":"var(--ast-global-color-4)","background-image":"","background-repeat":"repeat","background-position":"center center","background-size":"auto","background-attachment":"scroll","background-type":"","background-media":"","overlay-type":"","overlay-color":"","overlay-opacity":"","overlay-gradient":""},"tablet":{"background-color":"","background-image":"","background-repeat":"repeat","background-position":"center center","background-size":"auto","background-attachment":"scroll","background-type":"","background-media":"","overlay-type":"","overlay-color":"","overlay-opacity":"","overlay-gradient":""},"mobile":{"background-color":"","background-image":"","background-repeat":"repeat","background-position":"center center","background-size":"auto","background-attachment":"scroll","background-type":"","background-media":"","overlay-type":"","overlay-color":"","overlay-opacity":"","overlay-gradient":""}},"ast-content-background-meta":{"desktop":{"background-color":"var(--ast-global-color-5)","background-image":"","background-repeat":"repeat","background-position":"center center","background-size":"auto","background-attachment":"scroll","background-type":"","background-media":"","overlay-type":"","overlay-color":"","overlay-opacity":"","overlay-gradient":""},"tablet":{"background-color":"var(--ast-global-color-5)","background-image":"","background-repeat":"repeat","background-position":"center center","background-size":"auto","background-attachment":"scroll","background-type":"","background-media":"","overlay-type":"","overlay-color":"","overlay-opacity":"","overlay-gradient":""},"mobile":{"background-color":"var(--ast-global-color-5)","background-image":"","background-repeat":"repeat","background-position":"center center","background-size":"auto","background-attachment":"scroll","background-type":"","background-media":"","overlay-type":"","overlay-color":"","overlay-opacity":"","overlay-gradient":""}}},"product_brand":[],"product_cat":[29,45],"product_tag":[77,76,75],"class_list":{"0":"post-3430","1":"product","2":"type-product","3":"status-publish","4":"has-post-thumbnail","6":"product_cat-fire-pit","7":"product_cat-wood-burning-fire-pit","8":"product_tag-bbq-fire-pit","9":"product_tag-corten-fire-pit","10":"product_tag-corten-steel-fire-pit","11":"desktop-align-center","12":"tablet-align-left","13":"mobile-align-left","15":"first","16":"instock","17":"shipping-taxable","18":"product-type-simple"},"_links":{"self":[{"href":"https:\/\/jblcorten.com\/it\/wp-json\/wp\/v2\/product\/3430","targetHints":{"allow":["GET"]}}],"collection":[{"href":"https:\/\/jblcorten.com\/it\/wp-json\/wp\/v2\/product"}],"about":[{"href":"https:\/\/jblcorten.com\/it\/wp-json\/wp\/v2\/types\/product"}],"wp:featuredmedia":[{"embeddable":true,"href":"https:\/\/jblcorten.com\/it\/wp-json\/wp\/v2\/media\/3431"}],"wp:attachment":[{"href":"https:\/\/jblcorten.com\/it\/wp-json\/wp\/v2\/media?parent=3430"}],"wp:term":[{"taxonomy":"product_brand","embeddable":true,"href":"https:\/\/jblcorten.com\/it\/wp-json\/wp\/v2\/product_brand?post=3430"},{"taxonomy":"product_cat","embeddable":true,"href":"https:\/\/jblcorten.com\/it\/wp-json\/wp\/v2\/product_cat?post=3430"},{"taxonomy":"product_tag","embeddable":true,"href":"https:\/\/jblcorten.com\/it\/wp-json\/wp\/v2\/product_tag?post=3430"}],"curies":[{"name":"wp","href":"https:\/\/api.w.org\/{rel}","templated":true}]}}