{"id":3397,"date":"2025-06-18T16:30:40","date_gmt":"2025-06-18T08:30:40","guid":{"rendered":"https:\/\/jblcorten.com\/?post_type=product&#038;p=3397"},"modified":"2025-06-18T16:43:42","modified_gmt":"2025-06-18T08:43:42","slug":"stufa-a-legna-a-parete","status":"publish","type":"product","link":"https:\/\/jblcorten.com\/it\/wall-mounted-wood-burning-stove\/","title":{"rendered":"Stufa a legna a parete"},"content":{"rendered":"<h2 style=\"text-align: left;\"><span style=\"font-size: 14pt;\">Stufa a legna a parete<\/span><\/h2>\n<p>Questa stufa \u00e8 un caminetto a legna dal design moderno e dalle prestazioni pratiche, progettato per l'installazione a parete in ambienti interni. L'intera stufa \u00e8 realizzata con una solida struttura metallica, dall'aspetto rotondo, dallo stile semplice ma bello, e pu\u00f2 essere facilmente integrata in una variet\u00e0 di stili di arredamento.<\/p>\n<p>Per quanto riguarda il metodo di installazione, la stufa a legna a parete adotta un design appeso, che deve essere fissato alla parete, ed \u00e8 saldamente installato sul muro portante con forti chiodi di ferro, che non solo consente di risparmiare spazio sul terreno, ma sembra anche pi\u00f9 alla moda e leggero. La parte anteriore della stufa \u00e8 dotata di uno sportello rotondo in vetro trasparente, che consente di osservare chiaramente lo stato di combustione nel forno, rendendo il salto della fiamma un'immagine vivace nella stanza e impedendo efficacemente il volo delle scintille, migliorando la sicurezza d'uso.<\/p>\n<p><img fetchpriority=\"high\" decoding=\"async\" class=\"alignnone wp-image-1404\" src=\"https:\/\/jblcorten.com\/wp-content\/uploads\/2024\/11\/wall-mounted-wood-burning-stove.jpg\" alt=\"\" width=\"750\" height=\"513\" title=\"\" srcset=\"https:\/\/jblcorten.com\/wp-content\/uploads\/2024\/11\/wall-mounted-wood-burning-stove.jpg 1124w, https:\/\/jblcorten.com\/wp-content\/uploads\/2024\/11\/wall-mounted-wood-burning-stove-600x410.jpg 600w, https:\/\/jblcorten.com\/wp-content\/uploads\/2024\/11\/wall-mounted-wood-burning-stove-300x205.jpg 300w, https:\/\/jblcorten.com\/wp-content\/uploads\/2024\/11\/wall-mounted-wood-burning-stove-1024x701.jpg 1024w, https:\/\/jblcorten.com\/wp-content\/uploads\/2024\/11\/wall-mounted-wood-burning-stove-768x525.jpg 768w\" sizes=\"(max-width: 750px) 100vw, 750px\" \/><\/p>\n<p>In termini di combustibile, questa stufa a legna da parete \u00e8 principalmente a legna, utilizza legno naturale per bruciare, fornendo una fonte di calore calda e confortevole e portando la calda atmosfera della tradizionale combustione della legna. La stufa a legna \u00e8 dotata di un dispositivo di regolazione della dimensione della fiamma e gli utenti possono controllare liberamente la potenza di fuoco in base alle effettive esigenze di riscaldamento, il che \u00e8 comodo da usare e migliora l'efficienza di utilizzo.<\/p>\n<p>Inoltre, sulla parte superiore della stufa a legna a parete \u00e8 presente una piattaforma in ferro che pu\u00f2 essere utilizzata per riscaldare un bollitore o piccoli utensili da cucina e pu\u00f2 soddisfare le semplici funzioni di riscaldamento dell'acqua calda o di isolamento durante il riscaldamento, migliorando la versatilit\u00e0 del caminetto. Il design del camino incorporato consente di scaricare efficacemente i fumi, di garantire un'aria interna fresca e di migliorare l'esperienza complessiva dell'utente.<\/p>\n<p><span style=\"color: #2bb332;\"><strong><span style=\"font-size: 14pt;\">Specifiche del prodotto:<\/span><\/strong><\/span><\/p>\n<table style=\"border-collapse: collapse; width: 100%;\">\n<tbody>\n<tr>\n<td style=\"width: 15.2767%; background-color: #f5f5f5;\">Nome del prodotto<\/td>\n<td style=\"width: 84.7233%;\" colspan=\"3\">Stufa a legna a parete<\/td>\n<\/tr>\n<tr>\n<td style=\"width: 15.2767%; background-color: #f5f5f5;\">Spessore dell'acciaio<\/td>\n<td style=\"width: 28.3658%;\">6 mm, come richiesto<\/td>\n<td style=\"width: 21.6343%; background-color: #f5f5f5;\">Colore<\/td>\n<td style=\"width: 34.7232%;\">Nero o personalizzato<\/td>\n<\/tr>\n<tr>\n<td style=\"width: 15.2767%; background-color: #f5f5f5;\">Carburante<\/td>\n<td style=\"width: 28.3658%;\">Legno<\/td>\n<td style=\"width: 21.6343%; background-color: #f5f5f5;\">Materiale<\/td>\n<td style=\"width: 34.7232%;\">Acciaio al carbonio\/inossidabile, ecc.<\/td>\n<\/tr>\n<tr>\n<td style=\"width: 15.2767%; background-color: #f5f5f5;\">Vantaggio<\/td>\n<td style=\"width: 28.3658%;\">Eco-friendly, facile installazione<\/td>\n<td style=\"width: 21.6343%; background-color: #f5f5f5;\">Modalit\u00e0 di imballaggio<\/td>\n<td style=\"width: 34.7232%;\">Pallet\/scatola di legno, ecc.<\/td>\n<\/tr>\n<tr>\n<td style=\"width: 15.2767%; background-color: #f5f5f5;\">Dimensione<\/td>\n<td style=\"width: 28.3658%;\">Rotondo 80cm\/ 100cm\/ ecc.<\/td>\n<td style=\"width: 21.6343%; background-color: #f5f5f5;\">Stile<\/td>\n<td style=\"width: 34.7232%;\">Caminetto moderno per interni<\/td>\n<\/tr>\n<\/tbody>\n<\/table>\n<p><span style=\"font-size: 14pt; color: #2bb332;\"><strong>Consigli per l'utilizzo della stufa a legna a parete:<\/strong><\/span><\/p>\n<ul>\n<li><strong>Scegliete le dimensioni e la capacit\u00e0 giuste:<\/strong> I bruciatori a legna a parete sono disponibili in diverse dimensioni e capacit\u00e0 di produzione, quindi \u00e8 importante sceglierne uno che si adatti alle dimensioni e alla disposizione della casa. Una stufa pi\u00f9 grande produrr\u00e0 pi\u00f9 calore, ma consumer\u00e0 anche pi\u00f9 legna e richieder\u00e0 una maggiore ventilazione.<\/li>\n<li><strong>Mantenere pulito il camino:<\/strong> \u00c8 fondamentale mantenere il camino o la canna fumaria puliti e privi di detriti per evitare il riflusso di fumo o monossido di carbonio.<\/li>\n<li><strong>Utilizzare legno asciutto e stagionato:<\/strong> La legna umida o non stagionata produce meno calore e pi\u00f9 fumo e creosoto, che possono intasare il camino e creare un rischio di incendio. Utilizzate legni duri secchi e stagionati, come la quercia, l'acero o il frassino, che hanno una resa termica maggiore e bruciano in modo pi\u00f9 pulito.<\/li>\n<li><strong>Monitorare la temperatura:<\/strong> Controllare sempre la temperatura dell'ambiente e chiudere o aprire le bocchette di conseguenza. Lasciare le bocchette aperte aumenta la potenza termica, mentre chiuderle diminuisce la potenza termica ma aumenta l'efficienza del carburante.<\/li>\n<\/ul>\n<p><img decoding=\"async\" class=\"alignnone size-full wp-image-3405\" src=\"https:\/\/jblcorten.com\/wp-content\/uploads\/2025\/06\/wood-stove-wall-mount.jpg\" alt=\"stufa a legna da parete\" width=\"750\" height=\"250\" title=\"\" srcset=\"https:\/\/jblcorten.com\/wp-content\/uploads\/2025\/06\/wood-stove-wall-mount.jpg 750w, https:\/\/jblcorten.com\/wp-content\/uploads\/2025\/06\/wood-stove-wall-mount-300x100.jpg 300w, https:\/\/jblcorten.com\/wp-content\/uploads\/2025\/06\/wood-stove-wall-mount-18x6.jpg 18w, https:\/\/jblcorten.com\/wp-content\/uploads\/2025\/06\/wood-stove-wall-mount-600x200.jpg 600w\" sizes=\"(max-width: 750px) 100vw, 750px\" \/><\/p>\n<p><span style=\"color: #2bb332;\"><strong><span style=\"font-size: 14pt;\">Metodo di installazione:<\/span><\/strong><\/span><\/p>\n<p><img decoding=\"async\" class=\"alignnone size-full wp-image-3406\" src=\"https:\/\/jblcorten.com\/wp-content\/uploads\/2025\/06\/Installation-Diagram.jpg\" alt=\"Schema di installazione\" width=\"750\" height=\"874\" title=\"\" srcset=\"https:\/\/jblcorten.com\/wp-content\/uploads\/2025\/06\/Installation-Diagram.jpg 750w, https:\/\/jblcorten.com\/wp-content\/uploads\/2025\/06\/Installation-Diagram-257x300.jpg 257w, https:\/\/jblcorten.com\/wp-content\/uploads\/2025\/06\/Installation-Diagram-10x12.jpg 10w, https:\/\/jblcorten.com\/wp-content\/uploads\/2025\/06\/Installation-Diagram-600x699.jpg 600w\" sizes=\"(max-width: 750px) 100vw, 750px\" \/><\/p>\n<p><span style=\"color: #2bb332;\"><strong><span style=\"font-size: 14pt;\">Dettagli del prodotto:<\/span><\/strong><\/span><\/p>\n<p><img loading=\"lazy\" decoding=\"async\" class=\"alignnone size-full wp-image-1457\" src=\"https:\/\/jblcorten.com\/wp-content\/uploads\/2024\/10\/wall-mounted-wood-burning-stove.jpg\" alt=\"stufa a legna a parete\" width=\"750\" height=\"750\" title=\"\" srcset=\"https:\/\/jblcorten.com\/wp-content\/uploads\/2024\/10\/wall-mounted-wood-burning-stove.jpg 750w, https:\/\/jblcorten.com\/wp-content\/uploads\/2024\/10\/wall-mounted-wood-burning-stove-600x600.jpg 600w, https:\/\/jblcorten.com\/wp-content\/uploads\/2024\/10\/wall-mounted-wood-burning-stove-100x100.jpg 100w, https:\/\/jblcorten.com\/wp-content\/uploads\/2024\/10\/wall-mounted-wood-burning-stove-300x300.jpg 300w, https:\/\/jblcorten.com\/wp-content\/uploads\/2024\/10\/wall-mounted-wood-burning-stove-150x150.jpg 150w\" sizes=\"(max-width: 750px) 100vw, 750px\" \/><\/p>\n<p><img loading=\"lazy\" decoding=\"async\" class=\"alignnone size-full wp-image-3400\" src=\"https:\/\/jblcorten.com\/wp-content\/uploads\/2025\/06\/wall-hung-wood-burning-stove.jpg\" alt=\"stufa a legna a parete\" width=\"750\" height=\"750\" title=\"\" srcset=\"https:\/\/jblcorten.com\/wp-content\/uploads\/2025\/06\/wall-hung-wood-burning-stove.jpg 750w, https:\/\/jblcorten.com\/wp-content\/uploads\/2025\/06\/wall-hung-wood-burning-stove-300x300.jpg 300w, https:\/\/jblcorten.com\/wp-content\/uploads\/2025\/06\/wall-hung-wood-burning-stove-150x150.jpg 150w, https:\/\/jblcorten.com\/wp-content\/uploads\/2025\/06\/wall-hung-wood-burning-stove-12x12.jpg 12w, https:\/\/jblcorten.com\/wp-content\/uploads\/2025\/06\/wall-hung-wood-burning-stove-600x600.jpg 600w, https:\/\/jblcorten.com\/wp-content\/uploads\/2025\/06\/wall-hung-wood-burning-stove-100x100.jpg 100w\" sizes=\"(max-width: 750px) 100vw, 750px\" \/><\/p>\n<p><img loading=\"lazy\" decoding=\"async\" class=\"alignnone size-full wp-image-3402\" src=\"https:\/\/jblcorten.com\/wp-content\/uploads\/2025\/06\/wall-mounted-wood-burning-fireplace.jpg\" alt=\"camino a legna a parete\" width=\"750\" height=\"750\" title=\"\" srcset=\"https:\/\/jblcorten.com\/wp-content\/uploads\/2025\/06\/wall-mounted-wood-burning-fireplace.jpg 750w, https:\/\/jblcorten.com\/wp-content\/uploads\/2025\/06\/wall-mounted-wood-burning-fireplace-300x300.jpg 300w, https:\/\/jblcorten.com\/wp-content\/uploads\/2025\/06\/wall-mounted-wood-burning-fireplace-150x150.jpg 150w, https:\/\/jblcorten.com\/wp-content\/uploads\/2025\/06\/wall-mounted-wood-burning-fireplace-12x12.jpg 12w, https:\/\/jblcorten.com\/wp-content\/uploads\/2025\/06\/wall-mounted-wood-burning-fireplace-600x600.jpg 600w, https:\/\/jblcorten.com\/wp-content\/uploads\/2025\/06\/wall-mounted-wood-burning-fireplace-100x100.jpg 100w\" sizes=\"(max-width: 750px) 100vw, 750px\" \/><\/p>","protected":false},"excerpt":{"rendered":"<p>La stufa a legna da parete ha un aspetto rotondo ed \u00e8 realizzata in acciaio di alta qualit\u00e0. Viene montata direttamente a parete con robusti bulloni di ferro per garantire stabilit\u00e0 e sicurezza. Il suo design appeso non solo consente di risparmiare spazio sul pavimento, ma migliora anche lo stile dell'arredamento.<\/p>","protected":false},"featured_media":3401,"template":"","meta":{"site-sidebar-layout":"default","site-content-layout":"","ast-site-content-layout":"default","site-content-style":"default","site-sidebar-style":"default","ast-global-header-display":"","ast-banner-title-visibility":"","ast-main-header-display":"","ast-hfb-above-header-display":"","ast-hfb-below-header-display":"","ast-hfb-mobile-header-display":"","site-post-title":"","ast-breadcrumbs-content":"","ast-featured-img":"","footer-sml-layout":"","ast-disable-related-posts":"","theme-transparent-header-meta":"default","adv-header-id-meta":"","stick-header-meta":"","header-above-stick-meta":"","header-main-stick-meta":"","header-below-stick-meta":"","astra-migrate-meta-layouts":"set","ast-page-background-enabled":"default","ast-page-background-meta":{"desktop":{"background-color":"var(--ast-global-color-4)","background-image":"","background-repeat":"repeat","background-position":"center center","background-size":"auto","background-attachment":"scroll","background-type":"","background-media":"","overlay-type":"","overlay-color":"","overlay-opacity":"","overlay-gradient":""},"tablet":{"background-color":"","background-image":"","background-repeat":"repeat","background-position":"center center","background-size":"auto","background-attachment":"scroll","background-type":"","background-media":"","overlay-type":"","overlay-color":"","overlay-opacity":"","overlay-gradient":""},"mobile":{"background-color":"","background-image":"","background-repeat":"repeat","background-position":"center center","background-size":"auto","background-attachment":"scroll","background-type":"","background-media":"","overlay-type":"","overlay-color":"","overlay-opacity":"","overlay-gradient":""}},"ast-content-background-meta":{"desktop":{"background-color":"var(--ast-global-color-5)","background-image":"","background-repeat":"repeat","background-position":"center center","background-size":"auto","background-attachment":"scroll","background-type":"","background-media":"","overlay-type":"","overlay-color":"","overlay-opacity":"","overlay-gradient":""},"tablet":{"background-color":"var(--ast-global-color-5)","background-image":"","background-repeat":"repeat","background-position":"center center","background-size":"auto","background-attachment":"scroll","background-type":"","background-media":"","overlay-type":"","overlay-color":"","overlay-opacity":"","overlay-gradient":""},"mobile":{"background-color":"var(--ast-global-color-5)","background-image":"","background-repeat":"repeat","background-position":"center center","background-size":"auto","background-attachment":"scroll","background-type":"","background-media":"","overlay-type":"","overlay-color":"","overlay-opacity":"","overlay-gradient":""}}},"product_brand":[],"product_cat":[30],"product_tag":[72,73],"class_list":{"0":"post-3397","1":"product","2":"type-product","3":"status-publish","4":"has-post-thumbnail","6":"product_cat-fireplace","7":"product_tag-wall-mounted-wood-burning-stove","8":"product_tag-wood-burning-stove","9":"desktop-align-center","10":"tablet-align-left","11":"mobile-align-left","13":"first","14":"instock","15":"shipping-taxable","16":"product-type-simple"},"_links":{"self":[{"href":"https:\/\/jblcorten.com\/it\/wp-json\/wp\/v2\/product\/3397","targetHints":{"allow":["GET"]}}],"collection":[{"href":"https:\/\/jblcorten.com\/it\/wp-json\/wp\/v2\/product"}],"about":[{"href":"https:\/\/jblcorten.com\/it\/wp-json\/wp\/v2\/types\/product"}],"wp:featuredmedia":[{"embeddable":true,"href":"https:\/\/jblcorten.com\/it\/wp-json\/wp\/v2\/media\/3401"}],"wp:attachment":[{"href":"https:\/\/jblcorten.com\/it\/wp-json\/wp\/v2\/media?parent=3397"}],"wp:term":[{"taxonomy":"product_brand","embeddable":true,"href":"https:\/\/jblcorten.com\/it\/wp-json\/wp\/v2\/product_brand?post=3397"},{"taxonomy":"product_cat","embeddable":true,"href":"https:\/\/jblcorten.com\/it\/wp-json\/wp\/v2\/product_cat?post=3397"},{"taxonomy":"product_tag","embeddable":true,"href":"https:\/\/jblcorten.com\/it\/wp-json\/wp\/v2\/product_tag?post=3397"}],"curies":[{"name":"wp","href":"https:\/\/api.w.org\/{rel}","templated":true}]}}