{"id":3379,"date":"2025-06-18T11:49:10","date_gmt":"2025-06-18T03:49:10","guid":{"rendered":"https:\/\/jblcorten.com\/?post_type=product&#038;p=3379"},"modified":"2025-06-18T11:49:10","modified_gmt":"2025-06-18T03:49:10","slug":"griglia-in-acciaio-corten","status":"publish","type":"product","link":"https:\/\/jblcorten.com\/it\/corten-steel-grill\/","title":{"rendered":"Griglia in acciaio corten"},"content":{"rendered":"<h2 style=\"text-align: center;\"><span style=\"font-size: 14pt;\">Griglia in acciaio corten<\/span><\/h2>\n<p>La griglia in acciaio corten \u00e8 realizzata in acciaio di alta qualit\u00e0 resistente agli agenti atmosferici. Ha un design semisferico, una forma unica, una struttura solida, artistica e pratica. \u00c8 la scelta ideale per le scene di vita all'aperto.<\/p>\n<p>Questa griglia in acciaio corten utilizza la legna come combustibile principale, con un effetto di combustione naturale e puro e una forte potenza di fuoco, in grado di offrire un'autentica esperienza di cottura. La parte della griglia \u00e8 realizzata in acciaio al carbonio, che conduce il calore rapidamente e si riscalda in modo uniforme. \u00c8 adatta a grigliare tutti i tipi di carne, verdure, frutti di mare e altri ingredienti, per soddisfare le diverse esigenze di barbecue nelle cene in famiglia o tra amici. La superficie della griglia in acciaio al carbonio \u00e8 liscia e facile da pulire. \u00c8 resistente e affidabile anche dopo un uso prolungato.<\/p>\n<p>Inoltre, questo bbq grill \u00e8 uno stile personalizzato che supporta l'installazione di una struttura grill sollevabile. Gli utenti possono regolare in modo flessibile l'altezza della griglia in base alle effettive esigenze di cottura, in modo da controllare accuratamente la distanza tra gli ingredienti e la fiamma per evitare bruciature o un riscaldamento non uniforme degli ingredienti. Questo design migliora notevolmente la praticit\u00e0 e la professionalit\u00e0 del barbecue.<\/p>\n<p><img fetchpriority=\"high\" decoding=\"async\" class=\"alignnone wp-image-3390\" src=\"https:\/\/jblcorten.com\/wp-content\/uploads\/2025\/06\/best-wood-burning-bbq-grill.jpg\" alt=\"migliore griglia bbq a legna\" width=\"375\" height=\"375\" title=\"\" srcset=\"https:\/\/jblcorten.com\/wp-content\/uploads\/2025\/06\/best-wood-burning-bbq-grill.jpg 750w, https:\/\/jblcorten.com\/wp-content\/uploads\/2025\/06\/best-wood-burning-bbq-grill-300x300.jpg 300w, https:\/\/jblcorten.com\/wp-content\/uploads\/2025\/06\/best-wood-burning-bbq-grill-150x150.jpg 150w, https:\/\/jblcorten.com\/wp-content\/uploads\/2025\/06\/best-wood-burning-bbq-grill-12x12.jpg 12w, https:\/\/jblcorten.com\/wp-content\/uploads\/2025\/06\/best-wood-burning-bbq-grill-600x600.jpg 600w, https:\/\/jblcorten.com\/wp-content\/uploads\/2025\/06\/best-wood-burning-bbq-grill-100x100.jpg 100w\" sizes=\"(max-width: 375px) 100vw, 375px\" \/> <img decoding=\"async\" class=\"alignnone wp-image-3392\" src=\"https:\/\/jblcorten.com\/wp-content\/uploads\/2025\/06\/round-bbq-grill.jpg\" alt=\"griglia bbq rotonda\" width=\"375\" height=\"375\" title=\"\" srcset=\"https:\/\/jblcorten.com\/wp-content\/uploads\/2025\/06\/round-bbq-grill.jpg 750w, https:\/\/jblcorten.com\/wp-content\/uploads\/2025\/06\/round-bbq-grill-300x300.jpg 300w, https:\/\/jblcorten.com\/wp-content\/uploads\/2025\/06\/round-bbq-grill-150x150.jpg 150w, https:\/\/jblcorten.com\/wp-content\/uploads\/2025\/06\/round-bbq-grill-12x12.jpg 12w, https:\/\/jblcorten.com\/wp-content\/uploads\/2025\/06\/round-bbq-grill-600x600.jpg 600w, https:\/\/jblcorten.com\/wp-content\/uploads\/2025\/06\/round-bbq-grill-100x100.jpg 100w\" sizes=\"(max-width: 375px) 100vw, 375px\" \/><\/p>\n<p><strong><span style=\"font-size: 14pt;\">Specifiche del prodotto:<\/span><\/strong><\/p>\n<table style=\"border-collapse: collapse; width: 100%; height: 265px;\">\n<tbody>\n<tr style=\"height: 53px;\">\n<td style=\"width: 21.9522%; height: 53px; background-color: #f5f5f5;\">Forma del prodotto<\/td>\n<td style=\"width: 78.0478%; height: 53px;\">Emisferico<\/td>\n<\/tr>\n<tr style=\"height: 53px;\">\n<td style=\"width: 21.9522%; height: 53px; background-color: #f5f5f5;\">Materiale<\/td>\n<td style=\"width: 78.0478%; height: 53px;\">Acciaio corten, acciaio al carbonio<\/td>\n<\/tr>\n<tr style=\"height: 53px;\">\n<td style=\"width: 21.9522%; height: 53px; background-color: #f5f5f5;\">Caratteristica<\/td>\n<td style=\"width: 78.0478%; height: 53px;\">Multifunzionale<\/td>\n<\/tr>\n<tr style=\"height: 53px;\">\n<td style=\"width: 21.9522%; height: 53px; background-color: #f5f5f5;\">Diametro<\/td>\n<td style=\"width: 78.0478%; height: 53px;\">\u00d8 800 mm \/ \u00d8 1000 mm \/ \u00d8 1200 mm o personalizzato<\/td>\n<\/tr>\n<tr>\n<td style=\"width: 21.9522%; background-color: #f5f5f5;\">Supporto griglia sollevabile<\/td>\n<td style=\"width: 78.0478%;\">Regolazione manuale dell'altezza<\/td>\n<\/tr>\n<tr>\n<td style=\"width: 21.9522%; background-color: #f5f5f5;\">Installazione<\/td>\n<td style=\"width: 78.0478%;\">Installazione libera, design a stampo in un unico pezzo<\/td>\n<\/tr>\n<tr style=\"height: 53px;\">\n<td style=\"width: 21.9522%; height: 53px; background-color: #f5f5f5;\">Applicazione<\/td>\n<td style=\"width: 78.0478%; height: 53px;\">Barbecue all'aperto<\/td>\n<\/tr>\n<\/tbody>\n<\/table>\n<p><strong><span style=\"font-size: 14pt;\">Perch\u00e9 scegliere la griglia in acciaio corten?<\/span><\/strong><\/p>\n<p>\u2705 <strong>Materiale in acciaio resistente agli agenti atmosferici:<\/strong><br \/>\nL'intero corpo del forno \u00e8 realizzato in acciaio resistente agli agenti atmosferici di alta qualit\u00e0 e la superficie former\u00e0 nel tempo un esclusivo strato di ossido antiruggine, senza bisogno di ulteriori verniciature.<\/p>\n<p>\u2705 <strong>Teglia in acciaio al carbonio, riscaldamento uniforme:<\/strong><br \/>\nLa teglia circolare \u00e8 realizzata in acciaio al carbonio, che garantisce un trasferimento uniforme del calore ed \u00e8 adatta alla cottura diretta di varie carni, verdure e frutti di mare, conferendo un sapore di carbone puro.<\/p>\n<p>\u2705 <strong>Griglia sollevabile, regolazione flessibile:<\/strong><br \/>\nLa griglia circolare sollevabile supplementare soddisfa le esigenze di cottura di diverse temperature e tempi, rendendo pi\u00f9 libere le operazioni di cottura.<\/p>\n<p>\u2705 <strong>Spazio operativo circolare a 360\u00b0:<\/strong><br \/>\nNessuna restrizione di direzione, adatto a pi\u00f9 persone che possono grigliare in modo interattivo intorno ai fornelli, mangiare mentre si griglia e divertirsi in compagnia.<\/p>\n<p>\u2705 <strong>Design personalizzabile:<\/strong><br \/>\nSupporta la personalizzazione delle dimensioni e l'incisione del logo per soddisfare le esigenze del cliente.<\/p>\n<p><img decoding=\"async\" class=\"alignnone size-full wp-image-3391\" src=\"https:\/\/jblcorten.com\/wp-content\/uploads\/2025\/06\/corten-steel-grill-1.jpg\" alt=\"griglia in acciaio corten\" width=\"750\" height=\"520\" title=\"\" srcset=\"https:\/\/jblcorten.com\/wp-content\/uploads\/2025\/06\/corten-steel-grill-1.jpg 750w, https:\/\/jblcorten.com\/wp-content\/uploads\/2025\/06\/corten-steel-grill-1-300x208.jpg 300w, https:\/\/jblcorten.com\/wp-content\/uploads\/2025\/06\/corten-steel-grill-1-18x12.jpg 18w, https:\/\/jblcorten.com\/wp-content\/uploads\/2025\/06\/corten-steel-grill-1-600x416.jpg 600w\" sizes=\"(max-width: 750px) 100vw, 750px\" \/><\/p>\n<p><img loading=\"lazy\" decoding=\"async\" class=\"alignnone size-full wp-image-3396\" src=\"https:\/\/jblcorten.com\/wp-content\/uploads\/2025\/06\/adjustable-charcoal-grill.jpg\" alt=\"griglia a carbone regolabile\" width=\"750\" height=\"562\" title=\"\" srcset=\"https:\/\/jblcorten.com\/wp-content\/uploads\/2025\/06\/adjustable-charcoal-grill.jpg 750w, https:\/\/jblcorten.com\/wp-content\/uploads\/2025\/06\/adjustable-charcoal-grill-300x225.jpg 300w, https:\/\/jblcorten.com\/wp-content\/uploads\/2025\/06\/adjustable-charcoal-grill-16x12.jpg 16w, https:\/\/jblcorten.com\/wp-content\/uploads\/2025\/06\/adjustable-charcoal-grill-600x450.jpg 600w\" sizes=\"(max-width: 750px) 100vw, 750px\" \/><\/p>","protected":false},"excerpt":{"rendered":"<p>La piastra della griglia \u00e8 realizzata in acciaio al carbonio, che conduce rapidamente il calore ed \u00e8 adatta a grigliare una variet\u00e0 di ingredienti. La bocca centrale del fuoco utilizza i ceppi come combustibile e la fiamma \u00e8 naturalmente brillante, aggiungendo un sapore originale al barbecue.<\/p>\n<p>La parte superiore della griglia in acciaio corten \u00e8 dotata di una griglia rotonda sollevabile, che pu\u00f2 essere facilmente regolata in altezza per ottenere grigliate a zone e migliorare il divertimento della cucina all'aperto.<\/p>","protected":false},"featured_media":3392,"template":"","meta":{"site-sidebar-layout":"default","site-content-layout":"","ast-site-content-layout":"default","site-content-style":"default","site-sidebar-style":"default","ast-global-header-display":"","ast-banner-title-visibility":"","ast-main-header-display":"","ast-hfb-above-header-display":"","ast-hfb-below-header-display":"","ast-hfb-mobile-header-display":"","site-post-title":"","ast-breadcrumbs-content":"","ast-featured-img":"","footer-sml-layout":"","ast-disable-related-posts":"","theme-transparent-header-meta":"default","adv-header-id-meta":"","stick-header-meta":"","header-above-stick-meta":"","header-main-stick-meta":"","header-below-stick-meta":"","astra-migrate-meta-layouts":"set","ast-page-background-enabled":"default","ast-page-background-meta":{"desktop":{"background-color":"var(--ast-global-color-4)","background-image":"","background-repeat":"repeat","background-position":"center center","background-size":"auto","background-attachment":"scroll","background-type":"","background-media":"","overlay-type":"","overlay-color":"","overlay-opacity":"","overlay-gradient":""},"tablet":{"background-color":"","background-image":"","background-repeat":"repeat","background-position":"center center","background-size":"auto","background-attachment":"scroll","background-type":"","background-media":"","overlay-type":"","overlay-color":"","overlay-opacity":"","overlay-gradient":""},"mobile":{"background-color":"","background-image":"","background-repeat":"repeat","background-position":"center center","background-size":"auto","background-attachment":"scroll","background-type":"","background-media":"","overlay-type":"","overlay-color":"","overlay-opacity":"","overlay-gradient":""}},"ast-content-background-meta":{"desktop":{"background-color":"var(--ast-global-color-5)","background-image":"","background-repeat":"repeat","background-position":"center center","background-size":"auto","background-attachment":"scroll","background-type":"","background-media":"","overlay-type":"","overlay-color":"","overlay-opacity":"","overlay-gradient":""},"tablet":{"background-color":"var(--ast-global-color-5)","background-image":"","background-repeat":"repeat","background-position":"center center","background-size":"auto","background-attachment":"scroll","background-type":"","background-media":"","overlay-type":"","overlay-color":"","overlay-opacity":"","overlay-gradient":""},"mobile":{"background-color":"var(--ast-global-color-5)","background-image":"","background-repeat":"repeat","background-position":"center center","background-size":"auto","background-attachment":"scroll","background-type":"","background-media":"","overlay-type":"","overlay-color":"","overlay-opacity":"","overlay-gradient":""}}},"product_brand":[],"product_cat":[25],"product_tag":[],"class_list":{"0":"post-3379","1":"product","2":"type-product","3":"status-publish","4":"has-post-thumbnail","6":"product_cat-bbq-grill","7":"desktop-align-center","8":"tablet-align-left","9":"mobile-align-left","11":"first","12":"instock","13":"shipping-taxable","14":"product-type-simple"},"_links":{"self":[{"href":"https:\/\/jblcorten.com\/it\/wp-json\/wp\/v2\/product\/3379","targetHints":{"allow":["GET"]}}],"collection":[{"href":"https:\/\/jblcorten.com\/it\/wp-json\/wp\/v2\/product"}],"about":[{"href":"https:\/\/jblcorten.com\/it\/wp-json\/wp\/v2\/types\/product"}],"wp:featuredmedia":[{"embeddable":true,"href":"https:\/\/jblcorten.com\/it\/wp-json\/wp\/v2\/media\/3392"}],"wp:attachment":[{"href":"https:\/\/jblcorten.com\/it\/wp-json\/wp\/v2\/media?parent=3379"}],"wp:term":[{"taxonomy":"product_brand","embeddable":true,"href":"https:\/\/jblcorten.com\/it\/wp-json\/wp\/v2\/product_brand?post=3379"},{"taxonomy":"product_cat","embeddable":true,"href":"https:\/\/jblcorten.com\/it\/wp-json\/wp\/v2\/product_cat?post=3379"},{"taxonomy":"product_tag","embeddable":true,"href":"https:\/\/jblcorten.com\/it\/wp-json\/wp\/v2\/product_tag?post=3379"}],"curies":[{"name":"wp","href":"https:\/\/api.w.org\/{rel}","templated":true}]}}