{"id":3341,"date":"2025-06-13T11:16:03","date_gmt":"2025-06-13T03:16:03","guid":{"rendered":"https:\/\/jblcorten.com\/?post_type=product&#038;p=3341"},"modified":"2025-06-13T11:16:03","modified_gmt":"2025-06-13T03:16:03","slug":"barbecue-corten","status":"publish","type":"product","link":"https:\/\/jblcorten.com\/it\/corten-barbecue-grill\/","title":{"rendered":"Barbecue Corten"},"content":{"rendered":"<h2 style=\"text-align: center;\"><span style=\"font-size: 14pt;\">Barbecue Corten<\/span><\/h2>\n<p>Questa griglia per barbecue in corten \u00e8 progettata con una base in acciaio resistente agli agenti atmosferici e una spessa superficie di cottura in acciaio al carbonio, che integra la cottura alla griglia, la frittura e la stufatura. Il corpo del forno ha una forma conica, stabile e bella, e la superficie ha uno strato protettivo di ossidazione naturale in stile ruggine, senza bisogno di ulteriori rivestimenti. Dotato di un sistema di ganci, consente di appendere utensili come forchette per grigliare, spatole, pennelli e tazze per condire, in modo comodo e pratico. Adatto per attivit\u00e0 all'aperto come riunioni di famiglia, campeggio e picnic.<\/p>\n<p>Il design ad anello a 360\u00b0 non solo migliora l'efficienza della cottura, ma permette anche a parenti e amici di sedersi intorno al fornello, chiacchierare mentre si griglia e godersi il caldo nel fumo.<\/p>\n<p><strong><span style=\"font-size: 14pt;\">Specifiche del prodotto:<\/span><\/strong><\/p>\n<table style=\"border-collapse: collapse; width: 100%;\">\n<tbody>\n<tr>\n<td style=\"width: 21.279%; background-color: #f5f5f5;\">Tipo di prodotto<\/td>\n<td style=\"width: 78.721%;\">Grill per barbecue in acciaio corten<\/td>\n<\/tr>\n<tr>\n<td style=\"width: 21.279%; background-color: #f5f5f5;\">Materiale<\/td>\n<td style=\"width: 78.721%;\">Acciaio corten, acciaio al carbonio<\/td>\n<\/tr>\n<tr>\n<td style=\"width: 21.279%; background-color: #f5f5f5;\">Dimensione<\/td>\n<td style=\"width: 78.721%;\">\u00a0P 100 cm \u00d7 H 90 cm o su misura<\/td>\n<\/tr>\n<tr>\n<td style=\"width: 21.279%; background-color: #f5f5f5;\">Spessore<\/td>\n<td style=\"width: 78.721%;\">3-20 mm<\/td>\n<\/tr>\n<tr>\n<td style=\"width: 21.279%; background-color: #f5f5f5;\">Peso<\/td>\n<td style=\"width: 78.721%;\">115 kg<\/td>\n<\/tr>\n<tr>\n<td style=\"width: 21.279%; background-color: #f5f5f5;\">Carburante<\/td>\n<td style=\"width: 78.721%;\">Legno o carbone<\/td>\n<\/tr>\n<\/tbody>\n<\/table>\n<p><strong><span style=\"font-size: 14pt;\">Caratteristiche del prodotto:<\/span><\/strong><\/p>\n<ul style=\"list-style-type: disc;\">\n<li><strong>Design di cottura multifunzionale:<\/strong> Il forno centrale \u00e8 utilizzato per la cottura diretta alla griglia su fuoco di carbone, mentre la piastra circolare esterna \u00e8 adatta per friggere e grigliare i cibi. Un forno equivale a molti altri.<\/li>\n<li><strong>Materiale in acciaio resistente agli agenti atmosferici:<\/strong> La ruggine naturale forma uno strato protettivo, resistente alla corrosione, alle alte temperature, robusto e durevole.<\/li>\n<li><strong>Design circolare a 360\u00b0:<\/strong> Il design circolare \u00e8 adatto all'utilizzo da parte di pi\u00f9 persone contemporaneamente, migliorando l'interattivit\u00e0 e l'esperienza all'aperto.<\/li>\n<li><strong>Struttura staccabile:<\/strong> La parte superiore \u00e8 staccabile per facilitare la pulizia, la manipolazione e la sostituzione delle parti.<\/li>\n<li><strong>Pratico sistema di aggancio:<\/strong> Comodo accesso agli strumenti per il barbecue, funzionamento efficiente, pulito e ordinato.<\/li>\n<\/ul>\n<p><img fetchpriority=\"high\" decoding=\"async\" class=\"alignnone wp-image-3347 size-full\" src=\"https:\/\/jblcorten.com\/wp-content\/uploads\/2025\/06\/corten-barbecue-grill.jpg\" alt=\"barbecue corten\" width=\"750\" height=\"513\" title=\"\" srcset=\"https:\/\/jblcorten.com\/wp-content\/uploads\/2025\/06\/corten-barbecue-grill.jpg 750w, https:\/\/jblcorten.com\/wp-content\/uploads\/2025\/06\/corten-barbecue-grill-600x410.jpg 600w, https:\/\/jblcorten.com\/wp-content\/uploads\/2025\/06\/corten-barbecue-grill-300x205.jpg 300w, https:\/\/jblcorten.com\/wp-content\/uploads\/2025\/06\/corten-barbecue-grill-18x12.jpg 18w\" sizes=\"(max-width: 750px) 100vw, 750px\" \/><\/p>\n<p><strong><span style=\"font-size: 14pt;\">Chi siamo:<\/span><\/strong><\/p>\n<p>Siamo un produttore professionale di prodotti in acciaio corten con sede ad Anyang, in Cina. Dalla sua fondazione nel 2008, ci siamo concentrati sulla progettazione e sulla produzione di griglie per barbecue in acciaio corten, stufe per esterni e decorazioni da giardino in metallo. Abbiamo una nostra fabbrica e un team tecnico di R&amp;S e i nostri prodotti sono esportati in molti paesi e regioni come Europa, America, Australia e Medio Oriente.<\/p>\n<p><img decoding=\"async\" class=\"alignnone size-full wp-image-3349\" src=\"https:\/\/jblcorten.com\/wp-content\/uploads\/2025\/06\/corten-steel-bbq-grill-manufacturer.jpg\" alt=\"Produttore di griglie bbq in acciaio corten\" width=\"750\" height=\"375\" title=\"\" srcset=\"https:\/\/jblcorten.com\/wp-content\/uploads\/2025\/06\/corten-steel-bbq-grill-manufacturer.jpg 750w, https:\/\/jblcorten.com\/wp-content\/uploads\/2025\/06\/corten-steel-bbq-grill-manufacturer-600x300.jpg 600w, https:\/\/jblcorten.com\/wp-content\/uploads\/2025\/06\/corten-steel-bbq-grill-manufacturer-300x150.jpg 300w, https:\/\/jblcorten.com\/wp-content\/uploads\/2025\/06\/corten-steel-bbq-grill-manufacturer-18x9.jpg 18w\" sizes=\"(max-width: 750px) 100vw, 750px\" \/><\/p>\n<p><img decoding=\"async\" class=\"alignnone size-full wp-image-3348\" src=\"https:\/\/jblcorten.com\/wp-content\/uploads\/2025\/06\/bbq-grill-in-corten.jpg\" alt=\"bbq grill in cortina\" width=\"750\" height=\"500\" title=\"\" srcset=\"https:\/\/jblcorten.com\/wp-content\/uploads\/2025\/06\/bbq-grill-in-corten.jpg 750w, https:\/\/jblcorten.com\/wp-content\/uploads\/2025\/06\/bbq-grill-in-corten-600x400.jpg 600w, https:\/\/jblcorten.com\/wp-content\/uploads\/2025\/06\/bbq-grill-in-corten-300x200.jpg 300w, https:\/\/jblcorten.com\/wp-content\/uploads\/2025\/06\/bbq-grill-in-corten-18x12.jpg 18w\" sizes=\"(max-width: 750px) 100vw, 750px\" \/><\/p>\n<p><strong><span style=\"font-size: 14pt;\">FAQ:<\/span><\/strong><\/p>\n<p>D1: Questo barbecue pu\u00f2 bruciare legna?<br \/>\nA1: S\u00ec, \u00e8 possibile utilizzare come combustibile legna da ardere, carbone, legna da frutto, ecc. Si consiglia di utilizzare legna secca per ottenere risultati migliori.<\/p>\n<p>D2: La superficie di cottura si arrugginisce facilmente?<br \/>\nA2: Il pannello di cottura \u00e8 realizzato in acciaio al carbonio. Dopo il normale utilizzo, si forma una pellicola d'olio per prevenire la ruggine. Se si desidera una maggiore resistenza alla ruggine, si possono scegliere pannelli in acciaio inox 304 o 316.<\/p>\n<p>Q3: \u00c8 possibile personalizzare le dimensioni o il logo?<br \/>\nA3: Assolutamente s\u00ec. Supportiamo i servizi di personalizzazione aziendale, compresi i loghi del marchio, le dimensioni, gli accessori e le confezioni.<\/p>\n<p>D4: Potete fornire dei campioni?<br \/>\nA4: \u00c8 possibile fornire campioni. Per maggiori dettagli, contattare il nostro consulente di vendita.<\/p>\n<p>&nbsp;<\/p>","protected":false},"excerpt":{"rendered":"<p>Questo barbecue in corten utilizza acciaio ad alta resistenza agli agenti atmosferici per creare la struttura di base e la superficie \u00e8 ossidata naturalmente per presentare un caldo aspetto rosso ruggine. La piattaforma di cottura superiore utilizza un piano riscaldante in acciaio al carbonio di 10 mm di spessore, che si riscalda rapidamente e conserva il calore per lungo tempo. Con la griglia centrale a fuoco diretto, pu\u00f2 realizzare una variet\u00e0 di metodi di cottura.<\/p>","protected":false},"featured_media":3342,"template":"","meta":{"site-sidebar-layout":"default","site-content-layout":"","ast-site-content-layout":"default","site-content-style":"default","site-sidebar-style":"default","ast-global-header-display":"","ast-banner-title-visibility":"","ast-main-header-display":"","ast-hfb-above-header-display":"","ast-hfb-below-header-display":"","ast-hfb-mobile-header-display":"","site-post-title":"","ast-breadcrumbs-content":"","ast-featured-img":"","footer-sml-layout":"","ast-disable-related-posts":"","theme-transparent-header-meta":"default","adv-header-id-meta":"","stick-header-meta":"","header-above-stick-meta":"","header-main-stick-meta":"","header-below-stick-meta":"","astra-migrate-meta-layouts":"set","ast-page-background-enabled":"default","ast-page-background-meta":{"desktop":{"background-color":"var(--ast-global-color-4)","background-image":"","background-repeat":"repeat","background-position":"center center","background-size":"auto","background-attachment":"scroll","background-type":"","background-media":"","overlay-type":"","overlay-color":"","overlay-opacity":"","overlay-gradient":""},"tablet":{"background-color":"","background-image":"","background-repeat":"repeat","background-position":"center center","background-size":"auto","background-attachment":"scroll","background-type":"","background-media":"","overlay-type":"","overlay-color":"","overlay-opacity":"","overlay-gradient":""},"mobile":{"background-color":"","background-image":"","background-repeat":"repeat","background-position":"center center","background-size":"auto","background-attachment":"scroll","background-type":"","background-media":"","overlay-type":"","overlay-color":"","overlay-opacity":"","overlay-gradient":""}},"ast-content-background-meta":{"desktop":{"background-color":"var(--ast-global-color-5)","background-image":"","background-repeat":"repeat","background-position":"center center","background-size":"auto","background-attachment":"scroll","background-type":"","background-media":"","overlay-type":"","overlay-color":"","overlay-opacity":"","overlay-gradient":""},"tablet":{"background-color":"var(--ast-global-color-5)","background-image":"","background-repeat":"repeat","background-position":"center center","background-size":"auto","background-attachment":"scroll","background-type":"","background-media":"","overlay-type":"","overlay-color":"","overlay-opacity":"","overlay-gradient":""},"mobile":{"background-color":"var(--ast-global-color-5)","background-image":"","background-repeat":"repeat","background-position":"center center","background-size":"auto","background-attachment":"scroll","background-type":"","background-media":"","overlay-type":"","overlay-color":"","overlay-opacity":"","overlay-gradient":""}}},"product_brand":[],"product_cat":[25],"product_tag":[],"class_list":{"0":"post-3341","1":"product","2":"type-product","3":"status-publish","4":"has-post-thumbnail","6":"product_cat-bbq-grill","7":"desktop-align-center","8":"tablet-align-left","9":"mobile-align-left","11":"first","12":"instock","13":"shipping-taxable","14":"product-type-simple"},"_links":{"self":[{"href":"https:\/\/jblcorten.com\/it\/wp-json\/wp\/v2\/product\/3341","targetHints":{"allow":["GET"]}}],"collection":[{"href":"https:\/\/jblcorten.com\/it\/wp-json\/wp\/v2\/product"}],"about":[{"href":"https:\/\/jblcorten.com\/it\/wp-json\/wp\/v2\/types\/product"}],"wp:featuredmedia":[{"embeddable":true,"href":"https:\/\/jblcorten.com\/it\/wp-json\/wp\/v2\/media\/3342"}],"wp:attachment":[{"href":"https:\/\/jblcorten.com\/it\/wp-json\/wp\/v2\/media?parent=3341"}],"wp:term":[{"taxonomy":"product_brand","embeddable":true,"href":"https:\/\/jblcorten.com\/it\/wp-json\/wp\/v2\/product_brand?post=3341"},{"taxonomy":"product_cat","embeddable":true,"href":"https:\/\/jblcorten.com\/it\/wp-json\/wp\/v2\/product_cat?post=3341"},{"taxonomy":"product_tag","embeddable":true,"href":"https:\/\/jblcorten.com\/it\/wp-json\/wp\/v2\/product_tag?post=3341"}],"curies":[{"name":"wp","href":"https:\/\/api.w.org\/{rel}","templated":true}]}}