{"id":3289,"date":"2025-06-10T17:25:22","date_gmt":"2025-06-10T09:25:22","guid":{"rendered":"https:\/\/jblcorten.com\/?post_type=product&#038;p=3289"},"modified":"2025-06-10T17:25:31","modified_gmt":"2025-06-10T09:25:31","slug":"griglia-bbq-in-metallo","status":"publish","type":"product","link":"https:\/\/jblcorten.com\/it\/metal-bbq-grill\/","title":{"rendered":"Griglia per barbecue in metallo"},"content":{"rendered":"<h2 style=\"text-align: center;\"><span style=\"font-size: 14pt;\">Griglia per barbecue in metallo<\/span><\/h2>\n<p>Questo barbecue in metallo \u00e8 stato completamente aggiornato sulla base del design tradizionale, con un nuovo piano d'appoggio montabile a prova di fuoco. Il piano d'appoggio \u00e8 distribuito intorno alla griglia, il che non solo aumenta l'area utilizzabile, ma migliora anche notevolmente la comodit\u00e0 di utilizzo. Gli utenti possono collocare sul piano strumenti come bottiglie di condimento, forchette per grigliare, vassoi, ecc. per evitare di doverli portare avanti e indietro. Il piano del tavolo pu\u00f2 essere utilizzato anche come piano d'appoggio per sedersi. Gli utenti possono sedersi con parenti e amici durante il barbecue, grigliando e mangiando, chiacchierando e divertendosi, il che migliora notevolmente l'interattivit\u00e0 e l'esperienza sociale. Il piano del tavolo \u00e8 realizzato con materiali ignifughi e resistenti alle alte temperature per garantire un utilizzo sicuro. Non si deforma e non si danneggia nemmeno se vi si appoggiano pentole e piatti caldi.<\/p>\n<p><strong><span style=\"font-size: 14pt;\">Specifiche del prodotto:<\/span><\/strong><\/p>\n<table style=\"border-collapse: collapse; width: 100%;\">\n<tbody>\n<tr>\n<td style=\"width: 23.2984%; background-color: #f5f5f5;\">Nome del prodotto<\/td>\n<td style=\"width: 76.7016%;\">Griglia per barbecue in metallo<\/td>\n<\/tr>\n<tr>\n<td style=\"width: 23.2984%; background-color: #f5f5f5;\">Materiale<\/td>\n<td style=\"width: 76.7016%;\">Acciaio corten, acciaio al carbonio<\/td>\n<\/tr>\n<tr>\n<td style=\"width: 23.2984%; background-color: #f5f5f5;\">Carburante<\/td>\n<td style=\"width: 76.7016%;\">Legno<\/td>\n<\/tr>\n<tr>\n<td style=\"width: 23.2984%; background-color: #f5f5f5;\">Dimensione<\/td>\n<td style=\"width: 76.7016%;\">800 mm, 1000 mm, standard o personalizzati<\/td>\n<\/tr>\n<\/tbody>\n<\/table>\n<p><strong><span style=\"font-size: 14pt;\">Dettagli del prodotto:<\/span><\/strong><\/p>\n<p>La padella \u00e8 realizzata in acciaio al carbonio, spesso e resistente, con un'eccellente conducibilit\u00e0 termica e in grado di condurre uniformemente il calore, in modo che il cibo sia riscaldato in modo uniforme e abbia un sapore migliore. Al centro della padella \u00e8 presente una griglia circolare rimovibile, adatta per le grigliate a fuoco aperto, mentre l'ampia area di grigliatura circostante pu\u00f2 essere utilizzata per grigliare verdure, bistecche, ali di pollo e altri ingredienti, per soddisfare le esigenze di diversi stili di grigliata.<\/p>\n<p><img fetchpriority=\"high\" decoding=\"async\" class=\"alignnone wp-image-3297\" src=\"https:\/\/jblcorten.com\/wp-content\/uploads\/2025\/06\/metal-bbq-grill-for-outdoor.jpg\" alt=\"griglia bbq in metallo per esterni\" width=\"750\" height=\"375\" title=\"\" srcset=\"https:\/\/jblcorten.com\/wp-content\/uploads\/2025\/06\/metal-bbq-grill-for-outdoor.jpg 1000w, https:\/\/jblcorten.com\/wp-content\/uploads\/2025\/06\/metal-bbq-grill-for-outdoor-600x300.jpg 600w, https:\/\/jblcorten.com\/wp-content\/uploads\/2025\/06\/metal-bbq-grill-for-outdoor-300x150.jpg 300w, https:\/\/jblcorten.com\/wp-content\/uploads\/2025\/06\/metal-bbq-grill-for-outdoor-768x384.jpg 768w, https:\/\/jblcorten.com\/wp-content\/uploads\/2025\/06\/metal-bbq-grill-for-outdoor-18x9.jpg 18w\" sizes=\"(max-width: 750px) 100vw, 750px\" \/><\/p>\n<p>Al di sotto \u00e8 stato progettato uno spazio per la legna, comodo per riporre la legna da ardere e i ceppi di legno, che pu\u00f2 essere utilizzato anche come spazio decorativo per dare all'intero grill un aspetto pi\u00f9 completo e coordinato. L'area di stoccaggio della legna adotta un design aperto, comodo per prendere e posizionare la legna da ardere e per migliorare l'efficienza della circolazione dell'aria, garantendo una combustione pi\u00f9 completa e una maggiore potenza di fuoco.<\/p>\n<p><strong><span style=\"font-size: 14pt;\">Che cos'\u00e8 l'acciaio corten?<\/span><\/strong><\/p>\n<p>L'acciaio corten (noto anche come acciaio Weathering) \u00e8 un materiale metallico con un'eccellente resistenza alla corrosione. Se esposto all'ambiente naturale, forma gradualmente uno strato stabile di protezione dalla ruggine, in grado di prevenire efficacemente la corrosione e con un'altissima riconoscibilit\u00e0 visiva. Questo materiale non solo \u00e8 estremamente resistente alle alte temperature, al vento e al sole, ma non richiede nemmeno una protezione con vernice per l'uso a lungo termine in ambienti esterni. Con il tempo, lo strato di ruggine superficiale presenter\u00e0 un senso artistico unico.<\/p>\n<p><img decoding=\"async\" class=\"alignnone wp-image-2519 size-full\" src=\"https:\/\/jblcorten.com\/wp-content\/uploads\/2025\/03\/corten-steel-material.jpg\" alt=\"\" width=\"750\" height=\"321\" title=\"\" srcset=\"https:\/\/jblcorten.com\/wp-content\/uploads\/2025\/03\/corten-steel-material.jpg 750w, https:\/\/jblcorten.com\/wp-content\/uploads\/2025\/03\/corten-steel-material-600x257.jpg 600w, https:\/\/jblcorten.com\/wp-content\/uploads\/2025\/03\/corten-steel-material-300x128.jpg 300w, https:\/\/jblcorten.com\/wp-content\/uploads\/2025\/03\/corten-steel-material-18x8.jpg 18w\" sizes=\"(max-width: 750px) 100vw, 750px\" \/><\/p>\n<p><strong><span style=\"font-size: 14pt;\">Immagini del prodotto:<\/span><\/strong><\/p>\n<p><img decoding=\"async\" class=\"alignnone size-full wp-image-3298\" src=\"https:\/\/jblcorten.com\/wp-content\/uploads\/2025\/06\/barbecue-grill.jpg\" alt=\"griglia per barbecue\" width=\"750\" height=\"562\" title=\"\" srcset=\"https:\/\/jblcorten.com\/wp-content\/uploads\/2025\/06\/barbecue-grill.jpg 750w, https:\/\/jblcorten.com\/wp-content\/uploads\/2025\/06\/barbecue-grill-600x450.jpg 600w, https:\/\/jblcorten.com\/wp-content\/uploads\/2025\/06\/barbecue-grill-300x225.jpg 300w, https:\/\/jblcorten.com\/wp-content\/uploads\/2025\/06\/barbecue-grill-16x12.jpg 16w\" sizes=\"(max-width: 750px) 100vw, 750px\" \/><\/p>\n<p><img loading=\"lazy\" decoding=\"async\" class=\"alignnone size-full wp-image-3300\" src=\"https:\/\/jblcorten.com\/wp-content\/uploads\/2025\/06\/Metal-bbq-grill-with-removable-table-board.jpg\" alt=\"Griglia bbq in metallo con piano d&#039;appoggio rimovibile\" width=\"750\" height=\"562\" title=\"\" srcset=\"https:\/\/jblcorten.com\/wp-content\/uploads\/2025\/06\/Metal-bbq-grill-with-removable-table-board.jpg 750w, https:\/\/jblcorten.com\/wp-content\/uploads\/2025\/06\/Metal-bbq-grill-with-removable-table-board-600x450.jpg 600w, https:\/\/jblcorten.com\/wp-content\/uploads\/2025\/06\/Metal-bbq-grill-with-removable-table-board-300x225.jpg 300w, https:\/\/jblcorten.com\/wp-content\/uploads\/2025\/06\/Metal-bbq-grill-with-removable-table-board-16x12.jpg 16w\" sizes=\"(max-width: 750px) 100vw, 750px\" \/><\/p>\n<p><img loading=\"lazy\" decoding=\"async\" class=\"alignnone size-full wp-image-3299\" src=\"https:\/\/jblcorten.com\/wp-content\/uploads\/2025\/06\/camping-bbq.jpg\" alt=\"campeggio bbq\" width=\"750\" height=\"421\" title=\"\" srcset=\"https:\/\/jblcorten.com\/wp-content\/uploads\/2025\/06\/camping-bbq.jpg 750w, https:\/\/jblcorten.com\/wp-content\/uploads\/2025\/06\/camping-bbq-600x337.jpg 600w, https:\/\/jblcorten.com\/wp-content\/uploads\/2025\/06\/camping-bbq-300x168.jpg 300w, https:\/\/jblcorten.com\/wp-content\/uploads\/2025\/06\/camping-bbq-18x10.jpg 18w\" sizes=\"(max-width: 750px) 100vw, 750px\" \/><\/p>\n<p><strong><span style=\"font-size: 14pt;\">FAQ:<\/span><\/strong><\/p>\n<p>1.Le vostre griglie bbq possono essere personalizzate?<br \/>\nNaturalmente, disponiamo di una nostra fabbrica e possiamo personalizzarla in base ai requisiti del cliente.<\/p>\n<p>2.La tavola intorno a questo barbecue pu\u00f2 essere rimovibile?<br \/>\nS\u00ec, \u00e8 anche molto comodo da installare.<\/p>","protected":false},"excerpt":{"rendered":"<p>Questo barbecue in metallo aggiornato \u00e8 realizzato in acciaio resistente agli agenti atmosferici, durevole e riscaldato in modo uniforme con una griglia in acciaio al carbonio. Nella parte inferiore \u00e8 presente un vano per riporre la legna da ardere.<\/p>\n<p>Inoltre, \u00e8 possibile installare un tavolo ignifugo per ottenere un'esperienza di grigliata e di consumo da seduti. Questa griglia \u00e8 versatile e particolarmente adatta alle feste in cortile.<\/p>","protected":false},"featured_media":3293,"template":"","meta":{"site-sidebar-layout":"default","site-content-layout":"","ast-site-content-layout":"default","site-content-style":"default","site-sidebar-style":"default","ast-global-header-display":"","ast-banner-title-visibility":"","ast-main-header-display":"","ast-hfb-above-header-display":"","ast-hfb-below-header-display":"","ast-hfb-mobile-header-display":"","site-post-title":"","ast-breadcrumbs-content":"","ast-featured-img":"","footer-sml-layout":"","ast-disable-related-posts":"","theme-transparent-header-meta":"default","adv-header-id-meta":"","stick-header-meta":"","header-above-stick-meta":"","header-main-stick-meta":"","header-below-stick-meta":"","astra-migrate-meta-layouts":"set","ast-page-background-enabled":"default","ast-page-background-meta":{"desktop":{"background-color":"var(--ast-global-color-4)","background-image":"","background-repeat":"repeat","background-position":"center center","background-size":"auto","background-attachment":"scroll","background-type":"","background-media":"","overlay-type":"","overlay-color":"","overlay-opacity":"","overlay-gradient":""},"tablet":{"background-color":"","background-image":"","background-repeat":"repeat","background-position":"center center","background-size":"auto","background-attachment":"scroll","background-type":"","background-media":"","overlay-type":"","overlay-color":"","overlay-opacity":"","overlay-gradient":""},"mobile":{"background-color":"","background-image":"","background-repeat":"repeat","background-position":"center center","background-size":"auto","background-attachment":"scroll","background-type":"","background-media":"","overlay-type":"","overlay-color":"","overlay-opacity":"","overlay-gradient":""}},"ast-content-background-meta":{"desktop":{"background-color":"var(--ast-global-color-5)","background-image":"","background-repeat":"repeat","background-position":"center center","background-size":"auto","background-attachment":"scroll","background-type":"","background-media":"","overlay-type":"","overlay-color":"","overlay-opacity":"","overlay-gradient":""},"tablet":{"background-color":"var(--ast-global-color-5)","background-image":"","background-repeat":"repeat","background-position":"center center","background-size":"auto","background-attachment":"scroll","background-type":"","background-media":"","overlay-type":"","overlay-color":"","overlay-opacity":"","overlay-gradient":""},"mobile":{"background-color":"var(--ast-global-color-5)","background-image":"","background-repeat":"repeat","background-position":"center center","background-size":"auto","background-attachment":"scroll","background-type":"","background-media":"","overlay-type":"","overlay-color":"","overlay-opacity":"","overlay-gradient":""}}},"product_brand":[],"product_cat":[25],"product_tag":[],"class_list":{"0":"post-3289","1":"product","2":"type-product","3":"status-publish","4":"has-post-thumbnail","6":"product_cat-bbq-grill","7":"desktop-align-center","8":"tablet-align-left","9":"mobile-align-left","11":"first","12":"instock","13":"shipping-taxable","14":"product-type-simple"},"_links":{"self":[{"href":"https:\/\/jblcorten.com\/it\/wp-json\/wp\/v2\/product\/3289","targetHints":{"allow":["GET"]}}],"collection":[{"href":"https:\/\/jblcorten.com\/it\/wp-json\/wp\/v2\/product"}],"about":[{"href":"https:\/\/jblcorten.com\/it\/wp-json\/wp\/v2\/types\/product"}],"wp:featuredmedia":[{"embeddable":true,"href":"https:\/\/jblcorten.com\/it\/wp-json\/wp\/v2\/media\/3293"}],"wp:attachment":[{"href":"https:\/\/jblcorten.com\/it\/wp-json\/wp\/v2\/media?parent=3289"}],"wp:term":[{"taxonomy":"product_brand","embeddable":true,"href":"https:\/\/jblcorten.com\/it\/wp-json\/wp\/v2\/product_brand?post=3289"},{"taxonomy":"product_cat","embeddable":true,"href":"https:\/\/jblcorten.com\/it\/wp-json\/wp\/v2\/product_cat?post=3289"},{"taxonomy":"product_tag","embeddable":true,"href":"https:\/\/jblcorten.com\/it\/wp-json\/wp\/v2\/product_tag?post=3289"}],"curies":[{"name":"wp","href":"https:\/\/api.w.org\/{rel}","templated":true}]}}