{"id":3157,"date":"2025-05-28T11:34:01","date_gmt":"2025-05-28T03:34:01","guid":{"rendered":"https:\/\/jblcorten.com\/?post_type=product&#038;p=3157"},"modified":"2025-05-28T11:44:34","modified_gmt":"2025-05-28T03:44:34","slug":"fioriera-rotonda-affusolata","status":"publish","type":"product","link":"https:\/\/jblcorten.com\/it\/tapered-round-planter\/","title":{"rendered":"Fioriera rotonda affusolata"},"content":{"rendered":"<h2 style=\"text-align: center;\"><span style=\"font-size: 14pt;\">Fioriera rotonda affusolata<\/span><\/h2>\n<p>La fioriera rotonda affusolata \u00e8 un prodotto decorativo per esterni di alta qualit\u00e0 che unisce funzionalit\u00e0 e senso artistico. Il suo design si ispira all'estetica geometrica minimalista. Si basa su un cono rovesciato e presenta un profilo unico, largo in alto e stretto in basso. A differenza della tradizionale struttura conica, questa fioriera abbandona abilmente gli angoli acuti nella parte inferiore e adotta un design piatto, in modo da poter essere posizionata saldamente sul terreno. Se collocata in un cortile, in un balcone o in uno spazio esterno, pu\u00f2 mostrare un effetto visivo stabile e moderno. Le linee complessive sono morbide e arrotondate e i bordi non sono spigolosi, conferendo un aspetto morbido.<\/p>\n<p>Il materiale della fioriera rotonda affusolata \u00e8 acciaio di alta qualit\u00e0, che presenta un'eccellente resistenza alla corrosione e un'altissima resistenza agli agenti atmosferici. La superficie dell'acciaio resistente agli agenti atmosferici forma gradualmente uno strato protettivo di ruggine denso e stabile nell'ambiente naturale, che non solo conferisce alla fioriera un'esclusiva tonalit\u00e0 rosso-ruggine e una struttura retr\u00f2, ma resiste anche efficacemente all'erosione causata da pioggia, vento e sole, prolunga la sua vita utile e non richiede ulteriori verniciature o manutenzioni. \u00c8 estremamente adatto per un uso esterno a lungo termine.<\/p>\n<p>Inoltre, il fondo del vaso \u00e8 appositamente dotato di un design con fori di drenaggio per garantire un drenaggio regolare, evitare il marciume delle radici delle piante dovuto all'accumulo di acqua e migliorare la salute delle piante e la convenienza della manutenzione.<\/p>\n<p><strong><span style=\"font-size: 14pt;\">Specifiche del prodotto:<\/span><\/strong><\/p>\n<table style=\"border-collapse: collapse; width: 100%;\">\n<tbody>\n<tr>\n<td style=\"width: 21.7277%;\">Nome del prodotto<\/td>\n<td style=\"width: 78.2723%;\">Fioriera rotonda affusolata<\/td>\n<\/tr>\n<tr>\n<td style=\"width: 21.7277%;\">Produttore<\/td>\n<td style=\"width: 78.2723%;\">HNJBL<\/td>\n<\/tr>\n<tr>\n<td style=\"width: 21.7277%;\">Materiale<\/td>\n<td style=\"width: 78.2723%;\">Acciaio corten\/acciaio resistente agli agenti atmosferici<\/td>\n<\/tr>\n<tr>\n<td style=\"width: 21.7277%;\">Foro di drenaggio<\/td>\n<td style=\"width: 78.2723%;\">S\u00ec<\/td>\n<\/tr>\n<tr>\n<td style=\"width: 21.7277%;\">Dimensione<\/td>\n<td style=\"width: 78.2723%;\">Personalizzato<\/td>\n<\/tr>\n<\/tbody>\n<\/table>\n<p><strong><span style=\"font-size: 14pt;\">Caratteristiche del prodotto:<\/span><\/strong><\/p>\n<ul style=\"list-style-type: circle;\">\n<li>Decorate il vostro spazio esterno con una coppia di fioriere rotonde e affusolate da posizionare ai lati di qualsiasi porta;<\/li>\n<li>Durevole, resistente agli agenti atmosferici e dotato di fori di drenaggio;<\/li>\n<li>Realizzato in acciaio pregiato resistente agli agenti atmosferici;<\/li>\n<li>Sulla superficie si forma uno strato protettivo resistente alla ruggine che ne migliora l'aspetto.<\/li>\n<\/ul>\n<p><strong><span style=\"font-size: 14pt;\">Dettagli del prodotto:<\/span><\/strong><\/p>\n<p>Siamo produttori di fioriere in acciaio corten. Possiamo arrugginire artificialmente le fioriere, per dare loro un colore pi\u00f9 uniforme. Ecco alcune immagini dell'effetto reale dopo la ruggine.<\/p>\n<p><img fetchpriority=\"high\" decoding=\"async\" class=\"alignnone size-full wp-image-3162\" src=\"https:\/\/jblcorten.com\/wp-content\/uploads\/2025\/05\/tapered-round-planter.jpg\" alt=\"fioriera rotonda affusolata\" width=\"750\" height=\"500\" title=\"\" srcset=\"https:\/\/jblcorten.com\/wp-content\/uploads\/2025\/05\/tapered-round-planter.jpg 750w, https:\/\/jblcorten.com\/wp-content\/uploads\/2025\/05\/tapered-round-planter-600x400.jpg 600w, https:\/\/jblcorten.com\/wp-content\/uploads\/2025\/05\/tapered-round-planter-300x200.jpg 300w, https:\/\/jblcorten.com\/wp-content\/uploads\/2025\/05\/tapered-round-planter-18x12.jpg 18w\" sizes=\"(max-width: 750px) 100vw, 750px\" \/><\/p>\n<p><img decoding=\"async\" class=\"alignnone size-full wp-image-3164\" src=\"https:\/\/jblcorten.com\/wp-content\/uploads\/2025\/05\/outdoor-tapered-planters.jpg\" alt=\"fioriere coniche per esterni\" width=\"750\" height=\"500\" title=\"\" srcset=\"https:\/\/jblcorten.com\/wp-content\/uploads\/2025\/05\/outdoor-tapered-planters.jpg 750w, https:\/\/jblcorten.com\/wp-content\/uploads\/2025\/05\/outdoor-tapered-planters-600x400.jpg 600w, https:\/\/jblcorten.com\/wp-content\/uploads\/2025\/05\/outdoor-tapered-planters-300x200.jpg 300w, https:\/\/jblcorten.com\/wp-content\/uploads\/2025\/05\/outdoor-tapered-planters-18x12.jpg 18w\" sizes=\"(max-width: 750px) 100vw, 750px\" \/><\/p>\n<p><strong><span style=\"font-size: 14pt;\">FAQ:<\/span><\/strong><\/p>\n<p>1.Potete fornire misure personalizzate per soddisfare esigenze particolari?<br \/>\nNaturalmente, siamo un produttore e possiamo realizzare fioriere in base alle esigenze del cliente.<\/p>\n<p>2. Potete inviare campioni di piccoli lotti?<br \/>\nNaturalmente, contattateci per qualsiasi esigenza.<\/p>","protected":false},"excerpt":{"rendered":"<p>Siamo produttori di fioriere tonde coniche in corten. Possiamo arrugginire artificialmente le fioriere e la ruggine artificiale render\u00e0 il colore pi\u00f9 uniforme.<\/p>","protected":false},"featured_media":3166,"template":"","meta":{"site-sidebar-layout":"default","site-content-layout":"","ast-site-content-layout":"default","site-content-style":"default","site-sidebar-style":"default","ast-global-header-display":"","ast-banner-title-visibility":"","ast-main-header-display":"","ast-hfb-above-header-display":"","ast-hfb-below-header-display":"","ast-hfb-mobile-header-display":"","site-post-title":"","ast-breadcrumbs-content":"","ast-featured-img":"","footer-sml-layout":"","ast-disable-related-posts":"","theme-transparent-header-meta":"default","adv-header-id-meta":"","stick-header-meta":"","header-above-stick-meta":"","header-main-stick-meta":"","header-below-stick-meta":"","astra-migrate-meta-layouts":"set","ast-page-background-enabled":"default","ast-page-background-meta":{"desktop":{"background-color":"var(--ast-global-color-4)","background-image":"","background-repeat":"repeat","background-position":"center center","background-size":"auto","background-attachment":"scroll","background-type":"","background-media":"","overlay-type":"","overlay-color":"","overlay-opacity":"","overlay-gradient":""},"tablet":{"background-color":"","background-image":"","background-repeat":"repeat","background-position":"center center","background-size":"auto","background-attachment":"scroll","background-type":"","background-media":"","overlay-type":"","overlay-color":"","overlay-opacity":"","overlay-gradient":""},"mobile":{"background-color":"","background-image":"","background-repeat":"repeat","background-position":"center center","background-size":"auto","background-attachment":"scroll","background-type":"","background-media":"","overlay-type":"","overlay-color":"","overlay-opacity":"","overlay-gradient":""}},"ast-content-background-meta":{"desktop":{"background-color":"var(--ast-global-color-5)","background-image":"","background-repeat":"repeat","background-position":"center center","background-size":"auto","background-attachment":"scroll","background-type":"","background-media":"","overlay-type":"","overlay-color":"","overlay-opacity":"","overlay-gradient":""},"tablet":{"background-color":"var(--ast-global-color-5)","background-image":"","background-repeat":"repeat","background-position":"center center","background-size":"auto","background-attachment":"scroll","background-type":"","background-media":"","overlay-type":"","overlay-color":"","overlay-opacity":"","overlay-gradient":""},"mobile":{"background-color":"var(--ast-global-color-5)","background-image":"","background-repeat":"repeat","background-position":"center center","background-size":"auto","background-attachment":"scroll","background-type":"","background-media":"","overlay-type":"","overlay-color":"","overlay-opacity":"","overlay-gradient":""}}},"product_brand":[],"product_cat":[34],"product_tag":[],"class_list":{"0":"post-3157","1":"product","2":"type-product","3":"status-publish","4":"has-post-thumbnail","6":"product_cat-planter-pots","7":"desktop-align-center","8":"tablet-align-left","9":"mobile-align-left","11":"first","12":"instock","13":"shipping-taxable","14":"product-type-simple"},"_links":{"self":[{"href":"https:\/\/jblcorten.com\/it\/wp-json\/wp\/v2\/product\/3157","targetHints":{"allow":["GET"]}}],"collection":[{"href":"https:\/\/jblcorten.com\/it\/wp-json\/wp\/v2\/product"}],"about":[{"href":"https:\/\/jblcorten.com\/it\/wp-json\/wp\/v2\/types\/product"}],"wp:featuredmedia":[{"embeddable":true,"href":"https:\/\/jblcorten.com\/it\/wp-json\/wp\/v2\/media\/3166"}],"wp:attachment":[{"href":"https:\/\/jblcorten.com\/it\/wp-json\/wp\/v2\/media?parent=3157"}],"wp:term":[{"taxonomy":"product_brand","embeddable":true,"href":"https:\/\/jblcorten.com\/it\/wp-json\/wp\/v2\/product_brand?post=3157"},{"taxonomy":"product_cat","embeddable":true,"href":"https:\/\/jblcorten.com\/it\/wp-json\/wp\/v2\/product_cat?post=3157"},{"taxonomy":"product_tag","embeddable":true,"href":"https:\/\/jblcorten.com\/it\/wp-json\/wp\/v2\/product_tag?post=3157"}],"curies":[{"name":"wp","href":"https:\/\/api.w.org\/{rel}","templated":true}]}}