{"id":3064,"date":"2025-05-15T16:33:56","date_gmt":"2025-05-15T08:33:56","guid":{"rendered":"https:\/\/jblcorten.com\/?post_type=product&#038;p=3064"},"modified":"2025-05-15T16:33:56","modified_gmt":"2025-05-15T08:33:56","slug":"fioriera-in-acciaio-corten-con-traliccio","status":"publish","type":"product","link":"https:\/\/jblcorten.com\/it\/corten-steel-planter-with-trellis\/","title":{"rendered":"Fioriera in acciaio corten con traliccio"},"content":{"rendered":"<h2 style=\"text-align: center;\"><span style=\"font-size: 14pt;\">Fioriera in acciaio corten con traliccio<\/span><\/h2>\n<p>Questa fioriera in acciaio corten con traliccio utilizza come materiale principale acciaio di alta qualit\u00e0 resistente agli agenti atmosferici (noto anche come acciaio corten). Il corpo principale della fioriera \u00e8 un parallelepipedo rettangolare, mentre dalla parte superiore si estende verticalmente una griglia metallica con struttura porosa, che pu\u00f2 essere utilizzata per guidare le piante ad arrampicarsi e crescere verso l'alto. L'intero set di vasi da fiori ha una struttura unificata e presenta visivamente la bellezza dell'integrazione industriale e naturale. \u00c8 una buona scelta per cortili e giardini moderni.<\/p>\n<p>Il design della struttura a griglia non solo migliora il senso tridimensionale e la decorativit\u00e0 della fioriera, ma fornisce anche spazio aggiuntivo per la crescita delle piante. \u00c8 particolarmente adatto a rampicanti come la gloria mattutina, l'edera, il rampicante a tromba, il gelsomino a vento, ecc. che possono ottenere un effetto tridimensionale di crescita naturale dal terreno.<\/p>\n<p><strong><span style=\"font-size: 14pt;\">Specifiche del prodotto:<\/span><\/strong><\/p>\n<table style=\"border-collapse: collapse; width: 100%; height: 265px;\">\n<tbody>\n<tr style=\"height: 53px;\">\n<td style=\"width: 21.5033%; height: 53px; background-color: #f5f5f5;\">Nome del prodotto<\/td>\n<td style=\"width: 78.4967%; height: 53px; background-color: #f5f5f5;\">Fioriera in acciaio corten con traliccio<\/td>\n<\/tr>\n<tr style=\"height: 53px;\">\n<td style=\"width: 21.5033%; height: 53px;\">Materiale<\/td>\n<td style=\"width: 78.4967%; height: 53px;\">Acciaio corten<\/td>\n<\/tr>\n<tr style=\"height: 53px;\">\n<td style=\"width: 21.5033%; height: 53px; background-color: #f5f5f5;\">Processo<\/td>\n<td style=\"width: 78.4967%; height: 53px; background-color: #f5f5f5;\">Taglio laser &gt; piegatura &gt; saldatura e lucidatura &gt; trattamento delle superfici&gt; componenti assemblati e imballaggio<\/td>\n<\/tr>\n<tr style=\"height: 53px;\">\n<td style=\"width: 21.5033%; height: 53px;\">Trattamento della superficie<\/td>\n<td style=\"width: 78.4967%; height: 53px;\">Naturale o pretrattato<\/td>\n<\/tr>\n<tr style=\"height: 53px;\">\n<td style=\"width: 21.5033%; height: 53px; background-color: #f5f5f5;\">Dimensione<\/td>\n<td style=\"width: 78.4967%; height: 53px; background-color: #f5f5f5;\">Personalizzato<\/td>\n<\/tr>\n<\/tbody>\n<\/table>\n<p><strong><span style=\"font-size: 14pt;\">Caratteristiche principali:<\/span><\/strong><\/p>\n<ul>\n<li>La struttura complessiva \u00e8 stabile: il fondo \u00e8 rinforzato e ha una buona capacit\u00e0 di carico.<\/li>\n<li>Il design della griglia \u00e8 intelligente: la distanza tra le griglie \u00e8 ragionevole e favorisce l'arrampicata naturale delle piante, oltre a essere comoda per la potatura e la gestione quotidiana.<\/li>\n<li>Il sistema di drenaggio \u00e8 perfetto: il fondo del vaso da fiori \u00e8 dotato di un design con fori di drenaggio per evitare che l'accumulo di acqua provochi il marciume delle radici delle piante.<\/li>\n<li>La personalizzazione \u00e8 supportata: le dimensioni, l'altezza o lo stile della griglia possono essere regolati in base ai requisiti del progetto.<\/li>\n<li>Movimentabile: Questo vaso da fiori pu\u00f2 essere installato con ruote per facilitarne lo spostamento.<\/li>\n<\/ul>\n<p><strong><span style=\"font-size: 14pt;\">Processo di produzione: processo di produzione<\/span><\/strong><\/p>\n<p>Questa fioriera in acciaio corten con traliccio \u00e8 realizzata mediante taglio CNC, piegatura, saldatura, smerigliatura, prevenzione della ruggine e altri processi di precisione. Dopo che il materiale in acciaio resistente agli agenti atmosferici \u00e8 stato trattato con un processo di pre-arrugginimento, la superficie presenta una tonalit\u00e0 naturale di rosso ruggine e si evolve gradualmente in un colore pi\u00f9 stabile e artistico nel tempo. La parte della griglia adotta un processo di taglio laser per garantire che le aperture siano ordinate e gli angoli lisci, in modo da non graffiare le piante o i giardinieri.<\/p>\n<p>L'intera struttura viene sgrassata e antiruggine prima di lasciare la fabbrica; \u00e8 possibile realizzare diversi gradi di pre-ossidazione in base alle esigenze del cliente.<\/p>\n<p><strong><span style=\"font-size: 14pt;\">Dettagli del prodotto:<\/span><\/strong><\/p>\n<p><img fetchpriority=\"high\" decoding=\"async\" class=\"alignnone size-full wp-image-3069\" src=\"https:\/\/jblcorten.com\/wp-content\/uploads\/2025\/05\/planter-pot.jpg\" alt=\"vaso con fori di drenaggio\" width=\"750\" height=\"433\" title=\"\" srcset=\"https:\/\/jblcorten.com\/wp-content\/uploads\/2025\/05\/planter-pot.jpg 750w, https:\/\/jblcorten.com\/wp-content\/uploads\/2025\/05\/planter-pot-600x346.jpg 600w, https:\/\/jblcorten.com\/wp-content\/uploads\/2025\/05\/planter-pot-300x173.jpg 300w, https:\/\/jblcorten.com\/wp-content\/uploads\/2025\/05\/planter-pot-18x10.jpg 18w\" sizes=\"(max-width: 750px) 100vw, 750px\" \/><\/p>\n<p><img decoding=\"async\" class=\"alignnone size-full wp-image-3070\" src=\"https:\/\/jblcorten.com\/wp-content\/uploads\/2025\/05\/Corten-Steel-Planter-With-grille.jpg\" alt=\"Fioriera in acciaio corten con griglia\" width=\"750\" height=\"750\" title=\"\" srcset=\"https:\/\/jblcorten.com\/wp-content\/uploads\/2025\/05\/Corten-Steel-Planter-With-grille.jpg 750w, https:\/\/jblcorten.com\/wp-content\/uploads\/2025\/05\/Corten-Steel-Planter-With-grille-600x600.jpg 600w, https:\/\/jblcorten.com\/wp-content\/uploads\/2025\/05\/Corten-Steel-Planter-With-grille-100x100.jpg 100w, https:\/\/jblcorten.com\/wp-content\/uploads\/2025\/05\/Corten-Steel-Planter-With-grille-300x300.jpg 300w, https:\/\/jblcorten.com\/wp-content\/uploads\/2025\/05\/Corten-Steel-Planter-With-grille-150x150.jpg 150w, https:\/\/jblcorten.com\/wp-content\/uploads\/2025\/05\/Corten-Steel-Planter-With-grille-12x12.jpg 12w\" sizes=\"(max-width: 750px) 100vw, 750px\" \/><\/p>","protected":false},"excerpt":{"rendered":"<p>La fioriera in acciaio corten con traliccio adotta un design rettangolare e la struttura complessiva ha linee semplici, stabili e moderne. In particolare, la parte superiore \u00e8 dotata di una griglia integrata in acciaio resistente agli agenti atmosferici, che fornisce un supporto naturale per la crescita rampicante delle piante ed \u00e8 un partner ideale per le viti.<\/p>","protected":false},"featured_media":3065,"template":"","meta":{"site-sidebar-layout":"default","site-content-layout":"","ast-site-content-layout":"default","site-content-style":"default","site-sidebar-style":"default","ast-global-header-display":"","ast-banner-title-visibility":"","ast-main-header-display":"","ast-hfb-above-header-display":"","ast-hfb-below-header-display":"","ast-hfb-mobile-header-display":"","site-post-title":"","ast-breadcrumbs-content":"","ast-featured-img":"","footer-sml-layout":"","ast-disable-related-posts":"","theme-transparent-header-meta":"default","adv-header-id-meta":"","stick-header-meta":"","header-above-stick-meta":"","header-main-stick-meta":"","header-below-stick-meta":"","astra-migrate-meta-layouts":"set","ast-page-background-enabled":"default","ast-page-background-meta":{"desktop":{"background-color":"var(--ast-global-color-4)","background-image":"","background-repeat":"repeat","background-position":"center center","background-size":"auto","background-attachment":"scroll","background-type":"","background-media":"","overlay-type":"","overlay-color":"","overlay-opacity":"","overlay-gradient":""},"tablet":{"background-color":"","background-image":"","background-repeat":"repeat","background-position":"center center","background-size":"auto","background-attachment":"scroll","background-type":"","background-media":"","overlay-type":"","overlay-color":"","overlay-opacity":"","overlay-gradient":""},"mobile":{"background-color":"","background-image":"","background-repeat":"repeat","background-position":"center center","background-size":"auto","background-attachment":"scroll","background-type":"","background-media":"","overlay-type":"","overlay-color":"","overlay-opacity":"","overlay-gradient":""}},"ast-content-background-meta":{"desktop":{"background-color":"var(--ast-global-color-5)","background-image":"","background-repeat":"repeat","background-position":"center center","background-size":"auto","background-attachment":"scroll","background-type":"","background-media":"","overlay-type":"","overlay-color":"","overlay-opacity":"","overlay-gradient":""},"tablet":{"background-color":"var(--ast-global-color-5)","background-image":"","background-repeat":"repeat","background-position":"center center","background-size":"auto","background-attachment":"scroll","background-type":"","background-media":"","overlay-type":"","overlay-color":"","overlay-opacity":"","overlay-gradient":""},"mobile":{"background-color":"var(--ast-global-color-5)","background-image":"","background-repeat":"repeat","background-position":"center center","background-size":"auto","background-attachment":"scroll","background-type":"","background-media":"","overlay-type":"","overlay-color":"","overlay-opacity":"","overlay-gradient":""}}},"product_brand":[],"product_cat":[34],"product_tag":[],"class_list":{"0":"post-3064","1":"product","2":"type-product","3":"status-publish","4":"has-post-thumbnail","6":"product_cat-planter-pots","7":"desktop-align-center","8":"tablet-align-left","9":"mobile-align-left","11":"first","12":"instock","13":"shipping-taxable","14":"product-type-simple"},"_links":{"self":[{"href":"https:\/\/jblcorten.com\/it\/wp-json\/wp\/v2\/product\/3064","targetHints":{"allow":["GET"]}}],"collection":[{"href":"https:\/\/jblcorten.com\/it\/wp-json\/wp\/v2\/product"}],"about":[{"href":"https:\/\/jblcorten.com\/it\/wp-json\/wp\/v2\/types\/product"}],"wp:featuredmedia":[{"embeddable":true,"href":"https:\/\/jblcorten.com\/it\/wp-json\/wp\/v2\/media\/3065"}],"wp:attachment":[{"href":"https:\/\/jblcorten.com\/it\/wp-json\/wp\/v2\/media?parent=3064"}],"wp:term":[{"taxonomy":"product_brand","embeddable":true,"href":"https:\/\/jblcorten.com\/it\/wp-json\/wp\/v2\/product_brand?post=3064"},{"taxonomy":"product_cat","embeddable":true,"href":"https:\/\/jblcorten.com\/it\/wp-json\/wp\/v2\/product_cat?post=3064"},{"taxonomy":"product_tag","embeddable":true,"href":"https:\/\/jblcorten.com\/it\/wp-json\/wp\/v2\/product_tag?post=3064"}],"curies":[{"name":"wp","href":"https:\/\/api.w.org\/{rel}","templated":true}]}}