{"id":3054,"date":"2025-05-13T15:36:25","date_gmt":"2025-05-13T07:36:25","guid":{"rendered":"https:\/\/jblcorten.com\/?post_type=product&#038;p=3054"},"modified":"2025-05-13T15:36:25","modified_gmt":"2025-05-13T07:36:25","slug":"fioriere-in-acciaio-corten-2","status":"publish","type":"product","link":"https:\/\/jblcorten.com\/it\/corten-steel-planter-boxes\/","title":{"rendered":"Fioriere in acciaio corten"},"content":{"rendered":"<h2 style=\"text-align: center;\"><span style=\"font-size: 14pt;\">Fioriere in acciaio corten<\/span><\/h2>\n<p>L'aspetto complessivo di questa fioriera in acciaio corten \u00e8 quello di un piccolo cubo, di dimensioni uniformi dall'alto verso il basso, con i quattro lati dritti e regolari, che mostrano un forte senso di geometria e modernit\u00e0. Ad attirare l'attenzione sono i quattro \"coperchi aperti\" sulla parte superiore. Ogni \"coperchio\" si allarga verso l'esterno lungo il bordo superiore, come una scatola che viene aperta, rivelando la vitalit\u00e0 nascosta.<\/p>\n<p>Sebbene questa fioriera in acciaio corten non sia di grandi dimensioni, ha una struttura stabile e una capacit\u00e0 moderata. \u00c8 molto adatta per piantare alcune piccole piante verdi come le succulente e i cactus. Queste piante non richiedono molto spazio e terreno, ma prestano maggiore attenzione alla ventilazione e al drenaggio. Il fondo della fioriera in acciaio corten pu\u00f2 essere progettato con una struttura di fori di drenaggio per prevenire efficacemente l'accumulo di acqua e proteggere la salute delle radici delle piante. Allo stesso tempo, la struttura quadrata favorisce la disposizione delle piante e la distribuzione uniforme del terreno, oltre a consentire agli utenti di realizzare combinazioni creative di piante.<\/p>\n<p><strong><span style=\"font-size: 14pt;\">Specifiche del prodotto:<\/span><\/strong><\/p>\n<table style=\"border-collapse: collapse; width: 100%; height: 212px;\">\n<tbody>\n<tr style=\"height: 53px;\">\n<td style=\"width: 22.1017%; height: 53px; background-color: #f5f5f5;\">Nome del prodotto<\/td>\n<td style=\"width: 77.8983%; height: 53px; background-color: #f5f5f5;\">Fioriere in acciaio corten<\/td>\n<\/tr>\n<tr style=\"height: 53px;\">\n<td style=\"width: 22.1017%; height: 53px;\">Materiale<\/td>\n<td style=\"width: 77.8983%; height: 53px;\">Acciaio corten\/acciaio per il tempo libero<\/td>\n<\/tr>\n<tr style=\"height: 53px;\">\n<td style=\"width: 22.1017%; height: 53px; background-color: #f5f5f5;\">Trattamento della superficie<\/td>\n<td style=\"width: 77.8983%; height: 53px; background-color: #f5f5f5;\">Finitura pre-arrugginita<\/td>\n<\/tr>\n<tr style=\"height: 53px;\">\n<td style=\"width: 22.1017%; height: 53px;\">Taglia regolare<\/td>\n<td style=\"width: 77.8983%; height: 53px;\">500*500*500mm o personalizzato<\/td>\n<\/tr>\n<\/tbody>\n<\/table>\n<p><strong><span style=\"font-size: 14pt;\">Dettagli del prodotto:<\/span><\/strong><\/p>\n<p><img fetchpriority=\"high\" decoding=\"async\" class=\"alignnone size-full wp-image-3055\" src=\"https:\/\/jblcorten.com\/wp-content\/uploads\/2025\/05\/corten-steel-planter-boxes.jpg\" alt=\"fioriere in acciaio corten\" width=\"750\" height=\"499\" title=\"\" srcset=\"https:\/\/jblcorten.com\/wp-content\/uploads\/2025\/05\/corten-steel-planter-boxes.jpg 750w, https:\/\/jblcorten.com\/wp-content\/uploads\/2025\/05\/corten-steel-planter-boxes-600x399.jpg 600w, https:\/\/jblcorten.com\/wp-content\/uploads\/2025\/05\/corten-steel-planter-boxes-300x200.jpg 300w, https:\/\/jblcorten.com\/wp-content\/uploads\/2025\/05\/corten-steel-planter-boxes-18x12.jpg 18w\" sizes=\"(max-width: 750px) 100vw, 750px\" \/><\/p>\n<p><img decoding=\"async\" class=\"alignnone size-full wp-image-3056\" src=\"https:\/\/jblcorten.com\/wp-content\/uploads\/2025\/05\/corten-planter-box.jpg\" alt=\"\" width=\"750\" height=\"750\" title=\"\" srcset=\"https:\/\/jblcorten.com\/wp-content\/uploads\/2025\/05\/corten-planter-box.jpg 750w, https:\/\/jblcorten.com\/wp-content\/uploads\/2025\/05\/corten-planter-box-600x600.jpg 600w, https:\/\/jblcorten.com\/wp-content\/uploads\/2025\/05\/corten-planter-box-100x100.jpg 100w, https:\/\/jblcorten.com\/wp-content\/uploads\/2025\/05\/corten-planter-box-300x300.jpg 300w, https:\/\/jblcorten.com\/wp-content\/uploads\/2025\/05\/corten-planter-box-150x150.jpg 150w, https:\/\/jblcorten.com\/wp-content\/uploads\/2025\/05\/corten-planter-box-12x12.jpg 12w\" sizes=\"(max-width: 750px) 100vw, 750px\" \/><\/p>\n<p><img decoding=\"async\" class=\"alignnone size-full wp-image-3059\" src=\"https:\/\/jblcorten.com\/wp-content\/uploads\/2025\/05\/metallic-series-corten-steel-planter-box.jpg\" alt=\"fioriera in acciaio corten serie metallica\" width=\"750\" height=\"750\" title=\"\" srcset=\"https:\/\/jblcorten.com\/wp-content\/uploads\/2025\/05\/metallic-series-corten-steel-planter-box.jpg 750w, https:\/\/jblcorten.com\/wp-content\/uploads\/2025\/05\/metallic-series-corten-steel-planter-box-600x600.jpg 600w, https:\/\/jblcorten.com\/wp-content\/uploads\/2025\/05\/metallic-series-corten-steel-planter-box-100x100.jpg 100w, https:\/\/jblcorten.com\/wp-content\/uploads\/2025\/05\/metallic-series-corten-steel-planter-box-300x300.jpg 300w, https:\/\/jblcorten.com\/wp-content\/uploads\/2025\/05\/metallic-series-corten-steel-planter-box-150x150.jpg 150w, https:\/\/jblcorten.com\/wp-content\/uploads\/2025\/05\/metallic-series-corten-steel-planter-box-12x12.jpg 12w\" sizes=\"(max-width: 750px) 100vw, 750px\" \/><\/p>\n<p><strong><span style=\"font-size: 14pt;\">FAQ:<\/span><\/strong><\/p>\n<p>1. Quanto tempo impiega l'acciaio corten ad arrugginire?<br \/>\nDi solito ci vogliono dai 4 ai 10 mesi, a seconda delle condizioni climatiche.<\/p>\n<p>2. Posso accelerare il processo di arrugginimento?<br \/>\nS\u00ec, l'utilizzo di una soluzione di aceto, sale e acqua pu\u00f2 contribuire ad accelerare l'arrugginimento. (Siamo produttori di vasi in acciaio corten e possiamo anche arrugginire i vasi).<\/p>\n<p>3. I vasi in acciaio corten sono sicuri per le piante?<br \/>\nNaturalmente, una volta che la ruggine \u00e8 completamente formata, non \u00e8 tossica e sicura per le piante. La ruggine iniziale pu\u00f2 rilasciare ferro nel terreno, ma in genere \u00e8 innocua.<\/p>","protected":false},"excerpt":{"rendered":"<p>Il design di queste fioriere in acciaio corten si ispira a una scatola di carta cubica. L'effetto visivo dell'\"apertura del coperchio della scatola di carta\" \u00e8 accuratamente ripristinato dall'acciaio sottoposto agli agenti atmosferici, formando un vaso da fiori in metallo di grande creativit\u00e0 e valore ornamentale.<\/p>\n<p>L'aspetto \u00e8 quello di una scatola regalo che viene aperta delicatamente e i coperchi dei quattro angoli si aprono naturalmente, il che \u00e8 molto artistico.<\/p>","protected":false},"featured_media":3061,"template":"","meta":{"site-sidebar-layout":"default","site-content-layout":"","ast-site-content-layout":"default","site-content-style":"default","site-sidebar-style":"default","ast-global-header-display":"","ast-banner-title-visibility":"","ast-main-header-display":"","ast-hfb-above-header-display":"","ast-hfb-below-header-display":"","ast-hfb-mobile-header-display":"","site-post-title":"","ast-breadcrumbs-content":"","ast-featured-img":"","footer-sml-layout":"","ast-disable-related-posts":"","theme-transparent-header-meta":"default","adv-header-id-meta":"","stick-header-meta":"","header-above-stick-meta":"","header-main-stick-meta":"","header-below-stick-meta":"","astra-migrate-meta-layouts":"set","ast-page-background-enabled":"default","ast-page-background-meta":{"desktop":{"background-color":"var(--ast-global-color-4)","background-image":"","background-repeat":"repeat","background-position":"center center","background-size":"auto","background-attachment":"scroll","background-type":"","background-media":"","overlay-type":"","overlay-color":"","overlay-opacity":"","overlay-gradient":""},"tablet":{"background-color":"","background-image":"","background-repeat":"repeat","background-position":"center center","background-size":"auto","background-attachment":"scroll","background-type":"","background-media":"","overlay-type":"","overlay-color":"","overlay-opacity":"","overlay-gradient":""},"mobile":{"background-color":"","background-image":"","background-repeat":"repeat","background-position":"center center","background-size":"auto","background-attachment":"scroll","background-type":"","background-media":"","overlay-type":"","overlay-color":"","overlay-opacity":"","overlay-gradient":""}},"ast-content-background-meta":{"desktop":{"background-color":"var(--ast-global-color-5)","background-image":"","background-repeat":"repeat","background-position":"center center","background-size":"auto","background-attachment":"scroll","background-type":"","background-media":"","overlay-type":"","overlay-color":"","overlay-opacity":"","overlay-gradient":""},"tablet":{"background-color":"var(--ast-global-color-5)","background-image":"","background-repeat":"repeat","background-position":"center center","background-size":"auto","background-attachment":"scroll","background-type":"","background-media":"","overlay-type":"","overlay-color":"","overlay-opacity":"","overlay-gradient":""},"mobile":{"background-color":"var(--ast-global-color-5)","background-image":"","background-repeat":"repeat","background-position":"center center","background-size":"auto","background-attachment":"scroll","background-type":"","background-media":"","overlay-type":"","overlay-color":"","overlay-opacity":"","overlay-gradient":""}}},"product_brand":[],"product_cat":[34],"product_tag":[],"class_list":{"0":"post-3054","1":"product","2":"type-product","3":"status-publish","4":"has-post-thumbnail","6":"product_cat-planter-pots","7":"desktop-align-center","8":"tablet-align-left","9":"mobile-align-left","11":"first","12":"instock","13":"shipping-taxable","14":"product-type-simple"},"_links":{"self":[{"href":"https:\/\/jblcorten.com\/it\/wp-json\/wp\/v2\/product\/3054","targetHints":{"allow":["GET"]}}],"collection":[{"href":"https:\/\/jblcorten.com\/it\/wp-json\/wp\/v2\/product"}],"about":[{"href":"https:\/\/jblcorten.com\/it\/wp-json\/wp\/v2\/types\/product"}],"wp:featuredmedia":[{"embeddable":true,"href":"https:\/\/jblcorten.com\/it\/wp-json\/wp\/v2\/media\/3061"}],"wp:attachment":[{"href":"https:\/\/jblcorten.com\/it\/wp-json\/wp\/v2\/media?parent=3054"}],"wp:term":[{"taxonomy":"product_brand","embeddable":true,"href":"https:\/\/jblcorten.com\/it\/wp-json\/wp\/v2\/product_brand?post=3054"},{"taxonomy":"product_cat","embeddable":true,"href":"https:\/\/jblcorten.com\/it\/wp-json\/wp\/v2\/product_cat?post=3054"},{"taxonomy":"product_tag","embeddable":true,"href":"https:\/\/jblcorten.com\/it\/wp-json\/wp\/v2\/product_tag?post=3054"}],"curies":[{"name":"wp","href":"https:\/\/api.w.org\/{rel}","templated":true}]}}