{"id":3044,"date":"2025-05-13T14:17:35","date_gmt":"2025-05-13T06:17:35","guid":{"rendered":"https:\/\/jblcorten.com\/?post_type=product&#038;p=3044"},"modified":"2025-05-13T14:19:35","modified_gmt":"2025-05-13T06:19:35","slug":"fioriera-alta-in-acciaio-corten","status":"publish","type":"product","link":"https:\/\/jblcorten.com\/it\/tall-corten-steel-planter\/","title":{"rendered":"Fioriera alta in acciaio corten"},"content":{"rendered":"<h2 style=\"text-align: center;\"><span style=\"font-size: 14pt;\">Fioriera alta in acciaio corten<\/span><\/h2>\n<p>I vasi da fiori tradizionali sono per lo pi\u00f9 rotondi o corti e grassi, mentre questa fioriera alta in acciaio corten adotta un design quadrato con uguale larghezza alle bocche superiore e inferiore, che risulta pi\u00f9 eretto e potente visivamente. La struttura alta permette di trattenere pi\u00f9 terra, favorendo la crescita di piante con apparato radicale profondo. \u00c8 particolarmente adatto per piantare piante verdi come bamb\u00f9, arbusti, piccoli alberi e viti che hanno determinati requisiti di spazio e profondit\u00e0 del terreno. Allo stesso tempo, questa forma facilita la disposizione e l'accostamento dei vasi da fiori, che possono essere disposti in modo ravvicinato per formare un effetto di paesaggio simmetrico o a schiera, molto moderno e ordinato.<\/p>\n<p><strong><span style=\"font-size: 14pt;\">Specifiche del prodotto:<\/span><\/strong><\/p>\n<table style=\"border-collapse: collapse; width: 100%; height: 265px;\">\n<tbody>\n<tr style=\"height: 53px;\">\n<td style=\"width: 22.0269%; background-color: #f5f5f5; height: 53px;\">Nome del prodotto<\/td>\n<td style=\"width: 77.9731%; background-color: #f5f5f5; height: 53px;\">Fioriera alta in acciaio corten<\/td>\n<\/tr>\n<tr style=\"height: 53px;\">\n<td style=\"width: 22.0269%; height: 53px;\">Materiale<\/td>\n<td style=\"width: 77.9731%; height: 53px;\">Acciaio corten\/acciaio da invecchiamento<\/td>\n<\/tr>\n<tr style=\"height: 53px;\">\n<td style=\"width: 22.0269%; height: 53px; background-color: #f5f5f5;\">Dimensione<\/td>\n<td style=\"width: 77.9731%; height: 53px; background-color: #f5f5f5;\">L 32\u00d7L 32\u00d7H 75cm<\/td>\n<\/tr>\n<tr style=\"height: 53px;\">\n<td style=\"width: 22.0269%; height: 53px;\">Spessore<\/td>\n<td style=\"width: 77.9731%; height: 53px;\">3 mm<\/td>\n<\/tr>\n<tr style=\"height: 53px;\">\n<td style=\"width: 22.0269%; height: 53px; background-color: #f5f5f5;\">Foro di drenaggio<\/td>\n<td style=\"width: 77.9731%; height: 53px; background-color: #f5f5f5;\">S\u00ec<\/td>\n<\/tr>\n<\/tbody>\n<\/table>\n<p><strong><span style=\"font-size: 14pt;\">Acciaio corten:<\/span><\/strong><\/p>\n<p>Il materiale utilizzato per questa fioriera alta \u00e8 l'acciaio resistente agli agenti atmosferici. L'acciaio da agenti atmosferici, noto anche come \"acciaio corten\" o \"acciaio antiruggine\", \u00e8 un acciaio a bassa lega contenente una piccola quantit\u00e0 di elementi di lega come rame, cromo e nichel. Nell'ambiente naturale, sulla superficie dell'acciaio resistente agli agenti atmosferici si forma uno strato di ossido di ruggine stabile e denso. Questo strato di ruggine non solo previene l'ulteriore corrosione, ma ha anche un forte effetto decorativo, presentando una calda tonalit\u00e0 rosso-ruggine, con una texture unica e artistica. Rispetto all'acciaio ordinario, l'acciaio resistente agli agenti atmosferici ha una vita utile pi\u00f9 lunga e costi di manutenzione inferiori.<\/p>\n<p><img fetchpriority=\"high\" decoding=\"async\" class=\"alignnone size-full wp-image-2519\" src=\"https:\/\/jblcorten.com\/wp-content\/uploads\/2025\/03\/corten-steel-material.jpg\" alt=\"\" width=\"750\" height=\"321\" title=\"\" srcset=\"https:\/\/jblcorten.com\/wp-content\/uploads\/2025\/03\/corten-steel-material.jpg 750w, https:\/\/jblcorten.com\/wp-content\/uploads\/2025\/03\/corten-steel-material-600x257.jpg 600w, https:\/\/jblcorten.com\/wp-content\/uploads\/2025\/03\/corten-steel-material-300x128.jpg 300w, https:\/\/jblcorten.com\/wp-content\/uploads\/2025\/03\/corten-steel-material-18x8.jpg 18w\" sizes=\"(max-width: 750px) 100vw, 750px\" \/><\/p>\n<p><strong><span style=\"font-size: 14pt;\">Il nostro servizio:<\/span><\/strong><\/p>\n<p>Questa fioriera alta in acciaio corten supporta dimensioni e trattamenti superficiali personalizzati. Che sia alta 1 metro o 1,5 metri, pu\u00f2 essere lavorata in modo flessibile in base alle esigenze del cliente per adattarsi ai diversi requisiti di spazio. La superficie pu\u00f2 anche essere arrugginita naturalmente o pre-arrugginita in base all'atmosfera ambientale; inoltre, \u00e8 possibile spruzzare vernice antiruggine o uno strato protettivo trasparente per ritardare il processo di arrugginimento superficiale.<\/p>\n<p><img decoding=\"async\" class=\"alignnone wp-image-3051\" src=\"https:\/\/jblcorten.com\/wp-content\/uploads\/2025\/05\/tall-corten-steel-planter-1.jpg\" alt=\"fioriera alta in acciaio corten\" width=\"750\" height=\"563\" title=\"\" srcset=\"https:\/\/jblcorten.com\/wp-content\/uploads\/2025\/05\/tall-corten-steel-planter-1.jpg 1000w, https:\/\/jblcorten.com\/wp-content\/uploads\/2025\/05\/tall-corten-steel-planter-1-600x450.jpg 600w, https:\/\/jblcorten.com\/wp-content\/uploads\/2025\/05\/tall-corten-steel-planter-1-300x225.jpg 300w, https:\/\/jblcorten.com\/wp-content\/uploads\/2025\/05\/tall-corten-steel-planter-1-768x576.jpg 768w, https:\/\/jblcorten.com\/wp-content\/uploads\/2025\/05\/tall-corten-steel-planter-1-16x12.jpg 16w\" sizes=\"(max-width: 750px) 100vw, 750px\" \/><\/p>\n<p><img decoding=\"async\" class=\"alignnone size-full wp-image-3052\" src=\"https:\/\/jblcorten.com\/wp-content\/uploads\/2025\/05\/tall-flower-pots-outdoor.jpg\" alt=\"vasi da fiori alti per esterni\" width=\"750\" height=\"562\" title=\"\" srcset=\"https:\/\/jblcorten.com\/wp-content\/uploads\/2025\/05\/tall-flower-pots-outdoor.jpg 750w, https:\/\/jblcorten.com\/wp-content\/uploads\/2025\/05\/tall-flower-pots-outdoor-600x450.jpg 600w, https:\/\/jblcorten.com\/wp-content\/uploads\/2025\/05\/tall-flower-pots-outdoor-300x225.jpg 300w, https:\/\/jblcorten.com\/wp-content\/uploads\/2025\/05\/tall-flower-pots-outdoor-16x12.jpg 16w\" sizes=\"(max-width: 750px) 100vw, 750px\" \/><\/p>\n<p><img loading=\"lazy\" decoding=\"async\" class=\"alignnone size-full wp-image-3053\" src=\"https:\/\/jblcorten.com\/wp-content\/uploads\/2025\/05\/tall-planter-box-outdoor.png\" alt=\"fioriera alta per esterni\" width=\"750\" height=\"501\" title=\"\" srcset=\"https:\/\/jblcorten.com\/wp-content\/uploads\/2025\/05\/tall-planter-box-outdoor.png 750w, https:\/\/jblcorten.com\/wp-content\/uploads\/2025\/05\/tall-planter-box-outdoor-600x401.png 600w, https:\/\/jblcorten.com\/wp-content\/uploads\/2025\/05\/tall-planter-box-outdoor-300x200.png 300w, https:\/\/jblcorten.com\/wp-content\/uploads\/2025\/05\/tall-planter-box-outdoor-18x12.png 18w\" sizes=\"(max-width: 750px) 100vw, 750px\" \/><\/p>","protected":false},"excerpt":{"rendered":"<p>Questa fioriera alta in acciaio corten supporta dimensioni e trattamenti superficiali personalizzati e pu\u00f2 essere lavorata in modo flessibile in base alle esigenze del cliente per adattarsi alle diverse necessit\u00e0 di spazio.<\/p>\n<p>La superficie pu\u00f2 anche essere arrugginita naturalmente o pre-arrugginita a seconda dell'ambiente, e pu\u00f2 anche essere spruzzata con vernice antiruggine o con uno strato protettivo trasparente per ritardare il processo di ruggine superficiale.<\/p>","protected":false},"featured_media":3046,"template":"","meta":{"site-sidebar-layout":"default","site-content-layout":"","ast-site-content-layout":"default","site-content-style":"default","site-sidebar-style":"default","ast-global-header-display":"","ast-banner-title-visibility":"","ast-main-header-display":"","ast-hfb-above-header-display":"","ast-hfb-below-header-display":"","ast-hfb-mobile-header-display":"","site-post-title":"","ast-breadcrumbs-content":"","ast-featured-img":"","footer-sml-layout":"","ast-disable-related-posts":"","theme-transparent-header-meta":"default","adv-header-id-meta":"","stick-header-meta":"","header-above-stick-meta":"","header-main-stick-meta":"","header-below-stick-meta":"","astra-migrate-meta-layouts":"set","ast-page-background-enabled":"default","ast-page-background-meta":{"desktop":{"background-color":"var(--ast-global-color-4)","background-image":"","background-repeat":"repeat","background-position":"center center","background-size":"auto","background-attachment":"scroll","background-type":"","background-media":"","overlay-type":"","overlay-color":"","overlay-opacity":"","overlay-gradient":""},"tablet":{"background-color":"","background-image":"","background-repeat":"repeat","background-position":"center center","background-size":"auto","background-attachment":"scroll","background-type":"","background-media":"","overlay-type":"","overlay-color":"","overlay-opacity":"","overlay-gradient":""},"mobile":{"background-color":"","background-image":"","background-repeat":"repeat","background-position":"center center","background-size":"auto","background-attachment":"scroll","background-type":"","background-media":"","overlay-type":"","overlay-color":"","overlay-opacity":"","overlay-gradient":""}},"ast-content-background-meta":{"desktop":{"background-color":"var(--ast-global-color-5)","background-image":"","background-repeat":"repeat","background-position":"center center","background-size":"auto","background-attachment":"scroll","background-type":"","background-media":"","overlay-type":"","overlay-color":"","overlay-opacity":"","overlay-gradient":""},"tablet":{"background-color":"var(--ast-global-color-5)","background-image":"","background-repeat":"repeat","background-position":"center center","background-size":"auto","background-attachment":"scroll","background-type":"","background-media":"","overlay-type":"","overlay-color":"","overlay-opacity":"","overlay-gradient":""},"mobile":{"background-color":"var(--ast-global-color-5)","background-image":"","background-repeat":"repeat","background-position":"center center","background-size":"auto","background-attachment":"scroll","background-type":"","background-media":"","overlay-type":"","overlay-color":"","overlay-opacity":"","overlay-gradient":""}}},"product_brand":[],"product_cat":[34],"product_tag":[],"class_list":{"0":"post-3044","1":"product","2":"type-product","3":"status-publish","4":"has-post-thumbnail","6":"product_cat-planter-pots","7":"desktop-align-center","8":"tablet-align-left","9":"mobile-align-left","11":"first","12":"instock","13":"shipping-taxable","14":"product-type-simple"},"_links":{"self":[{"href":"https:\/\/jblcorten.com\/it\/wp-json\/wp\/v2\/product\/3044","targetHints":{"allow":["GET"]}}],"collection":[{"href":"https:\/\/jblcorten.com\/it\/wp-json\/wp\/v2\/product"}],"about":[{"href":"https:\/\/jblcorten.com\/it\/wp-json\/wp\/v2\/types\/product"}],"wp:featuredmedia":[{"embeddable":true,"href":"https:\/\/jblcorten.com\/it\/wp-json\/wp\/v2\/media\/3046"}],"wp:attachment":[{"href":"https:\/\/jblcorten.com\/it\/wp-json\/wp\/v2\/media?parent=3044"}],"wp:term":[{"taxonomy":"product_brand","embeddable":true,"href":"https:\/\/jblcorten.com\/it\/wp-json\/wp\/v2\/product_brand?post=3044"},{"taxonomy":"product_cat","embeddable":true,"href":"https:\/\/jblcorten.com\/it\/wp-json\/wp\/v2\/product_cat?post=3044"},{"taxonomy":"product_tag","embeddable":true,"href":"https:\/\/jblcorten.com\/it\/wp-json\/wp\/v2\/product_tag?post=3044"}],"curies":[{"name":"wp","href":"https:\/\/api.w.org\/{rel}","templated":true}]}}