{"id":3031,"date":"2025-05-12T15:21:52","date_gmt":"2025-05-12T07:21:52","guid":{"rendered":"https:\/\/jblcorten.com\/?post_type=product&#038;p=3031"},"modified":"2025-05-12T15:24:07","modified_gmt":"2025-05-12T07:24:07","slug":"fioriera-conica-in-acciaio-corten","status":"publish","type":"product","link":"https:\/\/jblcorten.com\/it\/corten-steel-tapered-planter\/","title":{"rendered":"Fioriera conica in acciaio corten"},"content":{"rendered":"<h2 style=\"text-align: center;\"><span style=\"font-size: 14pt;\">Fioriera conica in acciaio corten<\/span><\/h2>\n<p>La fioriera conica in acciaio corten \u00e8 realizzata in acciaio corten come materiale principale, con una forte resistenza agli agenti atmosferici e un aspetto unico. La forma complessiva \u00e8 un cono alto, con il fondo stretto e che si allarga gradualmente verso l'alto. Combina la struttura geometrica del quadrato esterno e del cono interno e presenta chiare linee angolari sul bordo, che le conferiscono un effetto visivo robusto, verticale e potente. Questa fioriera conica in acciaio corten pu\u00f2 essere collocata in aree commerciali, cortili di ville, piazze pubbliche, ingressi di alberghi o terrazze.<\/p>\n<p>La fioriera pi\u00f9 alta e affusolata non solo rende le piante visivamente pi\u00f9 focalizzate nel paesaggio complessivo, ma forma anche una divisione naturale e una guida nello spazio. \u00c8 adatta per aree funzionali come la guida stradale, entrambi i lati dei canali visivi e le aree di ingresso dei cartelli in grandi spazi aperti. Il design in posizione elevata contribuisce inoltre a evitare che la vegetazione venga disturbata dal terreno umido o dai parassiti e facilita la manutenzione quotidiana.<\/p>\n<p><strong><span style=\"font-size: 14pt;\">Specifiche del prodotto:<\/span><\/strong><\/p>\n<table style=\"border-collapse: collapse; width: 100%;\">\n<tbody>\n<tr>\n<td style=\"width: 26.8886%; background-color: #f5f5f5;\">Nome del prodotto<\/td>\n<td style=\"width: 73.1114%; background-color: #f5f5f5;\">Fioriera conica in acciaio corten<\/td>\n<\/tr>\n<tr>\n<td style=\"width: 26.8886%;\">Materiale<\/td>\n<td style=\"width: 73.1114%;\">Acciaio corten\/acciaio per il tempo libero<\/td>\n<\/tr>\n<tr>\n<td style=\"width: 26.8886%; background-color: #f5f5f5;\">Forma<\/td>\n<td style=\"width: 73.1114%; background-color: #f5f5f5;\">Quadrato affusolato<\/td>\n<\/tr>\n<tr>\n<td style=\"width: 26.8886%;\">Dimensioni<\/td>\n<td style=\"width: 73.1114%;\">L 40\u00d7L 40\u00d7H 90cm<\/td>\n<\/tr>\n<tr>\n<td style=\"width: 26.8886%; background-color: #f5f5f5;\">Peso<\/td>\n<td style=\"width: 73.1114%; background-color: #f5f5f5;\">25 kg<\/td>\n<\/tr>\n<\/tbody>\n<\/table>\n<p><strong><span style=\"font-size: 14pt;\">Caratteristiche del prodotto:<\/span><\/strong><\/p>\n<p>1. Materiale resistente<br \/>\nL'acciaio resistente agli agenti atmosferici ha una resistenza alla corrosione estremamente forte e pu\u00f2 generare naturalmente uno strato di ossido protettivo in un ambiente caratterizzato da vento e pioggia. Non solo \u00e8 forte e durevole, ma ha anche funzioni di protezione naturale, non richiede rivestimenti aggiuntivi e ha bassi costi di manutenzione.<\/p>\n<p>2. Aspetto unico<br \/>\nLa superficie cambia con il tempo e presenta una naturale tonalit\u00e0 rosso ruggine, con una texture calma e ricca di strati di colore.<\/p>\n<p>3. Design affusolato<br \/>\nLa forma gradualmente espansa dal basso verso l'alto e il profilo quadrato esterno rendono il vaso da fiori semplice e potente nel suo insieme, con un forte senso di estetica architettonica.<\/p>\n<p>4. Struttura di fioriera alta, elevato utilizzo dello spazio<br \/>\nIl vantaggio dell'altezza lo rende adatto alla messa a dimora di piante con radici profonde e corpi alti, che aiutano a costruire livelli paesaggistici; inoltre, favorisce il drenaggio e il deflusso, migliorando la qualit\u00e0 dell'ambiente di crescita delle piante.<\/p>\n<p>5. Sistema di drenaggio<br \/>\nIn base alle esigenze di crescita delle diverse piante, i fori di drenaggio sono progettati sul fondo del vaso da fiori per facilitare il deflusso dell'acqua e prevenirne l'accumulo, favorendo allo stesso tempo lo sviluppo sano delle radici delle piante.<\/p>\n<p><strong><span style=\"font-size: 14pt;\">Che cos'\u00e8 l'acciaio corten?<\/span><\/strong><\/p>\n<p>L'acciaio Corten (Weathering), noto anche come acciaio resistente alla corrosione atmosferica, \u00e8 un acciaio speciale che aumenta la sua capacit\u00e0 antiossidante aggiungendo tracce di elementi di lega (come rame, cromo e nichel). Il vantaggio principale di questo materiale \u00e8 che pu\u00f2 formare gradualmente un denso strato di ossido rosso-ruggine sulla superficie in condizioni climatiche naturali. Questo strato non solo ha un'eccellente adesione e stabilit\u00e0, ma pu\u00f2 anche bloccare l'ulteriore corrosione del metallo interno da parte di aria e umidit\u00e0.<\/p>\n<p><img fetchpriority=\"high\" decoding=\"async\" class=\"alignnone size-full wp-image-2519\" src=\"https:\/\/jblcorten.com\/wp-content\/uploads\/2025\/03\/corten-steel-material.jpg\" alt=\"\" width=\"750\" height=\"321\" title=\"\" srcset=\"https:\/\/jblcorten.com\/wp-content\/uploads\/2025\/03\/corten-steel-material.jpg 750w, https:\/\/jblcorten.com\/wp-content\/uploads\/2025\/03\/corten-steel-material-600x257.jpg 600w, https:\/\/jblcorten.com\/wp-content\/uploads\/2025\/03\/corten-steel-material-300x128.jpg 300w, https:\/\/jblcorten.com\/wp-content\/uploads\/2025\/03\/corten-steel-material-18x8.jpg 18w\" sizes=\"(max-width: 750px) 100vw, 750px\" \/><\/p>\n<p><strong><span style=\"font-size: 14pt;\">Immagini del prodotto:<\/span><\/strong><\/p>\n<p><img decoding=\"async\" class=\"alignnone size-full wp-image-3037\" src=\"https:\/\/jblcorten.com\/wp-content\/uploads\/2025\/05\/tall-tapered-planter-pot-for-sale.jpg\" alt=\"vaso alto e affusolato in vendita\" width=\"750\" height=\"641\" title=\"\" srcset=\"https:\/\/jblcorten.com\/wp-content\/uploads\/2025\/05\/tall-tapered-planter-pot-for-sale.jpg 750w, https:\/\/jblcorten.com\/wp-content\/uploads\/2025\/05\/tall-tapered-planter-pot-for-sale-600x513.jpg 600w, https:\/\/jblcorten.com\/wp-content\/uploads\/2025\/05\/tall-tapered-planter-pot-for-sale-300x256.jpg 300w, https:\/\/jblcorten.com\/wp-content\/uploads\/2025\/05\/tall-tapered-planter-pot-for-sale-14x12.jpg 14w\" sizes=\"(max-width: 750px) 100vw, 750px\" \/><\/p>\n<p><img decoding=\"async\" class=\"alignnone size-full wp-image-3036\" src=\"https:\/\/jblcorten.com\/wp-content\/uploads\/2025\/05\/Corten-Steel-Tapered-Planter-1.jpg\" alt=\"Fioriera conica in acciaio corten\" width=\"750\" height=\"750\" title=\"\" srcset=\"https:\/\/jblcorten.com\/wp-content\/uploads\/2025\/05\/Corten-Steel-Tapered-Planter-1.jpg 750w, https:\/\/jblcorten.com\/wp-content\/uploads\/2025\/05\/Corten-Steel-Tapered-Planter-1-600x600.jpg 600w, https:\/\/jblcorten.com\/wp-content\/uploads\/2025\/05\/Corten-Steel-Tapered-Planter-1-100x100.jpg 100w, https:\/\/jblcorten.com\/wp-content\/uploads\/2025\/05\/Corten-Steel-Tapered-Planter-1-300x300.jpg 300w, https:\/\/jblcorten.com\/wp-content\/uploads\/2025\/05\/Corten-Steel-Tapered-Planter-1-150x150.jpg 150w, https:\/\/jblcorten.com\/wp-content\/uploads\/2025\/05\/Corten-Steel-Tapered-Planter-1-12x12.jpg 12w\" sizes=\"(max-width: 750px) 100vw, 750px\" \/><\/p>\n<p><strong><span style=\"font-size: 14pt;\">FAQ:<\/span><\/strong><\/p>\n<p>1. Quanto tempo impiega l'acciaio corten ad arrugginire?<br \/>\nDi solito ci vogliono dai 4 ai 10 mesi, a seconda delle condizioni climatiche.<\/p>\n<p>2. Posso accelerare il processo di arrugginimento?<br \/>\nS\u00ec, l'utilizzo di una soluzione di aceto, sale e acqua pu\u00f2 contribuire ad accelerare l'arrugginimento. (Siamo produttori di vasi in acciaio corten e possiamo anche arrugginire i vasi).<\/p>\n<p>3. I vasi in acciaio corten sono sicuri per le piante?<br \/>\nNaturalmente, una volta che la ruggine \u00e8 completamente formata, non \u00e8 tossica e sicura per le piante. La ruggine iniziale pu\u00f2 rilasciare ferro nel terreno, ma in genere \u00e8 innocua.<\/p>","protected":false},"excerpt":{"rendered":"<p>La fioriera conica pi\u00f9 alta in acciaio corten \u00e8 adatta ad aree funzionali come la guida stradale, entrambi i lati dei canali visivi e la segnaletica d'ingresso di grandi spazi aperti.<\/p>\n<p>Il design a posizione alta contribuisce inoltre a evitare che la vegetazione venga disturbata dal terreno bagnato o dai parassiti e facilita la manutenzione quotidiana.<\/p>","protected":false},"featured_media":3032,"template":"","meta":{"site-sidebar-layout":"default","site-content-layout":"","ast-site-content-layout":"default","site-content-style":"default","site-sidebar-style":"default","ast-global-header-display":"","ast-banner-title-visibility":"","ast-main-header-display":"","ast-hfb-above-header-display":"","ast-hfb-below-header-display":"","ast-hfb-mobile-header-display":"","site-post-title":"","ast-breadcrumbs-content":"","ast-featured-img":"","footer-sml-layout":"","ast-disable-related-posts":"","theme-transparent-header-meta":"default","adv-header-id-meta":"","stick-header-meta":"","header-above-stick-meta":"","header-main-stick-meta":"","header-below-stick-meta":"","astra-migrate-meta-layouts":"set","ast-page-background-enabled":"default","ast-page-background-meta":{"desktop":{"background-color":"var(--ast-global-color-4)","background-image":"","background-repeat":"repeat","background-position":"center center","background-size":"auto","background-attachment":"scroll","background-type":"","background-media":"","overlay-type":"","overlay-color":"","overlay-opacity":"","overlay-gradient":""},"tablet":{"background-color":"","background-image":"","background-repeat":"repeat","background-position":"center center","background-size":"auto","background-attachment":"scroll","background-type":"","background-media":"","overlay-type":"","overlay-color":"","overlay-opacity":"","overlay-gradient":""},"mobile":{"background-color":"","background-image":"","background-repeat":"repeat","background-position":"center center","background-size":"auto","background-attachment":"scroll","background-type":"","background-media":"","overlay-type":"","overlay-color":"","overlay-opacity":"","overlay-gradient":""}},"ast-content-background-meta":{"desktop":{"background-color":"var(--ast-global-color-5)","background-image":"","background-repeat":"repeat","background-position":"center center","background-size":"auto","background-attachment":"scroll","background-type":"","background-media":"","overlay-type":"","overlay-color":"","overlay-opacity":"","overlay-gradient":""},"tablet":{"background-color":"var(--ast-global-color-5)","background-image":"","background-repeat":"repeat","background-position":"center center","background-size":"auto","background-attachment":"scroll","background-type":"","background-media":"","overlay-type":"","overlay-color":"","overlay-opacity":"","overlay-gradient":""},"mobile":{"background-color":"var(--ast-global-color-5)","background-image":"","background-repeat":"repeat","background-position":"center center","background-size":"auto","background-attachment":"scroll","background-type":"","background-media":"","overlay-type":"","overlay-color":"","overlay-opacity":"","overlay-gradient":""}}},"product_brand":[],"product_cat":[34],"product_tag":[],"class_list":{"0":"post-3031","1":"product","2":"type-product","3":"status-publish","4":"has-post-thumbnail","6":"product_cat-planter-pots","7":"desktop-align-center","8":"tablet-align-left","9":"mobile-align-left","11":"first","12":"instock","13":"shipping-taxable","14":"product-type-simple"},"_links":{"self":[{"href":"https:\/\/jblcorten.com\/it\/wp-json\/wp\/v2\/product\/3031","targetHints":{"allow":["GET"]}}],"collection":[{"href":"https:\/\/jblcorten.com\/it\/wp-json\/wp\/v2\/product"}],"about":[{"href":"https:\/\/jblcorten.com\/it\/wp-json\/wp\/v2\/types\/product"}],"wp:featuredmedia":[{"embeddable":true,"href":"https:\/\/jblcorten.com\/it\/wp-json\/wp\/v2\/media\/3032"}],"wp:attachment":[{"href":"https:\/\/jblcorten.com\/it\/wp-json\/wp\/v2\/media?parent=3031"}],"wp:term":[{"taxonomy":"product_brand","embeddable":true,"href":"https:\/\/jblcorten.com\/it\/wp-json\/wp\/v2\/product_brand?post=3031"},{"taxonomy":"product_cat","embeddable":true,"href":"https:\/\/jblcorten.com\/it\/wp-json\/wp\/v2\/product_cat?post=3031"},{"taxonomy":"product_tag","embeddable":true,"href":"https:\/\/jblcorten.com\/it\/wp-json\/wp\/v2\/product_tag?post=3031"}],"curies":[{"name":"wp","href":"https:\/\/api.w.org\/{rel}","templated":true}]}}