{"id":2904,"date":"2025-04-25T14:42:42","date_gmt":"2025-04-25T06:42:42","guid":{"rendered":"https:\/\/jblcorten.com\/?post_type=product&#038;p=2904"},"modified":"2025-04-25T16:07:00","modified_gmt":"2025-04-25T08:07:00","slug":"barbecue-a-legna","status":"publish","type":"product","link":"https:\/\/jblcorten.com\/it\/wood-burning-fire-pit-bbq-grill\/","title":{"rendered":"Fossa di fuoco a legna BBQ Grill"},"content":{"rendered":"<h2 style=\"text-align: center;\"><span style=\"font-size: 14pt;\">Fossa di fuoco a legna BBQ Grill<\/span><\/h2>\n<p>Il barbecue a legna con braciere \u00e8 un'attrezzatura da barbecue per esterni che \u00e8 sia ornamentale che pratica. \u00c8 realizzato in metallo nero di alta qualit\u00e0 e ha un aspetto generale semplice ed elegante. La sua superficie \u00e8 incisa con raffinati motivi incisi. Durante l'uso, le fiamme che bruciano all'interno risplendono attraverso questi motivi, creando un effetto visivo dall'atmosfera suggestiva, che non solo migliora l'esperienza del barbecue, ma aggiunge anche un tocco di calore e romanticismo alle riunioni all'aperto di notte.<\/p>\n<p>La caratteristica principale di questo barbecue a legna \u00e8 il suo design multifunzionale. \u00c8 sia un braciere che un barbecue. Di notte pu\u00f2 essere utilizzato come braciere da esterno per fornire calore e luce alle persone sedute intorno; quando invece si desidera cucinare cibi deliziosi, \u00e8 sufficiente installare la griglia in dotazione sulla parte superiore per passare facilmente alla modalit\u00e0 barbecue. \u00c8 possibile utilizzare la legna da ardere come combustibile principale e godere dell'aroma affumicato unico dato dalla combustione naturale. Che si tratti di barbecue, frutti di mare o verdure, \u00e8 possibile assaporare il gusto originale all'aperto.<\/p>\n<p>Il braciere \u00e8 realizzato in metallo di alta qualit\u00e0 con estrema precisione, con una resistenza al calore e agli agenti atmosferici estremamente elevata. Non solo \u00e8 in grado di resistere alla combustione prolungata di fiamme libere ad alta temperatura, ma resiste anche efficacemente al vento, al sole e alla pioggia in ambiente esterno e ha una lunga durata. La superficie verniciata a spruzzo di colore nero non solo migliora la consistenza complessiva, ma \u00e8 anche pi\u00f9 facile da pulire e mantenere. Basta pulirlo dopo l'uso per mantenerlo pulito come nuovo.<\/p>\n<p><strong><span style=\"font-size: 14pt;\">Specifiche del prodotto:<\/span><\/strong><\/p>\n<table style=\"width: 100%; height: 621px;\">\n<tbody>\n<tr style=\"height: 69px;\">\n<td style=\"height: 69px; background-color: #f5f5f5;\" width=\"169\">Nome del prodotto<\/td>\n<td style=\"height: 69px; background-color: #f5f5f5;\" width=\"580\">Fossa di fuoco a legna BBQ Grill<\/td>\n<\/tr>\n<tr style=\"height: 69px;\">\n<td style=\"height: 69px;\" width=\"169\">Materiale<\/td>\n<td style=\"height: 69px;\" width=\"580\">Metallo<\/td>\n<\/tr>\n<tr style=\"height: 69px;\">\n<td style=\"height: 69px; background-color: #f5f5f5;\" width=\"169\">Finitura<\/td>\n<td style=\"height: 69px; background-color: #f5f5f5;\" width=\"580\">Zincato<\/td>\n<\/tr>\n<tr style=\"height: 69px;\">\n<td style=\"height: 69px;\" width=\"169\">Colore<\/td>\n<td style=\"height: 69px;\" width=\"580\">Nero<\/td>\n<\/tr>\n<tr style=\"height: 69px;\">\n<td style=\"height: 69px; background-color: #f5f5f5;\" width=\"169\">Carburante<\/td>\n<td style=\"height: 69px; background-color: #f5f5f5;\" width=\"580\">Legno<\/td>\n<\/tr>\n<tr style=\"height: 69px;\">\n<td style=\"height: 69px;\" width=\"169\">Dimensione<\/td>\n<td style=\"height: 69px;\" width=\"580\">68,0*30,5*69,5 cm<\/td>\n<\/tr>\n<tr style=\"height: 69px;\">\n<td style=\"height: 69px; background-color: #f5f5f5;\" width=\"169\">Dispositivo di sicurezza<\/td>\n<td style=\"height: 69px; background-color: #f5f5f5;\" width=\"580\">Dispositivo di sicurezza antincendio<\/td>\n<\/tr>\n<tr style=\"height: 69px;\">\n<td style=\"height: 69px;\" width=\"169\">Caratteristica<\/td>\n<td style=\"height: 69px;\" width=\"580\">Facile da montare, facile da pulire, facile da pulire<\/td>\n<\/tr>\n<tr style=\"height: 69px;\">\n<td style=\"height: 69px;\" colspan=\"2\" width=\"750\"><strong><span style=\"color: #e64747;\">I nostri bracieri sono personalizzabili.<\/span><\/strong><\/td>\n<\/tr>\n<\/tbody>\n<\/table>\n<p><strong><span style=\"font-size: 14pt;\">Dettagli del prodotto:<\/span><\/strong><\/p>\n<p><img fetchpriority=\"high\" decoding=\"async\" class=\"alignnone size-full wp-image-2906\" src=\"https:\/\/jblcorten.com\/wp-content\/uploads\/2025\/04\/fire-pit-bbq.png\" alt=\"barbecue con braciere\" width=\"750\" height=\"500\" title=\"\" srcset=\"https:\/\/jblcorten.com\/wp-content\/uploads\/2025\/04\/fire-pit-bbq.png 750w, https:\/\/jblcorten.com\/wp-content\/uploads\/2025\/04\/fire-pit-bbq-600x400.png 600w, https:\/\/jblcorten.com\/wp-content\/uploads\/2025\/04\/fire-pit-bbq-300x200.png 300w, https:\/\/jblcorten.com\/wp-content\/uploads\/2025\/04\/fire-pit-bbq-18x12.png 18w\" sizes=\"(max-width: 750px) 100vw, 750px\" \/><\/p>\n<p><img decoding=\"async\" class=\"alignnone size-full wp-image-2912\" src=\"https:\/\/jblcorten.com\/wp-content\/uploads\/2025\/04\/wood-fire-pit-grill.png\" alt=\"griglia per braciere a legna\" width=\"750\" height=\"500\" title=\"\" srcset=\"https:\/\/jblcorten.com\/wp-content\/uploads\/2025\/04\/wood-fire-pit-grill.png 750w, https:\/\/jblcorten.com\/wp-content\/uploads\/2025\/04\/wood-fire-pit-grill-600x400.png 600w, https:\/\/jblcorten.com\/wp-content\/uploads\/2025\/04\/wood-fire-pit-grill-300x200.png 300w, https:\/\/jblcorten.com\/wp-content\/uploads\/2025\/04\/wood-fire-pit-grill-18x12.png 18w\" sizes=\"(max-width: 750px) 100vw, 750px\" \/><\/p>\n<p><img decoding=\"async\" class=\"alignnone size-full wp-image-2908\" src=\"https:\/\/jblcorten.com\/wp-content\/uploads\/2025\/04\/wood-burning-fire-pit-table-with-lid.png\" alt=\"Tavolo con braciere a legna con coperchio\" width=\"750\" height=\"500\" title=\"\" srcset=\"https:\/\/jblcorten.com\/wp-content\/uploads\/2025\/04\/wood-burning-fire-pit-table-with-lid.png 750w, https:\/\/jblcorten.com\/wp-content\/uploads\/2025\/04\/wood-burning-fire-pit-table-with-lid-600x400.png 600w, https:\/\/jblcorten.com\/wp-content\/uploads\/2025\/04\/wood-burning-fire-pit-table-with-lid-300x200.png 300w, https:\/\/jblcorten.com\/wp-content\/uploads\/2025\/04\/wood-burning-fire-pit-table-with-lid-18x12.png 18w\" sizes=\"(max-width: 750px) 100vw, 750px\" \/><\/p>\n<p><strong><span style=\"font-size: 14pt;\">FAQ:<\/span><\/strong><\/p>\n<p>1. \u00c8 possibile personalizzare le dimensioni e il colore dei vostri bracieri?<br \/>\nCerto!<\/p>\n<p>2. Questo braciere pu\u00f2 essere utilizzato come griglia?<br \/>\nS\u00ec, questo braciere \u00e8 dotato di una griglia che pu\u00f2 essere facilmente installata.<\/p>\n<p><a href=\"\/it\/contattateci\/\"><!--more--><\/a><\/p>","protected":false},"excerpt":{"rendered":"<p>Il design strutturale di questo barbecue a legna tiene conto della necessit\u00e0 di trasportabilit\u00e0. \u00c8 leggero, facile da trasportare e da assemblare, il che facilita notevolmente l'organizzazione flessibile delle attivit\u00e0 all'aperto.<\/p>","protected":false},"featured_media":2905,"template":"","meta":{"site-sidebar-layout":"default","site-content-layout":"","ast-site-content-layout":"default","site-content-style":"default","site-sidebar-style":"default","ast-global-header-display":"","ast-banner-title-visibility":"","ast-main-header-display":"","ast-hfb-above-header-display":"","ast-hfb-below-header-display":"","ast-hfb-mobile-header-display":"","site-post-title":"","ast-breadcrumbs-content":"","ast-featured-img":"","footer-sml-layout":"","ast-disable-related-posts":"","theme-transparent-header-meta":"default","adv-header-id-meta":"","stick-header-meta":"","header-above-stick-meta":"","header-main-stick-meta":"","header-below-stick-meta":"","astra-migrate-meta-layouts":"set","ast-page-background-enabled":"default","ast-page-background-meta":{"desktop":{"background-color":"var(--ast-global-color-4)","background-image":"","background-repeat":"repeat","background-position":"center center","background-size":"auto","background-attachment":"scroll","background-type":"","background-media":"","overlay-type":"","overlay-color":"","overlay-opacity":"","overlay-gradient":""},"tablet":{"background-color":"","background-image":"","background-repeat":"repeat","background-position":"center center","background-size":"auto","background-attachment":"scroll","background-type":"","background-media":"","overlay-type":"","overlay-color":"","overlay-opacity":"","overlay-gradient":""},"mobile":{"background-color":"","background-image":"","background-repeat":"repeat","background-position":"center center","background-size":"auto","background-attachment":"scroll","background-type":"","background-media":"","overlay-type":"","overlay-color":"","overlay-opacity":"","overlay-gradient":""}},"ast-content-background-meta":{"desktop":{"background-color":"var(--ast-global-color-5)","background-image":"","background-repeat":"repeat","background-position":"center center","background-size":"auto","background-attachment":"scroll","background-type":"","background-media":"","overlay-type":"","overlay-color":"","overlay-opacity":"","overlay-gradient":""},"tablet":{"background-color":"var(--ast-global-color-5)","background-image":"","background-repeat":"repeat","background-position":"center center","background-size":"auto","background-attachment":"scroll","background-type":"","background-media":"","overlay-type":"","overlay-color":"","overlay-opacity":"","overlay-gradient":""},"mobile":{"background-color":"var(--ast-global-color-5)","background-image":"","background-repeat":"repeat","background-position":"center center","background-size":"auto","background-attachment":"scroll","background-type":"","background-media":"","overlay-type":"","overlay-color":"","overlay-opacity":"","overlay-gradient":""}}},"product_brand":[],"product_cat":[29,45],"product_tag":[],"class_list":{"0":"post-2904","1":"product","2":"type-product","3":"status-publish","4":"has-post-thumbnail","6":"product_cat-fire-pit","7":"product_cat-wood-burning-fire-pit","8":"desktop-align-center","9":"tablet-align-left","10":"mobile-align-left","12":"first","13":"instock","14":"shipping-taxable","15":"product-type-simple"},"_links":{"self":[{"href":"https:\/\/jblcorten.com\/it\/wp-json\/wp\/v2\/product\/2904","targetHints":{"allow":["GET"]}}],"collection":[{"href":"https:\/\/jblcorten.com\/it\/wp-json\/wp\/v2\/product"}],"about":[{"href":"https:\/\/jblcorten.com\/it\/wp-json\/wp\/v2\/types\/product"}],"wp:featuredmedia":[{"embeddable":true,"href":"https:\/\/jblcorten.com\/it\/wp-json\/wp\/v2\/media\/2905"}],"wp:attachment":[{"href":"https:\/\/jblcorten.com\/it\/wp-json\/wp\/v2\/media?parent=2904"}],"wp:term":[{"taxonomy":"product_brand","embeddable":true,"href":"https:\/\/jblcorten.com\/it\/wp-json\/wp\/v2\/product_brand?post=2904"},{"taxonomy":"product_cat","embeddable":true,"href":"https:\/\/jblcorten.com\/it\/wp-json\/wp\/v2\/product_cat?post=2904"},{"taxonomy":"product_tag","embeddable":true,"href":"https:\/\/jblcorten.com\/it\/wp-json\/wp\/v2\/product_tag?post=2904"}],"curies":[{"name":"wp","href":"https:\/\/api.w.org\/{rel}","templated":true}]}}