{"id":2897,"date":"2025-04-25T10:55:07","date_gmt":"2025-04-25T02:55:07","guid":{"rendered":"https:\/\/jblcorten.com\/?post_type=product&#038;p=2897"},"modified":"2025-04-25T10:55:07","modified_gmt":"2025-04-25T02:55:07","slug":"griglia-bbq-a-legna-per-esterni","status":"publish","type":"product","link":"https:\/\/jblcorten.com\/it\/outdoor-wood-burning-bbq-grill\/","title":{"rendered":"Grill a legna per esterni"},"content":{"rendered":"<h2 style=\"text-align: center;\"><span style=\"font-size: 14pt;\">Grill a legna per esterni<\/span><\/h2>\n<p>Il barbecue a legna per esterni \u00e8 un'apparecchiatura per grigliate ad alte prestazioni progettata per chi ama la natura e persegue la qualit\u00e0 della vita. Utilizza come materiale principale l'acciaio resistente agli agenti atmosferici. Non solo ha un'esclusiva texture naturale rosso-ruggine, ma ha anche una forte resistenza alla corrosione e alle alte temperature e pu\u00f2 essere utilizzato all'aperto per lungo tempo. Con il tempo, sulla superficie dell'acciaio resistente agli agenti atmosferici si forma uno strato protettivo di ossido stabile, che non solo ha un notevole effetto antiruggine, ma conferisce alla griglia una bellezza robusta dovuta ad anni di precipitazioni, che si integra perfettamente in una variet\u00e0 di ambienti esterni come cortili, terrazze e giardini.<\/p>\n<p><strong><span style=\"font-size: 14pt;\">Specifiche del prodotto:<\/span><\/strong><\/p>\n<table>\n<tbody>\n<tr>\n<td width=\"87\">Articolo<\/td>\n<td width=\"662\">Grill a legna per esterni<\/td>\n<\/tr>\n<tr>\n<td width=\"87\">Materiale<\/td>\n<td width=\"662\">Acciaio corten \/ Acciaio resistente agli agenti atmosferici<\/td>\n<\/tr>\n<tr>\n<td width=\"87\">Spessore<\/td>\n<td width=\"662\">2 mm, piastra griglia: 10 mm<\/td>\n<\/tr>\n<tr>\n<td width=\"87\">Pacchetto<\/td>\n<td width=\"662\">Interno: Carta espansa antiusura, esterno: Scatola di cartone<\/td>\n<\/tr>\n<tr>\n<td width=\"87\">Superficie<\/td>\n<td width=\"662\">Pre-arrugginito, personalizzabile<\/td>\n<\/tr>\n<\/tbody>\n<\/table>\n<p><strong><span style=\"font-size: 14pt;\">Perch\u00e9 scegliere il barbecue a legna per esterni?<\/span><\/strong><\/p>\n<p><strong>1.Griglia in acciaio al carbonio<\/strong><\/p>\n<p>Questo barbecue a legna per esterni \u00e8 dotato di una griglia in acciaio al carbonio di alta qualit\u00e0 con buona conducibilit\u00e0 termica e capacit\u00e0 di accumulo del calore. Il materiale in acciaio al carbonio consente alla griglia di riscaldarsi rapidamente e di rimanere stabile durante il processo di riscaldamento, garantendo un riscaldamento uniforme degli ingredienti. Che si tratti di bistecche dal taglio spesso, cosce di pollo, verdure e frutti di mare, possono essere grigliati in breve tempo per risultare croccanti all'esterno e teneri all'interno, con un buon colore, aroma e gusto. Rispetto alle normali griglie in acciaio inox o cromate, l'acciaio al carbonio non si deforma facilmente alle alte temperature ed \u00e8 durevole.<\/p>\n<p><img fetchpriority=\"high\" decoding=\"async\" class=\"alignnone size-full wp-image-2900\" src=\"https:\/\/jblcorten.com\/wp-content\/uploads\/2025\/04\/outdoor-wood-burning-bbq-grill.png\" alt=\"griglia bbq a legna per esterni\" width=\"750\" height=\"499\" title=\"\" srcset=\"https:\/\/jblcorten.com\/wp-content\/uploads\/2025\/04\/outdoor-wood-burning-bbq-grill.png 750w, https:\/\/jblcorten.com\/wp-content\/uploads\/2025\/04\/outdoor-wood-burning-bbq-grill-600x399.png 600w, https:\/\/jblcorten.com\/wp-content\/uploads\/2025\/04\/outdoor-wood-burning-bbq-grill-300x200.png 300w, https:\/\/jblcorten.com\/wp-content\/uploads\/2025\/04\/outdoor-wood-burning-bbq-grill-18x12.png 18w\" sizes=\"(max-width: 750px) 100vw, 750px\" \/><\/p>\n<p><strong>2.Combustibile - Legno<\/strong><\/p>\n<p>Il barbecue utilizza la legna come combustibile principale. Quando brucia, la legna rilascia un aroma naturale di fumo, che pu\u00f2 aggiungere un sapore unico al cibo, ineguagliabile dai barbecue a gas o elettrici. Gli utenti possono scegliere diversi tipi di legna in base alle loro preferenze personali, come la quercia, il melo, il ciliegio, ecc. Il fumo prodotto dalle diverse specie di legno ha aromi diversi, adatti a grigliare diversi tipi di ingredienti e a migliorare ulteriormente il livello di sapore del barbecue. Inoltre, la legna da ardere ha una forte potenza di fuoco e dura a lungo, rendendo il processo di grigliata pi\u00f9 efficiente e stabile, adatto a grigliate di lunga durata e a raduni di pi\u00f9 persone.<\/p>\n<p><strong>3.Completamente funzionale<\/strong><\/p>\n<p>Per migliorare l'esperienza dell'utente, il barbecue a legna da esterno \u00e8 dotato anche di pratici strumenti, come le pale, che aiutano gli utenti a girare pi\u00f9 comodamente gli ingredienti, a regolare la carbonella e a pulire la cenere, migliorando la praticit\u00e0 e la sicurezza dell'operazione complessiva. Questi strumenti sono riposti in modo uniforme, ordinato e pulito, per rendere pi\u00f9 fluido il processo di cottura al barbecue. Il design riserva anche un armadietto per la legna, che pu\u00f2 essere utilizzato per conservare la legna di ricambio e come tavolo operativo ausiliario, aumentando la funzionalit\u00e0 e lo spazio di stoccaggio del barbecue. Non solo, l'armadietto in legno svolge anche un ruolo di decorazione estetica, rendendo l'intero barbecue pi\u00f9 professionale ed elegante.<\/p>\n<p><img decoding=\"async\" class=\"alignnone size-full wp-image-2899\" src=\"https:\/\/jblcorten.com\/wp-content\/uploads\/2025\/04\/bbq-grill.jpg\" alt=\"\" width=\"750\" height=\"400\" title=\"\" srcset=\"https:\/\/jblcorten.com\/wp-content\/uploads\/2025\/04\/bbq-grill.jpg 750w, https:\/\/jblcorten.com\/wp-content\/uploads\/2025\/04\/bbq-grill-600x320.jpg 600w, https:\/\/jblcorten.com\/wp-content\/uploads\/2025\/04\/bbq-grill-300x160.jpg 300w, https:\/\/jblcorten.com\/wp-content\/uploads\/2025\/04\/bbq-grill-18x10.jpg 18w\" sizes=\"(max-width: 750px) 100vw, 750px\" \/><\/p>\n<p><strong><span style=\"font-size: 14pt;\">Confezione del prodotto:<\/span><\/strong><\/p>\n<p><img decoding=\"async\" class=\"alignnone size-full wp-image-2461\" src=\"https:\/\/jblcorten.com\/wp-content\/uploads\/2024\/08\/wood-burning-stove-grill.jpg\" alt=\"stufa a legna grill\" width=\"750\" height=\"285\" title=\"\" srcset=\"https:\/\/jblcorten.com\/wp-content\/uploads\/2024\/08\/wood-burning-stove-grill.jpg 750w, https:\/\/jblcorten.com\/wp-content\/uploads\/2024\/08\/wood-burning-stove-grill-600x228.jpg 600w, https:\/\/jblcorten.com\/wp-content\/uploads\/2024\/08\/wood-burning-stove-grill-300x114.jpg 300w, https:\/\/jblcorten.com\/wp-content\/uploads\/2024\/08\/wood-burning-stove-grill-18x7.jpg 18w\" sizes=\"(max-width: 750px) 100vw, 750px\" \/><\/p>\n<p><strong><span style=\"font-size: 14pt;\">Altre immagini:<\/span><\/strong><\/p>\n<p><img loading=\"lazy\" decoding=\"async\" class=\"alignnone size-full wp-image-2903\" src=\"https:\/\/jblcorten.com\/wp-content\/uploads\/2025\/04\/wood-burning-bbq-grills-for-sale.jpg\" alt=\"vendita di griglie bbq a legna\" width=\"750\" height=\"421\" title=\"\" srcset=\"https:\/\/jblcorten.com\/wp-content\/uploads\/2025\/04\/wood-burning-bbq-grills-for-sale.jpg 750w, https:\/\/jblcorten.com\/wp-content\/uploads\/2025\/04\/wood-burning-bbq-grills-for-sale-600x337.jpg 600w, https:\/\/jblcorten.com\/wp-content\/uploads\/2025\/04\/wood-burning-bbq-grills-for-sale-300x168.jpg 300w, https:\/\/jblcorten.com\/wp-content\/uploads\/2025\/04\/wood-burning-bbq-grills-for-sale-18x10.jpg 18w\" sizes=\"(max-width: 750px) 100vw, 750px\" \/><\/p>\n<p><img loading=\"lazy\" decoding=\"async\" class=\"alignnone size-full wp-image-2902\" src=\"https:\/\/jblcorten.com\/wp-content\/uploads\/2025\/04\/wood-burning-bbq-grill.jpg\" alt=\"griglia bbq a legna\" width=\"750\" height=\"421\" title=\"\" srcset=\"https:\/\/jblcorten.com\/wp-content\/uploads\/2025\/04\/wood-burning-bbq-grill.jpg 750w, https:\/\/jblcorten.com\/wp-content\/uploads\/2025\/04\/wood-burning-bbq-grill-600x337.jpg 600w, https:\/\/jblcorten.com\/wp-content\/uploads\/2025\/04\/wood-burning-bbq-grill-300x168.jpg 300w, https:\/\/jblcorten.com\/wp-content\/uploads\/2025\/04\/wood-burning-bbq-grill-18x10.jpg 18w\" sizes=\"(max-width: 750px) 100vw, 750px\" \/><\/p>\n<p><img loading=\"lazy\" decoding=\"async\" class=\"alignnone size-full wp-image-2901\" src=\"https:\/\/jblcorten.com\/wp-content\/uploads\/2025\/04\/best-wood-burning-bbq-grill.jpg\" alt=\"migliore griglia bbq a legna\" width=\"750\" height=\"421\" title=\"\" srcset=\"https:\/\/jblcorten.com\/wp-content\/uploads\/2025\/04\/best-wood-burning-bbq-grill.jpg 750w, https:\/\/jblcorten.com\/wp-content\/uploads\/2025\/04\/best-wood-burning-bbq-grill-600x337.jpg 600w, https:\/\/jblcorten.com\/wp-content\/uploads\/2025\/04\/best-wood-burning-bbq-grill-300x168.jpg 300w, https:\/\/jblcorten.com\/wp-content\/uploads\/2025\/04\/best-wood-burning-bbq-grill-18x10.jpg 18w\" sizes=\"(max-width: 750px) 100vw, 750px\" \/><\/p>","protected":false},"excerpt":{"rendered":"<p>La griglia a legna per esterni adotta un design di riscaldamento aperto e il calore pu\u00f2 essere distribuito in modo uniforme in tutta la griglia, evitando il surriscaldamento locale o il centro poco cotto comune nel barbecue tradizionale.<\/p>\n<p>Gli utenti possono regolare la posizione di impilamento e la potenza di fuoco della legna secondo le necessit\u00e0, in modo da controllare in modo flessibile la temperatura di diverse aree e ottenere l'effetto di cucinare pi\u00f9 ingredienti contemporaneamente.<\/p>","protected":false},"featured_media":2456,"template":"","meta":{"site-sidebar-layout":"default","site-content-layout":"","ast-site-content-layout":"default","site-content-style":"default","site-sidebar-style":"default","ast-global-header-display":"","ast-banner-title-visibility":"","ast-main-header-display":"","ast-hfb-above-header-display":"","ast-hfb-below-header-display":"","ast-hfb-mobile-header-display":"","site-post-title":"","ast-breadcrumbs-content":"","ast-featured-img":"","footer-sml-layout":"","ast-disable-related-posts":"","theme-transparent-header-meta":"default","adv-header-id-meta":"","stick-header-meta":"","header-above-stick-meta":"","header-main-stick-meta":"","header-below-stick-meta":"","astra-migrate-meta-layouts":"set","ast-page-background-enabled":"default","ast-page-background-meta":{"desktop":{"background-color":"var(--ast-global-color-4)","background-image":"","background-repeat":"repeat","background-position":"center center","background-size":"auto","background-attachment":"scroll","background-type":"","background-media":"","overlay-type":"","overlay-color":"","overlay-opacity":"","overlay-gradient":""},"tablet":{"background-color":"","background-image":"","background-repeat":"repeat","background-position":"center center","background-size":"auto","background-attachment":"scroll","background-type":"","background-media":"","overlay-type":"","overlay-color":"","overlay-opacity":"","overlay-gradient":""},"mobile":{"background-color":"","background-image":"","background-repeat":"repeat","background-position":"center center","background-size":"auto","background-attachment":"scroll","background-type":"","background-media":"","overlay-type":"","overlay-color":"","overlay-opacity":"","overlay-gradient":""}},"ast-content-background-meta":{"desktop":{"background-color":"var(--ast-global-color-5)","background-image":"","background-repeat":"repeat","background-position":"center center","background-size":"auto","background-attachment":"scroll","background-type":"","background-media":"","overlay-type":"","overlay-color":"","overlay-opacity":"","overlay-gradient":""},"tablet":{"background-color":"var(--ast-global-color-5)","background-image":"","background-repeat":"repeat","background-position":"center center","background-size":"auto","background-attachment":"scroll","background-type":"","background-media":"","overlay-type":"","overlay-color":"","overlay-opacity":"","overlay-gradient":""},"mobile":{"background-color":"var(--ast-global-color-5)","background-image":"","background-repeat":"repeat","background-position":"center center","background-size":"auto","background-attachment":"scroll","background-type":"","background-media":"","overlay-type":"","overlay-color":"","overlay-opacity":"","overlay-gradient":""}}},"product_brand":[],"product_cat":[25],"product_tag":[],"class_list":{"0":"post-2897","1":"product","2":"type-product","3":"status-publish","4":"has-post-thumbnail","6":"product_cat-bbq-grill","7":"desktop-align-center","8":"tablet-align-left","9":"mobile-align-left","11":"first","12":"instock","13":"shipping-taxable","14":"product-type-simple"},"_links":{"self":[{"href":"https:\/\/jblcorten.com\/it\/wp-json\/wp\/v2\/product\/2897","targetHints":{"allow":["GET"]}}],"collection":[{"href":"https:\/\/jblcorten.com\/it\/wp-json\/wp\/v2\/product"}],"about":[{"href":"https:\/\/jblcorten.com\/it\/wp-json\/wp\/v2\/types\/product"}],"wp:featuredmedia":[{"embeddable":true,"href":"https:\/\/jblcorten.com\/it\/wp-json\/wp\/v2\/media\/2456"}],"wp:attachment":[{"href":"https:\/\/jblcorten.com\/it\/wp-json\/wp\/v2\/media?parent=2897"}],"wp:term":[{"taxonomy":"product_brand","embeddable":true,"href":"https:\/\/jblcorten.com\/it\/wp-json\/wp\/v2\/product_brand?post=2897"},{"taxonomy":"product_cat","embeddable":true,"href":"https:\/\/jblcorten.com\/it\/wp-json\/wp\/v2\/product_cat?post=2897"},{"taxonomy":"product_tag","embeddable":true,"href":"https:\/\/jblcorten.com\/it\/wp-json\/wp\/v2\/product_tag?post=2897"}],"curies":[{"name":"wp","href":"https:\/\/api.w.org\/{rel}","templated":true}]}}