{"id":2578,"date":"2025-03-27T07:47:52","date_gmt":"2025-03-27T07:47:52","guid":{"rendered":"https:\/\/jblcorten.com\/?post_type=product&#038;p=2578"},"modified":"2025-04-18T15:57:01","modified_gmt":"2025-04-18T07:57:01","slug":"pozzo-del-fuoco-a-gas-rettangolare-nero","status":"publish","type":"product","link":"https:\/\/jblcorten.com\/it\/black-rectangle-gas-fire-pit\/","title":{"rendered":"Focolare a gas rettangolare nero"},"content":{"rendered":"<h2 style=\"text-align: center;\"><span style=\"font-size: 14pt;\">Focolare a gas rettangolare nero<\/span><\/h2>\n<p>Il focolare a gas rettangolare nero \u00e8 realizzato in acciaio corten di alta qualit\u00e0 per garantire un'eccezionale durata, resistenza agli agenti atmosferici e un'elegante finitura nera. La forma rettangolare offre ampio spazio alle fiamme per creare un effetto visivo straordinario.<\/p>\n<p>La valvola di controllo si trova sul lato del focolare a gas rettangolare nero e facilita l'accensione del fuoco. Con una semplice rotazione della manopola, il focolare \u00e8 pronto a fornire calore e atmosfera. Questo sistema di accensione elettronica o a pulsante elimina la necessit\u00e0 di pilotare, conservare la legna o pulire le ceneri, offrendo un'alternativa pi\u00f9 conveniente ai focolari tradizionali.<\/p>\n<p>Il focolare \u00e8 progettato con un ampio spazio per riporre discretamente la fonte di combustibile all'interno, mantenendo un aspetto pulito e ordinato. Questo design non solo migliora la sicurezza proteggendo il serbatoio del gas dagli elementi esterni, ma garantisce anche una perfetta integrazione in qualsiasi ambiente interno o esterno.<\/p>\n<p><strong><span style=\"font-size: 14pt;\">Specifiche del prodotto:<\/span><\/strong><\/p>\n<table>\n<tbody>\n<tr>\n<td width=\"181\">Nome del prodotto<\/td>\n<td width=\"385\">Focolare a gas rettangolare nero<\/td>\n<\/tr>\n<tr>\n<td width=\"181\">Materiale<\/td>\n<td width=\"385\">Acciaio corten<\/td>\n<\/tr>\n<tr>\n<td width=\"181\">Colore<\/td>\n<td width=\"385\">Rosso e nero arrugginito<\/td>\n<\/tr>\n<tr>\n<td width=\"181\">Tipo<\/td>\n<td width=\"385\">Caminetto Morden<\/td>\n<\/tr>\n<tr>\n<td width=\"181\">Dimensione<\/td>\n<td width=\"385\">1200*500*600mm o personalizzato<\/td>\n<\/tr>\n<tr>\n<td width=\"181\">Tecnologia<\/td>\n<td width=\"385\">Piegatura, saldatura e pre-superficie<\/td>\n<\/tr>\n<tr>\n<td width=\"181\">Usato<\/td>\n<td width=\"385\">Casa, cortile e giardino, parco e outdoor<\/td>\n<\/tr>\n<\/tbody>\n<\/table>\n<p><strong><span style=\"font-size: 14pt;\">Immagini del prodotto:<\/span><\/strong><\/p>\n<p><img fetchpriority=\"high\" decoding=\"async\" class=\"alignnone wp-image-2586 size-full\" src=\"https:\/\/jblcorten.com\/wp-content\/uploads\/2025\/03\/black-rectangular-propane-fire-pit.jpg\" alt=\"\" width=\"750\" height=\"500\" title=\"\" srcset=\"https:\/\/jblcorten.com\/wp-content\/uploads\/2025\/03\/black-rectangular-propane-fire-pit.jpg 750w, https:\/\/jblcorten.com\/wp-content\/uploads\/2025\/03\/black-rectangular-propane-fire-pit-600x400.jpg 600w, https:\/\/jblcorten.com\/wp-content\/uploads\/2025\/03\/black-rectangular-propane-fire-pit-300x200.jpg 300w, https:\/\/jblcorten.com\/wp-content\/uploads\/2025\/03\/black-rectangular-propane-fire-pit-18x12.jpg 18w\" sizes=\"(max-width: 750px) 100vw, 750px\" \/><br \/>\n<img decoding=\"async\" class=\"alignleft wp-image-2587 size-full\" src=\"https:\/\/jblcorten.com\/wp-content\/uploads\/2025\/03\/rectangle-natural-gas-fire-table.jpg\" alt=\"\" width=\"750\" height=\"500\" title=\"\" srcset=\"https:\/\/jblcorten.com\/wp-content\/uploads\/2025\/03\/rectangle-natural-gas-fire-table.jpg 750w, https:\/\/jblcorten.com\/wp-content\/uploads\/2025\/03\/rectangle-natural-gas-fire-table-600x400.jpg 600w, https:\/\/jblcorten.com\/wp-content\/uploads\/2025\/03\/rectangle-natural-gas-fire-table-300x200.jpg 300w, https:\/\/jblcorten.com\/wp-content\/uploads\/2025\/03\/rectangle-natural-gas-fire-table-18x12.jpg 18w\" sizes=\"(max-width: 750px) 100vw, 750px\" \/><br \/>\n<img decoding=\"async\" class=\"alignnone size-full wp-image-2588\" src=\"https:\/\/jblcorten.com\/wp-content\/uploads\/2025\/03\/fire-pit-propane-rectangle.jpg\" alt=\"\" width=\"750\" height=\"500\" title=\"\" srcset=\"https:\/\/jblcorten.com\/wp-content\/uploads\/2025\/03\/fire-pit-propane-rectangle.jpg 750w, https:\/\/jblcorten.com\/wp-content\/uploads\/2025\/03\/fire-pit-propane-rectangle-600x400.jpg 600w, https:\/\/jblcorten.com\/wp-content\/uploads\/2025\/03\/fire-pit-propane-rectangle-300x200.jpg 300w, https:\/\/jblcorten.com\/wp-content\/uploads\/2025\/03\/fire-pit-propane-rectangle-18x12.jpg 18w\" sizes=\"(max-width: 750px) 100vw, 750px\" \/><\/p>\n<p><strong><span style=\"font-size: 14pt;\">Imballaggio del prodotto:<\/span><\/strong><\/p>\n<p><img loading=\"lazy\" decoding=\"async\" class=\"alignnone wp-image-2576\" src=\"https:\/\/jblcorten.com\/wp-content\/uploads\/2025\/03\/fire-pit-gas-rectangle.jpg\" alt=\"\" width=\"750\" height=\"1125\" title=\"\" srcset=\"https:\/\/jblcorten.com\/wp-content\/uploads\/2025\/03\/fire-pit-gas-rectangle.jpg 1000w, https:\/\/jblcorten.com\/wp-content\/uploads\/2025\/03\/fire-pit-gas-rectangle-600x900.jpg 600w, https:\/\/jblcorten.com\/wp-content\/uploads\/2025\/03\/fire-pit-gas-rectangle-200x300.jpg 200w, https:\/\/jblcorten.com\/wp-content\/uploads\/2025\/03\/fire-pit-gas-rectangle-683x1024.jpg 683w, https:\/\/jblcorten.com\/wp-content\/uploads\/2025\/03\/fire-pit-gas-rectangle-768x1152.jpg 768w, https:\/\/jblcorten.com\/wp-content\/uploads\/2025\/03\/fire-pit-gas-rectangle-8x12.jpg 8w\" sizes=\"(max-width: 750px) 100vw, 750px\" \/><\/p>\n<p><strong><span style=\"font-size: 14pt;\">FAQ:<\/span><\/strong><\/p>\n<p>1.Q: Siete una societ\u00e0 commerciale o un produttore?<br \/>\nR: Abbiamo una nostra fabbrica.<\/p>\n<p>2.Q: Accettate l'OEM?<br \/>\nR: S\u00ec, lo facciamo, molti disegni sono disponibili e se avete bisogno di personalizzare, non \u00e8 un problema.<\/p>\n<p>3.D: Tutti i focolari sono utilizzabili con il gas naturale, vengono forniti con un kit di conversione a propano?<br \/>\nR: S\u00ec, se avete bisogno, possiamo offrire.<\/p>","protected":false},"excerpt":{"rendered":"<p>Il focolare a gas rettangolare nero \u00e8 realizzato in acciaio corten di alta qualit\u00e0 per garantire un'eccezionale durata, resistenza agli agenti atmosferici e un'elegante finitura nera. La forma rettangolare offre ampio spazio alle fiamme per creare un effetto visivo straordinario.<\/p>","protected":false},"featured_media":2581,"template":"","meta":{"site-sidebar-layout":"default","site-content-layout":"","ast-site-content-layout":"default","site-content-style":"default","site-sidebar-style":"default","ast-global-header-display":"","ast-banner-title-visibility":"","ast-main-header-display":"","ast-hfb-above-header-display":"","ast-hfb-below-header-display":"","ast-hfb-mobile-header-display":"","site-post-title":"","ast-breadcrumbs-content":"","ast-featured-img":"","footer-sml-layout":"","ast-disable-related-posts":"","theme-transparent-header-meta":"default","adv-header-id-meta":"","stick-header-meta":"","header-above-stick-meta":"","header-main-stick-meta":"","header-below-stick-meta":"","astra-migrate-meta-layouts":"set","ast-page-background-enabled":"default","ast-page-background-meta":{"desktop":{"background-color":"var(--ast-global-color-4)","background-image":"","background-repeat":"repeat","background-position":"center center","background-size":"auto","background-attachment":"scroll","background-type":"","background-media":"","overlay-type":"","overlay-color":"","overlay-opacity":"","overlay-gradient":""},"tablet":{"background-color":"","background-image":"","background-repeat":"repeat","background-position":"center center","background-size":"auto","background-attachment":"scroll","background-type":"","background-media":"","overlay-type":"","overlay-color":"","overlay-opacity":"","overlay-gradient":""},"mobile":{"background-color":"","background-image":"","background-repeat":"repeat","background-position":"center center","background-size":"auto","background-attachment":"scroll","background-type":"","background-media":"","overlay-type":"","overlay-color":"","overlay-opacity":"","overlay-gradient":""}},"ast-content-background-meta":{"desktop":{"background-color":"var(--ast-global-color-5)","background-image":"","background-repeat":"repeat","background-position":"center center","background-size":"auto","background-attachment":"scroll","background-type":"","background-media":"","overlay-type":"","overlay-color":"","overlay-opacity":"","overlay-gradient":""},"tablet":{"background-color":"var(--ast-global-color-5)","background-image":"","background-repeat":"repeat","background-position":"center center","background-size":"auto","background-attachment":"scroll","background-type":"","background-media":"","overlay-type":"","overlay-color":"","overlay-opacity":"","overlay-gradient":""},"mobile":{"background-color":"var(--ast-global-color-5)","background-image":"","background-repeat":"repeat","background-position":"center center","background-size":"auto","background-attachment":"scroll","background-type":"","background-media":"","overlay-type":"","overlay-color":"","overlay-opacity":"","overlay-gradient":""}}},"product_brand":[],"product_cat":[29,47],"product_tag":[],"class_list":{"0":"post-2578","1":"product","2":"type-product","3":"status-publish","4":"has-post-thumbnail","6":"product_cat-fire-pit","7":"product_cat-gas-fire-pit","8":"desktop-align-center","9":"tablet-align-left","10":"mobile-align-left","12":"first","13":"instock","14":"shipping-taxable","15":"product-type-simple"},"_links":{"self":[{"href":"https:\/\/jblcorten.com\/it\/wp-json\/wp\/v2\/product\/2578","targetHints":{"allow":["GET"]}}],"collection":[{"href":"https:\/\/jblcorten.com\/it\/wp-json\/wp\/v2\/product"}],"about":[{"href":"https:\/\/jblcorten.com\/it\/wp-json\/wp\/v2\/types\/product"}],"wp:featuredmedia":[{"embeddable":true,"href":"https:\/\/jblcorten.com\/it\/wp-json\/wp\/v2\/media\/2581"}],"wp:attachment":[{"href":"https:\/\/jblcorten.com\/it\/wp-json\/wp\/v2\/media?parent=2578"}],"wp:term":[{"taxonomy":"product_brand","embeddable":true,"href":"https:\/\/jblcorten.com\/it\/wp-json\/wp\/v2\/product_brand?post=2578"},{"taxonomy":"product_cat","embeddable":true,"href":"https:\/\/jblcorten.com\/it\/wp-json\/wp\/v2\/product_cat?post=2578"},{"taxonomy":"product_tag","embeddable":true,"href":"https:\/\/jblcorten.com\/it\/wp-json\/wp\/v2\/product_tag?post=2578"}],"curies":[{"name":"wp","href":"https:\/\/api.w.org\/{rel}","templated":true}]}}