{"id":2565,"date":"2025-03-27T07:03:56","date_gmt":"2025-03-27T07:03:56","guid":{"rendered":"https:\/\/jblcorten.com\/?post_type=product&#038;p=2565"},"modified":"2025-03-27T07:21:37","modified_gmt":"2025-03-27T07:21:37","slug":"tavolo-rettangolare-per-caminetto-a-gas","status":"publish","type":"product","link":"https:\/\/jblcorten.com\/it\/rectangular-gas-fire-pit-table\/","title":{"rendered":"Tavolo rettangolare per caminetto a gas"},"content":{"rendered":"<h2 style=\"text-align: center;\"><strong><span style=\"font-size: 14pt;\">Tavolo rettangolare per caminetto a gas<\/span><\/strong><\/h2>\n<p>Il tavolo rettangolare a gas per fuochi d'artificio \u00e8 un moderno focolare adatto sia all'interno che all'esterno. Questo tavolo per caminetto \u00e8 caratterizzato da un elegante design rettangolare e da una fonte di combustibile a gas naturale a combustione pulita. A differenza dei tradizionali focolari a legna, questo modello offre un'esperienza senza fumo, senza sporcizia e facile da usare.<\/p>\n<p>Un bruciatore in acciaio inox di alta qualit\u00e0 \u00e8 installato al centro di questo tavolo rettangolare per fuochi a gas. L'acciaio inossidabile \u00e8 noto per la sua durata, resistenza al calore e alla corrosione, e garantisce un'esperienza di combustione duratura ed efficiente. Il bruciatore \u00e8 in grado di distribuire uniformemente le fiamme, creando uno spettacolo ipnotico e costante. Inoltre, gli utenti possono personalizzare l'aspetto del focolare aggiungendo rocce vulcaniche o altri supporti decorativi all'area del bruciatore, per esaltarne la bellezza e creare un effetto fiamma unico ed elegante.<\/p>\n<p><img fetchpriority=\"high\" decoding=\"async\" class=\"alignnone wp-image-2572 size-full\" src=\"https:\/\/jblcorten.com\/wp-content\/uploads\/2025\/03\/rectangular-gas-fire-pit-table.jpg\" alt=\"\" width=\"750\" height=\"500\" title=\"\" srcset=\"https:\/\/jblcorten.com\/wp-content\/uploads\/2025\/03\/rectangular-gas-fire-pit-table.jpg 750w, https:\/\/jblcorten.com\/wp-content\/uploads\/2025\/03\/rectangular-gas-fire-pit-table-600x400.jpg 600w, https:\/\/jblcorten.com\/wp-content\/uploads\/2025\/03\/rectangular-gas-fire-pit-table-300x200.jpg 300w, https:\/\/jblcorten.com\/wp-content\/uploads\/2025\/03\/rectangular-gas-fire-pit-table-18x12.jpg 18w\" sizes=\"(max-width: 750px) 100vw, 750px\" \/><\/p>\n<p><strong><span style=\"font-size: 14pt;\">Specifiche del prodotto:<\/span><\/strong><\/p>\n<table>\n<tbody>\n<tr>\n<td style=\"background-color: #e8e8e8;\" width=\"181\">Nome del prodotto<\/td>\n<td style=\"background-color: #e8e8e8;\" width=\"385\">Tavolo rettangolare per caminetto a gas<\/td>\n<\/tr>\n<tr>\n<td width=\"181\">Materiale<\/td>\n<td width=\"385\">Acciaio corten<\/td>\n<\/tr>\n<tr>\n<td style=\"background-color: #e8e8e8;\" width=\"181\">Colore<\/td>\n<td style=\"background-color: #e8e8e8;\" width=\"385\">Rosso e nero arrugginito<\/td>\n<\/tr>\n<tr>\n<td width=\"181\">Tipo<\/td>\n<td width=\"385\">Caminetto Morden<\/td>\n<\/tr>\n<tr>\n<td style=\"background-color: #e8e8e8;\" width=\"181\">Dimensione<\/td>\n<td style=\"background-color: #e8e8e8;\" width=\"385\">1200*500*600mm o personalizzato<\/td>\n<\/tr>\n<tr>\n<td width=\"181\">Tecnologia<\/td>\n<td width=\"385\">Piegatura, saldatura e pre-superficie<\/td>\n<\/tr>\n<tr>\n<td style=\"background-color: #e8e8e8;\" width=\"181\">Usato<\/td>\n<td style=\"background-color: #e8e8e8;\" width=\"385\">Casa, cortile e giardino, parco e outdoor<\/td>\n<\/tr>\n<\/tbody>\n<\/table>\n<p><strong><span style=\"font-size: 14pt;\">Dettagli del prodotto:<\/span><\/strong><\/p>\n<p>Per esaltare ulteriormente il suo design moderno, il tavolo rettangolare per caminetto a gas \u00e8 circondato da un vetro trasparente, che non solo migliora la sicurezza, ma aggiunge anche un tocco di modernit\u00e0 all'aspetto generale. Il pannello di vetro funge da paravento, aiutando a mantenere una fiamma costante anche in ambienti esterni. Questa caratteristica rende il tavolo del focolare una scelta ideale per balconi, patii o spazi aperti in giardino, dove il vento potrebbe compromettere le prestazioni della fiamma. Inoltre, la copertura in vetro crea un effetto visivo straordinario, in quanto le fiamme si riflettono sulla superficie trasparente, offrendo un punto focale accattivante in qualsiasi ambiente.<\/p>\n<p><img decoding=\"async\" class=\"alignnone wp-image-2546\" src=\"https:\/\/jblcorten.com\/wp-content\/uploads\/2025\/03\/burner-decoration.jpg\" alt=\"\" width=\"750\" height=\"242\" title=\"\" srcset=\"https:\/\/jblcorten.com\/wp-content\/uploads\/2025\/03\/burner-decoration.jpg 693w, https:\/\/jblcorten.com\/wp-content\/uploads\/2025\/03\/burner-decoration-600x194.jpg 600w, https:\/\/jblcorten.com\/wp-content\/uploads\/2025\/03\/burner-decoration-300x97.jpg 300w, https:\/\/jblcorten.com\/wp-content\/uploads\/2025\/03\/burner-decoration-18x6.jpg 18w\" sizes=\"(max-width: 750px) 100vw, 750px\" \/><\/p>\n<p><img decoding=\"async\" class=\"alignnone wp-image-2574 size-full\" src=\"https:\/\/jblcorten.com\/wp-content\/uploads\/2025\/03\/rectangular-propane-fire-pit-with-tank-inside.jpg\" alt=\"\" width=\"750\" height=\"499\" title=\"\" srcset=\"https:\/\/jblcorten.com\/wp-content\/uploads\/2025\/03\/rectangular-propane-fire-pit-with-tank-inside.jpg 750w, https:\/\/jblcorten.com\/wp-content\/uploads\/2025\/03\/rectangular-propane-fire-pit-with-tank-inside-600x399.jpg 600w, https:\/\/jblcorten.com\/wp-content\/uploads\/2025\/03\/rectangular-propane-fire-pit-with-tank-inside-300x200.jpg 300w, https:\/\/jblcorten.com\/wp-content\/uploads\/2025\/03\/rectangular-propane-fire-pit-with-tank-inside-18x12.jpg 18w\" sizes=\"(max-width: 750px) 100vw, 750px\" \/><\/p>\n<p><strong><span style=\"font-size: 14pt;\">Perch\u00e9 scegliere il tavolo rettangolare per caminetto a gas?<\/span><\/strong><\/p>\n<p>1. Facile da usare e da gestire:<br \/>\nQuesto focolare rettangolare a gas \u00e8 dotato di una valvola di controllo laterale che consente di regolare facilmente la dimensione della fiamma senza dover ricorrere al noioso processo di accensione.<\/p>\n<p>2. Design del serbatoio del gas nascosto, bello e pulito:<br \/>\nAll'interno del focolare \u00e8 riservato uno spazio sufficiente per il serbatoio del gas, che pu\u00f2 essere nascosto all'interno del focolare, rendendo il design complessivo pi\u00f9 ordinato e bello, senza influire sul coordinamento dell'ambiente e riducendo al contempo i rischi per la sicurezza dei serbatoi di gas esposti all'esterno.<\/p>\n<p>3. Sicuro e affidabile, riduce i rischi di incendio:<br \/>\nI focolari a gas sono pi\u00f9 sicuri dei tradizionali focolari a legna e non producono fiamme libere o carbonella volante, riducendo i rischi di incendio. Il posizionamento del serbatoio del gas all'interno non solo migliora la sicurezza, ma riduce anche la possibilit\u00e0 che il serbatoio venga influenzato dall'ambiente esterno, rendendolo pi\u00f9 stabile.<\/p>\n<p><img loading=\"lazy\" decoding=\"async\" class=\"alignnone wp-image-2573\" src=\"https:\/\/jblcorten.com\/wp-content\/uploads\/2025\/03\/rectangle-gas-fire-table.jpg\" alt=\"\" width=\"750\" height=\"470\" title=\"\" srcset=\"https:\/\/jblcorten.com\/wp-content\/uploads\/2025\/03\/rectangle-gas-fire-table.jpg 1000w, https:\/\/jblcorten.com\/wp-content\/uploads\/2025\/03\/rectangle-gas-fire-table-600x376.jpg 600w, https:\/\/jblcorten.com\/wp-content\/uploads\/2025\/03\/rectangle-gas-fire-table-300x188.jpg 300w, https:\/\/jblcorten.com\/wp-content\/uploads\/2025\/03\/rectangle-gas-fire-table-768x481.jpg 768w, https:\/\/jblcorten.com\/wp-content\/uploads\/2025\/03\/rectangle-gas-fire-table-18x12.jpg 18w\" sizes=\"(max-width: 750px) 100vw, 750px\" \/><\/p>\n<p><strong><span style=\"font-size: 14pt;\">FAQ:<\/span><\/strong><\/p>\n<p>1.Q: Siete una societ\u00e0 commerciale o un produttore?<br \/>\nR: Abbiamo una nostra fabbrica.<\/p>\n<p>2.Q: Accettate l'OEM?<br \/>\nR: S\u00ec, lo facciamo, molti disegni sono disponibili e se avete bisogno di personalizzare, non \u00e8 un problema.<\/p>\n<p>3.D: Tutti i focolari sono utilizzabili con il gas naturale, vengono forniti con un kit di conversione a propano?<br \/>\nR: S\u00ec, se avete bisogno, possiamo offrire.<\/p>","protected":false},"excerpt":{"rendered":"<p>La valvola di controllo si trova sul lato del tavolo rettangolare a gas, consentendo all'utente di regolare con precisione l'altezza della fiamma. Il semplice sistema di accensione assicura che il focolare possa essere avviato con il minimo sforzo, rendendolo perfetto sia per gli spazi residenziali che per quelli commerciali.<\/p>","protected":false},"featured_media":2566,"template":"","meta":{"site-sidebar-layout":"default","site-content-layout":"","ast-site-content-layout":"default","site-content-style":"default","site-sidebar-style":"default","ast-global-header-display":"","ast-banner-title-visibility":"","ast-main-header-display":"","ast-hfb-above-header-display":"","ast-hfb-below-header-display":"","ast-hfb-mobile-header-display":"","site-post-title":"","ast-breadcrumbs-content":"","ast-featured-img":"","footer-sml-layout":"","ast-disable-related-posts":"","theme-transparent-header-meta":"default","adv-header-id-meta":"","stick-header-meta":"","header-above-stick-meta":"","header-main-stick-meta":"","header-below-stick-meta":"","astra-migrate-meta-layouts":"set","ast-page-background-enabled":"default","ast-page-background-meta":{"desktop":{"background-color":"var(--ast-global-color-4)","background-image":"","background-repeat":"repeat","background-position":"center center","background-size":"auto","background-attachment":"scroll","background-type":"","background-media":"","overlay-type":"","overlay-color":"","overlay-opacity":"","overlay-gradient":""},"tablet":{"background-color":"","background-image":"","background-repeat":"repeat","background-position":"center center","background-size":"auto","background-attachment":"scroll","background-type":"","background-media":"","overlay-type":"","overlay-color":"","overlay-opacity":"","overlay-gradient":""},"mobile":{"background-color":"","background-image":"","background-repeat":"repeat","background-position":"center center","background-size":"auto","background-attachment":"scroll","background-type":"","background-media":"","overlay-type":"","overlay-color":"","overlay-opacity":"","overlay-gradient":""}},"ast-content-background-meta":{"desktop":{"background-color":"var(--ast-global-color-5)","background-image":"","background-repeat":"repeat","background-position":"center center","background-size":"auto","background-attachment":"scroll","background-type":"","background-media":"","overlay-type":"","overlay-color":"","overlay-opacity":"","overlay-gradient":""},"tablet":{"background-color":"var(--ast-global-color-5)","background-image":"","background-repeat":"repeat","background-position":"center center","background-size":"auto","background-attachment":"scroll","background-type":"","background-media":"","overlay-type":"","overlay-color":"","overlay-opacity":"","overlay-gradient":""},"mobile":{"background-color":"var(--ast-global-color-5)","background-image":"","background-repeat":"repeat","background-position":"center center","background-size":"auto","background-attachment":"scroll","background-type":"","background-media":"","overlay-type":"","overlay-color":"","overlay-opacity":"","overlay-gradient":""}}},"product_brand":[],"product_cat":[29,47],"product_tag":[],"class_list":{"0":"post-2565","1":"product","2":"type-product","3":"status-publish","4":"has-post-thumbnail","6":"product_cat-fire-pit","7":"product_cat-gas-fire-pit","8":"desktop-align-center","9":"tablet-align-left","10":"mobile-align-left","12":"first","13":"instock","14":"shipping-taxable","15":"product-type-simple"},"_links":{"self":[{"href":"https:\/\/jblcorten.com\/it\/wp-json\/wp\/v2\/product\/2565","targetHints":{"allow":["GET"]}}],"collection":[{"href":"https:\/\/jblcorten.com\/it\/wp-json\/wp\/v2\/product"}],"about":[{"href":"https:\/\/jblcorten.com\/it\/wp-json\/wp\/v2\/types\/product"}],"wp:featuredmedia":[{"embeddable":true,"href":"https:\/\/jblcorten.com\/it\/wp-json\/wp\/v2\/media\/2566"}],"wp:attachment":[{"href":"https:\/\/jblcorten.com\/it\/wp-json\/wp\/v2\/media?parent=2565"}],"wp:term":[{"taxonomy":"product_brand","embeddable":true,"href":"https:\/\/jblcorten.com\/it\/wp-json\/wp\/v2\/product_brand?post=2565"},{"taxonomy":"product_cat","embeddable":true,"href":"https:\/\/jblcorten.com\/it\/wp-json\/wp\/v2\/product_cat?post=2565"},{"taxonomy":"product_tag","embeddable":true,"href":"https:\/\/jblcorten.com\/it\/wp-json\/wp\/v2\/product_tag?post=2565"}],"curies":[{"name":"wp","href":"https:\/\/api.w.org\/{rel}","templated":true}]}}