{"id":2554,"date":"2025-03-27T03:44:31","date_gmt":"2025-03-27T03:44:31","guid":{"rendered":"https:\/\/jblcorten.com\/?post_type=product&#038;p=2554"},"modified":"2025-03-27T03:45:50","modified_gmt":"2025-03-27T03:45:50","slug":"caminetto-a-gas-corten","status":"publish","type":"product","link":"https:\/\/jblcorten.com\/it\/corten-gas-fire-pit\/","title":{"rendered":"Camino a gas Corten"},"content":{"rendered":"<h2 style=\"text-align: center;\"><span style=\"font-size: 14pt;\">Camino a gas Corten<\/span><\/h2>\n<p>Il focolare a gas Corten \u00e8 semplice da utilizzare. Il focolare a gas Corten si accende istantaneamente con un semplice pulsante o con un sistema di accensione elettronica. Offre fiamme regolabili, consentendo agli utenti di controllare l'emissione di calore in base alle proprie esigenze. Inoltre, il focolare a gas corten elimina i problemi legati alla cenere, al fumo e allo stoccaggio della legna, rendendolo un'alternativa pi\u00f9 pulita ed efficiente. \u00c8 tipicamente alimentato a propano o a gas naturale, dando agli utenti la flessibilit\u00e0 di scegliere la fonte di combustibile che meglio si adatta al loro spazio esterno.<\/p>\n<p>* Questo focolare a gas corten \u00e8 stato trattato contro la ruggine. Se non avete bisogno del trattamento antiruggine, <a href=\"\/it\/contattateci\/\">potete comunicare con noi.<\/a><\/p>\n<p><strong><span style=\"font-size: 14pt;\">Specifiche del prodotto:<\/span><\/strong><\/p>\n<table>\n<tbody>\n<tr>\n<td style=\"text-align: left; vertical-align: middle;\">Nome del prodotto<\/td>\n<td style=\"text-align: left; vertical-align: middle;\">Camino a gas Corten<\/td>\n<\/tr>\n<tr>\n<td style=\"text-align: left; vertical-align: middle;\">Materiale<\/td>\n<td style=\"text-align: left; vertical-align: middle;\">Acciaio corten, acciaio inox<\/td>\n<\/tr>\n<tr>\n<td style=\"text-align: left; vertical-align: middle;\">Carburante<\/td>\n<td style=\"text-align: left; vertical-align: middle;\">Gas naturale o propano<\/td>\n<\/tr>\n<tr>\n<td style=\"text-align: left; vertical-align: middle;\">Dimensione<\/td>\n<td style=\"text-align: left; vertical-align: middle;\">600*600*400mm\/600*600*600mm (sia personalizzato)<\/td>\n<\/tr>\n<tr>\n<td style=\"text-align: left; vertical-align: middle;\">Trattamento della superficie<\/td>\n<td style=\"text-align: left; vertical-align: middle;\">Pre-arrugginito, verniciato nero, pu\u00f2 essere personalizzato<\/td>\n<\/tr>\n<tr>\n<td style=\"text-align: left; vertical-align: middle;\">Pacchetto<\/td>\n<td style=\"text-align: left; vertical-align: middle;\">Interno: carta espansa antiusura<br \/>\nEsterno : Scatola di compensato<\/td>\n<\/tr>\n<\/tbody>\n<\/table>\n<p><strong><span style=\"font-size: 14pt;\">Dettagli del prodotto:<\/span><\/strong><\/p>\n<p>Il focolare a gas in corten \u00e8 dotato di un bruciatore a gas in acciaio inox rimovibile installato all'interno.<\/p>\n<p><img fetchpriority=\"high\" decoding=\"async\" class=\"alignnone wp-image-2561\" src=\"https:\/\/jblcorten.com\/wp-content\/uploads\/2025\/03\/natural-gas-patio-fire-pit.jpg\" alt=\"\" width=\"750\" height=\"375\" title=\"\" srcset=\"https:\/\/jblcorten.com\/wp-content\/uploads\/2025\/03\/natural-gas-patio-fire-pit.jpg 1000w, https:\/\/jblcorten.com\/wp-content\/uploads\/2025\/03\/natural-gas-patio-fire-pit-600x300.jpg 600w, https:\/\/jblcorten.com\/wp-content\/uploads\/2025\/03\/natural-gas-patio-fire-pit-300x150.jpg 300w, https:\/\/jblcorten.com\/wp-content\/uploads\/2025\/03\/natural-gas-patio-fire-pit-768x384.jpg 768w, https:\/\/jblcorten.com\/wp-content\/uploads\/2025\/03\/natural-gas-patio-fire-pit-18x9.jpg 18w\" sizes=\"(max-width: 750px) 100vw, 750px\" \/><\/p>\n<p><img decoding=\"async\" class=\"alignnone wp-image-2562 size-full\" src=\"https:\/\/jblcorten.com\/wp-content\/uploads\/2025\/03\/natural-gas-fire-pit.jpg\" alt=\"\" width=\"750\" height=\"500\" title=\"\" srcset=\"https:\/\/jblcorten.com\/wp-content\/uploads\/2025\/03\/natural-gas-fire-pit.jpg 750w, https:\/\/jblcorten.com\/wp-content\/uploads\/2025\/03\/natural-gas-fire-pit-600x400.jpg 600w, https:\/\/jblcorten.com\/wp-content\/uploads\/2025\/03\/natural-gas-fire-pit-300x200.jpg 300w, https:\/\/jblcorten.com\/wp-content\/uploads\/2025\/03\/natural-gas-fire-pit-18x12.jpg 18w\" sizes=\"(max-width: 750px) 100vw, 750px\" \/><\/p>\n<p><strong><span style=\"font-size: 14pt;\">Imballaggio del prodotto:<\/span><\/strong><\/p>\n<p><img decoding=\"async\" class=\"alignnone size-full wp-image-2563\" src=\"https:\/\/jblcorten.com\/wp-content\/uploads\/2025\/03\/fire-pit-packing.png\" alt=\"\" width=\"750\" height=\"548\" title=\"\" srcset=\"https:\/\/jblcorten.com\/wp-content\/uploads\/2025\/03\/fire-pit-packing.png 750w, https:\/\/jblcorten.com\/wp-content\/uploads\/2025\/03\/fire-pit-packing-600x438.png 600w, https:\/\/jblcorten.com\/wp-content\/uploads\/2025\/03\/fire-pit-packing-300x219.png 300w, https:\/\/jblcorten.com\/wp-content\/uploads\/2025\/03\/fire-pit-packing-16x12.png 16w\" sizes=\"(max-width: 750px) 100vw, 750px\" \/><\/p>","protected":false},"excerpt":{"rendered":"<p>Il focolare a gas corten \u00e8 una soluzione moderna per il riscaldamento e la decorazione degli ambienti esterni che combina la bellezza unica dell'acciaio resistente agli agenti atmosferici con la comodit\u00e0 della fiamma a gas.<\/p>\n<p>A differenza dei tradizionali focolari che richiedono legna o carbone, i focolari a gas corten offrono un'esperienza pi\u00f9 pulita e senza fumo.<\/p>","protected":false},"featured_media":2555,"template":"","meta":{"site-sidebar-layout":"default","site-content-layout":"","ast-site-content-layout":"default","site-content-style":"default","site-sidebar-style":"default","ast-global-header-display":"","ast-banner-title-visibility":"","ast-main-header-display":"","ast-hfb-above-header-display":"","ast-hfb-below-header-display":"","ast-hfb-mobile-header-display":"","site-post-title":"","ast-breadcrumbs-content":"","ast-featured-img":"","footer-sml-layout":"","ast-disable-related-posts":"","theme-transparent-header-meta":"default","adv-header-id-meta":"","stick-header-meta":"","header-above-stick-meta":"","header-main-stick-meta":"","header-below-stick-meta":"","astra-migrate-meta-layouts":"set","ast-page-background-enabled":"default","ast-page-background-meta":{"desktop":{"background-color":"var(--ast-global-color-4)","background-image":"","background-repeat":"repeat","background-position":"center center","background-size":"auto","background-attachment":"scroll","background-type":"","background-media":"","overlay-type":"","overlay-color":"","overlay-opacity":"","overlay-gradient":""},"tablet":{"background-color":"","background-image":"","background-repeat":"repeat","background-position":"center center","background-size":"auto","background-attachment":"scroll","background-type":"","background-media":"","overlay-type":"","overlay-color":"","overlay-opacity":"","overlay-gradient":""},"mobile":{"background-color":"","background-image":"","background-repeat":"repeat","background-position":"center center","background-size":"auto","background-attachment":"scroll","background-type":"","background-media":"","overlay-type":"","overlay-color":"","overlay-opacity":"","overlay-gradient":""}},"ast-content-background-meta":{"desktop":{"background-color":"var(--ast-global-color-5)","background-image":"","background-repeat":"repeat","background-position":"center center","background-size":"auto","background-attachment":"scroll","background-type":"","background-media":"","overlay-type":"","overlay-color":"","overlay-opacity":"","overlay-gradient":""},"tablet":{"background-color":"var(--ast-global-color-5)","background-image":"","background-repeat":"repeat","background-position":"center center","background-size":"auto","background-attachment":"scroll","background-type":"","background-media":"","overlay-type":"","overlay-color":"","overlay-opacity":"","overlay-gradient":""},"mobile":{"background-color":"var(--ast-global-color-5)","background-image":"","background-repeat":"repeat","background-position":"center center","background-size":"auto","background-attachment":"scroll","background-type":"","background-media":"","overlay-type":"","overlay-color":"","overlay-opacity":"","overlay-gradient":""}}},"product_brand":[],"product_cat":[29,47],"product_tag":[],"class_list":{"0":"post-2554","1":"product","2":"type-product","3":"status-publish","4":"has-post-thumbnail","6":"product_cat-fire-pit","7":"product_cat-gas-fire-pit","8":"desktop-align-center","9":"tablet-align-left","10":"mobile-align-left","12":"first","13":"instock","14":"shipping-taxable","15":"product-type-simple"},"_links":{"self":[{"href":"https:\/\/jblcorten.com\/it\/wp-json\/wp\/v2\/product\/2554","targetHints":{"allow":["GET"]}}],"collection":[{"href":"https:\/\/jblcorten.com\/it\/wp-json\/wp\/v2\/product"}],"about":[{"href":"https:\/\/jblcorten.com\/it\/wp-json\/wp\/v2\/types\/product"}],"wp:featuredmedia":[{"embeddable":true,"href":"https:\/\/jblcorten.com\/it\/wp-json\/wp\/v2\/media\/2555"}],"wp:attachment":[{"href":"https:\/\/jblcorten.com\/it\/wp-json\/wp\/v2\/media?parent=2554"}],"wp:term":[{"taxonomy":"product_brand","embeddable":true,"href":"https:\/\/jblcorten.com\/it\/wp-json\/wp\/v2\/product_brand?post=2554"},{"taxonomy":"product_cat","embeddable":true,"href":"https:\/\/jblcorten.com\/it\/wp-json\/wp\/v2\/product_cat?post=2554"},{"taxonomy":"product_tag","embeddable":true,"href":"https:\/\/jblcorten.com\/it\/wp-json\/wp\/v2\/product_tag?post=2554"}],"curies":[{"name":"wp","href":"https:\/\/api.w.org\/{rel}","templated":true}]}}