{"id":2551,"date":"2025-03-25T08:47:31","date_gmt":"2025-03-25T08:47:31","guid":{"rendered":"https:\/\/jblcorten.com\/?post_type=product&#038;p=2551"},"modified":"2025-03-25T08:56:45","modified_gmt":"2025-03-25T08:56:45","slug":"pozzo-di-fuoco-quadrato-a-gas-naturale","status":"publish","type":"product","link":"https:\/\/jblcorten.com\/it\/square-natural-gas-fire-pit\/","title":{"rendered":"Focolare quadrato a gas naturale"},"content":{"rendered":"<h2 style=\"text-align: center;\"><span style=\"font-size: 14pt;\">Focolare quadrato a gas naturale<\/span><\/h2>\n<p>Il focolare quadrato a gas naturale \u00e8 un dispositivo di riscaldamento che unisce bellezza e praticit\u00e0. \u00c8 adatto a cortili, terrazze, giardini e ambienti interni. Adotta un design quadrato dalla forma semplice e generosa. Non solo \u00e8 in grado di fornire calore, ma anche di diventare una bella scenografia in casa.<\/p>\n<p>Intorno al focolare sono state installate delle coperture in vetro altamente trasparenti, che rendono la fiamma pi\u00f9 stabile durante la combustione e migliorano l'effetto visivo. Guardare le fiamme che saltano attraverso il vetro \u00e8 sicuro e artistico e fa immergere le persone in un'atmosfera calda. Inoltre, la copertura in vetro impedisce efficacemente che le fiamme vengano spazzate via dal vento, migliora l'efficienza della combustione e garantisce che il focolare quadrato a gas naturale possa essere utilizzato normalmente in qualsiasi condizione atmosferica.<\/p>\n<p><strong><span style=\"font-size: 14pt;\">Specifiche del prodotto:<\/span><\/strong><\/p>\n<table>\n<tbody>\n<tr style=\"background-color: #cfcfcf;\">\n<td><strong><b>Nome del prodotto<\/b><\/strong><\/td>\n<td>Focolare quadrato a gas naturale<\/td>\n<\/tr>\n<tr>\n<td><strong><b>Materiale<\/b><\/strong><\/td>\n<td>Acciaio corten, acciaio inox<\/td>\n<\/tr>\n<tr style=\"background-color: #cfcfcf;\">\n<td><strong><b>Carburante<\/b><\/strong><\/td>\n<td>Gas naturale o propano<\/td>\n<\/tr>\n<tr>\n<td><strong><b>Dimensione<\/b><\/strong><\/td>\n<td>600*600*400mm\/600*600*600mm (sia personalizzato)<\/td>\n<\/tr>\n<tr style=\"background-color: #cfcfcf;\">\n<td><strong><b>Trattamento della superficie<\/b><\/strong><\/td>\n<td>Pre-arrugginito, verniciato nero, pu\u00f2 essere personalizzato<\/td>\n<\/tr>\n<tr>\n<td>Pacchetto<\/td>\n<td>Scatola di legno<\/td>\n<\/tr>\n<\/tbody>\n<\/table>\n<p><strong><span style=\"font-size: 14pt;\">Decorazione del bruciatore<\/span><\/strong><\/p>\n<p>All'interno del focolare quadrato a gas naturale si possono posare pietre vulcaniche naturali, che non solo migliorano l'estetica complessiva, ma potenziano anche l'effetto di combustione. Le pietre vulcaniche hanno una buona capacit\u00e0 di accumulo del calore, sono in grado di distribuirlo in modo uniforme e fanno s\u00ec che la fiamma bruci in modo pi\u00f9 stabile. Allo stesso tempo, la sua texture naturale e le luci e le ombre della fiamma si completano a vicenda, aggiungendo un impatto visivo naturale e rendendo il focolare pi\u00f9 stratificato e ornamentale. \u00c8 possibile scegliere tra diversi tipi di pietre vulcaniche.<\/p>\n<p><img fetchpriority=\"high\" decoding=\"async\" class=\"alignnone wp-image-2546\" src=\"https:\/\/jblcorten.com\/wp-content\/uploads\/2025\/03\/burner-decoration.jpg\" alt=\"\" width=\"750\" height=\"242\" title=\"\" srcset=\"https:\/\/jblcorten.com\/wp-content\/uploads\/2025\/03\/burner-decoration.jpg 693w, https:\/\/jblcorten.com\/wp-content\/uploads\/2025\/03\/burner-decoration-600x194.jpg 600w, https:\/\/jblcorten.com\/wp-content\/uploads\/2025\/03\/burner-decoration-300x97.jpg 300w, https:\/\/jblcorten.com\/wp-content\/uploads\/2025\/03\/burner-decoration-18x6.jpg 18w\" sizes=\"(max-width: 750px) 100vw, 750px\" \/><\/p>\n<p><strong><span style=\"font-size: 14pt;\">Perch\u00e9 scegliere questo focolare quadrato a gas naturale?<\/span><\/strong><\/p>\n<ul>\n<li>Vetro di protezione di sicurezza:<br \/>\nIntorno alla fiamma \u00e8 installato un vetro trasparente che non solo previene efficacemente il vento e rende la fiamma pi\u00f9 stabile, ma fornisce anche una protezione di sicurezza per evitare il contatto accidentale con la fiamma e migliorare la sicurezza d'uso. La visione della fiamma ardente attraverso il vetro \u00e8 pi\u00f9 ornamentale e suggestiva.<\/li>\n<\/ul>\n<ul>\n<li>Il carburante a gas naturale \u00e8 pi\u00f9 ecologico:<br \/>\nL'utilizzo del gas naturale come combustibile \u00e8 pi\u00f9 pulito ed ecologico rispetto alla combustione tradizionale di carbone o legna da ardere. Non produce fumo e ceneri volanti, riduce l'inquinamento atmosferico, brucia in modo pi\u00f9 stabile ed \u00e8 pi\u00f9 comodo da usare.<\/li>\n<\/ul>\n<ul>\n<li>Facile da usare e con fiamma regolabile:<br \/>\nIl lato del focolare \u00e8 dotato di una valvola di controllo che consente di regolare facilmente l'accensione e la dimensione della fiamma. Senza operazioni noiose, il fuoco pu\u00f2 essere regolato in base alle esigenze, risultando pi\u00f9 comodo da usare.<\/li>\n<\/ul>\n<ul>\n<li>Materiale resistente, adattabile all'ambiente esterno:<br \/>\nRealizzato con materiali di alta qualit\u00e0 resistenti agli agenti atmosferici, sia che si tratti di ruggine naturale o di superficie nera a spruzzo, ha una forte resistenza alla corrosione e agli agenti atmosferici. Pu\u00f2 essere utilizzato all'aperto per lungo tempo, non \u00e8 facile da arrugginire o danneggiare e ha una lunga durata.<\/li>\n<\/ul>\n<p><img decoding=\"async\" class=\"alignnone wp-image-2549 size-full\" src=\"https:\/\/jblcorten.com\/wp-content\/uploads\/2025\/03\/no-smoke-fire-pit.jpg\" alt=\"\" width=\"750\" height=\"567\" title=\"\" srcset=\"https:\/\/jblcorten.com\/wp-content\/uploads\/2025\/03\/no-smoke-fire-pit.jpg 750w, https:\/\/jblcorten.com\/wp-content\/uploads\/2025\/03\/no-smoke-fire-pit-600x454.jpg 600w, https:\/\/jblcorten.com\/wp-content\/uploads\/2025\/03\/no-smoke-fire-pit-300x227.jpg 300w, https:\/\/jblcorten.com\/wp-content\/uploads\/2025\/03\/no-smoke-fire-pit-16x12.jpg 16w\" sizes=\"(max-width: 750px) 100vw, 750px\" \/><\/p>\n<p><img decoding=\"async\" class=\"alignnone size-full wp-image-2552\" src=\"https:\/\/jblcorten.com\/wp-content\/uploads\/2025\/03\/garden-table-with-fire-pit.jpg\" alt=\"\" width=\"750\" height=\"566\" title=\"\" srcset=\"https:\/\/jblcorten.com\/wp-content\/uploads\/2025\/03\/garden-table-with-fire-pit.jpg 750w, https:\/\/jblcorten.com\/wp-content\/uploads\/2025\/03\/garden-table-with-fire-pit-600x453.jpg 600w, https:\/\/jblcorten.com\/wp-content\/uploads\/2025\/03\/garden-table-with-fire-pit-300x226.jpg 300w, https:\/\/jblcorten.com\/wp-content\/uploads\/2025\/03\/garden-table-with-fire-pit-16x12.jpg 16w\" sizes=\"(max-width: 750px) 100vw, 750px\" \/><\/p>","protected":false},"excerpt":{"rendered":"<p>In termini di funzionamento, questo focolare quadrato a gas naturale \u00e8 semplice e facile da usare, con una valvola di controllo sul lato, che pu\u00f2 facilmente controllare l'interruttore del gas e la dimensione della fiamma.<\/p>\n<p>Gli utenti possono regolare l'altezza e l'intensit\u00e0 della fiamma in base alle proprie esigenze, in modo da poter godere della calda luce del fuoco controllando efficacemente il consumo di gas e migliorando l'economia e la sicurezza d'uso.<\/p>","protected":false},"featured_media":2541,"template":"","meta":{"site-sidebar-layout":"default","site-content-layout":"","ast-site-content-layout":"default","site-content-style":"default","site-sidebar-style":"default","ast-global-header-display":"","ast-banner-title-visibility":"","ast-main-header-display":"","ast-hfb-above-header-display":"","ast-hfb-below-header-display":"","ast-hfb-mobile-header-display":"","site-post-title":"","ast-breadcrumbs-content":"","ast-featured-img":"","footer-sml-layout":"","ast-disable-related-posts":"","theme-transparent-header-meta":"default","adv-header-id-meta":"","stick-header-meta":"","header-above-stick-meta":"","header-main-stick-meta":"","header-below-stick-meta":"","astra-migrate-meta-layouts":"set","ast-page-background-enabled":"default","ast-page-background-meta":{"desktop":{"background-color":"var(--ast-global-color-4)","background-image":"","background-repeat":"repeat","background-position":"center center","background-size":"auto","background-attachment":"scroll","background-type":"","background-media":"","overlay-type":"","overlay-color":"","overlay-opacity":"","overlay-gradient":""},"tablet":{"background-color":"","background-image":"","background-repeat":"repeat","background-position":"center center","background-size":"auto","background-attachment":"scroll","background-type":"","background-media":"","overlay-type":"","overlay-color":"","overlay-opacity":"","overlay-gradient":""},"mobile":{"background-color":"","background-image":"","background-repeat":"repeat","background-position":"center center","background-size":"auto","background-attachment":"scroll","background-type":"","background-media":"","overlay-type":"","overlay-color":"","overlay-opacity":"","overlay-gradient":""}},"ast-content-background-meta":{"desktop":{"background-color":"var(--ast-global-color-5)","background-image":"","background-repeat":"repeat","background-position":"center center","background-size":"auto","background-attachment":"scroll","background-type":"","background-media":"","overlay-type":"","overlay-color":"","overlay-opacity":"","overlay-gradient":""},"tablet":{"background-color":"var(--ast-global-color-5)","background-image":"","background-repeat":"repeat","background-position":"center center","background-size":"auto","background-attachment":"scroll","background-type":"","background-media":"","overlay-type":"","overlay-color":"","overlay-opacity":"","overlay-gradient":""},"mobile":{"background-color":"var(--ast-global-color-5)","background-image":"","background-repeat":"repeat","background-position":"center center","background-size":"auto","background-attachment":"scroll","background-type":"","background-media":"","overlay-type":"","overlay-color":"","overlay-opacity":"","overlay-gradient":""}}},"product_brand":[],"product_cat":[29,47],"product_tag":[],"class_list":{"0":"post-2551","1":"product","2":"type-product","3":"status-publish","4":"has-post-thumbnail","6":"product_cat-fire-pit","7":"product_cat-gas-fire-pit","8":"desktop-align-center","9":"tablet-align-left","10":"mobile-align-left","12":"first","13":"instock","14":"shipping-taxable","15":"product-type-simple"},"_links":{"self":[{"href":"https:\/\/jblcorten.com\/it\/wp-json\/wp\/v2\/product\/2551","targetHints":{"allow":["GET"]}}],"collection":[{"href":"https:\/\/jblcorten.com\/it\/wp-json\/wp\/v2\/product"}],"about":[{"href":"https:\/\/jblcorten.com\/it\/wp-json\/wp\/v2\/types\/product"}],"wp:featuredmedia":[{"embeddable":true,"href":"https:\/\/jblcorten.com\/it\/wp-json\/wp\/v2\/media\/2541"}],"wp:attachment":[{"href":"https:\/\/jblcorten.com\/it\/wp-json\/wp\/v2\/media?parent=2551"}],"wp:term":[{"taxonomy":"product_brand","embeddable":true,"href":"https:\/\/jblcorten.com\/it\/wp-json\/wp\/v2\/product_brand?post=2551"},{"taxonomy":"product_cat","embeddable":true,"href":"https:\/\/jblcorten.com\/it\/wp-json\/wp\/v2\/product_cat?post=2551"},{"taxonomy":"product_tag","embeddable":true,"href":"https:\/\/jblcorten.com\/it\/wp-json\/wp\/v2\/product_tag?post=2551"}],"curies":[{"name":"wp","href":"https:\/\/api.w.org\/{rel}","templated":true}]}}