{"id":2288,"date":"2025-02-21T09:17:42","date_gmt":"2025-02-21T09:17:42","guid":{"rendered":"https:\/\/jblcorten.com\/?post_type=product&#038;p=2288"},"modified":"2025-02-21T09:21:13","modified_gmt":"2025-02-21T09:21:13","slug":"fioriere-tonde-in-acciaio-corten","status":"publish","type":"product","link":"https:\/\/jblcorten.com\/it\/round-corten-steel-planters\/","title":{"rendered":"Fioriere rotonde in acciaio corten"},"content":{"rendered":"<p><strong>Fioriere rotonde in acciaio corten<\/strong><\/p>\n<p>La fioriera rotonda in acciaio corten \u00e8 un contenitore per la coltivazione di alberi, arbusti, fiori e altre piante realizzato in acciaio corten. Invece della tradizionale forma rotonda, questa fioriera ha una forma unica, pi\u00f9 larga in alto e pi\u00f9 stretta in basso.<\/p>\n<p>Il materiale utilizzato per la realizzazione della fioriera \u00e8 stato scelto per le sue caratteristiche. L'acciaio corten \u00e8 un acciaio a bassa lega e ad alta resistenza che con il tempo forma uno strato protettivo di ruggine, impedendo un'ulteriore corrosione. Questo materiale \u00e8 ideale per l'uso in esterni e pu\u00f2 resistere alle condizioni climatiche avverse, mantenendo l'integrit\u00e0 strutturale e l'estetica.<\/p>\n<p><strong>Specifiche del prodotto:<\/strong><\/p>\n<table>\n<tbody>\n<tr>\n<td width=\"276\">nome del prodotto<\/td>\n<td>Fioriere rotonde in acciaio corten<\/td>\n<\/tr>\n<tr>\n<td width=\"276\">Materiale<\/td>\n<td>Acciaio corten\/acciaio resistente agli agenti atmosferici<\/td>\n<\/tr>\n<tr>\n<td width=\"276\">colore<\/td>\n<td>Arrugginito o verniciato<\/td>\n<\/tr>\n<tr>\n<td width=\"276\">Dimensioni (cm)<\/td>\n<td>P 80 * H 60 o personalizzato<\/td>\n<\/tr>\n<tr>\n<td width=\"276\">Spessore<\/td>\n<td>3 mm<\/td>\n<\/tr>\n<tr>\n<td width=\"276\">Peso<\/td>\n<td>30 kg<\/td>\n<\/tr>\n<tr>\n<td width=\"276\">Pacchetto<\/td>\n<td>All'interno: carta espansa antiusura, all'esterno: scatola di cartone<\/td>\n<\/tr>\n<\/tbody>\n<\/table>\n<p><strong>Che cos'\u00e8 l'acciaio corten?<\/strong><\/p>\n<p>L'acciaio corten, noto anche come acciaio resistente alla corrosione atmosferica, \u00e8 un acciaio legato speciale. Pu\u00f2 formare uno strato di ruggine denso e stabile nell'ambiente naturale. Questo strato di ruggine non solo non corrode ulteriormente l'acciaio interno, ma svolge anche un ruolo protettivo, prolungando notevolmente la durata del vaso da fiori. Rispetto all'acciaio ordinario, l'acciaio resistente agli agenti atmosferici non necessita di ulteriori rivestimenti anticorrosione o di manutenzione e pu\u00f2 adattarsi naturalmente a diverse condizioni climatiche, sia che si tratti di una stagione piovosa e umida o di un'estate secca, pu\u00f2 mantenere la sua struttura e le sue prestazioni uniche.<\/p>\n<p><img fetchpriority=\"high\" decoding=\"async\" class=\"alignnone wp-image-2271\" src=\"https:\/\/jblcorten.com\/wp-content\/uploads\/2025\/02\/corten-steel-material.jpg\" alt=\"\" width=\"700\" height=\"280\" title=\"\" srcset=\"https:\/\/jblcorten.com\/wp-content\/uploads\/2025\/02\/corten-steel-material.jpg 750w, https:\/\/jblcorten.com\/wp-content\/uploads\/2025\/02\/corten-steel-material-600x240.jpg 600w, https:\/\/jblcorten.com\/wp-content\/uploads\/2025\/02\/corten-steel-material-300x120.jpg 300w, https:\/\/jblcorten.com\/wp-content\/uploads\/2025\/02\/corten-steel-material-18x7.jpg 18w\" sizes=\"(max-width: 700px) 100vw, 700px\" \/><\/p>\n<p><span style=\"color: #ff0000;\">\u00a0 \u00a0 \u00a0 \u00a0 \u00a0 \u00a0 \u00a0 \u00a0 \u00a0 \u00a0 \u00a0 Acciaio dolce Vs. Acciaio corten Vs. Acciaio verniciato<\/span><\/p>\n<p><strong>Display del prodotto:<\/strong><\/p>\n<p><img decoding=\"async\" class=\"alignnone wp-image-2293\" src=\"https:\/\/jblcorten.com\/wp-content\/uploads\/2025\/02\/cor-ten-steel-planter.png\" alt=\"\" width=\"348\" height=\"348\" title=\"\" srcset=\"https:\/\/jblcorten.com\/wp-content\/uploads\/2025\/02\/cor-ten-steel-planter.png 580w, https:\/\/jblcorten.com\/wp-content\/uploads\/2025\/02\/cor-ten-steel-planter-100x100.png 100w, https:\/\/jblcorten.com\/wp-content\/uploads\/2025\/02\/cor-ten-steel-planter-300x300.png 300w, https:\/\/jblcorten.com\/wp-content\/uploads\/2025\/02\/cor-ten-steel-planter-150x150.png 150w, https:\/\/jblcorten.com\/wp-content\/uploads\/2025\/02\/cor-ten-steel-planter-12x12.png 12w\" sizes=\"(max-width: 348px) 100vw, 348px\" \/> <img decoding=\"async\" class=\"alignnone wp-image-2294\" src=\"https:\/\/jblcorten.com\/wp-content\/uploads\/2025\/02\/corten-garden-planters-300x300.png\" alt=\"\" width=\"348\" height=\"348\" title=\"\" srcset=\"https:\/\/jblcorten.com\/wp-content\/uploads\/2025\/02\/corten-garden-planters-300x300.png 300w, https:\/\/jblcorten.com\/wp-content\/uploads\/2025\/02\/corten-garden-planters-100x100.png 100w, https:\/\/jblcorten.com\/wp-content\/uploads\/2025\/02\/corten-garden-planters-150x150.png 150w, https:\/\/jblcorten.com\/wp-content\/uploads\/2025\/02\/corten-garden-planters-12x12.png 12w, https:\/\/jblcorten.com\/wp-content\/uploads\/2025\/02\/corten-garden-planters.png 580w\" sizes=\"(max-width: 348px) 100vw, 348px\" \/><\/p>\n<p><img loading=\"lazy\" decoding=\"async\" class=\"alignnone wp-image-2295\" src=\"https:\/\/jblcorten.com\/wp-content\/uploads\/2025\/02\/circular-corten-steel-planters.jpg\" alt=\"\" width=\"700\" height=\"525\" title=\"\" srcset=\"https:\/\/jblcorten.com\/wp-content\/uploads\/2025\/02\/circular-corten-steel-planters.jpg 750w, https:\/\/jblcorten.com\/wp-content\/uploads\/2025\/02\/circular-corten-steel-planters-600x450.jpg 600w, https:\/\/jblcorten.com\/wp-content\/uploads\/2025\/02\/circular-corten-steel-planters-300x225.jpg 300w, https:\/\/jblcorten.com\/wp-content\/uploads\/2025\/02\/circular-corten-steel-planters-16x12.jpg 16w\" sizes=\"(max-width: 700px) 100vw, 700px\" \/><\/p>\n<p><img loading=\"lazy\" decoding=\"async\" class=\"alignnone wp-image-2297\" src=\"https:\/\/jblcorten.com\/wp-content\/uploads\/2025\/02\/round-corten-steel-planters.jpg\" alt=\"\" width=\"700\" height=\"525\" title=\"\" srcset=\"https:\/\/jblcorten.com\/wp-content\/uploads\/2025\/02\/round-corten-steel-planters.jpg 750w, https:\/\/jblcorten.com\/wp-content\/uploads\/2025\/02\/round-corten-steel-planters-600x450.jpg 600w, https:\/\/jblcorten.com\/wp-content\/uploads\/2025\/02\/round-corten-steel-planters-300x225.jpg 300w, https:\/\/jblcorten.com\/wp-content\/uploads\/2025\/02\/round-corten-steel-planters-16x12.jpg 16w\" sizes=\"(max-width: 700px) 100vw, 700px\" \/><\/p>\n<p><strong>FAQ:<\/strong><\/p>\n<p><span style=\"color: #ff6600;\"><em><strong>1.Le mie fioriere arriveranno arrugginite?<\/strong><\/em><\/span><\/p>\n<p>Dipende dal cliente. Possiamo arrugginire o verniciare secondo le esigenze del cliente.<\/p>\n<p><span style=\"color: #ff6600;\"><em><strong>2. Quanto tempo impiega la fioriera ad arrugginire?<\/strong><\/em><\/span><\/p>\n<p>Dipende dal clima, ma il processo naturale pu\u00f2 durare dai 3 ai 12 mesi.<\/p>\n<p><span style=\"color: #ff6600;\"><em><strong>3.Le fioriere sono dotate di fori di drenaggio?<\/strong><\/em><\/span><\/p>\n<p>S\u00ec, tutte le fioriere hanno una quantit\u00e0 minima di fori di drenaggio, che consente ai nostri clienti di praticarne altri se necessario.<\/p>\n<p><span style=\"color: #ff6600;\"><em><strong>4.Realizzate fioriere di dimensioni personalizzate?<\/strong><\/em><\/span><\/p>\n<p>Naturalmente! Comunicateci le dimensioni desiderate e vi invieremo un preventivo.<\/p>\n<p><strong><em><span style=\"color: #ff6600;\">5.Potete realizzare il nostro design?<\/span><\/em><\/strong><\/p>\n<p>S\u00ec, possiamo produrre il vostro design personalizzato. Basta mostrarci i vostri disegni\/idee\/immagini.<\/p>","protected":false},"excerpt":{"rendered":"<p>Le fioriere rotonde in acciaio corten sono contenitori per la coltivazione di alberi, arbusti, fiori e altre piante realizzati in acciaio corten. Invece della tradizionale forma rotonda, questa fioriera ha una forma unica, pi\u00f9 larga in alto e pi\u00f9 stretta in basso.<\/p>","protected":false},"featured_media":2298,"template":"","meta":{"site-sidebar-layout":"default","site-content-layout":"","ast-site-content-layout":"default","site-content-style":"default","site-sidebar-style":"default","ast-global-header-display":"","ast-banner-title-visibility":"","ast-main-header-display":"","ast-hfb-above-header-display":"","ast-hfb-below-header-display":"","ast-hfb-mobile-header-display":"","site-post-title":"","ast-breadcrumbs-content":"","ast-featured-img":"","footer-sml-layout":"","ast-disable-related-posts":"","theme-transparent-header-meta":"default","adv-header-id-meta":"","stick-header-meta":"","header-above-stick-meta":"","header-main-stick-meta":"","header-below-stick-meta":"","astra-migrate-meta-layouts":"set","ast-page-background-enabled":"default","ast-page-background-meta":{"desktop":{"background-color":"var(--ast-global-color-4)","background-image":"","background-repeat":"repeat","background-position":"center center","background-size":"auto","background-attachment":"scroll","background-type":"","background-media":"","overlay-type":"","overlay-color":"","overlay-opacity":"","overlay-gradient":""},"tablet":{"background-color":"","background-image":"","background-repeat":"repeat","background-position":"center center","background-size":"auto","background-attachment":"scroll","background-type":"","background-media":"","overlay-type":"","overlay-color":"","overlay-opacity":"","overlay-gradient":""},"mobile":{"background-color":"","background-image":"","background-repeat":"repeat","background-position":"center center","background-size":"auto","background-attachment":"scroll","background-type":"","background-media":"","overlay-type":"","overlay-color":"","overlay-opacity":"","overlay-gradient":""}},"ast-content-background-meta":{"desktop":{"background-color":"var(--ast-global-color-5)","background-image":"","background-repeat":"repeat","background-position":"center center","background-size":"auto","background-attachment":"scroll","background-type":"","background-media":"","overlay-type":"","overlay-color":"","overlay-opacity":"","overlay-gradient":""},"tablet":{"background-color":"var(--ast-global-color-5)","background-image":"","background-repeat":"repeat","background-position":"center center","background-size":"auto","background-attachment":"scroll","background-type":"","background-media":"","overlay-type":"","overlay-color":"","overlay-opacity":"","overlay-gradient":""},"mobile":{"background-color":"var(--ast-global-color-5)","background-image":"","background-repeat":"repeat","background-position":"center center","background-size":"auto","background-attachment":"scroll","background-type":"","background-media":"","overlay-type":"","overlay-color":"","overlay-opacity":"","overlay-gradient":""}}},"product_brand":[],"product_cat":[34],"product_tag":[],"class_list":{"0":"post-2288","1":"product","2":"type-product","3":"status-publish","4":"has-post-thumbnail","6":"product_cat-planter-pots","7":"desktop-align-center","8":"tablet-align-left","9":"mobile-align-left","11":"first","12":"instock","13":"shipping-taxable","14":"product-type-simple"},"_links":{"self":[{"href":"https:\/\/jblcorten.com\/it\/wp-json\/wp\/v2\/product\/2288","targetHints":{"allow":["GET"]}}],"collection":[{"href":"https:\/\/jblcorten.com\/it\/wp-json\/wp\/v2\/product"}],"about":[{"href":"https:\/\/jblcorten.com\/it\/wp-json\/wp\/v2\/types\/product"}],"wp:featuredmedia":[{"embeddable":true,"href":"https:\/\/jblcorten.com\/it\/wp-json\/wp\/v2\/media\/2298"}],"wp:attachment":[{"href":"https:\/\/jblcorten.com\/it\/wp-json\/wp\/v2\/media?parent=2288"}],"wp:term":[{"taxonomy":"product_brand","embeddable":true,"href":"https:\/\/jblcorten.com\/it\/wp-json\/wp\/v2\/product_brand?post=2288"},{"taxonomy":"product_cat","embeddable":true,"href":"https:\/\/jblcorten.com\/it\/wp-json\/wp\/v2\/product_cat?post=2288"},{"taxonomy":"product_tag","embeddable":true,"href":"https:\/\/jblcorten.com\/it\/wp-json\/wp\/v2\/product_tag?post=2288"}],"curies":[{"name":"wp","href":"https:\/\/api.w.org\/{rel}","templated":true}]}}