{"id":2277,"date":"2025-02-20T08:21:57","date_gmt":"2025-02-20T08:21:57","guid":{"rendered":"https:\/\/jblcorten.com\/?post_type=product&#038;p=2277"},"modified":"2025-02-20T08:34:43","modified_gmt":"2025-02-20T08:34:43","slug":"fioriere-rettangolari-in-acciaio-corten","status":"publish","type":"product","link":"https:\/\/jblcorten.com\/it\/rectangular-corten-steel-planters\/","title":{"rendered":"Fioriere rettangolari in acciaio corten"},"content":{"rendered":"<p><strong>Fioriere rettangolari in acciaio corten<\/strong><\/p>\n<p>Le fioriere rettangolari in acciaio corten sono un prodotto di giardinaggio moderno che unisce praticit\u00e0 e bellezza. Sono realizzate in acciaio corten di alta qualit\u00e0. Questo acciaio speciale forma un esclusivo strato di protezione dalla ruggine dopo il contatto con l'aria e l'umidit\u00e0, che non solo conferisce alla fioriera un aspetto industriale unico, ma previene efficacemente l'ulteriore corrosione, rendendola durevole in ambienti esterni.<\/p>\n<p>Rispetto ai tradizionali vasi da fiori in metallo, le prestazioni superiori dell'acciaio corten lo rendono pi\u00f9 resistente agli agenti atmosferici e duraturo. Anche in condizioni climatiche difficili come pioggia, neve, gelo o forte luce solare, pu\u00f2 mantenere una struttura stabile e non \u00e8 facile che si crepi, si deformi o si danneggi. Inoltre, il vaso da fiori in acciaio resistente agli agenti atmosferici non richiede ulteriori irrorazioni o manutenzioni, e il suo colore naturale di ruggine diventer\u00e0 pi\u00f9 profondo nel tempo, mostrando un senso unico di stratificazione e consistenza.<\/p>\n<p><strong>Specifiche del prodotto:<\/strong><\/p>\n<table>\n<tbody>\n<tr>\n<td><strong><b>Nome del prodotto<\/b><\/strong><\/td>\n<td>Fioriere rettangolari in acciaio corten<\/td>\n<\/tr>\n<tr>\n<td><strong><b>Tipo<\/b><\/strong><\/td>\n<td>Vasi e fioriere da giardino<\/td>\n<\/tr>\n<tr>\n<td><strong><b>Materiale<\/b><\/strong><\/td>\n<td>Acciaio corten \/ Acciaio resistente agli agenti atmosferici<\/td>\n<\/tr>\n<tr>\n<td><strong><b>Dimensione<\/b><\/strong><\/td>\n<td>Personalizzato<\/td>\n<\/tr>\n<tr>\n<td><strong><b>Tecnologia<\/b><\/strong><\/td>\n<td>Prova, taglio laser, piegatura, punzonatura, saldatura, arrugginimento<\/td>\n<\/tr>\n<tr>\n<td><strong><b>Trattamento della superficie<\/b><\/strong><\/td>\n<td>Pre-arrugginito, verniciato nero, pu\u00f2 essere personalizzato<\/td>\n<\/tr>\n<tr>\n<td><strong><b>OEM E ODM<\/b><\/strong><\/td>\n<td>\u00c8 disponibile un servizio personalizzato.<\/td>\n<\/tr>\n<\/tbody>\n<\/table>\n<p><strong>Che cos'\u00e8 l'acciaio corten?<\/strong><\/p>\n<p>L'acciaio corten, noto anche come acciaio resistente alla corrosione atmosferica, \u00e8 un acciaio legato speciale. Pu\u00f2 formare uno strato di ruggine denso e stabile nell'ambiente naturale. Questo strato di ruggine non solo non corrode ulteriormente l'acciaio interno, ma svolge anche un ruolo protettivo, prolungando notevolmente la durata del vaso da fiori. Rispetto all'acciaio comune, l'acciaio corten non necessita di ulteriori rivestimenti anticorrosione o di manutenzione e pu\u00f2 adattarsi naturalmente a diverse condizioni climatiche, sia che si tratti di una stagione piovosa e umida o di un'estate secca, pu\u00f2 mantenere la sua struttura e le sue prestazioni uniche.<\/p>\n<p><img fetchpriority=\"high\" decoding=\"async\" class=\"alignnone wp-image-2271\" src=\"https:\/\/jblcorten.com\/wp-content\/uploads\/2025\/02\/corten-steel-material.jpg\" alt=\"materiale dell&#039;acciaio corten\" width=\"700\" height=\"280\" title=\"\" srcset=\"https:\/\/jblcorten.com\/wp-content\/uploads\/2025\/02\/corten-steel-material.jpg 750w, https:\/\/jblcorten.com\/wp-content\/uploads\/2025\/02\/corten-steel-material-600x240.jpg 600w, https:\/\/jblcorten.com\/wp-content\/uploads\/2025\/02\/corten-steel-material-300x120.jpg 300w, https:\/\/jblcorten.com\/wp-content\/uploads\/2025\/02\/corten-steel-material-18x7.jpg 18w\" sizes=\"(max-width: 700px) 100vw, 700px\" \/><\/p>\n<p style=\"text-align: left;\">\u00a0 \u00a0 \u00a0 \u00a0 \u00a0 \u00a0 \u00a0 \u00a0 \u00a0 \u00a0 \u00a0 \u00a0 <span style=\"color: #ff0000;\">Acciaio dolce Vs. Acciaio corten Vs. Acciaio verniciato<\/span><\/p>\n<p><span style=\"color: #000000;\"><strong>Perch\u00e9 scegliere le fioriere rettangolari in acciaio corten?<\/strong><\/span><\/p>\n<p>Il design a strisce lunghe delle fioriere rettangolari in acciaio corten non \u00e8 solo bello e generoso, ma anche pratico e in grado di soddisfare diverse esigenze di coltivazione. La lunghezza della fioriera pu\u00f2 essere personalizzata in base all'effettivo scenario di utilizzo, adatta a piantare varie combinazioni di piante come fiori erbacei, piante grasse, piccoli arbusti, ecc. Posto da solo o utilizzato in combinazione, pu\u00f2 aggiungere un senso di gerarchia e arte al vostro spazio di giardinaggio.<\/p>\n<p>I bordi dei vasi sono stati finemente lucidati, lisci e arrotondati, il che non solo garantisce la sicurezza d'uso, ma migliora anche la consistenza complessiva. Il fondo \u00e8 stato progettato con fori di drenaggio, in grado di prevenire efficacemente l'accumulo di acqua e di garantire una crescita sana delle radici delle piante.<\/p>\n<p><img decoding=\"async\" class=\"alignnone wp-image-2272\" src=\"https:\/\/jblcorten.com\/wp-content\/uploads\/2025\/02\/large-corten-steel-planters-1.jpg\" alt=\"\" width=\"700\" height=\"464\" title=\"\" srcset=\"https:\/\/jblcorten.com\/wp-content\/uploads\/2025\/02\/large-corten-steel-planters-1.jpg 750w, https:\/\/jblcorten.com\/wp-content\/uploads\/2025\/02\/large-corten-steel-planters-1-600x398.jpg 600w, https:\/\/jblcorten.com\/wp-content\/uploads\/2025\/02\/large-corten-steel-planters-1-300x199.jpg 300w, https:\/\/jblcorten.com\/wp-content\/uploads\/2025\/02\/large-corten-steel-planters-1-18x12.jpg 18w\" sizes=\"(max-width: 700px) 100vw, 700px\" \/><\/p>\n<p><img decoding=\"async\" class=\"alignnone wp-image-2273\" style=\"font-style: inherit; font-weight: inherit;\" src=\"https:\/\/jblcorten.com\/wp-content\/uploads\/2025\/02\/planter-pot.jpg\" alt=\"\" width=\"700\" height=\"420\" title=\"\" srcset=\"https:\/\/jblcorten.com\/wp-content\/uploads\/2025\/02\/planter-pot.jpg 500w, https:\/\/jblcorten.com\/wp-content\/uploads\/2025\/02\/planter-pot-300x180.jpg 300w, https:\/\/jblcorten.com\/wp-content\/uploads\/2025\/02\/planter-pot-18x12.jpg 18w\" sizes=\"(max-width: 700px) 100vw, 700px\" \/><\/p>\n<p><img loading=\"lazy\" decoding=\"async\" class=\"alignnone wp-image-2274\" style=\"font-style: inherit; font-weight: inherit;\" src=\"https:\/\/jblcorten.com\/wp-content\/uploads\/2025\/02\/rusted-steel-planters.jpg\" alt=\"\" width=\"700\" height=\"525\" title=\"\" srcset=\"https:\/\/jblcorten.com\/wp-content\/uploads\/2025\/02\/rusted-steel-planters.jpg 1706w, https:\/\/jblcorten.com\/wp-content\/uploads\/2025\/02\/rusted-steel-planters-600x450.jpg 600w, https:\/\/jblcorten.com\/wp-content\/uploads\/2025\/02\/rusted-steel-planters-300x225.jpg 300w, https:\/\/jblcorten.com\/wp-content\/uploads\/2025\/02\/rusted-steel-planters-1024x768.jpg 1024w, https:\/\/jblcorten.com\/wp-content\/uploads\/2025\/02\/rusted-steel-planters-768x576.jpg 768w, https:\/\/jblcorten.com\/wp-content\/uploads\/2025\/02\/rusted-steel-planters-1536x1152.jpg 1536w, https:\/\/jblcorten.com\/wp-content\/uploads\/2025\/02\/rusted-steel-planters-16x12.jpg 16w\" sizes=\"(max-width: 700px) 100vw, 700px\" \/><\/p>\n<p><strong>FAQ:<\/strong><\/p>\n<p><em><strong><span style=\"color: #ff6600;\">1.Le mie fioriere arriveranno arrugginite?<\/span><\/strong><\/em><\/p>\n<p><span style=\"color: #000000;\">Dipende dal cliente. Possiamo arrugginire o verniciare secondo le esigenze del cliente.<\/span><\/p>\n<p><em><strong><span style=\"color: #ff6600;\">2. Quanto tempo impiega la fioriera ad arrugginire?<\/span><\/strong><\/em><\/p>\n<p><span style=\"color: #000000;\">Questo dipende dal clima, ma il processo naturale pu\u00f2 durare da 3 a 12 mesi.<\/span><\/p>\n<p><em><strong><span style=\"color: #ff6600;\">3.Le fioriere sono dotate di fori di drenaggio?<\/span><\/strong><\/em><\/p>\n<p><span style=\"color: #000000;\">S\u00ec, tutte le fioriere hanno una quantit\u00e0 minima di fori di drenaggio, che consente ai nostri clienti di praticarne altri se necessario.<\/span><\/p>\n<p><em><strong><span style=\"color: #ff6600;\">4.Realizzate fioriere di dimensioni personalizzate?<\/span><\/strong><\/em><\/p>\n<p><span style=\"color: #000000;\">Naturalmente! Comunicateci le dimensioni desiderate e vi invieremo un preventivo.<\/span><\/p>","protected":false},"excerpt":{"rendered":"<p>Le fioriere rettangolari in acciaio corten sono un prodotto di giardinaggio moderno che unisce praticit\u00e0 e bellezza. Sono realizzate in acciaio corten di alta qualit\u00e0. Questo acciaio speciale forma un esclusivo strato di protezione dalla ruggine dopo il contatto con l'aria e l'umidit\u00e0, che non solo conferisce alla fioriera un aspetto industriale unico, ma previene efficacemente l'ulteriore corrosione, rendendola durevole in ambienti esterni.<\/p>","protected":false},"featured_media":2268,"template":"","meta":{"site-sidebar-layout":"default","site-content-layout":"","ast-site-content-layout":"default","site-content-style":"default","site-sidebar-style":"default","ast-global-header-display":"","ast-banner-title-visibility":"","ast-main-header-display":"","ast-hfb-above-header-display":"","ast-hfb-below-header-display":"","ast-hfb-mobile-header-display":"","site-post-title":"","ast-breadcrumbs-content":"","ast-featured-img":"","footer-sml-layout":"","ast-disable-related-posts":"","theme-transparent-header-meta":"default","adv-header-id-meta":"","stick-header-meta":"","header-above-stick-meta":"","header-main-stick-meta":"","header-below-stick-meta":"","astra-migrate-meta-layouts":"set","ast-page-background-enabled":"default","ast-page-background-meta":{"desktop":{"background-color":"var(--ast-global-color-4)","background-image":"","background-repeat":"repeat","background-position":"center center","background-size":"auto","background-attachment":"scroll","background-type":"","background-media":"","overlay-type":"","overlay-color":"","overlay-opacity":"","overlay-gradient":""},"tablet":{"background-color":"","background-image":"","background-repeat":"repeat","background-position":"center center","background-size":"auto","background-attachment":"scroll","background-type":"","background-media":"","overlay-type":"","overlay-color":"","overlay-opacity":"","overlay-gradient":""},"mobile":{"background-color":"","background-image":"","background-repeat":"repeat","background-position":"center center","background-size":"auto","background-attachment":"scroll","background-type":"","background-media":"","overlay-type":"","overlay-color":"","overlay-opacity":"","overlay-gradient":""}},"ast-content-background-meta":{"desktop":{"background-color":"var(--ast-global-color-5)","background-image":"","background-repeat":"repeat","background-position":"center center","background-size":"auto","background-attachment":"scroll","background-type":"","background-media":"","overlay-type":"","overlay-color":"","overlay-opacity":"","overlay-gradient":""},"tablet":{"background-color":"var(--ast-global-color-5)","background-image":"","background-repeat":"repeat","background-position":"center center","background-size":"auto","background-attachment":"scroll","background-type":"","background-media":"","overlay-type":"","overlay-color":"","overlay-opacity":"","overlay-gradient":""},"mobile":{"background-color":"var(--ast-global-color-5)","background-image":"","background-repeat":"repeat","background-position":"center center","background-size":"auto","background-attachment":"scroll","background-type":"","background-media":"","overlay-type":"","overlay-color":"","overlay-opacity":"","overlay-gradient":""}}},"product_brand":[],"product_cat":[34],"product_tag":[],"class_list":{"0":"post-2277","1":"product","2":"type-product","3":"status-publish","4":"has-post-thumbnail","6":"product_cat-planter-pots","7":"desktop-align-center","8":"tablet-align-left","9":"mobile-align-left","11":"first","12":"instock","13":"shipping-taxable","14":"product-type-simple"},"_links":{"self":[{"href":"https:\/\/jblcorten.com\/it\/wp-json\/wp\/v2\/product\/2277","targetHints":{"allow":["GET"]}}],"collection":[{"href":"https:\/\/jblcorten.com\/it\/wp-json\/wp\/v2\/product"}],"about":[{"href":"https:\/\/jblcorten.com\/it\/wp-json\/wp\/v2\/types\/product"}],"wp:featuredmedia":[{"embeddable":true,"href":"https:\/\/jblcorten.com\/it\/wp-json\/wp\/v2\/media\/2268"}],"wp:attachment":[{"href":"https:\/\/jblcorten.com\/it\/wp-json\/wp\/v2\/media?parent=2277"}],"wp:term":[{"taxonomy":"product_brand","embeddable":true,"href":"https:\/\/jblcorten.com\/it\/wp-json\/wp\/v2\/product_brand?post=2277"},{"taxonomy":"product_cat","embeddable":true,"href":"https:\/\/jblcorten.com\/it\/wp-json\/wp\/v2\/product_cat?post=2277"},{"taxonomy":"product_tag","embeddable":true,"href":"https:\/\/jblcorten.com\/it\/wp-json\/wp\/v2\/product_tag?post=2277"}],"curies":[{"name":"wp","href":"https:\/\/api.w.org\/{rel}","templated":true}]}}