{"id":2266,"date":"2025-02-20T08:06:43","date_gmt":"2025-02-20T08:06:43","guid":{"rendered":"https:\/\/jblcorten.com\/?post_type=product&#038;p=2266"},"modified":"2025-04-01T02:08:30","modified_gmt":"2025-04-01T02:08:30","slug":"fioriera-a-cassone-lungo-in-acciaio-corten","status":"publish","type":"product","link":"https:\/\/jblcorten.com\/it\/corten-steel-series-long-box-planter\/","title":{"rendered":"Fioriera lunga in acciaio corten"},"content":{"rendered":"<p><strong>Fioriera lunga in acciaio corten<\/strong><\/p>\n<p>La fioriera lunga in acciaio corten \u00e8 un prodotto pratico e artistico progettato per il giardinaggio moderno e il design del paesaggio. \u00c8 realizzata in acciaio corten, che ha un'eccellente resistenza alla corrosione e pu\u00f2 formare naturalmente uno strato di ruggine stabile, che non solo prolunga la vita utile, ma conferisce al vaso da fiori uno stile industriale retr\u00f2 unico.<\/p>\n<p>Con il passare del tempo, la superficie del vaso da fiori mostrer\u00e0 un colore arancione ruggine, che si fonde perfettamente con l'ambiente naturale e diventa un punto di forza del cortile, del balcone o dello spazio pubblico. Il design a strisce lunghe \u00e8 adatto a piantare una variet\u00e0 di combinazioni di piante, sia che si tratti di fiori erbacei, piante grasse o piccoli arbusti, possono prosperare in essa. La fioriera lunga in acciaio corten non \u00e8 solo un contenitore per piante, ma anche un'opera d'arte che aggiunge una bellezza naturale e industriale al vostro spazio verde.<\/p>\n<p><strong>Specifiche del prodotto:<\/strong><\/p>\n<table>\n<tbody>\n<tr>\n<td><strong><b>Nome del prodotto<\/b><\/strong><\/td>\n<td>Fioriera lunga in acciaio corten<\/td>\n<\/tr>\n<tr>\n<td><strong><b>Tipo<\/b><\/strong><\/td>\n<td>Vasi e fioriere da giardino<\/td>\n<\/tr>\n<tr>\n<td><strong><b>Materiale<\/b><\/strong><\/td>\n<td>Acciaio corten \/ Acciaio resistente agli agenti atmosferici<\/td>\n<\/tr>\n<tr>\n<td><strong><b>Dimensione<\/b><\/strong><\/td>\n<td>Personalizzato<\/td>\n<\/tr>\n<tr>\n<td><strong><b>Tecnologia<\/b><\/strong><\/td>\n<td>Prova, taglio laser, piegatura, punzonatura, saldatura, arrugginimento<\/td>\n<\/tr>\n<tr>\n<td><strong><b>Trattamento della superficie<\/b><\/strong><\/td>\n<td>Pre-arrugginito, verniciato nero, pu\u00f2 essere personalizzato<\/td>\n<\/tr>\n<tr>\n<td><strong><b>OEM E ODM<\/b><\/strong><\/td>\n<td>\u00c8 disponibile un servizio personalizzato.<\/td>\n<\/tr>\n<\/tbody>\n<\/table>\n<p><strong>Che cos'\u00e8 l'acciaio corten?<\/strong><\/p>\n<p>L'acciaio corten, noto anche come acciaio resistente alla corrosione atmosferica, \u00e8 un acciaio legato speciale. Pu\u00f2 formare uno strato di ruggine denso e stabile nell'ambiente naturale. Questo strato di ruggine non solo non corrode ulteriormente l'acciaio interno, ma svolge anche un ruolo protettivo, prolungando notevolmente la durata del vaso da fiori. Rispetto all'acciaio ordinario, l'acciaio resistente agli agenti atmosferici non necessita di ulteriori rivestimenti anticorrosione o di manutenzione e pu\u00f2 adattarsi naturalmente a diverse condizioni climatiche, sia che si tratti di una stagione piovosa e umida o di un'estate secca, pu\u00f2 mantenere la sua struttura e le sue prestazioni uniche.<\/p>\n<p><img fetchpriority=\"high\" decoding=\"async\" class=\"alignnone wp-image-2271\" src=\"https:\/\/jblcorten.com\/wp-content\/uploads\/2025\/02\/corten-steel-material.jpg\" alt=\"materiale dell&#039;acciaio corten\" width=\"700\" height=\"280\" title=\"\" srcset=\"https:\/\/jblcorten.com\/wp-content\/uploads\/2025\/02\/corten-steel-material.jpg 750w, https:\/\/jblcorten.com\/wp-content\/uploads\/2025\/02\/corten-steel-material-600x240.jpg 600w, https:\/\/jblcorten.com\/wp-content\/uploads\/2025\/02\/corten-steel-material-300x120.jpg 300w, https:\/\/jblcorten.com\/wp-content\/uploads\/2025\/02\/corten-steel-material-18x7.jpg 18w\" sizes=\"(max-width: 700px) 100vw, 700px\" \/><\/p>\n<p style=\"text-align: left;\">\u00a0 \u00a0 \u00a0 \u00a0 \u00a0 \u00a0 \u00a0 \u00a0 \u00a0 \u00a0 \u00a0 \u00a0 <span style=\"color: #ff0000;\">Acciaio dolce Vs. Acciaio corten Vs. Acciaio verniciato<\/span><\/p>\n<p><span style=\"color: #000000;\"><strong>Perch\u00e9 scegliere la serie di fioriere lunghe in acciaio corten?<\/strong><\/span><\/p>\n<p>Il design a strisce lunghe della fioriera a cassetta in acciaio corten non \u00e8 solo bello e generoso, ma anche pratico e in grado di soddisfare diverse esigenze di coltivazione. La lunghezza della fioriera pu\u00f2 essere personalizzata in base all'effettivo scenario di utilizzo, adatta a piantare varie combinazioni di piante come fiori erbacei, piante grasse, piccoli arbusti, ecc. Posto da solo o utilizzato in combinazione, pu\u00f2 aggiungere un senso di gerarchia e arte al vostro spazio di giardinaggio.<\/p>\n<p>I bordi dei vasi sono stati finemente lucidati, lisci e arrotondati, il che non solo garantisce la sicurezza d'uso, ma migliora anche la consistenza complessiva. Il fondo \u00e8 stato progettato con fori di drenaggio, in grado di prevenire efficacemente l'accumulo di acqua e di garantire una crescita sana delle radici delle piante.<\/p>\n<p><img decoding=\"async\" class=\"alignnone wp-image-2272\" src=\"https:\/\/jblcorten.com\/wp-content\/uploads\/2025\/02\/large-corten-steel-planters-1.jpg\" alt=\"\" width=\"700\" height=\"464\" title=\"\" srcset=\"https:\/\/jblcorten.com\/wp-content\/uploads\/2025\/02\/large-corten-steel-planters-1.jpg 750w, https:\/\/jblcorten.com\/wp-content\/uploads\/2025\/02\/large-corten-steel-planters-1-600x398.jpg 600w, https:\/\/jblcorten.com\/wp-content\/uploads\/2025\/02\/large-corten-steel-planters-1-300x199.jpg 300w, https:\/\/jblcorten.com\/wp-content\/uploads\/2025\/02\/large-corten-steel-planters-1-18x12.jpg 18w\" sizes=\"(max-width: 700px) 100vw, 700px\" \/><\/p>\n<p><img decoding=\"async\" class=\"alignnone wp-image-2273\" style=\"font-style: inherit; font-weight: inherit;\" src=\"https:\/\/jblcorten.com\/wp-content\/uploads\/2025\/02\/planter-pot.jpg\" alt=\"\" width=\"700\" height=\"420\" title=\"\" srcset=\"https:\/\/jblcorten.com\/wp-content\/uploads\/2025\/02\/planter-pot.jpg 500w, https:\/\/jblcorten.com\/wp-content\/uploads\/2025\/02\/planter-pot-300x180.jpg 300w, https:\/\/jblcorten.com\/wp-content\/uploads\/2025\/02\/planter-pot-18x12.jpg 18w\" sizes=\"(max-width: 700px) 100vw, 700px\" \/><\/p>\n<p><img loading=\"lazy\" decoding=\"async\" class=\"alignnone wp-image-2274\" style=\"font-style: inherit; font-weight: inherit;\" src=\"https:\/\/jblcorten.com\/wp-content\/uploads\/2025\/02\/rusted-steel-planters.jpg\" alt=\"\" width=\"700\" height=\"525\" title=\"\" srcset=\"https:\/\/jblcorten.com\/wp-content\/uploads\/2025\/02\/rusted-steel-planters.jpg 1706w, https:\/\/jblcorten.com\/wp-content\/uploads\/2025\/02\/rusted-steel-planters-600x450.jpg 600w, https:\/\/jblcorten.com\/wp-content\/uploads\/2025\/02\/rusted-steel-planters-300x225.jpg 300w, https:\/\/jblcorten.com\/wp-content\/uploads\/2025\/02\/rusted-steel-planters-1024x768.jpg 1024w, https:\/\/jblcorten.com\/wp-content\/uploads\/2025\/02\/rusted-steel-planters-768x576.jpg 768w, https:\/\/jblcorten.com\/wp-content\/uploads\/2025\/02\/rusted-steel-planters-1536x1152.jpg 1536w, https:\/\/jblcorten.com\/wp-content\/uploads\/2025\/02\/rusted-steel-planters-16x12.jpg 16w\" sizes=\"(max-width: 700px) 100vw, 700px\" \/><\/p>\n<p><strong>FAQ:<\/strong><\/p>\n<p><em><strong><span style=\"color: #ff6600;\">1.Le mie fioriere arriveranno arrugginite?<\/span><\/strong><\/em><\/p>\n<p><span style=\"color: #000000;\">Dipende dal cliente. Possiamo arrugginire o verniciare secondo le esigenze del cliente.<\/span><\/p>\n<p><em><strong><span style=\"color: #ff6600;\">2. Quanto tempo impiega la fioriera ad arrugginire?<\/span><\/strong><\/em><\/p>\n<p><span style=\"color: #000000;\">Questo dipende dal clima, ma il processo naturale pu\u00f2 durare da 3 a 12 mesi.<\/span><\/p>\n<p><em><strong><span style=\"color: #ff6600;\">3.Le fioriere sono dotate di fori di drenaggio?<\/span><\/strong><\/em><\/p>\n<p><span style=\"color: #000000;\">S\u00ec, tutte le fioriere hanno una quantit\u00e0 minima di fori di drenaggio, che consente ai nostri clienti di praticarne altri se necessario.<\/span><\/p>\n<p><em><strong><span style=\"color: #ff6600;\">4.Realizzate fioriere di dimensioni personalizzate?<\/span><\/strong><\/em><\/p>\n<p><span style=\"color: #000000;\">Naturalmente! Comunicateci le dimensioni desiderate e vi invieremo un preventivo.<\/span><\/p>","protected":false},"excerpt":{"rendered":"<p>La fioriera lunga in acciaio corten \u00e8 un prodotto pratico e artistico progettato per il giardinaggio moderno e il design del paesaggio. \u00c8 realizzata in acciaio corten, che ha un'eccellente resistenza alla corrosione e pu\u00f2 formare naturalmente uno strato di ruggine stabile, che non solo prolunga la vita utile, ma conferisce al vaso da fiori uno stile industriale retr\u00f2 unico.<\/p>","protected":false},"featured_media":2267,"template":"","meta":{"site-sidebar-layout":"default","site-content-layout":"","ast-site-content-layout":"default","site-content-style":"default","site-sidebar-style":"default","ast-global-header-display":"","ast-banner-title-visibility":"","ast-main-header-display":"","ast-hfb-above-header-display":"","ast-hfb-below-header-display":"","ast-hfb-mobile-header-display":"","site-post-title":"","ast-breadcrumbs-content":"","ast-featured-img":"","footer-sml-layout":"","ast-disable-related-posts":"","theme-transparent-header-meta":"default","adv-header-id-meta":"","stick-header-meta":"","header-above-stick-meta":"","header-main-stick-meta":"","header-below-stick-meta":"","astra-migrate-meta-layouts":"set","ast-page-background-enabled":"default","ast-page-background-meta":{"desktop":{"background-color":"var(--ast-global-color-4)","background-image":"","background-repeat":"repeat","background-position":"center center","background-size":"auto","background-attachment":"scroll","background-type":"","background-media":"","overlay-type":"","overlay-color":"","overlay-opacity":"","overlay-gradient":""},"tablet":{"background-color":"","background-image":"","background-repeat":"repeat","background-position":"center center","background-size":"auto","background-attachment":"scroll","background-type":"","background-media":"","overlay-type":"","overlay-color":"","overlay-opacity":"","overlay-gradient":""},"mobile":{"background-color":"","background-image":"","background-repeat":"repeat","background-position":"center center","background-size":"auto","background-attachment":"scroll","background-type":"","background-media":"","overlay-type":"","overlay-color":"","overlay-opacity":"","overlay-gradient":""}},"ast-content-background-meta":{"desktop":{"background-color":"var(--ast-global-color-5)","background-image":"","background-repeat":"repeat","background-position":"center center","background-size":"auto","background-attachment":"scroll","background-type":"","background-media":"","overlay-type":"","overlay-color":"","overlay-opacity":"","overlay-gradient":""},"tablet":{"background-color":"var(--ast-global-color-5)","background-image":"","background-repeat":"repeat","background-position":"center center","background-size":"auto","background-attachment":"scroll","background-type":"","background-media":"","overlay-type":"","overlay-color":"","overlay-opacity":"","overlay-gradient":""},"mobile":{"background-color":"var(--ast-global-color-5)","background-image":"","background-repeat":"repeat","background-position":"center center","background-size":"auto","background-attachment":"scroll","background-type":"","background-media":"","overlay-type":"","overlay-color":"","overlay-opacity":"","overlay-gradient":""}}},"product_brand":[],"product_cat":[34],"product_tag":[],"class_list":{"0":"post-2266","1":"product","2":"type-product","3":"status-publish","4":"has-post-thumbnail","6":"product_cat-planter-pots","7":"desktop-align-center","8":"tablet-align-left","9":"mobile-align-left","11":"first","12":"instock","13":"featured","14":"shipping-taxable","15":"product-type-simple"},"_links":{"self":[{"href":"https:\/\/jblcorten.com\/it\/wp-json\/wp\/v2\/product\/2266","targetHints":{"allow":["GET"]}}],"collection":[{"href":"https:\/\/jblcorten.com\/it\/wp-json\/wp\/v2\/product"}],"about":[{"href":"https:\/\/jblcorten.com\/it\/wp-json\/wp\/v2\/types\/product"}],"wp:featuredmedia":[{"embeddable":true,"href":"https:\/\/jblcorten.com\/it\/wp-json\/wp\/v2\/media\/2267"}],"wp:attachment":[{"href":"https:\/\/jblcorten.com\/it\/wp-json\/wp\/v2\/media?parent=2266"}],"wp:term":[{"taxonomy":"product_brand","embeddable":true,"href":"https:\/\/jblcorten.com\/it\/wp-json\/wp\/v2\/product_brand?post=2266"},{"taxonomy":"product_cat","embeddable":true,"href":"https:\/\/jblcorten.com\/it\/wp-json\/wp\/v2\/product_cat?post=2266"},{"taxonomy":"product_tag","embeddable":true,"href":"https:\/\/jblcorten.com\/it\/wp-json\/wp\/v2\/product_tag?post=2266"}],"curies":[{"name":"wp","href":"https:\/\/api.w.org\/{rel}","templated":true}]}}