{"id":2242,"date":"2025-01-21T08:48:31","date_gmt":"2025-01-21T08:48:31","guid":{"rendered":"https:\/\/jblcorten.com\/?post_type=product&#038;p=2242"},"modified":"2025-03-27T08:47:27","modified_gmt":"2025-03-27T08:47:27","slug":"camino-a-legna-da-parete","status":"publish","type":"product","link":"https:\/\/jblcorten.com\/it\/wall-mounted-wood-fireplace\/","title":{"rendered":"Camino a legna a parete"},"content":{"rendered":"<h2 style=\"text-align: center;\"><span style=\"font-size: 14pt;\"><strong>Camino a legna a parete<\/strong><\/span><\/h2>\n<p>Il caminetto a legna da parete \u00e8 un moderno dispositivo di riscaldamento che unisce bellezza e praticit\u00e0. Questo caminetto unico nel suo genere si distingue per l'aspetto rotondo e la forma simile a quella di un pneumatico, tanto da essere chiamato anche \"stufa di pneumatici\". Questa stufa non solo ha eccellenti funzioni di riscaldamento, ma soddisfa anche le esigenze quotidiane di bollire l'acqua e cuocere le patate dolci. \u00c8 la scelta ideale per il riscaldamento domestico e l'uso multifunzionale.<\/p>\n<p><strong>Design dell'aspetto: il design dell'aspetto<\/strong><\/p>\n<p>La stufa per pneumatici adotta un design rotondo e assomiglia a un pneumatico appeso alla parete. Il metodo di installazione a parete la tiene lontana da terra, il che non solo fa risparmiare spazio, ma aggiunge anche un tocco di modernit\u00e0 ed eleganza alla casa. La parte anteriore della stufa \u00e8 dotata di una porta in vetro di alta qualit\u00e0 resistente alle alte temperature, attraverso la quale \u00e8 possibile vedere chiaramente le fiamme ardenti del forno, creando una calda atmosfera domestica.<\/p>\n<p><span style=\"font-size: 14pt;\"><strong>Specifiche del prodotto:<\/strong><\/span><\/p>\n<table style=\"height: 409px; width: 100%;\" width=\"1309\">\n<tbody>\n<tr>\n<td style=\"width: 21.4659%;\"><strong><b>Nome del prodotto<\/b><\/strong><\/td>\n<td style=\"width: 78.3845%;\" colspan=\"3\">Camino a legna a parete<\/td>\n<\/tr>\n<tr>\n<td style=\"width: 21.4659%;\"><strong><b>Spessore dell'acciaio<\/b><\/strong><\/td>\n<td style=\"width: 28.5715%;\">6 mm, come richiesto<\/td>\n<td style=\"width: 24.8317%;\" width=\"126\"><strong><b>Colore<\/b><\/strong><\/td>\n<td style=\"width: 24.9813%;\" width=\"155\">Nero o personalizzato<\/td>\n<\/tr>\n<tr>\n<td style=\"width: 21.4659%;\"><strong><b>Carburante<\/b><\/strong><\/td>\n<td style=\"width: 28.5715%;\">Legno o alcool etilico<\/td>\n<td style=\"width: 24.8317%;\" width=\"126\"><strong><b>Materiale<\/b><\/strong><\/td>\n<td style=\"width: 24.9813%;\" width=\"155\">Acciaio al carbonio\/inossidabile, ecc.<\/td>\n<\/tr>\n<tr>\n<td style=\"width: 21.4659%;\"><strong><b>Vantaggio<\/b><\/strong><\/td>\n<td style=\"width: 28.5715%;\">Eco-friendly, facile installazione<\/td>\n<td style=\"width: 24.8317%;\" width=\"126\"><strong><b>Modalit\u00e0 di imballaggio<\/b><\/strong><\/td>\n<td style=\"width: 24.9813%;\" width=\"155\">Pallet\/scatola di legno, ecc.<\/td>\n<\/tr>\n<tr>\n<td style=\"width: 21.4659%;\"><strong><b>Dimensione<\/b><\/strong><\/td>\n<td style=\"width: 28.5715%;\">Rotondo 80cm\/ 100cm\/ ecc.<\/td>\n<td style=\"width: 24.8317%;\" width=\"126\"><strong><b>Stile<\/b><\/strong><\/td>\n<td style=\"width: 24.9813%;\" width=\"155\">Caminetto moderno<\/td>\n<\/tr>\n<\/tbody>\n<\/table>\n<p><span style=\"font-size: 14pt;\"><strong>Dettagli del prodotto:<\/strong><\/span><\/p>\n<p><img fetchpriority=\"high\" decoding=\"async\" class=\"alignnone wp-image-1634\" src=\"https:\/\/jblcorten.com\/wp-content\/uploads\/2024\/11\/wall-mounted-wood-burning-stove-1-300x205.jpg\" alt=\"\" width=\"700\" height=\"479\" title=\"\" srcset=\"https:\/\/jblcorten.com\/wp-content\/uploads\/2024\/11\/wall-mounted-wood-burning-stove-1-300x205.jpg 300w, https:\/\/jblcorten.com\/wp-content\/uploads\/2024\/11\/wall-mounted-wood-burning-stove-1-600x410.jpg 600w, https:\/\/jblcorten.com\/wp-content\/uploads\/2024\/11\/wall-mounted-wood-burning-stove-1-1024x701.jpg 1024w, https:\/\/jblcorten.com\/wp-content\/uploads\/2024\/11\/wall-mounted-wood-burning-stove-1-768x525.jpg 768w, https:\/\/jblcorten.com\/wp-content\/uploads\/2024\/11\/wall-mounted-wood-burning-stove-1.jpg 1124w\" sizes=\"(max-width: 700px) 100vw, 700px\" \/><\/p>\n<p><img decoding=\"async\" class=\"alignleft wp-image-2244\" src=\"https:\/\/jblcorten.com\/wp-content\/uploads\/2025\/01\/wall-hung-log-burner-225x300.jpg\" alt=\"\" width=\"340\" height=\"453\" title=\"\" srcset=\"https:\/\/jblcorten.com\/wp-content\/uploads\/2025\/01\/wall-hung-log-burner-225x300.jpg 225w, https:\/\/jblcorten.com\/wp-content\/uploads\/2025\/01\/wall-hung-log-burner-600x800.jpg 600w, https:\/\/jblcorten.com\/wp-content\/uploads\/2025\/01\/wall-hung-log-burner-768x1024.jpg 768w, https:\/\/jblcorten.com\/wp-content\/uploads\/2025\/01\/wall-hung-log-burner-9x12.jpg 9w, https:\/\/jblcorten.com\/wp-content\/uploads\/2025\/01\/wall-hung-log-burner.jpg 900w\" sizes=\"(max-width: 340px) 100vw, 340px\" \/><img decoding=\"async\" class=\"alignleft wp-image-2245\" src=\"https:\/\/jblcorten.com\/wp-content\/uploads\/2025\/01\/wall-mounted-wood-fireplace-225x300.png\" alt=\"\" width=\"340\" height=\"453\" title=\"\" srcset=\"https:\/\/jblcorten.com\/wp-content\/uploads\/2025\/01\/wall-mounted-wood-fireplace-225x300.png 225w, https:\/\/jblcorten.com\/wp-content\/uploads\/2025\/01\/wall-mounted-wood-fireplace-600x800.png 600w, https:\/\/jblcorten.com\/wp-content\/uploads\/2025\/01\/wall-mounted-wood-fireplace-9x12.png 9w, https:\/\/jblcorten.com\/wp-content\/uploads\/2025\/01\/wall-mounted-wood-fireplace.png 750w\" sizes=\"(max-width: 340px) 100vw, 340px\" \/><\/p>","protected":false},"excerpt":{"rendered":"<p>La stufa per pneumatici adotta un design rotondo e assomiglia a un pneumatico appeso alla parete. Il metodo di installazione a parete la tiene lontana dal suolo, il che non solo consente di risparmiare spazio, ma aggiunge anche un tocco moderno ed elegante alla casa. La parte anteriore del caminetto a legna da parete \u00e8 dotata di una porta in vetro di alta qualit\u00e0 resistente alle alte temperature, attraverso la quale \u00e8 possibile vedere chiaramente le fiamme ardenti del forno, creando una calda atmosfera domestica.<\/p>","protected":false},"featured_media":1457,"template":"","meta":{"site-sidebar-layout":"default","site-content-layout":"","ast-site-content-layout":"default","site-content-style":"default","site-sidebar-style":"default","ast-global-header-display":"","ast-banner-title-visibility":"","ast-main-header-display":"","ast-hfb-above-header-display":"","ast-hfb-below-header-display":"","ast-hfb-mobile-header-display":"","site-post-title":"","ast-breadcrumbs-content":"","ast-featured-img":"","footer-sml-layout":"","ast-disable-related-posts":"","theme-transparent-header-meta":"default","adv-header-id-meta":"","stick-header-meta":"","header-above-stick-meta":"","header-main-stick-meta":"","header-below-stick-meta":"","astra-migrate-meta-layouts":"set","ast-page-background-enabled":"default","ast-page-background-meta":{"desktop":{"background-color":"var(--ast-global-color-4)","background-image":"","background-repeat":"repeat","background-position":"center center","background-size":"auto","background-attachment":"scroll","background-type":"","background-media":"","overlay-type":"","overlay-color":"","overlay-opacity":"","overlay-gradient":""},"tablet":{"background-color":"","background-image":"","background-repeat":"repeat","background-position":"center center","background-size":"auto","background-attachment":"scroll","background-type":"","background-media":"","overlay-type":"","overlay-color":"","overlay-opacity":"","overlay-gradient":""},"mobile":{"background-color":"","background-image":"","background-repeat":"repeat","background-position":"center center","background-size":"auto","background-attachment":"scroll","background-type":"","background-media":"","overlay-type":"","overlay-color":"","overlay-opacity":"","overlay-gradient":""}},"ast-content-background-meta":{"desktop":{"background-color":"var(--ast-global-color-5)","background-image":"","background-repeat":"repeat","background-position":"center center","background-size":"auto","background-attachment":"scroll","background-type":"","background-media":"","overlay-type":"","overlay-color":"","overlay-opacity":"","overlay-gradient":""},"tablet":{"background-color":"var(--ast-global-color-5)","background-image":"","background-repeat":"repeat","background-position":"center center","background-size":"auto","background-attachment":"scroll","background-type":"","background-media":"","overlay-type":"","overlay-color":"","overlay-opacity":"","overlay-gradient":""},"mobile":{"background-color":"var(--ast-global-color-5)","background-image":"","background-repeat":"repeat","background-position":"center center","background-size":"auto","background-attachment":"scroll","background-type":"","background-media":"","overlay-type":"","overlay-color":"","overlay-opacity":"","overlay-gradient":""}}},"product_brand":[],"product_cat":[30],"product_tag":[],"class_list":{"0":"post-2242","1":"product","2":"type-product","3":"status-publish","4":"has-post-thumbnail","6":"product_cat-fireplace","7":"desktop-align-center","8":"tablet-align-left","9":"mobile-align-left","11":"first","12":"instock","13":"featured","14":"shipping-taxable","15":"product-type-simple"},"_links":{"self":[{"href":"https:\/\/jblcorten.com\/it\/wp-json\/wp\/v2\/product\/2242","targetHints":{"allow":["GET"]}}],"collection":[{"href":"https:\/\/jblcorten.com\/it\/wp-json\/wp\/v2\/product"}],"about":[{"href":"https:\/\/jblcorten.com\/it\/wp-json\/wp\/v2\/types\/product"}],"wp:featuredmedia":[{"embeddable":true,"href":"https:\/\/jblcorten.com\/it\/wp-json\/wp\/v2\/media\/1457"}],"wp:attachment":[{"href":"https:\/\/jblcorten.com\/it\/wp-json\/wp\/v2\/media?parent=2242"}],"wp:term":[{"taxonomy":"product_brand","embeddable":true,"href":"https:\/\/jblcorten.com\/it\/wp-json\/wp\/v2\/product_brand?post=2242"},{"taxonomy":"product_cat","embeddable":true,"href":"https:\/\/jblcorten.com\/it\/wp-json\/wp\/v2\/product_cat?post=2242"},{"taxonomy":"product_tag","embeddable":true,"href":"https:\/\/jblcorten.com\/it\/wp-json\/wp\/v2\/product_tag?post=2242"}],"curies":[{"name":"wp","href":"https:\/\/api.w.org\/{rel}","templated":true}]}}