{"id":863,"date":"2024-10-08T09:12:07","date_gmt":"2024-10-08T09:12:07","guid":{"rendered":"https:\/\/jblcorten.com\/?post_type=product&#038;p=863"},"modified":"2025-03-20T07:35:29","modified_gmt":"2025-03-20T07:35:29","slug":"rideau-de-pluie-en-acier-corten","status":"publish","type":"product","link":"https:\/\/jblcorten.com\/fr\/corten-steel-rain-curtain\/","title":{"rendered":"Rideau de pluie en acier Corten"},"content":{"rendered":"<p><strong><span style=\"color: #000000; font-size: 14pt;\">Rideau de pluie en acier Corten<\/span><\/strong><\/p>\n<p><span style=\"color: #000000;\">Le rideau de pluie en acier corten est une \u0153uvre d'art ext\u00e9rieure que l'on peut trouver dans divers lieux publics tels que les places, les parcs et les universit\u00e9s. Cette \u0153uvre d'art embl\u00e9matique est fabriqu\u00e9e en acier corten (r\u00e9sistant aux intemp\u00e9ries), un type d'acier sp\u00e9cial qui poss\u00e8de des propri\u00e9t\u00e9s uniques qui le rendent parfait pour la r\u00e9alisation de sculptures en plein air. L'acier corten est un type d'acier fabriqu\u00e9 \u00e0 partir d'une combinaison d'alliages tels que le cuivre, le chrome et le nickel. Une couche protectrice antirouille se forme \u00e0 la surface de l'acier corten, ce qui emp\u00eache l'humidit\u00e9 d'entrer en contact avec l'acier et l'emp\u00eache de rouiller davantage.<\/span><\/p>\n<p><span style=\"color: #000000;\">Les t\u00f4les d'acier corten sont coup\u00e9es et fa\u00e7onn\u00e9es pour cr\u00e9er une vari\u00e9t\u00e9 de formes, et ce rideau d'eau est autoportant. L'acier r\u00e9sistant aux intemp\u00e9ries utilis\u00e9 pour fabriquer le rideau de pluie a une couleur brun rouille unique qui ajoute \u00e0 la beaut\u00e9 artistique de l'\u0153uvre. La couleur unie du m\u00e9tal permet \u00e0 la sculpture de se fondre naturellement dans son environnement. Le rideau de pluie repr\u00e9sente la combinaison parfaite de la forme et de la fonction. Les \u00e9paisses t\u00f4les d'acier cr\u00e9ent non seulement un impact visuel \u00e9tonnant, mais contribuent \u00e9galement \u00e0 r\u00e9duire la pollution sonore. Le bruit de l'eau qui s'\u00e9goutte sur les t\u00f4les d'acier cr\u00e9e un sentiment de calme, ce qui en fait une installation artistique parfaite pour les espaces publics.<\/span><\/p>\n<p><strong><span style=\"font-size: 14pt;\">Sp\u00e9cification du produit :<\/span><\/strong><\/p>\n<table>\n<tbody>\n<tr>\n<td width=\"136\"><span style=\"color: #000000;\">Nom du produit<\/span><\/td>\n<td width=\"766\"><span style=\"color: #000000;\">Rideau de pluie en acier Corten<\/span><\/td>\n<\/tr>\n<tr>\n<td width=\"136\"><span style=\"color: #000000;\">Type<\/span><\/td>\n<td width=\"766\"><span style=\"color: #000000;\">Fontaine<\/span><\/td>\n<\/tr>\n<tr>\n<td width=\"136\"><span style=\"color: #000000;\">Mat\u00e9riau<\/span><\/td>\n<td width=\"766\"><span style=\"color: #000000;\">Acier corten<\/span><\/td>\n<\/tr>\n<tr>\n<td width=\"136\"><span style=\"color: #000000;\">\u00c9paisseur<\/span><\/td>\n<td width=\"766\"><span style=\"color: #000000;\">2~3mm<\/span><\/td>\n<\/tr>\n<tr>\n<td width=\"136\"><span style=\"color: #000000;\">Surface<\/span><\/td>\n<td width=\"766\"><span style=\"color: #000000;\">trait\u00e9 avec une finition rustique, rev\u00eatement en poudre<\/span><\/td>\n<\/tr>\n<tr>\n<td width=\"136\"><span style=\"color: #000000;\">Couleur<\/span><\/td>\n<td width=\"766\"><span style=\"color: #000000;\">rouge rouille, noir<\/span><\/td>\n<\/tr>\n<tr>\n<td width=\"136\"><span style=\"color: #000000;\">Processus<\/span><\/td>\n<td width=\"766\"><span style=\"color: #000000;\">D\u00e9coupe laser &gt; pliage &gt; soudage et polissage&gt; traitement de surface&gt; composants assembl\u00e9s et emballage<\/span><\/td>\n<\/tr>\n<tr>\n<td width=\"136\"><span style=\"color: #000000;\">Application<\/span><\/td>\n<td width=\"766\"><span style=\"color: #000000;\">D\u00e9coration paysag\u00e8re<\/span><\/td>\n<\/tr>\n<\/tbody>\n<\/table>\n<p><span style=\"color: #000000; font-size: 14pt;\"><strong>Images de rideaux de pluie en acier Corten :<\/strong><\/span><\/p>\n<p><img fetchpriority=\"high\" decoding=\"async\" class=\"alignnone wp-image-2417\" src=\"https:\/\/jblcorten.com\/wp-content\/uploads\/2024\/10\/corten-water-fountain.jpg\" alt=\"\" width=\"750\" height=\"667\" title=\"\" srcset=\"https:\/\/jblcorten.com\/wp-content\/uploads\/2024\/10\/corten-water-fountain.jpg 900w, https:\/\/jblcorten.com\/wp-content\/uploads\/2024\/10\/corten-water-fountain-600x533.jpg 600w, https:\/\/jblcorten.com\/wp-content\/uploads\/2024\/10\/corten-water-fountain-300x267.jpg 300w, https:\/\/jblcorten.com\/wp-content\/uploads\/2024\/10\/corten-water-fountain-768x683.jpg 768w, https:\/\/jblcorten.com\/wp-content\/uploads\/2024\/10\/corten-water-fountain-14x12.jpg 14w\" sizes=\"(max-width: 750px) 100vw, 750px\" \/> <img decoding=\"async\" class=\"alignnone wp-image-2418\" src=\"https:\/\/jblcorten.com\/wp-content\/uploads\/2024\/10\/rust-water-feature.jpg\" alt=\"\" width=\"750\" height=\"563\" title=\"\" srcset=\"https:\/\/jblcorten.com\/wp-content\/uploads\/2024\/10\/rust-water-feature.jpg 1000w, https:\/\/jblcorten.com\/wp-content\/uploads\/2024\/10\/rust-water-feature-600x450.jpg 600w, https:\/\/jblcorten.com\/wp-content\/uploads\/2024\/10\/rust-water-feature-300x225.jpg 300w, https:\/\/jblcorten.com\/wp-content\/uploads\/2024\/10\/rust-water-feature-768x576.jpg 768w, https:\/\/jblcorten.com\/wp-content\/uploads\/2024\/10\/rust-water-feature-16x12.jpg 16w\" sizes=\"(max-width: 750px) 100vw, 750px\" \/><\/p>\n<p>Ce rideau de pluie en acier corten peut \u00eatre install\u00e9 dans votre jardin, puis ajouter quelques lumi\u00e8res, l'effet est le suivant :<\/p>\n<p><img decoding=\"async\" class=\"alignnone wp-image-2419\" src=\"https:\/\/jblcorten.com\/wp-content\/uploads\/2024\/10\/rusted-metal-water-features.jpg\" alt=\"\" width=\"750\" height=\"641\" title=\"\" srcset=\"https:\/\/jblcorten.com\/wp-content\/uploads\/2024\/10\/rusted-metal-water-features.jpg 1000w, https:\/\/jblcorten.com\/wp-content\/uploads\/2024\/10\/rusted-metal-water-features-600x512.jpg 600w, https:\/\/jblcorten.com\/wp-content\/uploads\/2024\/10\/rusted-metal-water-features-300x256.jpg 300w, https:\/\/jblcorten.com\/wp-content\/uploads\/2024\/10\/rusted-metal-water-features-768x656.jpg 768w, https:\/\/jblcorten.com\/wp-content\/uploads\/2024\/10\/rusted-metal-water-features-14x12.jpg 14w\" sizes=\"(max-width: 750px) 100vw, 750px\" \/><\/p>\n<p>&nbsp;<\/p>","protected":false},"excerpt":{"rendered":"<p>Les feuilles d'acier du rideau de pluie en acier corten sont coup\u00e9es et fa\u00e7onn\u00e9es pour cr\u00e9er une vari\u00e9t\u00e9 de formes, et ce rideau d'eau est autoportant. L'acier corten utilis\u00e9 pour fabriquer le rideau de pluie a une couleur brun rouille unique qui ajoute \u00e0 la beaut\u00e9 artistique de la pi\u00e8ce. La couleur unie du m\u00e9tal permet \u00e0 la sculpture de se fondre naturellement dans son environnement.<\/p>","protected":false},"featured_media":2415,"template":"","meta":{"site-sidebar-layout":"default","site-content-layout":"","ast-site-content-layout":"default","site-content-style":"default","site-sidebar-style":"default","ast-global-header-display":"","ast-banner-title-visibility":"","ast-main-header-display":"","ast-hfb-above-header-display":"","ast-hfb-below-header-display":"","ast-hfb-mobile-header-display":"","site-post-title":"","ast-breadcrumbs-content":"","ast-featured-img":"","footer-sml-layout":"","ast-disable-related-posts":"","theme-transparent-header-meta":"default","adv-header-id-meta":"","stick-header-meta":"","header-above-stick-meta":"","header-main-stick-meta":"","header-below-stick-meta":"","astra-migrate-meta-layouts":"set","ast-page-background-enabled":"default","ast-page-background-meta":{"desktop":{"background-color":"var(--ast-global-color-4)","background-image":"","background-repeat":"repeat","background-position":"center center","background-size":"auto","background-attachment":"scroll","background-type":"","background-media":"","overlay-type":"","overlay-color":"","overlay-opacity":"","overlay-gradient":""},"tablet":{"background-color":"","background-image":"","background-repeat":"repeat","background-position":"center center","background-size":"auto","background-attachment":"scroll","background-type":"","background-media":"","overlay-type":"","overlay-color":"","overlay-opacity":"","overlay-gradient":""},"mobile":{"background-color":"","background-image":"","background-repeat":"repeat","background-position":"center center","background-size":"auto","background-attachment":"scroll","background-type":"","background-media":"","overlay-type":"","overlay-color":"","overlay-opacity":"","overlay-gradient":""}},"ast-content-background-meta":{"desktop":{"background-color":"var(--ast-global-color-5)","background-image":"","background-repeat":"repeat","background-position":"center center","background-size":"auto","background-attachment":"scroll","background-type":"","background-media":"","overlay-type":"","overlay-color":"","overlay-opacity":"","overlay-gradient":""},"tablet":{"background-color":"var(--ast-global-color-5)","background-image":"","background-repeat":"repeat","background-position":"center center","background-size":"auto","background-attachment":"scroll","background-type":"","background-media":"","overlay-type":"","overlay-color":"","overlay-opacity":"","overlay-gradient":""},"mobile":{"background-color":"var(--ast-global-color-5)","background-image":"","background-repeat":"repeat","background-position":"center center","background-size":"auto","background-attachment":"scroll","background-type":"","background-media":"","overlay-type":"","overlay-color":"","overlay-opacity":"","overlay-gradient":""}}},"product_brand":[],"product_cat":[40],"product_tag":[],"class_list":{"0":"post-863","1":"product","2":"type-product","3":"status-publish","4":"has-post-thumbnail","6":"product_cat-water-feature","7":"desktop-align-center","8":"tablet-align-left","9":"mobile-align-left","11":"first","12":"instock","13":"featured","14":"shipping-taxable","15":"product-type-simple"},"_links":{"self":[{"href":"https:\/\/jblcorten.com\/fr\/wp-json\/wp\/v2\/product\/863","targetHints":{"allow":["GET"]}}],"collection":[{"href":"https:\/\/jblcorten.com\/fr\/wp-json\/wp\/v2\/product"}],"about":[{"href":"https:\/\/jblcorten.com\/fr\/wp-json\/wp\/v2\/types\/product"}],"wp:featuredmedia":[{"embeddable":true,"href":"https:\/\/jblcorten.com\/fr\/wp-json\/wp\/v2\/media\/2415"}],"wp:attachment":[{"href":"https:\/\/jblcorten.com\/fr\/wp-json\/wp\/v2\/media?parent=863"}],"wp:term":[{"taxonomy":"product_brand","embeddable":true,"href":"https:\/\/jblcorten.com\/fr\/wp-json\/wp\/v2\/product_brand?post=863"},{"taxonomy":"product_cat","embeddable":true,"href":"https:\/\/jblcorten.com\/fr\/wp-json\/wp\/v2\/product_cat?post=863"},{"taxonomy":"product_tag","embeddable":true,"href":"https:\/\/jblcorten.com\/fr\/wp-json\/wp\/v2\/product_tag?post=863"}],"curies":[{"name":"wp","href":"https:\/\/api.w.org\/{rel}","templated":true}]}}