{"id":701,"date":"2024-09-26T09:20:44","date_gmt":"2024-09-26T09:20:44","guid":{"rendered":"https:\/\/jblcorten.com\/?post_type=product&#038;p=701"},"modified":"2025-03-20T08:09:33","modified_gmt":"2025-03-20T08:09:33","slug":"ecrans-de-jardin-en-corten","status":"publish","type":"product","link":"https:\/\/jblcorten.com\/fr\/corten-garden-screens\/","title":{"rendered":"Moustiquaires de jardin en corten"},"content":{"rendered":"<p><strong><span style=\"font-size: 14pt;\">Moustiquaires de jardin en corten<\/span><\/strong><\/p>\n<p>Un jardinage qui allie beaut\u00e9, fonctionnalit\u00e9 et durabilit\u00e9 ne se limite pas \u00e0 la culture de plantes et de fleurs. Il est \u00e9galement possible d'y parvenir en installant de magnifiques \u00e9crans de jardin. Lorsqu'il s'agit d'am\u00e9nagement ext\u00e9rieur, les \u00e9crans de jardin en Corten peuvent faire passer votre jardin \u00e0 la vitesse sup\u00e9rieure.<\/p>\n<p>L'acier Corten est un type d'acier qui prend l'aspect de la rouille sous l'effet des intemp\u00e9ries. Il en r\u00e9sulte un aspect unique et naturel qui se marie bien avec l'ext\u00e9rieur. Les avantages de l'acier Corten ne se limitent pas \u00e0 son aspect. Cet acier est \u00e9galement extr\u00eamement durable et peut r\u00e9sister \u00e0 un large \u00e9ventail de conditions m\u00e9t\u00e9orologiques ext\u00e9rieures.<\/p>\n<p>Les \u00e9crans de jardin en Corten peuvent \u00eatre utilis\u00e9s pour diviser les diff\u00e9rentes zones de votre espace ext\u00e9rieur. Ils peuvent servir de cl\u00f4tures, de s\u00e9parations ou m\u00eame de murs d\u00e9coratifs pour ajouter de la profondeur et de la texture \u00e0 votre jardin. De plus, nos \u00e9crans de jardin sont disponibles dans une vari\u00e9t\u00e9 de designs et de tailles, et vous pouvez choisir parmi une vari\u00e9t\u00e9 de motifs, y compris des motifs floraux, g\u00e9om\u00e9triques et abstraits.<\/p>\n<p><strong><span style=\"font-size: 14pt;\">Paravents de jardin en corten Sp\u00e9cification :<\/span><\/strong><\/p>\n<table style=\"width: 100%;\">\n<tbody>\n<tr>\n<td style=\"width: 22.6627%;\" width=\"284\">Nom du produit<\/td>\n<td style=\"width: 77.2625%;\" width=\"284\">Moustiquaires de jardin en corten<\/td>\n<\/tr>\n<tr>\n<td style=\"width: 22.6627%;\" width=\"284\">Mat\u00e9riau<\/td>\n<td style=\"width: 77.2625%;\" width=\"284\">Acier corten<\/td>\n<\/tr>\n<tr>\n<td style=\"width: 22.6627%;\" width=\"284\">Couleur<\/td>\n<td style=\"width: 77.2625%;\" width=\"284\">Rouge rouille<\/td>\n<\/tr>\n<tr>\n<td style=\"width: 22.6627%;\" width=\"284\">Technique<\/td>\n<td style=\"width: 77.2625%;\" width=\"284\">D\u00e9coupe et pliage au laser<\/td>\n<\/tr>\n<tr>\n<td style=\"width: 22.6627%;\" width=\"284\">Taille<\/td>\n<td style=\"width: 77.2625%;\" width=\"284\">Sur mesure<\/td>\n<\/tr>\n<tr>\n<td style=\"width: 22.6627%;\" width=\"284\">Forme<\/td>\n<td style=\"width: 77.2625%;\" width=\"284\">Rectangulaire<\/td>\n<\/tr>\n<\/tbody>\n<\/table>\n<p><strong><span style=\"font-size: 14pt;\">Nos services techniques :<\/span><\/strong><\/p>\n<p>Service de d\u00e9coupe au laser, service de pliage, service de soudage, service de gravure, service d'assemblage, service d'emballage<\/p>\n<p><img fetchpriority=\"high\" decoding=\"async\" class=\"alignnone wp-image-2424\" src=\"https:\/\/jblcorten.com\/wp-content\/uploads\/2024\/09\/garden-screen-panel.jpg\" alt=\"\" width=\"750\" height=\"567\" title=\"\" srcset=\"https:\/\/jblcorten.com\/wp-content\/uploads\/2024\/09\/garden-screen-panel.jpg 719w, https:\/\/jblcorten.com\/wp-content\/uploads\/2024\/09\/garden-screen-panel-600x454.jpg 600w, https:\/\/jblcorten.com\/wp-content\/uploads\/2024\/09\/garden-screen-panel-300x227.jpg 300w, https:\/\/jblcorten.com\/wp-content\/uploads\/2024\/09\/garden-screen-panel-16x12.jpg 16w\" sizes=\"(max-width: 750px) 100vw, 750px\" \/><\/p>\n<p><strong><span style=\"font-size: 14pt;\">D\u00e9tails du produit :<\/span><\/strong><\/p>\n<p><img decoding=\"async\" class=\"alignnone wp-image-2429 size-full\" src=\"https:\/\/jblcorten.com\/wp-content\/uploads\/2024\/09\/bamboo-privacy-screen.png\" alt=\"\" width=\"750\" height=\"484\" title=\"\" srcset=\"https:\/\/jblcorten.com\/wp-content\/uploads\/2024\/09\/bamboo-privacy-screen.png 750w, https:\/\/jblcorten.com\/wp-content\/uploads\/2024\/09\/bamboo-privacy-screen-600x387.png 600w, https:\/\/jblcorten.com\/wp-content\/uploads\/2024\/09\/bamboo-privacy-screen-300x194.png 300w, https:\/\/jblcorten.com\/wp-content\/uploads\/2024\/09\/bamboo-privacy-screen-18x12.png 18w\" sizes=\"(max-width: 750px) 100vw, 750px\" \/><\/p>\n<p><img decoding=\"async\" class=\"alignnone wp-image-2428\" src=\"https:\/\/jblcorten.com\/wp-content\/uploads\/2024\/09\/metal-privacy-screen-scaled.jpg\" alt=\"\" width=\"750\" height=\"563\" title=\"\" srcset=\"https:\/\/jblcorten.com\/wp-content\/uploads\/2024\/09\/metal-privacy-screen-scaled.jpg 2560w, https:\/\/jblcorten.com\/wp-content\/uploads\/2024\/09\/metal-privacy-screen-scaled-600x450.jpg 600w, https:\/\/jblcorten.com\/wp-content\/uploads\/2024\/09\/metal-privacy-screen-300x225.jpg 300w, https:\/\/jblcorten.com\/wp-content\/uploads\/2024\/09\/metal-privacy-screen-1024x768.jpg 1024w, https:\/\/jblcorten.com\/wp-content\/uploads\/2024\/09\/metal-privacy-screen-768x576.jpg 768w, https:\/\/jblcorten.com\/wp-content\/uploads\/2024\/09\/metal-privacy-screen-1536x1152.jpg 1536w, https:\/\/jblcorten.com\/wp-content\/uploads\/2024\/09\/metal-privacy-screen-2048x1536.jpg 2048w, https:\/\/jblcorten.com\/wp-content\/uploads\/2024\/09\/metal-privacy-screen-16x12.jpg 16w\" sizes=\"(max-width: 750px) 100vw, 750px\" \/><\/p>\n<p><img loading=\"lazy\" decoding=\"async\" class=\"alignnone wp-image-2426 size-full\" src=\"https:\/\/jblcorten.com\/wp-content\/uploads\/2024\/09\/metal-garden-screens.jpg\" alt=\"\" width=\"750\" height=\"553\" title=\"\" srcset=\"https:\/\/jblcorten.com\/wp-content\/uploads\/2024\/09\/metal-garden-screens.jpg 750w, https:\/\/jblcorten.com\/wp-content\/uploads\/2024\/09\/metal-garden-screens-600x442.jpg 600w, https:\/\/jblcorten.com\/wp-content\/uploads\/2024\/09\/metal-garden-screens-300x221.jpg 300w, https:\/\/jblcorten.com\/wp-content\/uploads\/2024\/09\/metal-garden-screens-16x12.jpg 16w\" sizes=\"(max-width: 750px) 100vw, 750px\" \/><\/p>\n<p>&nbsp;<\/p>","protected":false},"excerpt":{"rendered":"<p>Si vous souhaitez cr\u00e9er un espace ext\u00e9rieur magnifique et unique, pensez \u00e0 ajouter des \u00e9crans de jardin en Corten \u00e0 votre am\u00e9nagement.<\/p>\n<p>Ils ajouteront de la profondeur, de la texture et de la chaleur \u00e0 votre jardin et vous fourniront une solution durable et rentable.<\/p>","protected":false},"featured_media":1459,"template":"","meta":{"site-sidebar-layout":"default","site-content-layout":"","ast-site-content-layout":"default","site-content-style":"default","site-sidebar-style":"default","ast-global-header-display":"","ast-banner-title-visibility":"","ast-main-header-display":"","ast-hfb-above-header-display":"","ast-hfb-below-header-display":"","ast-hfb-mobile-header-display":"","site-post-title":"","ast-breadcrumbs-content":"","ast-featured-img":"","footer-sml-layout":"","ast-disable-related-posts":"","theme-transparent-header-meta":"default","adv-header-id-meta":"","stick-header-meta":"","header-above-stick-meta":"","header-main-stick-meta":"","header-below-stick-meta":"","astra-migrate-meta-layouts":"set","ast-page-background-enabled":"default","ast-page-background-meta":{"desktop":{"background-color":"var(--ast-global-color-4)","background-image":"","background-repeat":"repeat","background-position":"center center","background-size":"auto","background-attachment":"scroll","background-type":"","background-media":"","overlay-type":"","overlay-color":"","overlay-opacity":"","overlay-gradient":""},"tablet":{"background-color":"","background-image":"","background-repeat":"repeat","background-position":"center center","background-size":"auto","background-attachment":"scroll","background-type":"","background-media":"","overlay-type":"","overlay-color":"","overlay-opacity":"","overlay-gradient":""},"mobile":{"background-color":"","background-image":"","background-repeat":"repeat","background-position":"center center","background-size":"auto","background-attachment":"scroll","background-type":"","background-media":"","overlay-type":"","overlay-color":"","overlay-opacity":"","overlay-gradient":""}},"ast-content-background-meta":{"desktop":{"background-color":"var(--ast-global-color-5)","background-image":"","background-repeat":"repeat","background-position":"center center","background-size":"auto","background-attachment":"scroll","background-type":"","background-media":"","overlay-type":"","overlay-color":"","overlay-opacity":"","overlay-gradient":""},"tablet":{"background-color":"var(--ast-global-color-5)","background-image":"","background-repeat":"repeat","background-position":"center center","background-size":"auto","background-attachment":"scroll","background-type":"","background-media":"","overlay-type":"","overlay-color":"","overlay-opacity":"","overlay-gradient":""},"mobile":{"background-color":"var(--ast-global-color-5)","background-image":"","background-repeat":"repeat","background-position":"center center","background-size":"auto","background-attachment":"scroll","background-type":"","background-media":"","overlay-type":"","overlay-color":"","overlay-opacity":"","overlay-gradient":""}}},"product_brand":[],"product_cat":[31],"product_tag":[],"class_list":{"0":"post-701","1":"product","2":"type-product","3":"status-publish","4":"has-post-thumbnail","6":"product_cat-garden-screens","7":"desktop-align-center","8":"tablet-align-left","9":"mobile-align-left","11":"first","12":"instock","13":"featured","14":"shipping-taxable","15":"product-type-simple"},"_links":{"self":[{"href":"https:\/\/jblcorten.com\/fr\/wp-json\/wp\/v2\/product\/701","targetHints":{"allow":["GET"]}}],"collection":[{"href":"https:\/\/jblcorten.com\/fr\/wp-json\/wp\/v2\/product"}],"about":[{"href":"https:\/\/jblcorten.com\/fr\/wp-json\/wp\/v2\/types\/product"}],"wp:featuredmedia":[{"embeddable":true,"href":"https:\/\/jblcorten.com\/fr\/wp-json\/wp\/v2\/media\/1459"}],"wp:attachment":[{"href":"https:\/\/jblcorten.com\/fr\/wp-json\/wp\/v2\/media?parent=701"}],"wp:term":[{"taxonomy":"product_brand","embeddable":true,"href":"https:\/\/jblcorten.com\/fr\/wp-json\/wp\/v2\/product_brand?post=701"},{"taxonomy":"product_cat","embeddable":true,"href":"https:\/\/jblcorten.com\/fr\/wp-json\/wp\/v2\/product_cat?post=701"},{"taxonomy":"product_tag","embeddable":true,"href":"https:\/\/jblcorten.com\/fr\/wp-json\/wp\/v2\/product_tag?post=701"}],"curies":[{"name":"wp","href":"https:\/\/api.w.org\/{rel}","templated":true}]}}