{"id":679,"date":"2024-09-25T09:59:37","date_gmt":"2024-09-25T09:59:37","guid":{"rendered":"https:\/\/jblcorten.com\/?post_type=product&#038;p=679"},"modified":"2025-03-20T08:31:35","modified_gmt":"2025-03-20T08:31:35","slug":"ecrans-de-jardin-decoratifs","status":"publish","type":"product","link":"https:\/\/jblcorten.com\/fr\/decorative-garden-screens\/","title":{"rendered":"Paravents d\u00e9coratifs pour le jardin"},"content":{"rendered":"<p>Les \u00e9crans de jardin d\u00e9coratifs peuvent transformer n'importe quel espace ext\u00e9rieur en un magnifique paysage. Ils sont souvent utilis\u00e9s pour pr\u00e9server l'intimit\u00e9, cr\u00e9er des cloisons ou ajouter de la texture \u00e0 un mur de jardin. En outre, lorsqu'ils sont utilis\u00e9s comme d\u00e9coration de mur de jardin, ils peuvent \u00eatre install\u00e9s avec des lumi\u00e8res pour cr\u00e9er un effet diff\u00e9rent la nuit.<\/p>\n<p>Avec la demande croissante d'espaces de vie en plein air, les \u00e9crans de jardin d\u00e9coratifs sont devenus un \u00e9l\u00e9ment essentiel de l'am\u00e9nagement des jardins modernes. Les \u00e9crans m\u00e9talliques, tels que l'acier corten, sont appr\u00e9ci\u00e9s pour leur durabilit\u00e9 et leur absence d'entretien. Ils peuvent \u00eatre personnalis\u00e9s dans une vari\u00e9t\u00e9 de motifs et de styles pour ajouter un int\u00e9r\u00eat visuel \u00e0 un mur ou \u00e0 une cl\u00f4ture de jardin.<\/p>\n<p><strong><span style=\"font-size: 14pt;\">\u00c9crans de jardin d\u00e9coratifs Sp\u00e9cification :<\/span><\/strong><\/p>\n<table class=\"has-title all magic-11\">\n<tbody>\n<tr>\n<td>\n<div class=\"magic-12\" data-spm-anchor-id=\"a2700.details.0.i39.28c95b87OsAW1C\"><span style=\"font-size: medium;\">Nom du produit<\/span><\/div>\n<\/td>\n<td>\n<div class=\"magic-13\">Paravents d\u00e9coratifs pour le jardin<\/div>\n<\/td>\n<\/tr>\n<tr>\n<td>\n<div class=\"magic-14\"><span style=\"font-size: medium;\">Mat\u00e9riau<\/span><\/div>\n<\/td>\n<td>\n<div class=\"magic-15\"><span style=\"font-size: medium;\">Acier corten<\/span><\/div>\n<\/td>\n<\/tr>\n<tr>\n<td>\n<div class=\"magic-14\"><span style=\"font-size: medium;\">Couleur<\/span><\/div>\n<\/td>\n<td>\n<div class=\"magic-15\"><span style=\"font-size: medium;\">Original ou rouge rouille<\/span><\/div>\n<\/td>\n<\/tr>\n<tr>\n<td>\n<div class=\"magic-14\"><span style=\"font-size: medium;\">Taille<\/span><\/div>\n<\/td>\n<td>\n<div class=\"magic-15\"><span style=\"font-size: medium;\">1500mm*100mm*10mm ou selon les besoins du client<\/span><\/div>\n<\/td>\n<\/tr>\n<tr>\n<td>\n<div class=\"magic-14\"><span style=\"font-size: medium;\">Application<\/span><\/div>\n<\/td>\n<td>\n<div class=\"magic-15\"><span style=\"font-size: medium;\">rideau mural, \u00e9cran de jardin, panneaux de cl\u00f4ture<\/span><\/div>\n<\/td>\n<\/tr>\n<\/tbody>\n<\/table>\n<p><span style=\"font-size: 14pt;\"><strong>Pourquoi choisir les paravents d\u00e9coratifs ?<\/strong><\/span><\/p>\n<p>Les \u00e9crans d\u00e9coratifs de jardin peuvent jouer diff\u00e9rents r\u00f4les dans l'am\u00e9nagement du jardin.<\/p>\n<ul>\n<li>Assurer l'intimit\u00e9 : Des \u00e9crans de jardin sont install\u00e9s sur la cl\u00f4ture pour bloquer la vue des maisons ou des rues voisines tout en permettant \u00e0 la lumi\u00e8re naturelle de p\u00e9n\u00e9trer dans l'espace ext\u00e9rieur.<\/li>\n<li>Cr\u00e9er un espace de s\u00e9paration : Les paravents peuvent \u00eatre plac\u00e9s \u00e0 diff\u00e9rents endroits du jardin, comme les salles \u00e0 manger ext\u00e9rieures ou les coins lecture.<\/li>\n<li>D\u00e9corez le mur : En fixant un \u00e9cran de jardin d\u00e9coratif sur un mur et en y installant une veilleuse, l'\u00e9cran peut \u00eatre utilis\u00e9 comme toile de fond pour l'\u00e9clairage ext\u00e9rieur, cr\u00e9ant ainsi un effet de lumi\u00e8re spectaculaire et stup\u00e9fiant la nuit.<\/li>\n<\/ul>\n<p><span style=\"font-size: 14pt;\"><strong>D\u00e9tails du produit :<\/strong><\/span><\/p>\n<p><img fetchpriority=\"high\" decoding=\"async\" class=\"alignnone wp-image-2429 size-full\" src=\"https:\/\/jblcorten.com\/wp-content\/uploads\/2024\/09\/bamboo-privacy-screen.png\" alt=\"\" width=\"750\" height=\"484\" title=\"\" srcset=\"https:\/\/jblcorten.com\/wp-content\/uploads\/2024\/09\/bamboo-privacy-screen.png 750w, https:\/\/jblcorten.com\/wp-content\/uploads\/2024\/09\/bamboo-privacy-screen-600x387.png 600w, https:\/\/jblcorten.com\/wp-content\/uploads\/2024\/09\/bamboo-privacy-screen-300x194.png 300w, https:\/\/jblcorten.com\/wp-content\/uploads\/2024\/09\/bamboo-privacy-screen-18x12.png 18w\" sizes=\"(max-width: 750px) 100vw, 750px\" \/><\/p>\n<p><strong><span style=\"font-size: 14pt;\">FAQ :<\/span><\/strong><\/p>\n<p>1.Q.A quoi servent les \u00e9crans d\u00e9coratifs d\u00e9coup\u00e9s au laser ?<br \/>\nR.Nos \u00e9crans ont un large \u00e9ventail d'utilisations, que vous ayez besoin d'\u00e9crans d'intimit\u00e9 d\u00e9coup\u00e9s au laser, de margelles de cl\u00f4ture d\u00e9coup\u00e9es au laser, de cl\u00f4tures de piscine d\u00e9coratives ou de murs d\u00e9coup\u00e9s au laser, nous avons la solution qu'il vous faut.<\/p>\n<p>2.Q:\u00cates-vous une soci\u00e9t\u00e9 commerciale ou un fabricant ?<br \/>\nR : Nous avons notre propre usine.<\/p>\n<p>3.Q:Fabriquez-vous des produits personnalis\u00e9s sur la base de nos dessins ou de nos id\u00e9es ?<br \/>\nR : Oui, nous sommes une usine professionnelle de fabrication d'acier corten avec une \u00e9quipe d'ing\u00e9nieurs exp\u00e9riment\u00e9s pour fabriquer des produits personnalis\u00e9s selon les dessins et les id\u00e9es des clients.<\/p>","protected":false},"excerpt":{"rendered":"<p>Les \u00e9crans de jardin d\u00e9coratifs sont un \u00e9l\u00e9ment essentiel de l'am\u00e9nagement moderne des jardins. Ils permettent de pr\u00e9server l'intimit\u00e9, de cr\u00e9er des cloisons, d'ajouter de la texture aux murs du jardin et bien d'autres choses encore.<\/p>\n<p>Avec une grande vari\u00e9t\u00e9 de styles, de textures et de designs, les \u00e9crans de jardin offrent des possibilit\u00e9s infinies pour transformer n'importe quel espace ext\u00e9rieur en un lieu magnifique.<\/p>","protected":false},"featured_media":2422,"template":"","meta":{"site-sidebar-layout":"default","site-content-layout":"","ast-site-content-layout":"default","site-content-style":"default","site-sidebar-style":"default","ast-global-header-display":"","ast-banner-title-visibility":"","ast-main-header-display":"","ast-hfb-above-header-display":"","ast-hfb-below-header-display":"","ast-hfb-mobile-header-display":"","site-post-title":"","ast-breadcrumbs-content":"","ast-featured-img":"","footer-sml-layout":"","ast-disable-related-posts":"","theme-transparent-header-meta":"default","adv-header-id-meta":"","stick-header-meta":"","header-above-stick-meta":"","header-main-stick-meta":"","header-below-stick-meta":"","astra-migrate-meta-layouts":"set","ast-page-background-enabled":"default","ast-page-background-meta":{"desktop":{"background-color":"var(--ast-global-color-4)","background-image":"","background-repeat":"repeat","background-position":"center center","background-size":"auto","background-attachment":"scroll","background-type":"","background-media":"","overlay-type":"","overlay-color":"","overlay-opacity":"","overlay-gradient":""},"tablet":{"background-color":"","background-image":"","background-repeat":"repeat","background-position":"center center","background-size":"auto","background-attachment":"scroll","background-type":"","background-media":"","overlay-type":"","overlay-color":"","overlay-opacity":"","overlay-gradient":""},"mobile":{"background-color":"","background-image":"","background-repeat":"repeat","background-position":"center center","background-size":"auto","background-attachment":"scroll","background-type":"","background-media":"","overlay-type":"","overlay-color":"","overlay-opacity":"","overlay-gradient":""}},"ast-content-background-meta":{"desktop":{"background-color":"var(--ast-global-color-5)","background-image":"","background-repeat":"repeat","background-position":"center center","background-size":"auto","background-attachment":"scroll","background-type":"","background-media":"","overlay-type":"","overlay-color":"","overlay-opacity":"","overlay-gradient":""},"tablet":{"background-color":"var(--ast-global-color-5)","background-image":"","background-repeat":"repeat","background-position":"center center","background-size":"auto","background-attachment":"scroll","background-type":"","background-media":"","overlay-type":"","overlay-color":"","overlay-opacity":"","overlay-gradient":""},"mobile":{"background-color":"var(--ast-global-color-5)","background-image":"","background-repeat":"repeat","background-position":"center center","background-size":"auto","background-attachment":"scroll","background-type":"","background-media":"","overlay-type":"","overlay-color":"","overlay-opacity":"","overlay-gradient":""}}},"product_brand":[],"product_cat":[31],"product_tag":[],"class_list":{"0":"post-679","1":"product","2":"type-product","3":"status-publish","4":"has-post-thumbnail","6":"product_cat-garden-screens","7":"desktop-align-center","8":"tablet-align-left","9":"mobile-align-left","11":"first","12":"instock","13":"shipping-taxable","14":"product-type-simple"},"_links":{"self":[{"href":"https:\/\/jblcorten.com\/fr\/wp-json\/wp\/v2\/product\/679","targetHints":{"allow":["GET"]}}],"collection":[{"href":"https:\/\/jblcorten.com\/fr\/wp-json\/wp\/v2\/product"}],"about":[{"href":"https:\/\/jblcorten.com\/fr\/wp-json\/wp\/v2\/types\/product"}],"wp:featuredmedia":[{"embeddable":true,"href":"https:\/\/jblcorten.com\/fr\/wp-json\/wp\/v2\/media\/2422"}],"wp:attachment":[{"href":"https:\/\/jblcorten.com\/fr\/wp-json\/wp\/v2\/media?parent=679"}],"wp:term":[{"taxonomy":"product_brand","embeddable":true,"href":"https:\/\/jblcorten.com\/fr\/wp-json\/wp\/v2\/product_brand?post=679"},{"taxonomy":"product_cat","embeddable":true,"href":"https:\/\/jblcorten.com\/fr\/wp-json\/wp\/v2\/product_cat?post=679"},{"taxonomy":"product_tag","embeddable":true,"href":"https:\/\/jblcorten.com\/fr\/wp-json\/wp\/v2\/product_tag?post=679"}],"curies":[{"name":"wp","href":"https:\/\/api.w.org\/{rel}","templated":true}]}}