{"id":672,"date":"2024-09-25T09:15:00","date_gmt":"2024-09-25T09:15:00","guid":{"rendered":"https:\/\/jblcorten.com\/?post_type=product&#038;p=672"},"modified":"2025-03-20T08:48:55","modified_gmt":"2025-03-20T08:48:55","slug":"jeu-deau-en-acier-corten","status":"publish","type":"product","link":"https:\/\/jblcorten.com\/fr\/corten-steel-water-feature\/","title":{"rendered":"Pi\u00e8ce d'eau en acier Corten"},"content":{"rendered":"<p>Lorsqu'il s'agit de d\u00e9coration ext\u00e9rieure, les jeux d'eau sont souvent un choix populaire. Qu'il s'agisse d'une petite fontaine ou d'un rideau d'eau, le son apaisant de l'eau peut ajouter une atmosph\u00e8re calme \u00e0 n'importe quel espace. Les jeux d'eau que nous produisons sont g\u00e9n\u00e9ralement fabriqu\u00e9s en acier corten.<\/p>\n<p><strong>Acier Corten Mat\u00e9riau :<\/strong><\/p>\n<p>L'acier Corten, \u00e9galement connu sous le nom d'acier r\u00e9sistant aux intemp\u00e9ries, est un type d'acier qui forme de la rouille lorsqu'il est expos\u00e9 aux \u00e9l\u00e9ments. Cette propri\u00e9t\u00e9 unique cr\u00e9e non seulement un bel aspect naturel, mais fournit \u00e9galement une couche protectrice \u00e0 l'acier, ce qui le rend tr\u00e8s durable et r\u00e9sistant \u00e0 la corrosion. Associ\u00e9 \u00e0 l'eau, l'acier corten cr\u00e9e un contraste saisissant entre le m\u00e9tal rouill\u00e9 et l'eau qui coule.<\/p>\n<p><span style=\"font-size: 14pt;\"><strong>Sp\u00e9cification du produit :<\/strong><\/span><\/p>\n<table style=\"width: 100%;\" width=\"1178\">\n<tbody>\n<tr>\n<td style=\"width: 23.9342%;\" width=\"284\">Nom du produit<\/td>\n<td style=\"width: 75.991%;\" width=\"284\">Pi\u00e8ce d'eau en acier Corten<\/td>\n<\/tr>\n<tr>\n<td style=\"width: 23.9342%;\" width=\"284\">Longueur<\/td>\n<td style=\"width: 75.991%;\" width=\"284\">800 mm ou selon vos besoins.<\/td>\n<\/tr>\n<tr>\n<td style=\"width: 23.9342%;\" width=\"284\">Hauteur<\/td>\n<td style=\"width: 75.991%;\" width=\"284\">300-500mm, ou selon votre demande.<\/td>\n<\/tr>\n<tr>\n<td style=\"width: 23.9342%;\" width=\"284\">Forme<\/td>\n<td style=\"width: 75.991%;\" width=\"284\">Rectangulaire, carr\u00e9, rond, etc.<\/td>\n<\/tr>\n<tr>\n<td style=\"width: 23.9342%;\" width=\"284\">Mat\u00e9riau<\/td>\n<td style=\"width: 75.991%;\" width=\"284\">Acier corten<\/td>\n<\/tr>\n<tr>\n<td style=\"width: 23.9342%;\" width=\"284\">Couleur<\/td>\n<td style=\"width: 75.991%;\" width=\"284\">Rouge rouille<\/td>\n<\/tr>\n<tr>\n<td style=\"width: 23.9342%;\" width=\"284\">Utilis\u00e9<\/td>\n<td style=\"width: 75.991%;\" width=\"284\">D\u00e9coration d'ornements de jardin pour l'ext\u00e9rieur.<\/td>\n<\/tr>\n<\/tbody>\n<\/table>\n<p><span style=\"font-size: 14pt;\"><strong>D\u00e9tails du produit :<\/strong><\/span><\/p>\n<p><img fetchpriority=\"high\" decoding=\"async\" class=\"alignnone wp-image-2437\" src=\"https:\/\/jblcorten.com\/wp-content\/uploads\/2024\/09\/pond-fountains-for-sale.jpg\" alt=\"\" width=\"700\" height=\"629\" title=\"\" srcset=\"https:\/\/jblcorten.com\/wp-content\/uploads\/2024\/09\/pond-fountains-for-sale.jpg 570w, https:\/\/jblcorten.com\/wp-content\/uploads\/2024\/09\/pond-fountains-for-sale-300x269.jpg 300w, https:\/\/jblcorten.com\/wp-content\/uploads\/2024\/09\/pond-fountains-for-sale-13x12.jpg 13w\" sizes=\"(max-width: 700px) 100vw, 700px\" \/><\/p>\n<p><img decoding=\"async\" class=\"alignnone wp-image-2436\" src=\"https:\/\/jblcorten.com\/wp-content\/uploads\/2024\/09\/garden-fountains-for-sale.jpg\" alt=\"\" width=\"700\" height=\"456\" title=\"\" srcset=\"https:\/\/jblcorten.com\/wp-content\/uploads\/2024\/09\/garden-fountains-for-sale.jpg 500w, https:\/\/jblcorten.com\/wp-content\/uploads\/2024\/09\/garden-fountains-for-sale-300x196.jpg 300w, https:\/\/jblcorten.com\/wp-content\/uploads\/2024\/09\/garden-fountains-for-sale-18x12.jpg 18w\" sizes=\"(max-width: 700px) 100vw, 700px\" \/><\/p>","protected":false},"excerpt":{"rendered":"<p>La pi\u00e8ce d'eau est fabriqu\u00e9e en acier corten et convient aux balcons, terrasses et jardins.<\/p>\n<p>Le jeu d'eau en acier corten n'a besoin que d'\u00eatre connect\u00e9 \u00e0 l'alimentation \u00e9lectrique et au tuyau d'eau interne, et il peut \u00eatre utilis\u00e9 imm\u00e9diatement.<\/p>","protected":false},"featured_media":2430,"template":"","meta":{"site-sidebar-layout":"default","site-content-layout":"","ast-site-content-layout":"default","site-content-style":"default","site-sidebar-style":"default","ast-global-header-display":"","ast-banner-title-visibility":"","ast-main-header-display":"","ast-hfb-above-header-display":"","ast-hfb-below-header-display":"","ast-hfb-mobile-header-display":"","site-post-title":"","ast-breadcrumbs-content":"","ast-featured-img":"","footer-sml-layout":"","ast-disable-related-posts":"","theme-transparent-header-meta":"default","adv-header-id-meta":"","stick-header-meta":"","header-above-stick-meta":"","header-main-stick-meta":"","header-below-stick-meta":"","astra-migrate-meta-layouts":"set","ast-page-background-enabled":"default","ast-page-background-meta":{"desktop":{"background-color":"var(--ast-global-color-4)","background-image":"","background-repeat":"repeat","background-position":"center center","background-size":"auto","background-attachment":"scroll","background-type":"","background-media":"","overlay-type":"","overlay-color":"","overlay-opacity":"","overlay-gradient":""},"tablet":{"background-color":"","background-image":"","background-repeat":"repeat","background-position":"center center","background-size":"auto","background-attachment":"scroll","background-type":"","background-media":"","overlay-type":"","overlay-color":"","overlay-opacity":"","overlay-gradient":""},"mobile":{"background-color":"","background-image":"","background-repeat":"repeat","background-position":"center center","background-size":"auto","background-attachment":"scroll","background-type":"","background-media":"","overlay-type":"","overlay-color":"","overlay-opacity":"","overlay-gradient":""}},"ast-content-background-meta":{"desktop":{"background-color":"var(--ast-global-color-5)","background-image":"","background-repeat":"repeat","background-position":"center center","background-size":"auto","background-attachment":"scroll","background-type":"","background-media":"","overlay-type":"","overlay-color":"","overlay-opacity":"","overlay-gradient":""},"tablet":{"background-color":"var(--ast-global-color-5)","background-image":"","background-repeat":"repeat","background-position":"center center","background-size":"auto","background-attachment":"scroll","background-type":"","background-media":"","overlay-type":"","overlay-color":"","overlay-opacity":"","overlay-gradient":""},"mobile":{"background-color":"var(--ast-global-color-5)","background-image":"","background-repeat":"repeat","background-position":"center center","background-size":"auto","background-attachment":"scroll","background-type":"","background-media":"","overlay-type":"","overlay-color":"","overlay-opacity":"","overlay-gradient":""}}},"product_brand":[],"product_cat":[40],"product_tag":[],"class_list":{"0":"post-672","1":"product","2":"type-product","3":"status-publish","4":"has-post-thumbnail","6":"product_cat-water-feature","7":"desktop-align-center","8":"tablet-align-left","9":"mobile-align-left","11":"first","12":"instock","13":"shipping-taxable","14":"product-type-simple"},"_links":{"self":[{"href":"https:\/\/jblcorten.com\/fr\/wp-json\/wp\/v2\/product\/672","targetHints":{"allow":["GET"]}}],"collection":[{"href":"https:\/\/jblcorten.com\/fr\/wp-json\/wp\/v2\/product"}],"about":[{"href":"https:\/\/jblcorten.com\/fr\/wp-json\/wp\/v2\/types\/product"}],"wp:featuredmedia":[{"embeddable":true,"href":"https:\/\/jblcorten.com\/fr\/wp-json\/wp\/v2\/media\/2430"}],"wp:attachment":[{"href":"https:\/\/jblcorten.com\/fr\/wp-json\/wp\/v2\/media?parent=672"}],"wp:term":[{"taxonomy":"product_brand","embeddable":true,"href":"https:\/\/jblcorten.com\/fr\/wp-json\/wp\/v2\/product_brand?post=672"},{"taxonomy":"product_cat","embeddable":true,"href":"https:\/\/jblcorten.com\/fr\/wp-json\/wp\/v2\/product_cat?post=672"},{"taxonomy":"product_tag","embeddable":true,"href":"https:\/\/jblcorten.com\/fr\/wp-json\/wp\/v2\/product_tag?post=672"}],"curies":[{"name":"wp","href":"https:\/\/api.w.org\/{rel}","templated":true}]}}