{"id":407,"date":"2024-08-28T09:10:16","date_gmt":"2024-08-28T09:10:16","guid":{"rendered":"https:\/\/jblcorten.com\/?post_type=product&#038;p=407"},"modified":"2025-03-20T08:54:29","modified_gmt":"2025-03-20T08:54:29","slug":"grille-murale-retractable","status":"publish","type":"product","link":"https:\/\/jblcorten.com\/fr\/retractable-wall-mounted-grill\/","title":{"rendered":"Grille murale r\u00e9tractable"},"content":{"rendered":"<p class=\"prodetails-name\"><span style=\"font-size: 14pt;\"><strong>Gril mural r\u00e9tractable - parfait pour les grillades en plein air<\/strong><\/span><\/p>\n<p class=\"prodetails-name\">Le barbecue a toujours \u00e9t\u00e9 un mode de cuisson populaire, surtout en \u00e9t\u00e9.<\/p>\n<p class=\"prodetails-name\">Les grils d'ext\u00e9rieur traditionnels sont encombrants et prennent souvent trop de place. Ils n\u00e9cessitent encore beaucoup d'entretien, ce qui peut \u00eatre g\u00eanant. \u00c0 ce stade, il est indispensable de choisir un barbecue mural r\u00e9tractable. Il est con\u00e7u pour \u00eatre fix\u00e9 au mur et il est \u00e9galement pliable. Le gril mural r\u00e9tractable peut \u00eatre install\u00e9 sur n'importe quel mur ext\u00e9rieur \u00e0 l'aide de boulons ou de vis, et lorsqu'il n'est pas utilis\u00e9, il peut \u00eatre repli\u00e9 sur le mur sans prendre trop de place.<\/p>\n<p class=\"prodetails-name\">Le gril mural r\u00e9tractable peut \u00eatre utilis\u00e9 pour griller diff\u00e9rents aliments, tels que des l\u00e9gumes et de la viande. La conception du gril assure \u00e9galement une cuisson uniforme, ce qui signifie que les aliments sont cuits parfaitement \u00e0 chaque fois.<\/p>\n<p><strong><span style=\"font-size: 14pt;\">Sp\u00e9cification du produit :<\/span><\/strong><\/p>\n<div class=\"table-responsive\">\n<table>\n<tbody>\n<tr>\n<td>Nom du produit<\/td>\n<td>Grille murale r\u00e9tractable<\/td>\n<\/tr>\n<tr>\n<td>Mat\u00e9riau<\/td>\n<td>Acier Corten \/ Acier r\u00e9sistant aux intemp\u00e9ries<\/td>\n<\/tr>\n<tr>\n<td>Taille<\/td>\n<td>Dia\uff1a600\/800\/900\/1000mm, Epaisseur : 2mm<\/td>\n<\/tr>\n<tr>\n<td>Paquet<\/td>\n<td>Int\u00e9rieur : Papier mousse anti-usure, Ext\u00e9rieur : Bo\u00eete en carton<\/td>\n<\/tr>\n<tr>\n<td>Traitement de surface<\/td>\n<td>Pr\u00e9-rouill\u00e9, peut \u00eatre personnalis\u00e9<\/td>\n<\/tr>\n<\/tbody>\n<\/table>\n<\/div>\n<p><img fetchpriority=\"high\" decoding=\"async\" class=\"alignnone wp-image-411 size-full\" src=\"https:\/\/jblcorten.com\/wp-content\/uploads\/2024\/08\/Retractable-Wall-Mounted-Grill-2.jpg\" alt=\"po\u00eale bbq\" width=\"700\" height=\"292\" title=\"\" srcset=\"https:\/\/jblcorten.com\/wp-content\/uploads\/2024\/08\/Retractable-Wall-Mounted-Grill-2.jpg 700w, https:\/\/jblcorten.com\/wp-content\/uploads\/2024\/08\/Retractable-Wall-Mounted-Grill-2-600x250.jpg 600w, https:\/\/jblcorten.com\/wp-content\/uploads\/2024\/08\/Retractable-Wall-Mounted-Grill-2-300x125.jpg 300w\" sizes=\"(max-width: 700px) 100vw, 700px\" \/><\/p>\n<p><img decoding=\"async\" class=\"alignnone wp-image-412 size-full\" src=\"https:\/\/jblcorten.com\/wp-content\/uploads\/2024\/08\/Retractable-Wall-Mounted-Grill.jpg\" alt=\"\" width=\"700\" height=\"470\" title=\"\" srcset=\"https:\/\/jblcorten.com\/wp-content\/uploads\/2024\/08\/Retractable-Wall-Mounted-Grill.jpg 700w, https:\/\/jblcorten.com\/wp-content\/uploads\/2024\/08\/Retractable-Wall-Mounted-Grill-600x403.jpg 600w, https:\/\/jblcorten.com\/wp-content\/uploads\/2024\/08\/Retractable-Wall-Mounted-Grill-300x201.jpg 300w\" sizes=\"(max-width: 700px) 100vw, 700px\" \/><\/p>","protected":false},"excerpt":{"rendered":"<p>Les grilles murales r\u00e9tractables sont un choix bien sup\u00e9rieur aux grilles traditionnelles.<br \/>\n1. Peu encombrant : Install\u00e9 au mur, il ne risque pas d'\u00eatre renvers\u00e9 accidentellement et ne prend pas trop de place.<br \/>\n2. \u00c9conomie de temps et d'efforts : Lors des barbecues, il n'est pas n\u00e9cessaire de se pencher car la grille de barbecue peut \u00eatre install\u00e9e en fonction de nos habitudes de barbecue.<\/p>","protected":false},"featured_media":2438,"template":"","meta":{"site-sidebar-layout":"default","site-content-layout":"","ast-site-content-layout":"default","site-content-style":"default","site-sidebar-style":"default","ast-global-header-display":"","ast-banner-title-visibility":"","ast-main-header-display":"","ast-hfb-above-header-display":"","ast-hfb-below-header-display":"","ast-hfb-mobile-header-display":"","site-post-title":"","ast-breadcrumbs-content":"","ast-featured-img":"","footer-sml-layout":"","ast-disable-related-posts":"","theme-transparent-header-meta":"default","adv-header-id-meta":"","stick-header-meta":"","header-above-stick-meta":"","header-main-stick-meta":"","header-below-stick-meta":"","astra-migrate-meta-layouts":"set","ast-page-background-enabled":"default","ast-page-background-meta":{"desktop":{"background-color":"var(--ast-global-color-4)","background-image":"","background-repeat":"repeat","background-position":"center center","background-size":"auto","background-attachment":"scroll","background-type":"","background-media":"","overlay-type":"","overlay-color":"","overlay-opacity":"","overlay-gradient":""},"tablet":{"background-color":"","background-image":"","background-repeat":"repeat","background-position":"center center","background-size":"auto","background-attachment":"scroll","background-type":"","background-media":"","overlay-type":"","overlay-color":"","overlay-opacity":"","overlay-gradient":""},"mobile":{"background-color":"","background-image":"","background-repeat":"repeat","background-position":"center center","background-size":"auto","background-attachment":"scroll","background-type":"","background-media":"","overlay-type":"","overlay-color":"","overlay-opacity":"","overlay-gradient":""}},"ast-content-background-meta":{"desktop":{"background-color":"var(--ast-global-color-5)","background-image":"","background-repeat":"repeat","background-position":"center center","background-size":"auto","background-attachment":"scroll","background-type":"","background-media":"","overlay-type":"","overlay-color":"","overlay-opacity":"","overlay-gradient":""},"tablet":{"background-color":"var(--ast-global-color-5)","background-image":"","background-repeat":"repeat","background-position":"center center","background-size":"auto","background-attachment":"scroll","background-type":"","background-media":"","overlay-type":"","overlay-color":"","overlay-opacity":"","overlay-gradient":""},"mobile":{"background-color":"var(--ast-global-color-5)","background-image":"","background-repeat":"repeat","background-position":"center center","background-size":"auto","background-attachment":"scroll","background-type":"","background-media":"","overlay-type":"","overlay-color":"","overlay-opacity":"","overlay-gradient":""}}},"product_brand":[],"product_cat":[25],"product_tag":[],"class_list":{"0":"post-407","1":"product","2":"type-product","3":"status-publish","4":"has-post-thumbnail","6":"product_cat-bbq-grill","7":"desktop-align-center","8":"tablet-align-left","9":"mobile-align-left","11":"first","12":"instock","13":"featured","14":"shipping-taxable","15":"product-type-simple"},"_links":{"self":[{"href":"https:\/\/jblcorten.com\/fr\/wp-json\/wp\/v2\/product\/407","targetHints":{"allow":["GET"]}}],"collection":[{"href":"https:\/\/jblcorten.com\/fr\/wp-json\/wp\/v2\/product"}],"about":[{"href":"https:\/\/jblcorten.com\/fr\/wp-json\/wp\/v2\/types\/product"}],"wp:featuredmedia":[{"embeddable":true,"href":"https:\/\/jblcorten.com\/fr\/wp-json\/wp\/v2\/media\/2438"}],"wp:attachment":[{"href":"https:\/\/jblcorten.com\/fr\/wp-json\/wp\/v2\/media?parent=407"}],"wp:term":[{"taxonomy":"product_brand","embeddable":true,"href":"https:\/\/jblcorten.com\/fr\/wp-json\/wp\/v2\/product_brand?post=407"},{"taxonomy":"product_cat","embeddable":true,"href":"https:\/\/jblcorten.com\/fr\/wp-json\/wp\/v2\/product_cat?post=407"},{"taxonomy":"product_tag","embeddable":true,"href":"https:\/\/jblcorten.com\/fr\/wp-json\/wp\/v2\/product_tag?post=407"}],"curies":[{"name":"wp","href":"https:\/\/api.w.org\/{rel}","templated":true}]}}