{"id":395,"date":"2024-08-23T08:59:14","date_gmt":"2024-08-23T08:59:14","guid":{"rendered":"https:\/\/jblcorten.com\/?post_type=product&#038;p=395"},"modified":"2025-03-21T01:33:16","modified_gmt":"2025-03-21T01:33:16","slug":"foyer-en-corten","status":"publish","type":"product","link":"https:\/\/jblcorten.com\/fr\/corten-fire-pit\/","title":{"rendered":"Foyer en corten"},"content":{"rendered":"<p><strong><span style=\"font-size: 14pt;\">Foyer en corten<\/span><\/strong><\/p>\n<p>Nos foyers sont fabriqu\u00e9s en acier corten de haute qualit\u00e9. L'acier corten est un type d'acier qui d\u00e9veloppe une patine naturelle lorsqu'il est expos\u00e9 aux \u00e9l\u00e9ments. Au fil du temps, il prend une teinte rouge rouille.<\/p>\n<p>La base de notre foyer est \u00e9quip\u00e9e d'un support qui assure sa stabilit\u00e9 et sa s\u00e9curit\u00e9 pendant l'utilisation. Le foyer est \u00e9galement simple \u00e0 utiliser. Il suffit de mettre du bois dans le foyer et d'allumer les flammes. Vous pouvez discuter autour du feu avec vos amis ou votre famille le soir.<\/p>\n<p><strong><span style=\"font-size: 14pt;\">Sp\u00e9cification du produit :<\/span><\/strong><\/p>\n<table class=\"has-title is-zebra hight-light-first-column all magic-28\" style=\"height: 383px;\" width=\"899\">\n<tbody>\n<tr>\n<td colspan=\"1\" rowspan=\"1\">\n<div class=\"magic-29\" data-spm-anchor-id=\"a2700.details.0.i40.dc561892pzJoXG\">Nom du produit<\/div>\n<\/td>\n<td colspan=\"1\" rowspan=\"1\">\n<div class=\"magic-30\">Foyer en corten<\/div>\n<\/td>\n<\/tr>\n<tr>\n<td colspan=\"1\" rowspan=\"1\">\n<div class=\"magic-29\">Mat\u00e9riau<\/div>\n<\/td>\n<td colspan=\"1\" rowspan=\"1\">\n<div class=\"magic-30\">Acier corten<\/div>\n<\/td>\n<\/tr>\n<tr>\n<td colspan=\"1\" rowspan=\"1\">\n<div class=\"magic-31\">type de carburant<\/div>\n<\/td>\n<td colspan=\"1\" rowspan=\"1\">\n<div class=\"magic-32\">Bois<\/div>\n<\/td>\n<\/tr>\n<tr>\n<td colspan=\"1\" rowspan=\"1\">\n<div class=\"magic-29\">Diam\u00e8tre<\/div>\n<\/td>\n<td colspan=\"1\" rowspan=\"1\">\n<div class=\"magic-30\">60cm, 70cm, 80cm, 90cm, 100cm, 110cm, 120cm, etc.<\/div>\n<\/td>\n<\/tr>\n<tr>\n<td colspan=\"1\" rowspan=\"1\">\n<div class=\"magic-29\">couleur<\/div>\n<\/td>\n<td colspan=\"1\" rowspan=\"1\">\n<div class=\"magic-30\">Couleur naturelle<\/div>\n<\/td>\n<\/tr>\n<tr>\n<td colspan=\"1\" rowspan=\"1\">\n<div class=\"magic-29\">l'\u00e9paisseur<\/div>\n<\/td>\n<td colspan=\"1\" rowspan=\"1\">\n<div class=\"magic-30\">2mm , 3mm<\/div>\n<\/td>\n<\/tr>\n<tr>\n<td colspan=\"1\" rowspan=\"1\">\n<div class=\"magic-29\">Application<\/div>\n<\/td>\n<td colspan=\"1\" rowspan=\"1\">\n<div class=\"magic-30\">Chauffage\/D\u00e9coration<\/div>\n<\/td>\n<\/tr>\n<tr>\n<td colspan=\"1\" rowspan=\"1\">\n<div class=\"magic-31\">paquet<\/div>\n<\/td>\n<td colspan=\"1\" rowspan=\"1\">\n<div class=\"magic-32\">Palette en acier \/ Bo\u00eete en carton<\/div>\n<\/td>\n<\/tr>\n<\/tbody>\n<\/table>\n<p><span style=\"font-size: 14pt;\"><strong>Qu'est-ce que l'acier Corten ?<\/strong><\/span><\/p>\n<p>L'acier Corten est un acier alli\u00e9 \u00e0 haute r\u00e9sistance qui peut supporter toutes les conditions climatiques ext\u00e9rieures. Il est constitu\u00e9 d'un m\u00e9lange de cuivre, de chrome et de nickel qui forme une couche ext\u00e9rieure rouill\u00e9e, laquelle lui conf\u00e8re non seulement une texture unique, mais agit \u00e9galement comme un rev\u00eatement protecteur pour emp\u00eacher toute corrosion ult\u00e9rieure. Au fur et \u00e0 mesure que la rouille se d\u00e9veloppe, elle forme une couche protectrice qui scelle l'acier et le rend tr\u00e8s r\u00e9sistant aux intemp\u00e9ries.<\/p>\n<p><span style=\"font-size: 14pt;\"><strong>D\u00e9tails du produit :<\/strong><\/span><\/p>\n<p><img fetchpriority=\"high\" decoding=\"async\" class=\"alignnone wp-image-2448 size-full\" src=\"https:\/\/jblcorten.com\/wp-content\/uploads\/2024\/08\/fire-bowl.jpg\" alt=\"\" width=\"750\" height=\"500\" title=\"\" srcset=\"https:\/\/jblcorten.com\/wp-content\/uploads\/2024\/08\/fire-bowl.jpg 750w, https:\/\/jblcorten.com\/wp-content\/uploads\/2024\/08\/fire-bowl-600x400.jpg 600w, https:\/\/jblcorten.com\/wp-content\/uploads\/2024\/08\/fire-bowl-300x200.jpg 300w, https:\/\/jblcorten.com\/wp-content\/uploads\/2024\/08\/fire-bowl-18x12.jpg 18w\" sizes=\"(max-width: 750px) 100vw, 750px\" \/><\/p>\n<p>Nous sommes un fabricant de foyers en acier corten et nos foyers sont personnalisables.<\/p>\n<p><img decoding=\"async\" class=\"alignnone wp-image-2450 size-full\" src=\"https:\/\/jblcorten.com\/wp-content\/uploads\/2024\/08\/round-fire-pit.jpg\" alt=\"\" width=\"750\" height=\"562\" title=\"\" srcset=\"https:\/\/jblcorten.com\/wp-content\/uploads\/2024\/08\/round-fire-pit.jpg 750w, https:\/\/jblcorten.com\/wp-content\/uploads\/2024\/08\/round-fire-pit-600x450.jpg 600w, https:\/\/jblcorten.com\/wp-content\/uploads\/2024\/08\/round-fire-pit-300x225.jpg 300w, https:\/\/jblcorten.com\/wp-content\/uploads\/2024\/08\/round-fire-pit-16x12.jpg 16w\" sizes=\"(max-width: 750px) 100vw, 750px\" \/><\/p>\n<p><strong><span style=\"font-size: 14pt;\">Emballage du produit :<\/span><\/strong><\/p>\n<p><img decoding=\"async\" class=\"alignnone wp-image-2452\" src=\"https:\/\/jblcorten.com\/wp-content\/uploads\/2024\/08\/metal-fire-pit.jpg\" alt=\"\" width=\"750\" height=\"473\" title=\"\" srcset=\"https:\/\/jblcorten.com\/wp-content\/uploads\/2024\/08\/metal-fire-pit.jpg 711w, https:\/\/jblcorten.com\/wp-content\/uploads\/2024\/08\/metal-fire-pit-600x378.jpg 600w, https:\/\/jblcorten.com\/wp-content\/uploads\/2024\/08\/metal-fire-pit-300x189.jpg 300w, https:\/\/jblcorten.com\/wp-content\/uploads\/2024\/08\/metal-fire-pit-18x12.jpg 18w\" sizes=\"(max-width: 750px) 100vw, 750px\" \/><\/p>\n<p>&nbsp;<\/p>","protected":false},"excerpt":{"rendered":"<p>Nos foyers en corten sont fabriqu\u00e9s en acier corten de haute qualit\u00e9. L'acier corten est un type d'acier qui d\u00e9veloppe une patine naturelle lorsqu'il est expos\u00e9 aux \u00e9l\u00e9ments. Au fil du temps, il prend une teinte rouge rouille.<\/p>","protected":false},"featured_media":1456,"template":"","meta":{"site-sidebar-layout":"default","site-content-layout":"","ast-site-content-layout":"default","site-content-style":"default","site-sidebar-style":"default","ast-global-header-display":"","ast-banner-title-visibility":"","ast-main-header-display":"","ast-hfb-above-header-display":"","ast-hfb-below-header-display":"","ast-hfb-mobile-header-display":"","site-post-title":"","ast-breadcrumbs-content":"","ast-featured-img":"","footer-sml-layout":"","ast-disable-related-posts":"","theme-transparent-header-meta":"default","adv-header-id-meta":"","stick-header-meta":"","header-above-stick-meta":"","header-main-stick-meta":"","header-below-stick-meta":"","astra-migrate-meta-layouts":"set","ast-page-background-enabled":"default","ast-page-background-meta":{"desktop":{"background-color":"var(--ast-global-color-4)","background-image":"","background-repeat":"repeat","background-position":"center center","background-size":"auto","background-attachment":"scroll","background-type":"","background-media":"","overlay-type":"","overlay-color":"","overlay-opacity":"","overlay-gradient":""},"tablet":{"background-color":"","background-image":"","background-repeat":"repeat","background-position":"center center","background-size":"auto","background-attachment":"scroll","background-type":"","background-media":"","overlay-type":"","overlay-color":"","overlay-opacity":"","overlay-gradient":""},"mobile":{"background-color":"","background-image":"","background-repeat":"repeat","background-position":"center center","background-size":"auto","background-attachment":"scroll","background-type":"","background-media":"","overlay-type":"","overlay-color":"","overlay-opacity":"","overlay-gradient":""}},"ast-content-background-meta":{"desktop":{"background-color":"var(--ast-global-color-5)","background-image":"","background-repeat":"repeat","background-position":"center center","background-size":"auto","background-attachment":"scroll","background-type":"","background-media":"","overlay-type":"","overlay-color":"","overlay-opacity":"","overlay-gradient":""},"tablet":{"background-color":"var(--ast-global-color-5)","background-image":"","background-repeat":"repeat","background-position":"center center","background-size":"auto","background-attachment":"scroll","background-type":"","background-media":"","overlay-type":"","overlay-color":"","overlay-opacity":"","overlay-gradient":""},"mobile":{"background-color":"var(--ast-global-color-5)","background-image":"","background-repeat":"repeat","background-position":"center center","background-size":"auto","background-attachment":"scroll","background-type":"","background-media":"","overlay-type":"","overlay-color":"","overlay-opacity":"","overlay-gradient":""}}},"product_brand":[],"product_cat":[29,45],"product_tag":[],"class_list":{"0":"post-395","1":"product","2":"type-product","3":"status-publish","4":"has-post-thumbnail","6":"product_cat-fire-pit","7":"product_cat-wood-burning-fire-pit","8":"desktop-align-center","9":"tablet-align-left","10":"mobile-align-left","12":"first","13":"instock","14":"featured","15":"shipping-taxable","16":"product-type-simple"},"_links":{"self":[{"href":"https:\/\/jblcorten.com\/fr\/wp-json\/wp\/v2\/product\/395","targetHints":{"allow":["GET"]}}],"collection":[{"href":"https:\/\/jblcorten.com\/fr\/wp-json\/wp\/v2\/product"}],"about":[{"href":"https:\/\/jblcorten.com\/fr\/wp-json\/wp\/v2\/types\/product"}],"wp:featuredmedia":[{"embeddable":true,"href":"https:\/\/jblcorten.com\/fr\/wp-json\/wp\/v2\/media\/1456"}],"wp:attachment":[{"href":"https:\/\/jblcorten.com\/fr\/wp-json\/wp\/v2\/media?parent=395"}],"wp:term":[{"taxonomy":"product_brand","embeddable":true,"href":"https:\/\/jblcorten.com\/fr\/wp-json\/wp\/v2\/product_brand?post=395"},{"taxonomy":"product_cat","embeddable":true,"href":"https:\/\/jblcorten.com\/fr\/wp-json\/wp\/v2\/product_cat?post=395"},{"taxonomy":"product_tag","embeddable":true,"href":"https:\/\/jblcorten.com\/fr\/wp-json\/wp\/v2\/product_tag?post=395"}],"curies":[{"name":"wp","href":"https:\/\/api.w.org\/{rel}","templated":true}]}}