{"id":3828,"date":"2025-07-25T15:48:08","date_gmt":"2025-07-25T07:48:08","guid":{"rendered":"https:\/\/jblcorten.com\/?post_type=product&#038;p=3828"},"modified":"2025-07-25T15:48:08","modified_gmt":"2025-07-25T07:48:08","slug":"cheminee-flottante","status":"publish","type":"product","link":"https:\/\/jblcorten.com\/fr\/floating-fireplace\/","title":{"rendered":"Chemin\u00e9e flottante"},"content":{"rendered":"<p style=\"text-align: center;\"><strong><span style=\"font-size: 14pt;\">Chemin\u00e9e flottante<\/span><\/strong><\/p>\n<p>Notre chemin\u00e9e flottante utilise une technologie innovante de suspension de la hotte et un design de pot \u00e0 feu ouvert. La hotte semi-circulaire a non seulement une excellente fonction d'\u00e9vacuation des fum\u00e9es, mais elle devient \u00e9galement le point de mire artistique de l'espace. Le pot \u00e0 feu rond et ouvert permet \u00e0 la flamme d'\u00eatre visible \u00e0 360 degr\u00e9s, cr\u00e9ant ainsi une atmosph\u00e8re chaleureuse et romantique. Fabriqu\u00e9e en acier de haute qualit\u00e9, la surface est sp\u00e9cialement trait\u00e9e contre la corrosion pour garantir une utilisation \u00e0 long terme sans d\u00e9coloration. L'angle et la hauteur de la hotte, calcul\u00e9s avec pr\u00e9cision, garantissent l'effet d'\u00e9vacuation tout en maximisant la dissipation de la chaleur, de sorte que l'ensemble de l'espace puisse se sentir bien au chaud.<\/p>\n<p><img fetchpriority=\"high\" decoding=\"async\" class=\"alignnone size-full wp-image-3835\" src=\"https:\/\/jblcorten.com\/wp-content\/uploads\/2025\/07\/floating-wall-mount-fireplace.jpg\" alt=\"chemin\u00e9e murale flottante\" width=\"750\" height=\"400\" title=\"\" srcset=\"https:\/\/jblcorten.com\/wp-content\/uploads\/2025\/07\/floating-wall-mount-fireplace.jpg 750w, https:\/\/jblcorten.com\/wp-content\/uploads\/2025\/07\/floating-wall-mount-fireplace-300x160.jpg 300w, https:\/\/jblcorten.com\/wp-content\/uploads\/2025\/07\/floating-wall-mount-fireplace-18x10.jpg 18w, https:\/\/jblcorten.com\/wp-content\/uploads\/2025\/07\/floating-wall-mount-fireplace-600x320.jpg 600w\" sizes=\"(max-width: 750px) 100vw, 750px\" \/><\/p>\n<p><strong><span style=\"font-size: 14pt;\">Sp\u00e9cification du produit :<\/span><\/strong><\/p>\n<table style=\"border-collapse: collapse; width: 100%;\">\n<tbody>\n<tr>\n<td style=\"width: 28.2349%; background-color: #f5f5f5;\">Nom du produit<\/td>\n<td style=\"width: 71.7651%;\">Chemin\u00e9e flottante<\/td>\n<\/tr>\n<tr>\n<td style=\"width: 28.2349%; background-color: #f5f5f5;\">Mat\u00e9riau<\/td>\n<td style=\"width: 71.7651%;\">Acier au carbone<\/td>\n<\/tr>\n<tr>\n<td style=\"width: 28.2349%; background-color: #f5f5f5;\">Couleur<\/td>\n<td style=\"width: 71.7651%;\">Noir mat<\/td>\n<\/tr>\n<tr>\n<td style=\"width: 28.2349%; background-color: #f5f5f5;\">Dimension<\/td>\n<td style=\"width: 71.7651%;\">Dia 800\/900\/1000 \/1100mm (sur mesure)<\/td>\n<\/tr>\n<tr>\n<td style=\"width: 28.2349%; background-color: #f5f5f5;\">Chemin\u00e9e<\/td>\n<td style=\"width: 71.7651%;\">Dia 219mm, standard Hauteur 2000-2200 mm<\/td>\n<\/tr>\n<tr>\n<td style=\"width: 28.2349%; background-color: #f5f5f5;\">Zone de chaleur<\/td>\n<td style=\"width: 71.7651%;\">120-150\u33a1<\/td>\n<\/tr>\n<\/tbody>\n<\/table>\n<p><strong><span style=\"font-size: 14pt;\">Assurance qualit\u00e9 :<\/span><\/strong><\/p>\n<p>La chemin\u00e9e flottante est fabriqu\u00e9e en m\u00e9tal industriel tr\u00e8s r\u00e9sistant et est trait\u00e9e avec un spray ou une peinture r\u00e9sistant aux temp\u00e9ratures \u00e9lev\u00e9es pour garantir qu'elle ne changera pas de couleur et ne se d\u00e9formera pas en cas d'utilisation prolong\u00e9e. Notre chemin\u00e9e flottante est polie par une combinaison de proc\u00e9d\u00e9s m\u00e9caniques et manuels afin d'am\u00e9liorer la texture g\u00e9n\u00e9rale. Chaque produit est soumis \u00e0 des tests stricts de temp\u00e9rature, de s\u00e9curit\u00e9 et de stabilit\u00e9 structurelle avant de quitter l'usine afin de garantir une excellente qualit\u00e9.<\/p>\n<p><img decoding=\"async\" class=\"alignnone size-full wp-image-3834\" src=\"https:\/\/jblcorten.com\/wp-content\/uploads\/2025\/07\/suspended-fireplace-for-sale.jpg\" alt=\"Chemin\u00e9e suspendue \u00e0 vendre\" width=\"750\" height=\"345\" title=\"\" srcset=\"https:\/\/jblcorten.com\/wp-content\/uploads\/2025\/07\/suspended-fireplace-for-sale.jpg 750w, https:\/\/jblcorten.com\/wp-content\/uploads\/2025\/07\/suspended-fireplace-for-sale-300x138.jpg 300w, https:\/\/jblcorten.com\/wp-content\/uploads\/2025\/07\/suspended-fireplace-for-sale-18x8.jpg 18w, https:\/\/jblcorten.com\/wp-content\/uploads\/2025\/07\/suspended-fireplace-for-sale-600x276.jpg 600w\" sizes=\"(max-width: 750px) 100vw, 750px\" \/><\/p>\n<p><img decoding=\"async\" class=\"alignnone size-full wp-image-3833\" src=\"https:\/\/jblcorten.com\/wp-content\/uploads\/2025\/07\/black-floating-fireplace.jpg\" alt=\"chemin\u00e9e flottante noire\" width=\"750\" height=\"345\" title=\"\" srcset=\"https:\/\/jblcorten.com\/wp-content\/uploads\/2025\/07\/black-floating-fireplace.jpg 750w, https:\/\/jblcorten.com\/wp-content\/uploads\/2025\/07\/black-floating-fireplace-300x138.jpg 300w, https:\/\/jblcorten.com\/wp-content\/uploads\/2025\/07\/black-floating-fireplace-18x8.jpg 18w, https:\/\/jblcorten.com\/wp-content\/uploads\/2025\/07\/black-floating-fireplace-600x276.jpg 600w\" sizes=\"(max-width: 750px) 100vw, 750px\" \/><\/p>\n<p><strong><span style=\"font-size: 14pt;\">A propos de nous :<\/span><\/strong><\/p>\n<p><span style=\"color: #00ccff;\"><strong>Henan Jinbailai Industrial Co. Ltd.<\/strong> <span style=\"color: #000000;\">a \u00e9t\u00e9 cr\u00e9\u00e9e en 2008 et est situ\u00e9e \u00e0 Anyang, l'une des huit anciennes capitales de la Chine. La soci\u00e9t\u00e9 se concentre sur le traitement et la production d'acier r\u00e9sistant aux intemp\u00e9ries. Avec plus de dix ans d'exp\u00e9rience dans l'industrie, nous avons non seulement des \u00e9quipements de production avanc\u00e9s, mais aussi une \u00e9quipe technique exp\u00e9riment\u00e9e qui se consacre \u00e0 fournir aux clients des produits en acier corten de haute qualit\u00e9.<\/span><\/span><\/p>\n<p><span style=\"color: #000000;\">Gr\u00e2ce \u00e0 leurs excellentes performances et \u00e0 leur qualit\u00e9 fiable, nos produits sont export\u00e9s vers plus de 60 pays, dont les \u00c9tats-Unis, le Royaume-Uni, l'Italie, l'Australie, etc., et sont largement reconnus par les clients nationaux et \u00e9trangers.<\/span><\/p>\n<p><img loading=\"lazy\" decoding=\"async\" class=\"alignnone wp-image-1464\" src=\"https:\/\/jblcorten.com\/wp-content\/uploads\/2024\/10\/HNJBL.jpg\" alt=\"HNJBL\" width=\"750\" height=\"422\" title=\"\" srcset=\"https:\/\/jblcorten.com\/wp-content\/uploads\/2024\/10\/HNJBL.jpg 800w, https:\/\/jblcorten.com\/wp-content\/uploads\/2024\/10\/HNJBL-600x338.jpg 600w, https:\/\/jblcorten.com\/wp-content\/uploads\/2024\/10\/HNJBL-300x169.jpg 300w, https:\/\/jblcorten.com\/wp-content\/uploads\/2024\/10\/HNJBL-768x432.jpg 768w\" sizes=\"(max-width: 750px) 100vw, 750px\" \/><img loading=\"lazy\" decoding=\"async\" class=\"alignnone size-full wp-image-3648\" src=\"https:\/\/jblcorten.com\/wp-content\/uploads\/2025\/07\/certification.jpg\" alt=\"\" width=\"750\" height=\"695\" title=\"\" srcset=\"https:\/\/jblcorten.com\/wp-content\/uploads\/2025\/07\/certification.jpg 750w, https:\/\/jblcorten.com\/wp-content\/uploads\/2025\/07\/certification-300x278.jpg 300w, https:\/\/jblcorten.com\/wp-content\/uploads\/2025\/07\/certification-13x12.jpg 13w, https:\/\/jblcorten.com\/wp-content\/uploads\/2025\/07\/certification-600x556.jpg 600w\" sizes=\"(max-width: 750px) 100vw, 750px\" \/><img loading=\"lazy\" decoding=\"async\" class=\"alignnone size-full wp-image-3647\" src=\"https:\/\/jblcorten.com\/wp-content\/uploads\/2025\/07\/HNJBL-exhibition.jpg\" alt=\"\" width=\"750\" height=\"540\" title=\"\" srcset=\"https:\/\/jblcorten.com\/wp-content\/uploads\/2025\/07\/HNJBL-exhibition.jpg 750w, https:\/\/jblcorten.com\/wp-content\/uploads\/2025\/07\/HNJBL-exhibition-300x216.jpg 300w, https:\/\/jblcorten.com\/wp-content\/uploads\/2025\/07\/HNJBL-exhibition-18x12.jpg 18w, https:\/\/jblcorten.com\/wp-content\/uploads\/2025\/07\/HNJBL-exhibition-600x432.jpg 600w\" sizes=\"(max-width: 750px) 100vw, 750px\" \/><img loading=\"lazy\" decoding=\"async\" class=\"alignnone size-full wp-image-3646\" src=\"https:\/\/jblcorten.com\/wp-content\/uploads\/2025\/07\/customer-visit.jpg\" alt=\"\" width=\"750\" height=\"440\" title=\"\" srcset=\"https:\/\/jblcorten.com\/wp-content\/uploads\/2025\/07\/customer-visit.jpg 750w, https:\/\/jblcorten.com\/wp-content\/uploads\/2025\/07\/customer-visit-300x176.jpg 300w, https:\/\/jblcorten.com\/wp-content\/uploads\/2025\/07\/customer-visit-18x12.jpg 18w, https:\/\/jblcorten.com\/wp-content\/uploads\/2025\/07\/customer-visit-600x352.jpg 600w\" sizes=\"(max-width: 750px) 100vw, 750px\" \/><\/p>\n<p><span style=\"font-size: 14pt;\"><strong>FAQ :<\/strong><\/span><\/p>\n<p><strong>Q1 : La chemin\u00e9e flottante est-elle s\u00fbre ? Va-t-elle tomber si elle est suspendue dans l'air ?<\/strong><br \/>\nR : Nos produits adoptent une structure de levage de qualit\u00e9 industrielle, et la conception de la charge d\u00e9passe largement le poids du foyer. Ils ont subi de nombreux tests de s\u00e9curit\u00e9. Tant qu'il est install\u00e9 conform\u00e9ment aux sp\u00e9cifications, il est totalement s\u00fbr et fiable.<\/p>\n<p><strong>Q2 : Une chemin\u00e9e ou un \u00e9vent sont-ils n\u00e9cessaires ?<\/strong><br \/>\nR : Le foyer suspendu \u00e0 bois doit \u00eatre utilis\u00e9 avec un syst\u00e8me d'\u00e9vacuation des fum\u00e9es, qui est facile \u00e0 installer.<\/p>\n<p><strong>Q3 : Est-il possible de personnaliser diff\u00e9rentes couleurs ou diff\u00e9rents mat\u00e9riaux ?<\/strong><br \/>\nR : Bien s\u00fbr. Nous proposons des services personnalis\u00e9s dans une grande vari\u00e9t\u00e9 de couleurs, de rev\u00eatements et de mat\u00e9riaux de coque. <a href=\"\/fr\/nous-contacter\/\">Veuillez nous contacter.<\/a><\/p>\n<p><strong>Q4 : L'entreprise prend-elle en charge les transports \u00e0 l'\u00e9tranger ?<\/strong><br \/>\nR : Il prend en charge les exp\u00e9ditions mondiales et fournit des emballages anti-collision et r\u00e9sistants \u00e0 la pression, ainsi que des documents d'orientation pour l'installation.<\/p>","protected":false},"excerpt":{"rendered":"<p>Cette chemin\u00e9e flottante moderne adopte un design industriel minimaliste, une forme h\u00e9misph\u00e9rique noire et un excellent effet de chauffage \u00e0 360\u00b0. Elle convient aux espaces haut de gamme tels que les villas, les maisons en bois et les r\u00e9sidences de vacances, afin de cr\u00e9er une d\u00e9coration d'int\u00e9rieur \u00e0 la fois visuelle et chaleureuse.<\/p>","protected":false},"featured_media":3830,"template":"","meta":{"site-sidebar-layout":"default","site-content-layout":"","ast-site-content-layout":"default","site-content-style":"default","site-sidebar-style":"default","ast-global-header-display":"","ast-banner-title-visibility":"","ast-main-header-display":"","ast-hfb-above-header-display":"","ast-hfb-below-header-display":"","ast-hfb-mobile-header-display":"","site-post-title":"","ast-breadcrumbs-content":"","ast-featured-img":"","footer-sml-layout":"","ast-disable-related-posts":"","theme-transparent-header-meta":"default","adv-header-id-meta":"","stick-header-meta":"","header-above-stick-meta":"","header-main-stick-meta":"","header-below-stick-meta":"","astra-migrate-meta-layouts":"set","ast-page-background-enabled":"default","ast-page-background-meta":{"desktop":{"background-color":"var(--ast-global-color-4)","background-image":"","background-repeat":"repeat","background-position":"center center","background-size":"auto","background-attachment":"scroll","background-type":"","background-media":"","overlay-type":"","overlay-color":"","overlay-opacity":"","overlay-gradient":""},"tablet":{"background-color":"","background-image":"","background-repeat":"repeat","background-position":"center center","background-size":"auto","background-attachment":"scroll","background-type":"","background-media":"","overlay-type":"","overlay-color":"","overlay-opacity":"","overlay-gradient":""},"mobile":{"background-color":"","background-image":"","background-repeat":"repeat","background-position":"center center","background-size":"auto","background-attachment":"scroll","background-type":"","background-media":"","overlay-type":"","overlay-color":"","overlay-opacity":"","overlay-gradient":""}},"ast-content-background-meta":{"desktop":{"background-color":"var(--ast-global-color-5)","background-image":"","background-repeat":"repeat","background-position":"center center","background-size":"auto","background-attachment":"scroll","background-type":"","background-media":"","overlay-type":"","overlay-color":"","overlay-opacity":"","overlay-gradient":""},"tablet":{"background-color":"var(--ast-global-color-5)","background-image":"","background-repeat":"repeat","background-position":"center center","background-size":"auto","background-attachment":"scroll","background-type":"","background-media":"","overlay-type":"","overlay-color":"","overlay-opacity":"","overlay-gradient":""},"mobile":{"background-color":"var(--ast-global-color-5)","background-image":"","background-repeat":"repeat","background-position":"center center","background-size":"auto","background-attachment":"scroll","background-type":"","background-media":"","overlay-type":"","overlay-color":"","overlay-opacity":"","overlay-gradient":""}}},"product_brand":[],"product_cat":[30],"product_tag":[88,86,87],"class_list":{"0":"post-3828","1":"product","2":"type-product","3":"status-publish","4":"has-post-thumbnail","6":"product_cat-fireplace","7":"product_tag-floating-fireplace","8":"product_tag-hanging-fireplace","9":"product_tag-suspended-fireplace","10":"desktop-align-center","11":"tablet-align-left","12":"mobile-align-left","14":"first","15":"instock","16":"shipping-taxable","17":"product-type-simple"},"_links":{"self":[{"href":"https:\/\/jblcorten.com\/fr\/wp-json\/wp\/v2\/product\/3828","targetHints":{"allow":["GET"]}}],"collection":[{"href":"https:\/\/jblcorten.com\/fr\/wp-json\/wp\/v2\/product"}],"about":[{"href":"https:\/\/jblcorten.com\/fr\/wp-json\/wp\/v2\/types\/product"}],"wp:featuredmedia":[{"embeddable":true,"href":"https:\/\/jblcorten.com\/fr\/wp-json\/wp\/v2\/media\/3830"}],"wp:attachment":[{"href":"https:\/\/jblcorten.com\/fr\/wp-json\/wp\/v2\/media?parent=3828"}],"wp:term":[{"taxonomy":"product_brand","embeddable":true,"href":"https:\/\/jblcorten.com\/fr\/wp-json\/wp\/v2\/product_brand?post=3828"},{"taxonomy":"product_cat","embeddable":true,"href":"https:\/\/jblcorten.com\/fr\/wp-json\/wp\/v2\/product_cat?post=3828"},{"taxonomy":"product_tag","embeddable":true,"href":"https:\/\/jblcorten.com\/fr\/wp-json\/wp\/v2\/product_tag?post=3828"}],"curies":[{"name":"wp","href":"https:\/\/api.w.org\/{rel}","templated":true}]}}