{"id":3821,"date":"2025-07-25T10:55:26","date_gmt":"2025-07-25T02:55:26","guid":{"rendered":"https:\/\/jblcorten.com\/?post_type=product&#038;p=3821"},"modified":"2025-07-25T10:55:27","modified_gmt":"2025-07-25T02:55:27","slug":"jardiniere-en-metal-rouille","status":"publish","type":"product","link":"https:\/\/jblcorten.com\/fr\/rust-metal-planter\/","title":{"rendered":"Jardini\u00e8re en m\u00e9tal rouill\u00e9"},"content":{"rendered":"<h2 style=\"text-align: center;\"><span style=\"font-size: 14pt;\">Jardini\u00e8re en m\u00e9tal rouill\u00e9<\/span><\/h2>\n<p>Cette jardini\u00e8re en m\u00e9tal rouill\u00e9 est fabriqu\u00e9e en acier de haute qualit\u00e9 r\u00e9sistant aux intemp\u00e9ries. Il pr\u00e9sente une forme carr\u00e9e moderne et un ton brun chaud de rouille naturelle sur la surface, combinant les styles r\u00e9tro et moderne. Les propri\u00e9t\u00e9s uniques de l'acier r\u00e9sistant aux intemp\u00e9ries lui permettent de former naturellement une couche protectrice dans les environnements ext\u00e9rieurs, qui n'est pas facile \u00e0 rouiller ou \u00e0 corroder, et qui convient \u00e0 une utilisation \u00e0 long terme dans les jardins, les balcons ou les espaces commerciaux.<\/p>\n<p>Le pot de fleurs est disponible dans une vari\u00e9t\u00e9 de tailles, y compris les petites, les grandes et les sp\u00e9cifications personnalis\u00e9es, pour r\u00e9pondre \u00e0 diff\u00e9rentes sc\u00e8nes et aux besoins de plantation. Le fond est perc\u00e9 de trous de drainage pour garantir que les racines des plantes sont s\u00e8ches et respirent, ce qui est propice \u00e0 une croissance saine. Qu'il soit utilis\u00e9 pour faire pousser des plantes vertes et des fleurs, ou comme simple \u00e9l\u00e9ment de d\u00e9coration du jardin, il constitue un choix id\u00e9al pour rehausser la beaut\u00e9 de l'espace.<\/p>\n<p><img fetchpriority=\"high\" decoding=\"async\" class=\"alignnone size-full wp-image-3822\" src=\"https:\/\/jblcorten.com\/wp-content\/uploads\/2025\/07\/rust-metal-planter.jpg\" alt=\"jardini\u00e8re en m\u00e9tal rouill\u00e9\" width=\"750\" height=\"500\" title=\"\" srcset=\"https:\/\/jblcorten.com\/wp-content\/uploads\/2025\/07\/rust-metal-planter.jpg 750w, https:\/\/jblcorten.com\/wp-content\/uploads\/2025\/07\/rust-metal-planter-300x200.jpg 300w, https:\/\/jblcorten.com\/wp-content\/uploads\/2025\/07\/rust-metal-planter-18x12.jpg 18w, https:\/\/jblcorten.com\/wp-content\/uploads\/2025\/07\/rust-metal-planter-600x400.jpg 600w\" sizes=\"(max-width: 750px) 100vw, 750px\" \/><\/p>\n<p><strong><span style=\"font-size: 14pt;\">Pourquoi choisir l'acier Corten ?<\/span><\/strong><\/p>\n<p>L'acier Corten (r\u00e9sistant aux intemp\u00e9ries) pr\u00e9sente une excellente r\u00e9sistance \u00e0 la corrosion. La principale caract\u00e9ristique de l'acier r\u00e9sistant aux intemp\u00e9ries est que la rouille \u00e0 la surface se forme naturellement au fil du temps, formant une couche d'oxyde dense dans l'environnement atmosph\u00e9rique. Cette couche de \"rouille\" ne tombera pas, mais jouera un r\u00f4le d'antirouille, \u00e9vitant toute corrosion suppl\u00e9mentaire, garantissant que les pots de fleurs restent durables, beaux et g\u00e9n\u00e9reux dans l'environnement ext\u00e9rieur sans trop d'entretien.<\/p>\n<p><img decoding=\"async\" class=\"alignnone size-full wp-image-2519\" src=\"https:\/\/jblcorten.com\/wp-content\/uploads\/2025\/03\/corten-steel-material.jpg\" alt=\"mat\u00e9riau en acier corten\" width=\"750\" height=\"321\" title=\"\" srcset=\"https:\/\/jblcorten.com\/wp-content\/uploads\/2025\/03\/corten-steel-material.jpg 750w, https:\/\/jblcorten.com\/wp-content\/uploads\/2025\/03\/corten-steel-material-600x257.jpg 600w, https:\/\/jblcorten.com\/wp-content\/uploads\/2025\/03\/corten-steel-material-300x128.jpg 300w, https:\/\/jblcorten.com\/wp-content\/uploads\/2025\/03\/corten-steel-material-18x8.jpg 18w\" sizes=\"(max-width: 750px) 100vw, 750px\" \/><\/p>\n<p><strong><span style=\"font-size: 14pt;\">Sp\u00e9cification du produit :<\/span><\/strong><\/p>\n<table style=\"border-collapse: collapse; width: 100%;\">\n<tbody>\n<tr>\n<td style=\"width: 26.365%; background-color: #f5f5f5;\">Nom du produit<\/td>\n<td style=\"width: 73.635%; background-color: #f5f5f5;\">Jardini\u00e8re en m\u00e9tal rouill\u00e9<\/td>\n<\/tr>\n<tr>\n<td style=\"width: 26.365%;\">Mat\u00e9riau<\/td>\n<td style=\"width: 73.635%;\">Acier Corten\/ acier r\u00e9sistant aux intemp\u00e9ries<\/td>\n<\/tr>\n<tr>\n<td style=\"width: 26.365%; background-color: #f5f5f5;\">Couleur<\/td>\n<td style=\"width: 73.635%; background-color: #f5f5f5;\">Rouille naturelle<\/td>\n<\/tr>\n<tr>\n<td style=\"width: 26.365%;\">Forme<\/td>\n<td style=\"width: 73.635%;\">Carr\u00e9 ou personnalis\u00e9<\/td>\n<\/tr>\n<tr>\n<td style=\"width: 26.365%; background-color: #f5f5f5;\">Taille<\/td>\n<td style=\"width: 73.635%; background-color: #f5f5f5;\">50cm \u00d7 50cm \u00d7 50cm<\/td>\n<\/tr>\n<\/tbody>\n<\/table>\n<p><strong><span style=\"font-size: 14pt;\">Caract\u00e9ristiques du produit :<\/span><\/strong><\/p>\n<ul>\n<li><strong>Mat\u00e9riau :<\/strong> Acier de haute qualit\u00e9 r\u00e9sistant aux intemp\u00e9ries, anticorrosion et antirouille, adapt\u00e9 \u00e0 une utilisation ext\u00e9rieure de longue dur\u00e9e<\/li>\n<li><strong>Apparence :<\/strong> surface naturelle de couleur rouille, pr\u00e9sentant une texture unique au fil du temps<\/li>\n<li><strong>Forme :<\/strong> design carr\u00e9 simple, style polyvalent<\/li>\n<li><strong>Taille en option :<\/strong> diff\u00e9rentes tailles et formes sont disponibles, et la personnalisation de la taille est possible<\/li>\n<li><strong>Conception du drainage :<\/strong> des trous de drainage sont r\u00e9serv\u00e9s au fond pour faciliter la croissance saine des plantes<\/li>\n<li><strong>Large \u00e9ventail d'utilisations :<\/strong> convient pour les jardins, les terrasses, les balcons, les zones vertes commerciales, etc.<\/li>\n<\/ul>\n<p><strong><span style=\"font-size: 14pt;\">Emballage du produit :<\/span><\/strong><\/p>\n<p>Nous utilisons des palettes et du film \u00e9tirable pour emballer les pots.<\/p>\n<p><img decoding=\"async\" class=\"alignnone size-full wp-image-3827\" src=\"https:\/\/jblcorten.com\/wp-content\/uploads\/2025\/07\/corten-steel-planter-pot-package.jpg\" alt=\"pot de fleurs en acier corten -package\" width=\"750\" height=\"700\" title=\"\" srcset=\"https:\/\/jblcorten.com\/wp-content\/uploads\/2025\/07\/corten-steel-planter-pot-package.jpg 750w, https:\/\/jblcorten.com\/wp-content\/uploads\/2025\/07\/corten-steel-planter-pot-package-300x280.jpg 300w, https:\/\/jblcorten.com\/wp-content\/uploads\/2025\/07\/corten-steel-planter-pot-package-13x12.jpg 13w, https:\/\/jblcorten.com\/wp-content\/uploads\/2025\/07\/corten-steel-planter-pot-package-600x560.jpg 600w\" sizes=\"(max-width: 750px) 100vw, 750px\" \/><\/p>\n<p><strong><span style=\"font-size: 14pt;\">FAQ :<\/span><\/strong><\/p>\n<p><strong>Q1 : La jardini\u00e8re en m\u00e9tal rouill\u00e9 va-t-elle continuer \u00e0 rouiller ? Cela va-t-il endommager les plantes ?<\/strong><br \/>\nR : Une couche de rouille stable se forme \u00e0 la surface de l'acier expos\u00e9 aux intemp\u00e9ries, qui ne continue pas \u00e0 se corroder et n'endommage pas les plantes ou le sol.<\/p>\n<p><strong>Q2 : Le pot de fleurs peut-il \u00eatre utilis\u00e9 \u00e0 l'int\u00e9rieur ?<\/strong><br \/>\nR : Oui, mais il est recommand\u00e9 de l'utiliser avec un plateau pour \u00e9viter que les taches d'eau ne contaminent le sol.<\/p>\n<p><strong>Q3 : Combien de temps faut-il pour qu'un produit prenne un aspect rouill\u00e9 ?<\/strong><br \/>\nR : Il faut en g\u00e9n\u00e9ral 2 \u00e0 6 semaines pour obtenir une couleur rouille naturelle dans un environnement ext\u00e9rieur. Si l'effet est urgent, nous proposons \u00e9galement des services de traitement par oxydation acc\u00e9l\u00e9r\u00e9e.<\/p>\n<p><strong>Q4 : Puis-je acheter en gros ?<\/strong><br \/>\nR : Bien s\u00fbr. Nous prenons en charge la personnalisation en vrac et la coop\u00e9ration avec les fabricants d'\u00e9quipements d'origine.<\/p>","protected":false},"excerpt":{"rendered":"<p>La jardini\u00e8re en m\u00e9tal rouill\u00e9 est fabriqu\u00e9e en acier vieillissant et pr\u00e9sente une beaut\u00e9 rouill\u00e9e unique et naturelle. Des tailles et des styles personnalisables sont disponibles et conviennent aux jardins ext\u00e9rieurs, aux balcons et aux d\u00e9corations de jardinage dans les espaces commerciaux.<\/p>\n<ul>\n<li>Mat\u00e9riau : Acier Corten<\/li>\n<li>Couleur : rouille naturelle<\/li>\n<li>Forme : Carr\u00e9<\/li>\n<li>Taille : 50cm \u00d7 50cm \u00d7 50cm<\/li>\n<\/ul>","protected":false},"featured_media":3826,"template":"","meta":{"site-sidebar-layout":"default","site-content-layout":"","ast-site-content-layout":"default","site-content-style":"default","site-sidebar-style":"default","ast-global-header-display":"","ast-banner-title-visibility":"","ast-main-header-display":"","ast-hfb-above-header-display":"","ast-hfb-below-header-display":"","ast-hfb-mobile-header-display":"","site-post-title":"","ast-breadcrumbs-content":"","ast-featured-img":"","footer-sml-layout":"","ast-disable-related-posts":"","theme-transparent-header-meta":"default","adv-header-id-meta":"","stick-header-meta":"","header-above-stick-meta":"","header-main-stick-meta":"","header-below-stick-meta":"","astra-migrate-meta-layouts":"set","ast-page-background-enabled":"default","ast-page-background-meta":{"desktop":{"background-color":"var(--ast-global-color-4)","background-image":"","background-repeat":"repeat","background-position":"center center","background-size":"auto","background-attachment":"scroll","background-type":"","background-media":"","overlay-type":"","overlay-color":"","overlay-opacity":"","overlay-gradient":""},"tablet":{"background-color":"","background-image":"","background-repeat":"repeat","background-position":"center center","background-size":"auto","background-attachment":"scroll","background-type":"","background-media":"","overlay-type":"","overlay-color":"","overlay-opacity":"","overlay-gradient":""},"mobile":{"background-color":"","background-image":"","background-repeat":"repeat","background-position":"center center","background-size":"auto","background-attachment":"scroll","background-type":"","background-media":"","overlay-type":"","overlay-color":"","overlay-opacity":"","overlay-gradient":""}},"ast-content-background-meta":{"desktop":{"background-color":"var(--ast-global-color-5)","background-image":"","background-repeat":"repeat","background-position":"center center","background-size":"auto","background-attachment":"scroll","background-type":"","background-media":"","overlay-type":"","overlay-color":"","overlay-opacity":"","overlay-gradient":""},"tablet":{"background-color":"var(--ast-global-color-5)","background-image":"","background-repeat":"repeat","background-position":"center center","background-size":"auto","background-attachment":"scroll","background-type":"","background-media":"","overlay-type":"","overlay-color":"","overlay-opacity":"","overlay-gradient":""},"mobile":{"background-color":"var(--ast-global-color-5)","background-image":"","background-repeat":"repeat","background-position":"center center","background-size":"auto","background-attachment":"scroll","background-type":"","background-media":"","overlay-type":"","overlay-color":"","overlay-opacity":"","overlay-gradient":""}}},"product_brand":[],"product_cat":[34],"product_tag":[85,84],"class_list":{"0":"post-3821","1":"product","2":"type-product","3":"status-publish","4":"has-post-thumbnail","6":"product_cat-planter-pots","7":"product_tag-corten-flower-pot","8":"product_tag-corten-planter-pot","9":"desktop-align-center","10":"tablet-align-left","11":"mobile-align-left","13":"first","14":"instock","15":"shipping-taxable","16":"product-type-simple"},"_links":{"self":[{"href":"https:\/\/jblcorten.com\/fr\/wp-json\/wp\/v2\/product\/3821","targetHints":{"allow":["GET"]}}],"collection":[{"href":"https:\/\/jblcorten.com\/fr\/wp-json\/wp\/v2\/product"}],"about":[{"href":"https:\/\/jblcorten.com\/fr\/wp-json\/wp\/v2\/types\/product"}],"wp:featuredmedia":[{"embeddable":true,"href":"https:\/\/jblcorten.com\/fr\/wp-json\/wp\/v2\/media\/3826"}],"wp:attachment":[{"href":"https:\/\/jblcorten.com\/fr\/wp-json\/wp\/v2\/media?parent=3821"}],"wp:term":[{"taxonomy":"product_brand","embeddable":true,"href":"https:\/\/jblcorten.com\/fr\/wp-json\/wp\/v2\/product_brand?post=3821"},{"taxonomy":"product_cat","embeddable":true,"href":"https:\/\/jblcorten.com\/fr\/wp-json\/wp\/v2\/product_cat?post=3821"},{"taxonomy":"product_tag","embeddable":true,"href":"https:\/\/jblcorten.com\/fr\/wp-json\/wp\/v2\/product_tag?post=3821"}],"curies":[{"name":"wp","href":"https:\/\/api.w.org\/{rel}","templated":true}]}}