{"id":382,"date":"2024-08-21T09:46:50","date_gmt":"2024-08-21T09:46:50","guid":{"rendered":"https:\/\/jblcorten.com\/?post_type=product&#038;p=382"},"modified":"2025-03-21T01:57:56","modified_gmt":"2025-03-21T01:57:56","slug":"gril-bbq-en-acier-corten","status":"publish","type":"product","link":"https:\/\/jblcorten.com\/fr\/corten-steel-bbq-grill\/","title":{"rendered":"Grille de barbecue en acier Corten"},"content":{"rendered":"<p><span style=\"font-size: 14pt;\"><strong>Grille de barbecue en acier Corten<\/strong><\/span><\/p>\n<p><span style=\"color: #000000;\">Ce gril est fabriqu\u00e9 en acier corten de haute qualit\u00e9, un type d'acier particulier. Contrairement \u00e0 l'acier traditionnel, qui peut rouiller et se corroder facilement lorsqu'il est expos\u00e9 \u00e0 l'humidit\u00e9, l'acier corten d\u00e9veloppe une couche protectrice antirouille qui aide \u00e0 pr\u00e9venir d'autres dommages.<\/span><\/p>\n<p><span style=\"color: #000000;\">Nos grils bbq sont fabriqu\u00e9s en acier corten et les po\u00eales \u00e0 griller en acier au carbone, qui poss\u00e8de une tr\u00e8s bonne conductivit\u00e9 thermique et est capable de dissiper la chaleur rapidement et uniform\u00e9ment. Cette caract\u00e9ristique est essentielle pour assurer une chaleur homog\u00e8ne pendant la cuisson, ce qui permet de garantir une cuisson uniforme des aliments.<\/span><\/p>\n<p><span style=\"font-size: 14pt;\"><strong><span style=\"color: #000000;\">Sp\u00e9cification du produit :<\/span><\/strong><\/span><\/p>\n<table class=\"all magic-13\" style=\"height: 222px;\" width=\"956\">\n<tbody>\n<tr>\n<td colspan=\"1\" rowspan=\"1\">\n<div class=\"magic-14\" data-spm-anchor-id=\"a2700.details.0.i39.15d757daizIfsu\"><span style=\"color: #000000;\">Nom du produit<\/span><\/div>\n<\/td>\n<td colspan=\"1\" rowspan=\"1\">\n<div class=\"magic-15\"><span style=\"color: #000000;\">Grille de barbecue en acier Corten<\/span><\/div>\n<\/td>\n<\/tr>\n<tr>\n<td colspan=\"1\" rowspan=\"1\">\n<div class=\"magic-14\"><span style=\"color: #000000;\">Couleur<\/span><\/div>\n<\/td>\n<td colspan=\"1\" rowspan=\"1\">\n<div class=\"magic-15\"><span style=\"color: #000000;\">Rouill\u00e9 ou peint<\/span><\/div>\n<\/td>\n<\/tr>\n<tr>\n<td colspan=\"1\" rowspan=\"1\">\n<div class=\"magic-14\"><span style=\"color: #000000;\">Taille<\/span><\/div>\n<\/td>\n<td colspan=\"1\" rowspan=\"1\">\n<div class=\"magic-15\"><span style=\"color: #000000;\">800mm,1000mm,Standard ou sur mesure<\/span><\/div>\n<\/td>\n<\/tr>\n<tr>\n<td colspan=\"1\" rowspan=\"1\">\n<div class=\"magic-14\"><span style=\"color: #000000;\">Logo<\/span><\/div>\n<\/td>\n<td colspan=\"1\" rowspan=\"1\">\n<div class=\"magic-15\"><span style=\"color: #000000;\">Personnalisable<\/span><\/div>\n<\/td>\n<\/tr>\n<tr>\n<td colspan=\"1\" rowspan=\"1\">\n<div class=\"magic-14\"><span style=\"color: #000000;\">Mat\u00e9riau<\/span><\/div>\n<\/td>\n<td colspan=\"1\" rowspan=\"1\">\n<div class=\"magic-15\"><span style=\"color: #000000;\">Acier Corten, acier doux, acier inoxydable, etc.<\/span><\/div>\n<\/td>\n<\/tr>\n<\/tbody>\n<\/table>\n<p><span style=\"font-size: 14pt;\"><strong><span style=\"color: #000000;\">D\u00e9tails du produit :<\/span><\/strong><\/span><\/p>\n<p>Ce barbecue en acier corten est portable. Le d\u00e9montage et l'installation du barbecue sont faciles.<\/p>\n<p><img fetchpriority=\"high\" decoding=\"async\" class=\"alignnone wp-image-2459 size-full\" src=\"https:\/\/jblcorten.com\/wp-content\/uploads\/2024\/08\/metal-grill.jpg\" alt=\"grille m\u00e9tallique\" width=\"750\" height=\"295\" title=\"\" srcset=\"https:\/\/jblcorten.com\/wp-content\/uploads\/2024\/08\/metal-grill.jpg 750w, https:\/\/jblcorten.com\/wp-content\/uploads\/2024\/08\/metal-grill-600x236.jpg 600w, https:\/\/jblcorten.com\/wp-content\/uploads\/2024\/08\/metal-grill-300x118.jpg 300w, https:\/\/jblcorten.com\/wp-content\/uploads\/2024\/08\/metal-grill-18x7.jpg 18w\" sizes=\"(max-width: 750px) 100vw, 750px\" \/> <img decoding=\"async\" class=\"alignnone wp-image-2460\" src=\"https:\/\/jblcorten.com\/wp-content\/uploads\/2024\/08\/wood-burning-barbecue-grills.jpg\" alt=\"grilles de barbecue \u00e0 bois\" width=\"750\" height=\"370\" title=\"\" srcset=\"https:\/\/jblcorten.com\/wp-content\/uploads\/2024\/08\/wood-burning-barbecue-grills.jpg 1166w, https:\/\/jblcorten.com\/wp-content\/uploads\/2024\/08\/wood-burning-barbecue-grills-600x296.jpg 600w, https:\/\/jblcorten.com\/wp-content\/uploads\/2024\/08\/wood-burning-barbecue-grills-300x148.jpg 300w, https:\/\/jblcorten.com\/wp-content\/uploads\/2024\/08\/wood-burning-barbecue-grills-1024x506.jpg 1024w, https:\/\/jblcorten.com\/wp-content\/uploads\/2024\/08\/wood-burning-barbecue-grills-768x379.jpg 768w, https:\/\/jblcorten.com\/wp-content\/uploads\/2024\/08\/wood-burning-barbecue-grills-18x9.jpg 18w\" sizes=\"(max-width: 750px) 100vw, 750px\" \/><\/p>\n<p><strong><span style=\"font-size: 14pt;\">Emballage du produit :<\/span><\/strong><\/p>\n<p><img decoding=\"async\" class=\"alignnone wp-image-2461 size-full\" src=\"https:\/\/jblcorten.com\/wp-content\/uploads\/2024\/08\/wood-burning-stove-grill.jpg\" alt=\"po\u00eale \u00e0 bois grill\" width=\"750\" height=\"285\" title=\"\" srcset=\"https:\/\/jblcorten.com\/wp-content\/uploads\/2024\/08\/wood-burning-stove-grill.jpg 750w, https:\/\/jblcorten.com\/wp-content\/uploads\/2024\/08\/wood-burning-stove-grill-600x228.jpg 600w, https:\/\/jblcorten.com\/wp-content\/uploads\/2024\/08\/wood-burning-stove-grill-300x114.jpg 300w, https:\/\/jblcorten.com\/wp-content\/uploads\/2024\/08\/wood-burning-stove-grill-18x7.jpg 18w\" sizes=\"(max-width: 750px) 100vw, 750px\" \/><\/p>\n<p><span style=\"font-size: 14pt;\"><strong>FAQ :<\/strong><\/span><\/p>\n<p>1.Q:\u00cates-vous une soci\u00e9t\u00e9 commerciale ou un fabricant ?<br \/>\nR : Nous avons notre propre usine.<\/p>\n<p>2.Q:Quels sont les d\u00e9lais de livraison ?<br \/>\nR : Dans les 10 \u00e0 20 jours suivant la r\u00e9ception du d\u00e9p\u00f4t ou de la lettre de change \u00e0 vue. Cela d\u00e9pend \u00e9galement de la quantit\u00e9 de produits.<\/p>\n<p>3.Q:Fabriquez-vous des produits personnalis\u00e9s sur la base de nos dessins ou de nos id\u00e9es ?<br \/>\nR : Oui, nous sommes une usine professionnelle de fabrication d'acier corten avec une \u00e9quipe d'ing\u00e9nieurs exp\u00e9riment\u00e9s pour fabriquer des produits personnalis\u00e9s selon les dessins et les id\u00e9es des clients.<\/p>","protected":false},"excerpt":{"rendered":"<p>Le gril bbq en acier corten est fabriqu\u00e9 en acier corten de haute qualit\u00e9 pour r\u00e9sister aux \u00e9l\u00e9ments et fournir des ann\u00e9es d'utilisation fiable.<\/p>\n<p>Le design unique du barbecue en fait une pi\u00e8ce unique qui ne manquera pas d'impressionner les invit\u00e9s lors d'une f\u00eate.<\/p>","protected":false},"featured_media":2453,"template":"","meta":{"site-sidebar-layout":"left-sidebar","site-content-layout":"","ast-site-content-layout":"default","site-content-style":"unboxed","site-sidebar-style":"unboxed","ast-global-header-display":"","ast-banner-title-visibility":"","ast-main-header-display":"","ast-hfb-above-header-display":"","ast-hfb-below-header-display":"","ast-hfb-mobile-header-display":"","site-post-title":"","ast-breadcrumbs-content":"","ast-featured-img":"","footer-sml-layout":"","ast-disable-related-posts":"","theme-transparent-header-meta":"default","adv-header-id-meta":"","stick-header-meta":"","header-above-stick-meta":"","header-main-stick-meta":"","header-below-stick-meta":"","astra-migrate-meta-layouts":"set","ast-page-background-enabled":"default","ast-page-background-meta":{"desktop":{"background-color":"var(--ast-global-color-4)","background-image":"","background-repeat":"repeat","background-position":"center center","background-size":"auto","background-attachment":"scroll","background-type":"","background-media":"","overlay-type":"","overlay-color":"","overlay-opacity":"","overlay-gradient":""},"tablet":{"background-color":"","background-image":"","background-repeat":"repeat","background-position":"center center","background-size":"auto","background-attachment":"scroll","background-type":"","background-media":"","overlay-type":"","overlay-color":"","overlay-opacity":"","overlay-gradient":""},"mobile":{"background-color":"","background-image":"","background-repeat":"repeat","background-position":"center center","background-size":"auto","background-attachment":"scroll","background-type":"","background-media":"","overlay-type":"","overlay-color":"","overlay-opacity":"","overlay-gradient":""}},"ast-content-background-meta":{"desktop":{"background-color":"var(--ast-global-color-5)","background-image":"","background-repeat":"repeat","background-position":"center center","background-size":"auto","background-attachment":"scroll","background-type":"","background-media":"","overlay-type":"","overlay-color":"","overlay-opacity":"","overlay-gradient":""},"tablet":{"background-color":"var(--ast-global-color-5)","background-image":"","background-repeat":"repeat","background-position":"center center","background-size":"auto","background-attachment":"scroll","background-type":"","background-media":"","overlay-type":"","overlay-color":"","overlay-opacity":"","overlay-gradient":""},"mobile":{"background-color":"var(--ast-global-color-5)","background-image":"","background-repeat":"repeat","background-position":"center center","background-size":"auto","background-attachment":"scroll","background-type":"","background-media":"","overlay-type":"","overlay-color":"","overlay-opacity":"","overlay-gradient":""}}},"product_brand":[],"product_cat":[25],"product_tag":[27,28],"class_list":{"0":"post-382","1":"product","2":"type-product","3":"status-publish","4":"has-post-thumbnail","6":"product_cat-bbq-grill","7":"product_tag-bbq-grill","8":"product_tag-corten-steel-grill","9":"desktop-align-center","10":"tablet-align-left","11":"mobile-align-left","13":"first","14":"instock","15":"featured","16":"shipping-taxable","17":"product-type-simple"},"_links":{"self":[{"href":"https:\/\/jblcorten.com\/fr\/wp-json\/wp\/v2\/product\/382","targetHints":{"allow":["GET"]}}],"collection":[{"href":"https:\/\/jblcorten.com\/fr\/wp-json\/wp\/v2\/product"}],"about":[{"href":"https:\/\/jblcorten.com\/fr\/wp-json\/wp\/v2\/types\/product"}],"wp:featuredmedia":[{"embeddable":true,"href":"https:\/\/jblcorten.com\/fr\/wp-json\/wp\/v2\/media\/2453"}],"wp:attachment":[{"href":"https:\/\/jblcorten.com\/fr\/wp-json\/wp\/v2\/media?parent=382"}],"wp:term":[{"taxonomy":"product_brand","embeddable":true,"href":"https:\/\/jblcorten.com\/fr\/wp-json\/wp\/v2\/product_brand?post=382"},{"taxonomy":"product_cat","embeddable":true,"href":"https:\/\/jblcorten.com\/fr\/wp-json\/wp\/v2\/product_cat?post=382"},{"taxonomy":"product_tag","embeddable":true,"href":"https:\/\/jblcorten.com\/fr\/wp-json\/wp\/v2\/product_tag?post=382"}],"curies":[{"name":"wp","href":"https:\/\/api.w.org\/{rel}","templated":true}]}}